{"id":4896,"date":"2018-04-03T10:38:44","date_gmt":"2018-04-03T10:38:44","guid":{"rendered":"https:\/\/opg-rakovac.hr\/2018\/product\/maslinovo-ulje-bilini-drvenoj-ukrasnoj-kutiji-05-l\/"},"modified":"2022-02-27T11:18:45","modified_gmt":"2022-02-27T11:18:45","slug":"oljcno-olje-bilini-v-leseni-okrasni-skatli-500-ml","status":"publish","type":"product","link":"https:\/\/opg-rakovac.hr\/sl\/izdelek\/oljcno-olje-bilini-v-leseni-okrasni-skatli-500-ml\/","title":{"rendered":"Olj\u010dno olje Bilini v leseni okrasni \u0161katli 0.5 L"},"content":{"rendered":"<p><span style=\"font-weight: 400;\">Ekstra devi\u0161ko olj\u010dno olje, pakirano v steklenici 0,5L temno zelenega stekla, s pribli\u017enimi dimenzijami 240mm x 55mm x 55mm, z zelenim plasti\u010dnim zama\u0161kom z vgrajenim dozirnikom. \u00a0Zavito z belim darilnim papirjem ter shranjeno v leseno \u0161katlo. Lesena \u0161katlica ima narejene stranice iz masivnega lesa debeline 10 mm, pokrov je drsen in debel 3 mm. Nosilni ro\u010daj je narejen iz 10 mm vrvi. Stranice \u0161katel so veliki oblanci lesa, o\u010di\u0161\u010dene od prahu, ki dodatno \u0161\u010ditijo stekleni\u010dko in prepre\u010dujejo mehanske po\u0161kodbe v transportu.<\/span><\/p>\n<p>Slike so simboli\u010dne. Les je naraven material in lahko obstaja majhna razlika med dostavljeno leseno \u0161katlo in tisto, ki je prikazana na sliki.<\/p>\n","protected":false},"excerpt":{"rendered":"<p><span style=\"font-weight: 400;\">Prava stvar! Lesena \u0161katla, v kateri je shranjen na\u0161 dragoceni, teko\u010di zaklad. Darilo, ki prenese tudi grobe roke, tako da lahko mirno pre\u017eivi \u010dezoceanske lete, nervozne po\u0161tarje, biv\u0161e ta\u0161\u010de in nove poslovne partnerje. <\/span><\/p>\n","protected":false},"featured_media":19061,"comment_status":"open","ping_status":"closed","template":"","meta":{"_acf_changed":false,"h5ap_radio_sources":[],"footnotes":""},"product_brand":[],"product_cat":[391],"product_tag":[],"class_list":{"0":"post-4896","1":"product","2":"type-product","3":"status-publish","4":"has-post-thumbnail","6":"product_cat-steklenice","8":"first","9":"instock","10":"shipping-taxable","11":"purchasable","12":"product-type-simple"},"acf":[],"yoast_head":"<!-- This site is optimized with the Yoast SEO plugin v27.2 - https:\/\/yoast.com\/product\/yoast-seo-wordpress\/ -->\n<title>Olj\u010dno olje Bilini v leseni okrasni \u0161katli 0,5 L<\/title>\n<meta name=\"description\" content=\"Prava stvar! Lesena \u0161katla, v kateri je shranjen na\u0161 dragoceni, teko\u010di zaklad. Darilo, ki prenese tudi grobe roke, tako da lahko mirno pre\u017eivi \u010dezoceanske lete, nervozne po\u0161tarje, biv\u0161e ta\u0161\u010de in nove poslovne partnerje.\" \/>\n<meta name=\"robots\" content=\"index, follow, max-snippet:-1, max-image-preview:large, max-video-preview:-1\" \/>\n<link rel=\"canonical\" href=\"https:\/\/opg-rakovac.hr\/sl\/izdelek\/oljcno-olje-bilini-v-leseni-okrasni-skatli-500-ml\/\" \/>\n<meta property=\"og:locale\" content=\"sl_SI\" \/>\n<meta property=\"og:type\" content=\"article\" \/>\n<meta property=\"og:title\" content=\"Olj\u010dno olje Bilini v leseni okrasni \u0161katli 0,5 L\" \/>\n<meta property=\"og:description\" content=\"Prava stvar! Lesena \u0161katla, v kateri je shranjen na\u0161 dragoceni, teko\u010di zaklad. Darilo, ki prenese tudi grobe roke, tako da lahko mirno pre\u017eivi \u010dezoceanske lete, nervozne po\u0161tarje, biv\u0161e ta\u0161\u010de in nove poslovne partnerje.\" \/>\n<meta property=\"og:url\" content=\"https:\/\/opg-rakovac.hr\/sl\/izdelek\/oljcno-olje-bilini-v-leseni-okrasni-skatli-500-ml\/\" \/>\n<meta property=\"og:site_name\" content=\"OPG Rakovac\" \/>\n<meta property=\"article:publisher\" content=\"https:\/\/www.facebook.com\/Ekstra.djevicansko.maslinovo.ulje.Bilini\/\" \/>\n<meta property=\"article:modified_time\" content=\"2022-02-27T11:18:45+00:00\" \/>\n<meta property=\"og:image\" content=\"https:\/\/opg-rakovac.hr\/wp-content\/uploads\/2018\/04\/Drvena-kutija-SPAGA-500ml-boca-poklopac-strana.jpg\" \/>\n\t<meta property=\"og:image:width\" content=\"1282\" \/>\n\t<meta property=\"og:image:height\" content=\"1900\" \/>\n\t<meta property=\"og:image:type\" content=\"image\/jpeg\" \/>\n<meta name=\"twitter:card\" content=\"summary_large_image\" \/>\n<meta name=\"twitter:label1\" content=\"Est. reading time\" \/>\n\t<meta name=\"twitter:data1\" content=\"1 minuta\" \/>\n<script type=\"application\/ld+json\" class=\"yoast-schema-graph\">{\"@context\":\"https:\/\/schema.org\",\"@graph\":[{\"@type\":[\"WebPage\",\"ItemPage\"],\"@id\":\"https:\/\/opg-rakovac.hr\/sl\/izdelek\/oljcno-olje-bilini-v-leseni-okrasni-skatli-500-ml\/\",\"url\":\"https:\/\/opg-rakovac.hr\/sl\/izdelek\/oljcno-olje-bilini-v-leseni-okrasni-skatli-500-ml\/\",\"name\":\"Olj\u010dno olje Bilini v leseni okrasni \u0161katli 0,5 L\",\"isPartOf\":{\"@id\":\"https:\/\/opg-rakovac.hr\/sl\/#website\"},\"primaryImageOfPage\":{\"@id\":\"https:\/\/opg-rakovac.hr\/sl\/izdelek\/oljcno-olje-bilini-v-leseni-okrasni-skatli-500-ml\/#primaryimage\"},\"image\":{\"@id\":\"https:\/\/opg-rakovac.hr\/sl\/izdelek\/oljcno-olje-bilini-v-leseni-okrasni-skatli-500-ml\/#primaryimage\"},\"thumbnailUrl\":\"https:\/\/opg-rakovac.hr\/wp-content\/uploads\/2018\/04\/naslovna1.webp\",\"datePublished\":\"2018-04-03T10:38:44+00:00\",\"dateModified\":\"2022-02-27T11:18:45+00:00\",\"description\":\"Prava stvar! Lesena \u0161katla, v kateri je shranjen na\u0161 dragoceni, teko\u010di zaklad. Darilo, ki prenese tudi grobe roke, tako da lahko mirno pre\u017eivi \u010dezoceanske lete, nervozne po\u0161tarje, biv\u0161e ta\u0161\u010de in nove poslovne partnerje.\",\"breadcrumb\":{\"@id\":\"https:\/\/opg-rakovac.hr\/sl\/izdelek\/oljcno-olje-bilini-v-leseni-okrasni-skatli-500-ml\/#breadcrumb\"},\"inLanguage\":\"sl-SI\",\"potentialAction\":[{\"@type\":\"ReadAction\",\"target\":[\"https:\/\/opg-rakovac.hr\/sl\/izdelek\/oljcno-olje-bilini-v-leseni-okrasni-skatli-500-ml\/\"]}]},{\"@type\":\"ImageObject\",\"inLanguage\":\"sl-SI\",\"@id\":\"https:\/\/opg-rakovac.hr\/sl\/izdelek\/oljcno-olje-bilini-v-leseni-okrasni-skatli-500-ml\/#primaryimage\",\"url\":\"https:\/\/opg-rakovac.hr\/wp-content\/uploads\/2018\/04\/naslovna1.webp\",\"contentUrl\":\"https:\/\/opg-rakovac.hr\/wp-content\/uploads\/2018\/04\/naslovna1.webp\",\"width\":920,\"height\":920,\"caption\":\"maslinovo ulje u ukrasnoj drvenoj kutiji\"},{\"@type\":\"BreadcrumbList\",\"@id\":\"https:\/\/opg-rakovac.hr\/sl\/izdelek\/oljcno-olje-bilini-v-leseni-okrasni-skatli-500-ml\/#breadcrumb\",\"itemListElement\":[{\"@type\":\"ListItem\",\"position\":1,\"name\":\"Domov\",\"item\":\"https:\/\/opg-rakovac.hr\/sl\/\"},{\"@type\":\"ListItem\",\"position\":2,\"name\":\"Shop\",\"item\":\"https:\/\/opg-rakovac.hr\/sl\/shop\/\"},{\"@type\":\"ListItem\",\"position\":3,\"name\":\"Olj\u010dno olje Bilini v leseni okrasni \u0161katli 0.5 L\"}]},{\"@type\":\"WebSite\",\"@id\":\"https:\/\/opg-rakovac.hr\/sl\/#website\",\"url\":\"https:\/\/opg-rakovac.hr\/sl\/\",\"name\":\"OPG Rakovac\",\"description\":\"Istarsko ekstra djevi\u010dansko maslinovo ulje Bilini\",\"publisher\":{\"@id\":\"https:\/\/opg-rakovac.hr\/sl\/#organization\"},\"inLanguage\":\"sl-SI\"},{\"@type\":\"Organization\",\"@id\":\"https:\/\/opg-rakovac.hr\/sl\/#organization\",\"name\":\"OPG Rakovac\",\"url\":\"https:\/\/opg-rakovac.hr\/sl\/\",\"logo\":{\"@type\":\"ImageObject\",\"inLanguage\":\"sl-SI\",\"@id\":\"https:\/\/opg-rakovac.hr\/sl\/#\/schema\/logo\/image\/\",\"url\":\"https:\/\/opg-rakovac.hr\/wp-content\/uploads\/2015\/12\/favicon.png\",\"contentUrl\":\"https:\/\/opg-rakovac.hr\/wp-content\/uploads\/2015\/12\/favicon.png\",\"width\":200,\"height\":200,\"caption\":\"OPG Rakovac\"},\"image\":{\"@id\":\"https:\/\/opg-rakovac.hr\/sl\/#\/schema\/logo\/image\/\"},\"sameAs\":[\"https:\/\/www.facebook.com\/Ekstra.djevicansko.maslinovo.ulje.Bilini\/\",\"https:\/\/www.instagram.com\/bilini_maslinovo_ulje\/\",\"https:\/\/hr.linkedin.com\/in\/bilini\",\"https:\/\/www.pinterest.com\/Bilini_OliveOil\/\",\"https:\/\/www.youtube.com\/channel\/UC7hfzAtwp1YOvhlmwNYkyQw\"]}]}<\/script>\n<!-- \/ Yoast SEO plugin. -->","yoast_head_json":{"title":"Olj\u010dno olje Bilini v leseni okrasni \u0161katli 0,5 L","description":"Prava stvar! Lesena \u0161katla, v kateri je shranjen na\u0161 dragoceni, teko\u010di zaklad. Darilo, ki prenese tudi grobe roke, tako da lahko mirno pre\u017eivi \u010dezoceanske lete, nervozne po\u0161tarje, biv\u0161e ta\u0161\u010de in nove poslovne partnerje.","robots":{"index":"index","follow":"follow","max-snippet":"max-snippet:-1","max-image-preview":"max-image-preview:large","max-video-preview":"max-video-preview:-1"},"canonical":"https:\/\/opg-rakovac.hr\/sl\/izdelek\/oljcno-olje-bilini-v-leseni-okrasni-skatli-500-ml\/","og_locale":"sl_SI","og_type":"article","og_title":"Olj\u010dno olje Bilini v leseni okrasni \u0161katli 0,5 L","og_description":"Prava stvar! Lesena \u0161katla, v kateri je shranjen na\u0161 dragoceni, teko\u010di zaklad. Darilo, ki prenese tudi grobe roke, tako da lahko mirno pre\u017eivi \u010dezoceanske lete, nervozne po\u0161tarje, biv\u0161e ta\u0161\u010de in nove poslovne partnerje.","og_url":"https:\/\/opg-rakovac.hr\/sl\/izdelek\/oljcno-olje-bilini-v-leseni-okrasni-skatli-500-ml\/","og_site_name":"OPG Rakovac","article_publisher":"https:\/\/www.facebook.com\/Ekstra.djevicansko.maslinovo.ulje.Bilini\/","article_modified_time":"2022-02-27T11:18:45+00:00","og_image":[{"width":1282,"height":1900,"url":"https:\/\/opg-rakovac.hr\/wp-content\/uploads\/2018\/04\/Drvena-kutija-SPAGA-500ml-boca-poklopac-strana.jpg","type":"image\/jpeg"}],"twitter_card":"summary_large_image","twitter_misc":{"Est. reading time":"1 minuta"},"schema":{"@context":"https:\/\/schema.org","@graph":[{"@type":["WebPage","ItemPage"],"@id":"https:\/\/opg-rakovac.hr\/sl\/izdelek\/oljcno-olje-bilini-v-leseni-okrasni-skatli-500-ml\/","url":"https:\/\/opg-rakovac.hr\/sl\/izdelek\/oljcno-olje-bilini-v-leseni-okrasni-skatli-500-ml\/","name":"Olj\u010dno olje Bilini v leseni okrasni \u0161katli 0,5 L","isPartOf":{"@id":"https:\/\/opg-rakovac.hr\/sl\/#website"},"primaryImageOfPage":{"@id":"https:\/\/opg-rakovac.hr\/sl\/izdelek\/oljcno-olje-bilini-v-leseni-okrasni-skatli-500-ml\/#primaryimage"},"image":{"@id":"https:\/\/opg-rakovac.hr\/sl\/izdelek\/oljcno-olje-bilini-v-leseni-okrasni-skatli-500-ml\/#primaryimage"},"thumbnailUrl":"https:\/\/opg-rakovac.hr\/wp-content\/uploads\/2018\/04\/naslovna1.webp","datePublished":"2018-04-03T10:38:44+00:00","dateModified":"2022-02-27T11:18:45+00:00","description":"Prava stvar! Lesena \u0161katla, v kateri je shranjen na\u0161 dragoceni, teko\u010di zaklad. Darilo, ki prenese tudi grobe roke, tako da lahko mirno pre\u017eivi \u010dezoceanske lete, nervozne po\u0161tarje, biv\u0161e ta\u0161\u010de in nove poslovne partnerje.","breadcrumb":{"@id":"https:\/\/opg-rakovac.hr\/sl\/izdelek\/oljcno-olje-bilini-v-leseni-okrasni-skatli-500-ml\/#breadcrumb"},"inLanguage":"sl-SI","potentialAction":[{"@type":"ReadAction","target":["https:\/\/opg-rakovac.hr\/sl\/izdelek\/oljcno-olje-bilini-v-leseni-okrasni-skatli-500-ml\/"]}]},{"@type":"ImageObject","inLanguage":"sl-SI","@id":"https:\/\/opg-rakovac.hr\/sl\/izdelek\/oljcno-olje-bilini-v-leseni-okrasni-skatli-500-ml\/#primaryimage","url":"https:\/\/opg-rakovac.hr\/wp-content\/uploads\/2018\/04\/naslovna1.webp","contentUrl":"https:\/\/opg-rakovac.hr\/wp-content\/uploads\/2018\/04\/naslovna1.webp","width":920,"height":920,"caption":"maslinovo ulje u ukrasnoj drvenoj kutiji"},{"@type":"BreadcrumbList","@id":"https:\/\/opg-rakovac.hr\/sl\/izdelek\/oljcno-olje-bilini-v-leseni-okrasni-skatli-500-ml\/#breadcrumb","itemListElement":[{"@type":"ListItem","position":1,"name":"Domov","item":"https:\/\/opg-rakovac.hr\/sl\/"},{"@type":"ListItem","position":2,"name":"Shop","item":"https:\/\/opg-rakovac.hr\/sl\/shop\/"},{"@type":"ListItem","position":3,"name":"Olj\u010dno olje Bilini v leseni okrasni \u0161katli 0.5 L"}]},{"@type":"WebSite","@id":"https:\/\/opg-rakovac.hr\/sl\/#website","url":"https:\/\/opg-rakovac.hr\/sl\/","name":"OPG Rakovac","description":"Istarsko ekstra djevi\u010dansko maslinovo ulje Bilini","publisher":{"@id":"https:\/\/opg-rakovac.hr\/sl\/#organization"},"inLanguage":"sl-SI"},{"@type":"Organization","@id":"https:\/\/opg-rakovac.hr\/sl\/#organization","name":"OPG Rakovac","url":"https:\/\/opg-rakovac.hr\/sl\/","logo":{"@type":"ImageObject","inLanguage":"sl-SI","@id":"https:\/\/opg-rakovac.hr\/sl\/#\/schema\/logo\/image\/","url":"https:\/\/opg-rakovac.hr\/wp-content\/uploads\/2015\/12\/favicon.png","contentUrl":"https:\/\/opg-rakovac.hr\/wp-content\/uploads\/2015\/12\/favicon.png","width":200,"height":200,"caption":"OPG Rakovac"},"image":{"@id":"https:\/\/opg-rakovac.hr\/sl\/#\/schema\/logo\/image\/"},"sameAs":["https:\/\/www.facebook.com\/Ekstra.djevicansko.maslinovo.ulje.Bilini\/","https:\/\/www.instagram.com\/bilini_maslinovo_ulje\/","https:\/\/hr.linkedin.com\/in\/bilini","https:\/\/www.pinterest.com\/Bilini_OliveOil\/","https:\/\/www.youtube.com\/channel\/UC7hfzAtwp1YOvhlmwNYkyQw"]}]}},"_links":{"self":[{"href":"https:\/\/opg-rakovac.hr\/sl\/wp-json\/wp\/v2\/product\/4896","targetHints":{"allow":["GET"]}}],"collection":[{"href":"https:\/\/opg-rakovac.hr\/sl\/wp-json\/wp\/v2\/product"}],"about":[{"href":"https:\/\/opg-rakovac.hr\/sl\/wp-json\/wp\/v2\/types\/product"}],"replies":[{"embeddable":true,"href":"https:\/\/opg-rakovac.hr\/sl\/wp-json\/wp\/v2\/comments?post=4896"}],"version-history":[{"count":4,"href":"https:\/\/opg-rakovac.hr\/sl\/wp-json\/wp\/v2\/product\/4896\/revisions"}],"predecessor-version":[{"id":16239,"href":"https:\/\/opg-rakovac.hr\/sl\/wp-json\/wp\/v2\/product\/4896\/revisions\/16239"}],"wp:featuredmedia":[{"embeddable":true,"href":"https:\/\/opg-rakovac.hr\/sl\/wp-json\/wp\/v2\/media\/19061"}],"wp:attachment":[{"href":"https:\/\/opg-rakovac.hr\/sl\/wp-json\/wp\/v2\/media?parent=4896"}],"wp:term":[{"taxonomy":"product_brand","embeddable":true,"href":"https:\/\/opg-rakovac.hr\/sl\/wp-json\/wp\/v2\/product_brand?post=4896"},{"taxonomy":"product_cat","embeddable":true,"href":"https:\/\/opg-rakovac.hr\/sl\/wp-json\/wp\/v2\/product_cat?post=4896"},{"taxonomy":"product_tag","embeddable":true,"href":"https:\/\/opg-rakovac.hr\/sl\/wp-json\/wp\/v2\/product_tag?post=4896"}],"curies":[{"name":"wp","href":"https:\/\/api.w.org\/{rel}","templated":true}]}}