{"id":4853,"date":"2018-03-14T09:27:28","date_gmt":"2018-03-14T09:27:28","guid":{"rendered":"https:\/\/opg-rakovac.hr\/2018\/product\/bilini-maslinovo-ulje-01-l-staklo\/"},"modified":"2024-03-03T02:19:49","modified_gmt":"2024-03-03T01:19:49","slug":"oljcno-olje-bilini-steklenica-100-ml","status":"publish","type":"product","link":"https:\/\/opg-rakovac.hr\/sl\/izdelek\/oljcno-olje-bilini-steklenica-100-ml\/","title":{"rendered":"Olj\u010dno olje Bilini steklenica 0.1 L"},"content":{"rendered":"<p><span style=\"font-weight: 400;\">Ekstra devi\u0161ko olj\u010dno olje, pakirano v steklenici temno zelenega stekla, s pribli\u017enimi dimenzijami 140mm x 35mm x 35mm, z zelenim plasti\u010dnim zama\u0161kom z vgrajenim dozirnikom. Pakiranje iz temnega stekla je idealno za ohranjanje stabilnosti in valorizacije olja. Steklo ne absorbira ali spro\u0161\u010da nobenega vonja, zagotavlja popolno za\u0161\u010dito pred kisikom in temno zelena barva absorbira ultravijoli\u010dno svetlobo, ki bi lahko vplivala na kakovost.<\/span><\/p>\n","protected":false},"excerpt":{"rendered":"<p><span style=\"font-weight: 400;\">Za vse tiste, ki niso prepri\u010dani ali je mo\u010dno, intenzivno, grenko, pikantno olje prava stvar za njih. No, samo pogumno, poskusite prvi\u010d, pa poskusite drugi\u010d in na\u0161i boste za vedno! In seveda, ne pozabimo na turizem, na\u0161a majhna steklenica je \u010dudovita, kot pozornost doma\u010dina do svojih gostov.<\/span><\/p>\n","protected":false},"featured_media":19116,"comment_status":"open","ping_status":"closed","template":"","meta":{"_acf_changed":false,"h5ap_radio_sources":[],"footnotes":""},"product_brand":[],"product_cat":[391],"product_tag":[],"class_list":{"0":"post-4853","1":"product","2":"type-product","3":"status-publish","4":"has-post-thumbnail","6":"product_cat-steklenice","8":"first","9":"instock","10":"shipping-taxable","11":"purchasable","12":"product-type-simple"},"acf":[],"yoast_head":"<!-- This site is optimized with the Yoast SEO plugin v27.4 - https:\/\/yoast.com\/product\/yoast-seo-wordpress\/ -->\n<title>Olj\u010dno olje Bilini v steklenici od 0.1 litra. Kupite ga tukaj!<\/title>\n<meta name=\"description\" content=\"Znak pozornosti, darilce, za\u010dimba. Pogosto ga najdemo v darilnih vre\u010dkah, kralj mize pri zajtrkih, kosilih in ve\u010derjah. Olje Bilini v steklenici 0.1 litra\" \/>\n<meta name=\"robots\" content=\"index, follow, max-snippet:-1, max-image-preview:large, max-video-preview:-1\" \/>\n<link rel=\"canonical\" href=\"https:\/\/opg-rakovac.hr\/sl\/izdelek\/oljcno-olje-bilini-steklenica-100-ml\/\" \/>\n<meta property=\"og:locale\" content=\"sl_SI\" \/>\n<meta property=\"og:type\" content=\"article\" \/>\n<meta property=\"og:title\" content=\"Olj\u010dno olje Bilini v steklenici od 0.1 litra. Kupite ga tukaj!\" \/>\n<meta property=\"og:description\" content=\"Znak pozornosti, darilce, za\u010dimba. Pogosto ga najdemo v darilnih vre\u010dkah, kralj mize pri zajtrkih, kosilih in ve\u010derjah. Olje Bilini v steklenici 0.1 litra\" \/>\n<meta property=\"og:url\" content=\"https:\/\/opg-rakovac.hr\/sl\/izdelek\/oljcno-olje-bilini-steklenica-100-ml\/\" \/>\n<meta property=\"og:site_name\" content=\"OPG Rakovac\" \/>\n<meta property=\"article:publisher\" content=\"https:\/\/www.facebook.com\/Ekstra.djevicansko.maslinovo.ulje.Bilini\/\" \/>\n<meta property=\"article:modified_time\" content=\"2024-03-03T01:19:49+00:00\" \/>\n<meta property=\"og:image\" content=\"https:\/\/opg-rakovac.hr\/wp-content\/uploads\/2018\/03\/STAKLO-100-ml-sprijeda-1.jpg\" \/>\n\t<meta property=\"og:image:width\" content=\"1280\" \/>\n\t<meta property=\"og:image:height\" content=\"1900\" \/>\n\t<meta property=\"og:image:type\" content=\"image\/jpeg\" \/>\n<meta name=\"twitter:card\" content=\"summary_large_image\" \/>\n<meta name=\"twitter:label1\" content=\"Est. reading time\" \/>\n\t<meta name=\"twitter:data1\" content=\"1 minuta\" \/>\n<script type=\"application\/ld+json\" class=\"yoast-schema-graph\">{\"@context\":\"https:\\\/\\\/schema.org\",\"@graph\":[{\"@type\":[\"WebPage\",\"ItemPage\"],\"@id\":\"https:\\\/\\\/opg-rakovac.hr\\\/sl\\\/izdelek\\\/oljcno-olje-bilini-steklenica-100-ml\\\/\",\"url\":\"https:\\\/\\\/opg-rakovac.hr\\\/sl\\\/izdelek\\\/oljcno-olje-bilini-steklenica-100-ml\\\/\",\"name\":\"Olj\u010dno olje Bilini v steklenici od 0.1 litra. Kupite ga tukaj!\",\"isPartOf\":{\"@id\":\"https:\\\/\\\/opg-rakovac.hr\\\/sl\\\/#website\"},\"primaryImageOfPage\":{\"@id\":\"https:\\\/\\\/opg-rakovac.hr\\\/sl\\\/izdelek\\\/oljcno-olje-bilini-steklenica-100-ml\\\/#primaryimage\"},\"image\":{\"@id\":\"https:\\\/\\\/opg-rakovac.hr\\\/sl\\\/izdelek\\\/oljcno-olje-bilini-steklenica-100-ml\\\/#primaryimage\"},\"thumbnailUrl\":\"https:\\\/\\\/opg-rakovac.hr\\\/wp-content\\\/uploads\\\/2018\\\/03\\\/STAKLO-100-ml-sprijeda-1-square.webp\",\"datePublished\":\"2018-03-14T09:27:28+00:00\",\"dateModified\":\"2024-03-03T01:19:49+00:00\",\"description\":\"Znak pozornosti, darilce, za\u010dimba. Pogosto ga najdemo v darilnih vre\u010dkah, kralj mize pri zajtrkih, kosilih in ve\u010derjah. Olje Bilini v steklenici 0.1 litra\",\"breadcrumb\":{\"@id\":\"https:\\\/\\\/opg-rakovac.hr\\\/sl\\\/izdelek\\\/oljcno-olje-bilini-steklenica-100-ml\\\/#breadcrumb\"},\"inLanguage\":\"sl-SI\",\"potentialAction\":[{\"@type\":\"ReadAction\",\"target\":[\"https:\\\/\\\/opg-rakovac.hr\\\/sl\\\/izdelek\\\/oljcno-olje-bilini-steklenica-100-ml\\\/\"]}]},{\"@type\":\"ImageObject\",\"inLanguage\":\"sl-SI\",\"@id\":\"https:\\\/\\\/opg-rakovac.hr\\\/sl\\\/izdelek\\\/oljcno-olje-bilini-steklenica-100-ml\\\/#primaryimage\",\"url\":\"https:\\\/\\\/opg-rakovac.hr\\\/wp-content\\\/uploads\\\/2018\\\/03\\\/STAKLO-100-ml-sprijeda-1-square.webp\",\"contentUrl\":\"https:\\\/\\\/opg-rakovac.hr\\\/wp-content\\\/uploads\\\/2018\\\/03\\\/STAKLO-100-ml-sprijeda-1-square.webp\",\"width\":1337,\"height\":1337,\"caption\":\"maslinovo ulje 100 ml\"},{\"@type\":\"BreadcrumbList\",\"@id\":\"https:\\\/\\\/opg-rakovac.hr\\\/sl\\\/izdelek\\\/oljcno-olje-bilini-steklenica-100-ml\\\/#breadcrumb\",\"itemListElement\":[{\"@type\":\"ListItem\",\"position\":1,\"name\":\"Domov\",\"item\":\"https:\\\/\\\/opg-rakovac.hr\\\/sl\\\/\"},{\"@type\":\"ListItem\",\"position\":2,\"name\":\"Shop\",\"item\":\"https:\\\/\\\/opg-rakovac.hr\\\/sl\\\/shop\\\/\"},{\"@type\":\"ListItem\",\"position\":3,\"name\":\"Olj\u010dno olje Bilini steklenica 0.1 L\"}]},{\"@type\":\"WebSite\",\"@id\":\"https:\\\/\\\/opg-rakovac.hr\\\/sl\\\/#website\",\"url\":\"https:\\\/\\\/opg-rakovac.hr\\\/sl\\\/\",\"name\":\"OPG Rakovac\",\"description\":\"Istarsko ekstra djevi\u010dansko maslinovo ulje Bilini\",\"publisher\":{\"@id\":\"https:\\\/\\\/opg-rakovac.hr\\\/sl\\\/#organization\"},\"inLanguage\":\"sl-SI\"},{\"@type\":\"Organization\",\"@id\":\"https:\\\/\\\/opg-rakovac.hr\\\/sl\\\/#organization\",\"name\":\"OPG Rakovac\",\"url\":\"https:\\\/\\\/opg-rakovac.hr\\\/sl\\\/\",\"logo\":{\"@type\":\"ImageObject\",\"inLanguage\":\"sl-SI\",\"@id\":\"https:\\\/\\\/opg-rakovac.hr\\\/sl\\\/#\\\/schema\\\/logo\\\/image\\\/\",\"url\":\"https:\\\/\\\/opg-rakovac.hr\\\/wp-content\\\/uploads\\\/2015\\\/12\\\/favicon.png\",\"contentUrl\":\"https:\\\/\\\/opg-rakovac.hr\\\/wp-content\\\/uploads\\\/2015\\\/12\\\/favicon.png\",\"width\":200,\"height\":200,\"caption\":\"OPG Rakovac\"},\"image\":{\"@id\":\"https:\\\/\\\/opg-rakovac.hr\\\/sl\\\/#\\\/schema\\\/logo\\\/image\\\/\"},\"sameAs\":[\"https:\\\/\\\/www.facebook.com\\\/Ekstra.djevicansko.maslinovo.ulje.Bilini\\\/\",\"https:\\\/\\\/www.instagram.com\\\/bilini_maslinovo_ulje\\\/\",\"https:\\\/\\\/hr.linkedin.com\\\/in\\\/bilini\",\"https:\\\/\\\/www.pinterest.com\\\/Bilini_OliveOil\\\/\",\"https:\\\/\\\/www.youtube.com\\\/channel\\\/UC7hfzAtwp1YOvhlmwNYkyQw\"]}]}<\/script>\n<!-- \/ Yoast SEO plugin. -->","yoast_head_json":{"title":"Olj\u010dno olje Bilini v steklenici od 0.1 litra. Kupite ga tukaj!","description":"Znak pozornosti, darilce, za\u010dimba. Pogosto ga najdemo v darilnih vre\u010dkah, kralj mize pri zajtrkih, kosilih in ve\u010derjah. Olje Bilini v steklenici 0.1 litra","robots":{"index":"index","follow":"follow","max-snippet":"max-snippet:-1","max-image-preview":"max-image-preview:large","max-video-preview":"max-video-preview:-1"},"canonical":"https:\/\/opg-rakovac.hr\/sl\/izdelek\/oljcno-olje-bilini-steklenica-100-ml\/","og_locale":"sl_SI","og_type":"article","og_title":"Olj\u010dno olje Bilini v steklenici od 0.1 litra. Kupite ga tukaj!","og_description":"Znak pozornosti, darilce, za\u010dimba. Pogosto ga najdemo v darilnih vre\u010dkah, kralj mize pri zajtrkih, kosilih in ve\u010derjah. Olje Bilini v steklenici 0.1 litra","og_url":"https:\/\/opg-rakovac.hr\/sl\/izdelek\/oljcno-olje-bilini-steklenica-100-ml\/","og_site_name":"OPG Rakovac","article_publisher":"https:\/\/www.facebook.com\/Ekstra.djevicansko.maslinovo.ulje.Bilini\/","article_modified_time":"2024-03-03T01:19:49+00:00","og_image":[{"width":1280,"height":1900,"url":"https:\/\/opg-rakovac.hr\/wp-content\/uploads\/2018\/03\/STAKLO-100-ml-sprijeda-1.jpg","type":"image\/jpeg"}],"twitter_card":"summary_large_image","twitter_misc":{"Est. reading time":"1 minuta"},"schema":{"@context":"https:\/\/schema.org","@graph":[{"@type":["WebPage","ItemPage"],"@id":"https:\/\/opg-rakovac.hr\/sl\/izdelek\/oljcno-olje-bilini-steklenica-100-ml\/","url":"https:\/\/opg-rakovac.hr\/sl\/izdelek\/oljcno-olje-bilini-steklenica-100-ml\/","name":"Olj\u010dno olje Bilini v steklenici od 0.1 litra. Kupite ga tukaj!","isPartOf":{"@id":"https:\/\/opg-rakovac.hr\/sl\/#website"},"primaryImageOfPage":{"@id":"https:\/\/opg-rakovac.hr\/sl\/izdelek\/oljcno-olje-bilini-steklenica-100-ml\/#primaryimage"},"image":{"@id":"https:\/\/opg-rakovac.hr\/sl\/izdelek\/oljcno-olje-bilini-steklenica-100-ml\/#primaryimage"},"thumbnailUrl":"https:\/\/opg-rakovac.hr\/wp-content\/uploads\/2018\/03\/STAKLO-100-ml-sprijeda-1-square.webp","datePublished":"2018-03-14T09:27:28+00:00","dateModified":"2024-03-03T01:19:49+00:00","description":"Znak pozornosti, darilce, za\u010dimba. Pogosto ga najdemo v darilnih vre\u010dkah, kralj mize pri zajtrkih, kosilih in ve\u010derjah. Olje Bilini v steklenici 0.1 litra","breadcrumb":{"@id":"https:\/\/opg-rakovac.hr\/sl\/izdelek\/oljcno-olje-bilini-steklenica-100-ml\/#breadcrumb"},"inLanguage":"sl-SI","potentialAction":[{"@type":"ReadAction","target":["https:\/\/opg-rakovac.hr\/sl\/izdelek\/oljcno-olje-bilini-steklenica-100-ml\/"]}]},{"@type":"ImageObject","inLanguage":"sl-SI","@id":"https:\/\/opg-rakovac.hr\/sl\/izdelek\/oljcno-olje-bilini-steklenica-100-ml\/#primaryimage","url":"https:\/\/opg-rakovac.hr\/wp-content\/uploads\/2018\/03\/STAKLO-100-ml-sprijeda-1-square.webp","contentUrl":"https:\/\/opg-rakovac.hr\/wp-content\/uploads\/2018\/03\/STAKLO-100-ml-sprijeda-1-square.webp","width":1337,"height":1337,"caption":"maslinovo ulje 100 ml"},{"@type":"BreadcrumbList","@id":"https:\/\/opg-rakovac.hr\/sl\/izdelek\/oljcno-olje-bilini-steklenica-100-ml\/#breadcrumb","itemListElement":[{"@type":"ListItem","position":1,"name":"Domov","item":"https:\/\/opg-rakovac.hr\/sl\/"},{"@type":"ListItem","position":2,"name":"Shop","item":"https:\/\/opg-rakovac.hr\/sl\/shop\/"},{"@type":"ListItem","position":3,"name":"Olj\u010dno olje Bilini steklenica 0.1 L"}]},{"@type":"WebSite","@id":"https:\/\/opg-rakovac.hr\/sl\/#website","url":"https:\/\/opg-rakovac.hr\/sl\/","name":"OPG Rakovac","description":"Istarsko ekstra djevi\u010dansko maslinovo ulje Bilini","publisher":{"@id":"https:\/\/opg-rakovac.hr\/sl\/#organization"},"inLanguage":"sl-SI"},{"@type":"Organization","@id":"https:\/\/opg-rakovac.hr\/sl\/#organization","name":"OPG Rakovac","url":"https:\/\/opg-rakovac.hr\/sl\/","logo":{"@type":"ImageObject","inLanguage":"sl-SI","@id":"https:\/\/opg-rakovac.hr\/sl\/#\/schema\/logo\/image\/","url":"https:\/\/opg-rakovac.hr\/wp-content\/uploads\/2015\/12\/favicon.png","contentUrl":"https:\/\/opg-rakovac.hr\/wp-content\/uploads\/2015\/12\/favicon.png","width":200,"height":200,"caption":"OPG Rakovac"},"image":{"@id":"https:\/\/opg-rakovac.hr\/sl\/#\/schema\/logo\/image\/"},"sameAs":["https:\/\/www.facebook.com\/Ekstra.djevicansko.maslinovo.ulje.Bilini\/","https:\/\/www.instagram.com\/bilini_maslinovo_ulje\/","https:\/\/hr.linkedin.com\/in\/bilini","https:\/\/www.pinterest.com\/Bilini_OliveOil\/","https:\/\/www.youtube.com\/channel\/UC7hfzAtwp1YOvhlmwNYkyQw"]}]}},"_links":{"self":[{"href":"https:\/\/opg-rakovac.hr\/sl\/wp-json\/wp\/v2\/product\/4853","targetHints":{"allow":["GET"]}}],"collection":[{"href":"https:\/\/opg-rakovac.hr\/sl\/wp-json\/wp\/v2\/product"}],"about":[{"href":"https:\/\/opg-rakovac.hr\/sl\/wp-json\/wp\/v2\/types\/product"}],"replies":[{"embeddable":true,"href":"https:\/\/opg-rakovac.hr\/sl\/wp-json\/wp\/v2\/comments?post=4853"}],"version-history":[{"count":4,"href":"https:\/\/opg-rakovac.hr\/sl\/wp-json\/wp\/v2\/product\/4853\/revisions"}],"predecessor-version":[{"id":10026,"href":"https:\/\/opg-rakovac.hr\/sl\/wp-json\/wp\/v2\/product\/4853\/revisions\/10026"}],"wp:featuredmedia":[{"embeddable":true,"href":"https:\/\/opg-rakovac.hr\/sl\/wp-json\/wp\/v2\/media\/19116"}],"wp:attachment":[{"href":"https:\/\/opg-rakovac.hr\/sl\/wp-json\/wp\/v2\/media?parent=4853"}],"wp:term":[{"taxonomy":"product_brand","embeddable":true,"href":"https:\/\/opg-rakovac.hr\/sl\/wp-json\/wp\/v2\/product_brand?post=4853"},{"taxonomy":"product_cat","embeddable":true,"href":"https:\/\/opg-rakovac.hr\/sl\/wp-json\/wp\/v2\/product_cat?post=4853"},{"taxonomy":"product_tag","embeddable":true,"href":"https:\/\/opg-rakovac.hr\/sl\/wp-json\/wp\/v2\/product_tag?post=4853"}],"curies":[{"name":"wp","href":"https:\/\/api.w.org\/{rel}","templated":true}]}}