{"id":4849,"date":"2018-03-14T21:48:34","date_gmt":"2018-03-02T10:48:34","guid":{"rendered":"https:\/\/opg-rakovac.hr\/2018\/product\/bilini-maslinovo-ulje-025-l-staklo\/"},"modified":"2022-10-27T14:15:19","modified_gmt":"2022-10-27T14:15:19","slug":"oljcno-olje-bilini-steklenica-250-ml","status":"publish","type":"product","link":"https:\/\/opg-rakovac.hr\/sl\/izdelek\/oljcno-olje-bilini-steklenica-250-ml\/","title":{"rendered":"Olj\u010dno olje Bilini steklenica 0.25 L"},"content":{"rendered":"<p><span style=\"font-weight: 400;\">Ekstra devi\u0161ko olj\u010dno olje, pakirano v steklenici temno zelenega stekla, s pribli\u017enimi dimenzijami 210mm x 45mm x 45mm, z zelenim plasti\u010dnim zama\u0161kom z vgrajenim dozirnikom. Pakiranje iz temnega stekla je idealno za ohranjanje stabilnosti in valorizacije olja. Steklo ne absorbira ali spro\u0161\u010da nobenega vonja, zagotavlja popolno za\u0161\u010dito pred kisikom in temno zelena barva absorbira ultravijoli\u010dno svetlobo, ki bi lahko vplivala na kakovost.<\/span><\/p>\n","protected":false},"excerpt":{"rendered":"<p><span style=\"font-weight: 400;\">Znak pozornosti, darilce, za\u010dimba. Pogosto ga najdemo v darilnih vre\u010dkah, kralj mize pri zajtrkih, kosilih in ve\u010derjah. No\u010dna mora lastnikov restavracij, katerih gosti se prelahko nave\u017eejo na to stekleni\u010dko in medtem ko ob klepetanju \u201cnamakajo\u201d kruh v Bilini olje, pozabljajo, da so pri\u0161li poskusiti specialitete \u0161efa kuhinje!<\/span><\/p>\n","protected":false},"featured_media":19066,"comment_status":"open","ping_status":"closed","template":"","meta":{"_acf_changed":false,"h5ap_radio_sources":[],"footnotes":""},"product_brand":[],"product_cat":[391],"product_tag":[],"class_list":{"0":"post-4849","1":"product","2":"type-product","3":"status-publish","4":"has-post-thumbnail","6":"product_cat-steklenice","8":"first","9":"instock","10":"shipping-taxable","11":"purchasable","12":"product-type-simple"},"acf":[],"yoast_head":"<!-- This site is optimized with the Yoast SEO plugin v27.4 - https:\/\/yoast.com\/product\/yoast-seo-wordpress\/ -->\n<title>Olj\u010dno olje Bilini v steklenici 0.25 litra. Kupite ga tukaj!<\/title>\n<meta name=\"description\" content=\"Znak pozornosti, darilce, za\u010dimba. Pogosto ga najdemo v darilnih vre\u010dkah, kralj mize pri zajtrkih, kosilih in ve\u010derjah. Olj\u010dno olje Bilini 0.25 l\" \/>\n<meta name=\"robots\" content=\"index, follow, max-snippet:-1, max-image-preview:large, max-video-preview:-1\" \/>\n<link rel=\"canonical\" href=\"https:\/\/opg-rakovac.hr\/sl\/izdelek\/oljcno-olje-bilini-steklenica-250-ml\/\" \/>\n<meta property=\"og:locale\" content=\"sl_SI\" \/>\n<meta property=\"og:type\" content=\"article\" \/>\n<meta property=\"og:title\" content=\"Olj\u010dno olje Bilini v steklenici 0.25 litra. Kupite ga tukaj!\" \/>\n<meta property=\"og:description\" content=\"Znak pozornosti, darilce, za\u010dimba. Pogosto ga najdemo v darilnih vre\u010dkah, kralj mize pri zajtrkih, kosilih in ve\u010derjah. Olj\u010dno olje Bilini 0.25 l\" \/>\n<meta property=\"og:url\" content=\"https:\/\/opg-rakovac.hr\/sl\/izdelek\/oljcno-olje-bilini-steklenica-250-ml\/\" \/>\n<meta property=\"og:site_name\" content=\"OPG Rakovac\" \/>\n<meta property=\"article:publisher\" content=\"https:\/\/www.facebook.com\/Ekstra.djevicansko.maslinovo.ulje.Bilini\/\" \/>\n<meta property=\"article:modified_time\" content=\"2022-10-27T14:15:19+00:00\" \/>\n<meta property=\"og:image\" content=\"https:\/\/opg-rakovac.hr\/wp-content\/uploads\/2018\/03\/STAKLO-250-ml-sprijeda.jpg\" \/>\n\t<meta property=\"og:image:width\" content=\"1280\" \/>\n\t<meta property=\"og:image:height\" content=\"1896\" \/>\n\t<meta property=\"og:image:type\" content=\"image\/jpeg\" \/>\n<meta name=\"twitter:card\" content=\"summary_large_image\" \/>\n<meta name=\"twitter:label1\" content=\"Est. reading time\" \/>\n\t<meta name=\"twitter:data1\" content=\"1 minuta\" \/>\n<script type=\"application\/ld+json\" class=\"yoast-schema-graph\">{\"@context\":\"https:\\\/\\\/schema.org\",\"@graph\":[{\"@type\":[\"WebPage\",\"ItemPage\"],\"@id\":\"https:\\\/\\\/opg-rakovac.hr\\\/sl\\\/izdelek\\\/oljcno-olje-bilini-steklenica-250-ml\\\/\",\"url\":\"https:\\\/\\\/opg-rakovac.hr\\\/sl\\\/izdelek\\\/oljcno-olje-bilini-steklenica-250-ml\\\/\",\"name\":\"Olj\u010dno olje Bilini v steklenici 0.25 litra. Kupite ga tukaj!\",\"isPartOf\":{\"@id\":\"https:\\\/\\\/opg-rakovac.hr\\\/sl\\\/#website\"},\"primaryImageOfPage\":{\"@id\":\"https:\\\/\\\/opg-rakovac.hr\\\/sl\\\/izdelek\\\/oljcno-olje-bilini-steklenica-250-ml\\\/#primaryimage\"},\"image\":{\"@id\":\"https:\\\/\\\/opg-rakovac.hr\\\/sl\\\/izdelek\\\/oljcno-olje-bilini-steklenica-250-ml\\\/#primaryimage\"},\"thumbnailUrl\":\"https:\\\/\\\/opg-rakovac.hr\\\/wp-content\\\/uploads\\\/2018\\\/03\\\/STAKLO-250-ml-sprijeda-1.webp\",\"datePublished\":\"2018-03-02T10:48:34+00:00\",\"dateModified\":\"2022-10-27T14:15:19+00:00\",\"description\":\"Znak pozornosti, darilce, za\u010dimba. Pogosto ga najdemo v darilnih vre\u010dkah, kralj mize pri zajtrkih, kosilih in ve\u010derjah. Olj\u010dno olje Bilini 0.25 l\",\"breadcrumb\":{\"@id\":\"https:\\\/\\\/opg-rakovac.hr\\\/sl\\\/izdelek\\\/oljcno-olje-bilini-steklenica-250-ml\\\/#breadcrumb\"},\"inLanguage\":\"sl-SI\",\"potentialAction\":[{\"@type\":\"ReadAction\",\"target\":[\"https:\\\/\\\/opg-rakovac.hr\\\/sl\\\/izdelek\\\/oljcno-olje-bilini-steklenica-250-ml\\\/\"]}]},{\"@type\":\"ImageObject\",\"inLanguage\":\"sl-SI\",\"@id\":\"https:\\\/\\\/opg-rakovac.hr\\\/sl\\\/izdelek\\\/oljcno-olje-bilini-steklenica-250-ml\\\/#primaryimage\",\"url\":\"https:\\\/\\\/opg-rakovac.hr\\\/wp-content\\\/uploads\\\/2018\\\/03\\\/STAKLO-250-ml-sprijeda-1.webp\",\"contentUrl\":\"https:\\\/\\\/opg-rakovac.hr\\\/wp-content\\\/uploads\\\/2018\\\/03\\\/STAKLO-250-ml-sprijeda-1.webp\",\"width\":942,\"height\":942,\"caption\":\"maslinovo ulje u ukrasnoj drvenoj kutiji\"},{\"@type\":\"BreadcrumbList\",\"@id\":\"https:\\\/\\\/opg-rakovac.hr\\\/sl\\\/izdelek\\\/oljcno-olje-bilini-steklenica-250-ml\\\/#breadcrumb\",\"itemListElement\":[{\"@type\":\"ListItem\",\"position\":1,\"name\":\"Domov\",\"item\":\"https:\\\/\\\/opg-rakovac.hr\\\/sl\\\/\"},{\"@type\":\"ListItem\",\"position\":2,\"name\":\"Shop\",\"item\":\"https:\\\/\\\/opg-rakovac.hr\\\/sl\\\/shop\\\/\"},{\"@type\":\"ListItem\",\"position\":3,\"name\":\"Olj\u010dno olje Bilini steklenica 0.25 L\"}]},{\"@type\":\"WebSite\",\"@id\":\"https:\\\/\\\/opg-rakovac.hr\\\/sl\\\/#website\",\"url\":\"https:\\\/\\\/opg-rakovac.hr\\\/sl\\\/\",\"name\":\"OPG Rakovac\",\"description\":\"Istarsko ekstra djevi\u010dansko maslinovo ulje Bilini\",\"publisher\":{\"@id\":\"https:\\\/\\\/opg-rakovac.hr\\\/sl\\\/#organization\"},\"inLanguage\":\"sl-SI\"},{\"@type\":\"Organization\",\"@id\":\"https:\\\/\\\/opg-rakovac.hr\\\/sl\\\/#organization\",\"name\":\"OPG Rakovac\",\"url\":\"https:\\\/\\\/opg-rakovac.hr\\\/sl\\\/\",\"logo\":{\"@type\":\"ImageObject\",\"inLanguage\":\"sl-SI\",\"@id\":\"https:\\\/\\\/opg-rakovac.hr\\\/sl\\\/#\\\/schema\\\/logo\\\/image\\\/\",\"url\":\"https:\\\/\\\/opg-rakovac.hr\\\/wp-content\\\/uploads\\\/2015\\\/12\\\/favicon.png\",\"contentUrl\":\"https:\\\/\\\/opg-rakovac.hr\\\/wp-content\\\/uploads\\\/2015\\\/12\\\/favicon.png\",\"width\":200,\"height\":200,\"caption\":\"OPG Rakovac\"},\"image\":{\"@id\":\"https:\\\/\\\/opg-rakovac.hr\\\/sl\\\/#\\\/schema\\\/logo\\\/image\\\/\"},\"sameAs\":[\"https:\\\/\\\/www.facebook.com\\\/Ekstra.djevicansko.maslinovo.ulje.Bilini\\\/\",\"https:\\\/\\\/www.instagram.com\\\/bilini_maslinovo_ulje\\\/\",\"https:\\\/\\\/hr.linkedin.com\\\/in\\\/bilini\",\"https:\\\/\\\/www.pinterest.com\\\/Bilini_OliveOil\\\/\",\"https:\\\/\\\/www.youtube.com\\\/channel\\\/UC7hfzAtwp1YOvhlmwNYkyQw\"]}]}<\/script>\n<!-- \/ Yoast SEO plugin. -->","yoast_head_json":{"title":"Olj\u010dno olje Bilini v steklenici 0.25 litra. Kupite ga tukaj!","description":"Znak pozornosti, darilce, za\u010dimba. Pogosto ga najdemo v darilnih vre\u010dkah, kralj mize pri zajtrkih, kosilih in ve\u010derjah. Olj\u010dno olje Bilini 0.25 l","robots":{"index":"index","follow":"follow","max-snippet":"max-snippet:-1","max-image-preview":"max-image-preview:large","max-video-preview":"max-video-preview:-1"},"canonical":"https:\/\/opg-rakovac.hr\/sl\/izdelek\/oljcno-olje-bilini-steklenica-250-ml\/","og_locale":"sl_SI","og_type":"article","og_title":"Olj\u010dno olje Bilini v steklenici 0.25 litra. Kupite ga tukaj!","og_description":"Znak pozornosti, darilce, za\u010dimba. Pogosto ga najdemo v darilnih vre\u010dkah, kralj mize pri zajtrkih, kosilih in ve\u010derjah. Olj\u010dno olje Bilini 0.25 l","og_url":"https:\/\/opg-rakovac.hr\/sl\/izdelek\/oljcno-olje-bilini-steklenica-250-ml\/","og_site_name":"OPG Rakovac","article_publisher":"https:\/\/www.facebook.com\/Ekstra.djevicansko.maslinovo.ulje.Bilini\/","article_modified_time":"2022-10-27T14:15:19+00:00","og_image":[{"width":1280,"height":1896,"url":"https:\/\/opg-rakovac.hr\/wp-content\/uploads\/2018\/03\/STAKLO-250-ml-sprijeda.jpg","type":"image\/jpeg"}],"twitter_card":"summary_large_image","twitter_misc":{"Est. reading time":"1 minuta"},"schema":{"@context":"https:\/\/schema.org","@graph":[{"@type":["WebPage","ItemPage"],"@id":"https:\/\/opg-rakovac.hr\/sl\/izdelek\/oljcno-olje-bilini-steklenica-250-ml\/","url":"https:\/\/opg-rakovac.hr\/sl\/izdelek\/oljcno-olje-bilini-steklenica-250-ml\/","name":"Olj\u010dno olje Bilini v steklenici 0.25 litra. Kupite ga tukaj!","isPartOf":{"@id":"https:\/\/opg-rakovac.hr\/sl\/#website"},"primaryImageOfPage":{"@id":"https:\/\/opg-rakovac.hr\/sl\/izdelek\/oljcno-olje-bilini-steklenica-250-ml\/#primaryimage"},"image":{"@id":"https:\/\/opg-rakovac.hr\/sl\/izdelek\/oljcno-olje-bilini-steklenica-250-ml\/#primaryimage"},"thumbnailUrl":"https:\/\/opg-rakovac.hr\/wp-content\/uploads\/2018\/03\/STAKLO-250-ml-sprijeda-1.webp","datePublished":"2018-03-02T10:48:34+00:00","dateModified":"2022-10-27T14:15:19+00:00","description":"Znak pozornosti, darilce, za\u010dimba. Pogosto ga najdemo v darilnih vre\u010dkah, kralj mize pri zajtrkih, kosilih in ve\u010derjah. Olj\u010dno olje Bilini 0.25 l","breadcrumb":{"@id":"https:\/\/opg-rakovac.hr\/sl\/izdelek\/oljcno-olje-bilini-steklenica-250-ml\/#breadcrumb"},"inLanguage":"sl-SI","potentialAction":[{"@type":"ReadAction","target":["https:\/\/opg-rakovac.hr\/sl\/izdelek\/oljcno-olje-bilini-steklenica-250-ml\/"]}]},{"@type":"ImageObject","inLanguage":"sl-SI","@id":"https:\/\/opg-rakovac.hr\/sl\/izdelek\/oljcno-olje-bilini-steklenica-250-ml\/#primaryimage","url":"https:\/\/opg-rakovac.hr\/wp-content\/uploads\/2018\/03\/STAKLO-250-ml-sprijeda-1.webp","contentUrl":"https:\/\/opg-rakovac.hr\/wp-content\/uploads\/2018\/03\/STAKLO-250-ml-sprijeda-1.webp","width":942,"height":942,"caption":"maslinovo ulje u ukrasnoj drvenoj kutiji"},{"@type":"BreadcrumbList","@id":"https:\/\/opg-rakovac.hr\/sl\/izdelek\/oljcno-olje-bilini-steklenica-250-ml\/#breadcrumb","itemListElement":[{"@type":"ListItem","position":1,"name":"Domov","item":"https:\/\/opg-rakovac.hr\/sl\/"},{"@type":"ListItem","position":2,"name":"Shop","item":"https:\/\/opg-rakovac.hr\/sl\/shop\/"},{"@type":"ListItem","position":3,"name":"Olj\u010dno olje Bilini steklenica 0.25 L"}]},{"@type":"WebSite","@id":"https:\/\/opg-rakovac.hr\/sl\/#website","url":"https:\/\/opg-rakovac.hr\/sl\/","name":"OPG Rakovac","description":"Istarsko ekstra djevi\u010dansko maslinovo ulje Bilini","publisher":{"@id":"https:\/\/opg-rakovac.hr\/sl\/#organization"},"inLanguage":"sl-SI"},{"@type":"Organization","@id":"https:\/\/opg-rakovac.hr\/sl\/#organization","name":"OPG Rakovac","url":"https:\/\/opg-rakovac.hr\/sl\/","logo":{"@type":"ImageObject","inLanguage":"sl-SI","@id":"https:\/\/opg-rakovac.hr\/sl\/#\/schema\/logo\/image\/","url":"https:\/\/opg-rakovac.hr\/wp-content\/uploads\/2015\/12\/favicon.png","contentUrl":"https:\/\/opg-rakovac.hr\/wp-content\/uploads\/2015\/12\/favicon.png","width":200,"height":200,"caption":"OPG Rakovac"},"image":{"@id":"https:\/\/opg-rakovac.hr\/sl\/#\/schema\/logo\/image\/"},"sameAs":["https:\/\/www.facebook.com\/Ekstra.djevicansko.maslinovo.ulje.Bilini\/","https:\/\/www.instagram.com\/bilini_maslinovo_ulje\/","https:\/\/hr.linkedin.com\/in\/bilini","https:\/\/www.pinterest.com\/Bilini_OliveOil\/","https:\/\/www.youtube.com\/channel\/UC7hfzAtwp1YOvhlmwNYkyQw"]}]}},"_links":{"self":[{"href":"https:\/\/opg-rakovac.hr\/sl\/wp-json\/wp\/v2\/product\/4849","targetHints":{"allow":["GET"]}}],"collection":[{"href":"https:\/\/opg-rakovac.hr\/sl\/wp-json\/wp\/v2\/product"}],"about":[{"href":"https:\/\/opg-rakovac.hr\/sl\/wp-json\/wp\/v2\/types\/product"}],"replies":[{"embeddable":true,"href":"https:\/\/opg-rakovac.hr\/sl\/wp-json\/wp\/v2\/comments?post=4849"}],"version-history":[{"count":5,"href":"https:\/\/opg-rakovac.hr\/sl\/wp-json\/wp\/v2\/product\/4849\/revisions"}],"predecessor-version":[{"id":10020,"href":"https:\/\/opg-rakovac.hr\/sl\/wp-json\/wp\/v2\/product\/4849\/revisions\/10020"}],"wp:featuredmedia":[{"embeddable":true,"href":"https:\/\/opg-rakovac.hr\/sl\/wp-json\/wp\/v2\/media\/19066"}],"wp:attachment":[{"href":"https:\/\/opg-rakovac.hr\/sl\/wp-json\/wp\/v2\/media?parent=4849"}],"wp:term":[{"taxonomy":"product_brand","embeddable":true,"href":"https:\/\/opg-rakovac.hr\/sl\/wp-json\/wp\/v2\/product_brand?post=4849"},{"taxonomy":"product_cat","embeddable":true,"href":"https:\/\/opg-rakovac.hr\/sl\/wp-json\/wp\/v2\/product_cat?post=4849"},{"taxonomy":"product_tag","embeddable":true,"href":"https:\/\/opg-rakovac.hr\/sl\/wp-json\/wp\/v2\/product_tag?post=4849"}],"curies":[{"name":"wp","href":"https:\/\/api.w.org\/{rel}","templated":true}]}}