{"id":4841,"date":"2018-03-14T09:27:36","date_gmt":"2018-03-14T09:27:36","guid":{"rendered":"https:\/\/opg-rakovac.hr\/2018\/product\/bilini-maslinovo-ulje-1-l-staklo\/"},"modified":"2021-12-11T17:14:06","modified_gmt":"2021-12-11T17:14:06","slug":"oljcno-olje-bilini-steklenica-1l","status":"publish","type":"product","link":"https:\/\/opg-rakovac.hr\/sl\/izdelek\/oljcno-olje-bilini-steklenica-1l\/","title":{"rendered":"Olj\u010dno olje Bilini steklenica 1L"},"content":{"rendered":"<p><span style=\"font-weight: 400;\">Ekstra devi\u0161ko olj\u010dno olje, pakirano v steklenici temno zelenega stekla, s pribli\u017enimi dimenzijami 290mm x 75mm x 75mm, z zelenim plasti\u010dnim zama\u0161kom z vgrajenim dozirnikom. Pakiranje iz temnega stekla je idealno za ohranjanje stabilnosti in valorizacije olja. Steklo ne absorbira ali spro\u0161\u010da nobenega vonja, zagotavlja popolno za\u0161\u010dito pred kisikom in temno zelena barva absorbira ultravijoli\u010dno svetlobo, ki bi lahko vplivala na kakovost.<\/span><\/p>\n","protected":false},"excerpt":{"rendered":"<p><span style=\"font-weight: 400;\">To je prava stvar za utrjene hedoniste in tiste, ki \u017eivijo zdravo \u017eivljenje! Vsakdo, ki si ne more predstavljati \u017eivljenja brez vsakodnevne uporabe olj\u010dnega olja, mora imeti pri roki &#8220;pravo&#8221; koli\u010dino, ker se manj\u0161e steklenice tako hitro izpraznijo&#8230;<\/span><\/p>\n","protected":false},"featured_media":19086,"comment_status":"open","ping_status":"closed","template":"","meta":{"_acf_changed":false,"h5ap_radio_sources":[],"footnotes":""},"product_brand":[],"product_cat":[391],"product_tag":[],"class_list":{"0":"post-4841","1":"product","2":"type-product","3":"status-publish","4":"has-post-thumbnail","6":"product_cat-steklenice","8":"first","9":"instock","10":"shipping-taxable","11":"purchasable","12":"product-type-simple"},"acf":[],"yoast_head":"<!-- This site is optimized with the Yoast SEO plugin v27.4 - https:\/\/yoast.com\/product\/yoast-seo-wordpress\/ -->\n<title>Olje Bilini v litrski steklenici. Kupite ga tukaj!<\/title>\n<meta name=\"description\" content=\"To je prava stvar za utrjene hedoniste in tiste, ki \u017eivijo zdravo \u017eivljenje! Vsakdo, ki si ne more predstavljati \u017eivljenja brez vsakodnevne uporabe olj\u010dnega olja, mora imeti pri roki &quot;pravo&quot; koli\u010dino, ker se manj\u0161e steklenice tako hitro izpraznijo...\" \/>\n<meta name=\"robots\" content=\"index, follow, max-snippet:-1, max-image-preview:large, max-video-preview:-1\" \/>\n<link rel=\"canonical\" href=\"https:\/\/opg-rakovac.hr\/sl\/izdelek\/oljcno-olje-bilini-steklenica-1l\/\" \/>\n<meta property=\"og:locale\" content=\"sl_SI\" \/>\n<meta property=\"og:type\" content=\"article\" \/>\n<meta property=\"og:title\" content=\"Olje Bilini v litrski steklenici. Kupite ga tukaj!\" \/>\n<meta property=\"og:description\" content=\"To je prava stvar za utrjene hedoniste in tiste, ki \u017eivijo zdravo \u017eivljenje! Vsakdo, ki si ne more predstavljati \u017eivljenja brez vsakodnevne uporabe olj\u010dnega olja, mora imeti pri roki &quot;pravo&quot; koli\u010dino, ker se manj\u0161e steklenice tako hitro izpraznijo...\" \/>\n<meta property=\"og:url\" content=\"https:\/\/opg-rakovac.hr\/sl\/izdelek\/oljcno-olje-bilini-steklenica-1l\/\" \/>\n<meta property=\"og:site_name\" content=\"OPG Rakovac\" \/>\n<meta property=\"article:publisher\" content=\"https:\/\/www.facebook.com\/Ekstra.djevicansko.maslinovo.ulje.Bilini\/\" \/>\n<meta property=\"article:modified_time\" content=\"2021-12-11T17:14:06+00:00\" \/>\n<meta property=\"og:image\" content=\"https:\/\/opg-rakovac.hr\/wp-content\/uploads\/2018\/03\/STAKLO-1000-ml-sprijeda.jpg\" \/>\n\t<meta property=\"og:image:width\" content=\"1282\" \/>\n\t<meta property=\"og:image:height\" content=\"1898\" \/>\n\t<meta property=\"og:image:type\" content=\"image\/jpeg\" \/>\n<meta name=\"twitter:card\" content=\"summary_large_image\" \/>\n<script type=\"application\/ld+json\" class=\"yoast-schema-graph\">{\"@context\":\"https:\\\/\\\/schema.org\",\"@graph\":[{\"@type\":[\"WebPage\",\"ItemPage\"],\"@id\":\"https:\\\/\\\/opg-rakovac.hr\\\/sl\\\/izdelek\\\/oljcno-olje-bilini-steklenica-1l\\\/\",\"url\":\"https:\\\/\\\/opg-rakovac.hr\\\/sl\\\/izdelek\\\/oljcno-olje-bilini-steklenica-1l\\\/\",\"name\":\"Olje Bilini v litrski steklenici. Kupite ga tukaj!\",\"isPartOf\":{\"@id\":\"https:\\\/\\\/opg-rakovac.hr\\\/sl\\\/#website\"},\"primaryImageOfPage\":{\"@id\":\"https:\\\/\\\/opg-rakovac.hr\\\/sl\\\/izdelek\\\/oljcno-olje-bilini-steklenica-1l\\\/#primaryimage\"},\"image\":{\"@id\":\"https:\\\/\\\/opg-rakovac.hr\\\/sl\\\/izdelek\\\/oljcno-olje-bilini-steklenica-1l\\\/#primaryimage\"},\"thumbnailUrl\":\"https:\\\/\\\/opg-rakovac.hr\\\/wp-content\\\/uploads\\\/2018\\\/03\\\/STAKLO-1000-ml-sprijeda-square.webp\",\"datePublished\":\"2018-03-14T09:27:36+00:00\",\"dateModified\":\"2021-12-11T17:14:06+00:00\",\"description\":\"To je prava stvar za utrjene hedoniste in tiste, ki \u017eivijo zdravo \u017eivljenje! Vsakdo, ki si ne more predstavljati \u017eivljenja brez vsakodnevne uporabe olj\u010dnega olja, mora imeti pri roki \\\"pravo\\\" koli\u010dino, ker se manj\u0161e steklenice tako hitro izpraznijo...\",\"breadcrumb\":{\"@id\":\"https:\\\/\\\/opg-rakovac.hr\\\/sl\\\/izdelek\\\/oljcno-olje-bilini-steklenica-1l\\\/#breadcrumb\"},\"inLanguage\":\"sl-SI\",\"potentialAction\":[{\"@type\":\"ReadAction\",\"target\":[\"https:\\\/\\\/opg-rakovac.hr\\\/sl\\\/izdelek\\\/oljcno-olje-bilini-steklenica-1l\\\/\"]}]},{\"@type\":\"ImageObject\",\"inLanguage\":\"sl-SI\",\"@id\":\"https:\\\/\\\/opg-rakovac.hr\\\/sl\\\/izdelek\\\/oljcno-olje-bilini-steklenica-1l\\\/#primaryimage\",\"url\":\"https:\\\/\\\/opg-rakovac.hr\\\/wp-content\\\/uploads\\\/2018\\\/03\\\/STAKLO-1000-ml-sprijeda-square.webp\",\"contentUrl\":\"https:\\\/\\\/opg-rakovac.hr\\\/wp-content\\\/uploads\\\/2018\\\/03\\\/STAKLO-1000-ml-sprijeda-square.webp\",\"width\":1568,\"height\":1568,\"caption\":\"maslinovo ulje 1 litra\"},{\"@type\":\"BreadcrumbList\",\"@id\":\"https:\\\/\\\/opg-rakovac.hr\\\/sl\\\/izdelek\\\/oljcno-olje-bilini-steklenica-1l\\\/#breadcrumb\",\"itemListElement\":[{\"@type\":\"ListItem\",\"position\":1,\"name\":\"Domov\",\"item\":\"https:\\\/\\\/opg-rakovac.hr\\\/sl\\\/\"},{\"@type\":\"ListItem\",\"position\":2,\"name\":\"Shop\",\"item\":\"https:\\\/\\\/opg-rakovac.hr\\\/sl\\\/shop\\\/\"},{\"@type\":\"ListItem\",\"position\":3,\"name\":\"Olj\u010dno olje Bilini steklenica 1L\"}]},{\"@type\":\"WebSite\",\"@id\":\"https:\\\/\\\/opg-rakovac.hr\\\/sl\\\/#website\",\"url\":\"https:\\\/\\\/opg-rakovac.hr\\\/sl\\\/\",\"name\":\"OPG Rakovac\",\"description\":\"Istarsko ekstra djevi\u010dansko maslinovo ulje Bilini\",\"publisher\":{\"@id\":\"https:\\\/\\\/opg-rakovac.hr\\\/sl\\\/#organization\"},\"inLanguage\":\"sl-SI\"},{\"@type\":\"Organization\",\"@id\":\"https:\\\/\\\/opg-rakovac.hr\\\/sl\\\/#organization\",\"name\":\"OPG Rakovac\",\"url\":\"https:\\\/\\\/opg-rakovac.hr\\\/sl\\\/\",\"logo\":{\"@type\":\"ImageObject\",\"inLanguage\":\"sl-SI\",\"@id\":\"https:\\\/\\\/opg-rakovac.hr\\\/sl\\\/#\\\/schema\\\/logo\\\/image\\\/\",\"url\":\"https:\\\/\\\/opg-rakovac.hr\\\/wp-content\\\/uploads\\\/2015\\\/12\\\/favicon.png\",\"contentUrl\":\"https:\\\/\\\/opg-rakovac.hr\\\/wp-content\\\/uploads\\\/2015\\\/12\\\/favicon.png\",\"width\":200,\"height\":200,\"caption\":\"OPG Rakovac\"},\"image\":{\"@id\":\"https:\\\/\\\/opg-rakovac.hr\\\/sl\\\/#\\\/schema\\\/logo\\\/image\\\/\"},\"sameAs\":[\"https:\\\/\\\/www.facebook.com\\\/Ekstra.djevicansko.maslinovo.ulje.Bilini\\\/\",\"https:\\\/\\\/www.instagram.com\\\/bilini_maslinovo_ulje\\\/\",\"https:\\\/\\\/hr.linkedin.com\\\/in\\\/bilini\",\"https:\\\/\\\/www.pinterest.com\\\/Bilini_OliveOil\\\/\",\"https:\\\/\\\/www.youtube.com\\\/channel\\\/UC7hfzAtwp1YOvhlmwNYkyQw\"]}]}<\/script>\n<!-- \/ Yoast SEO plugin. -->","yoast_head_json":{"title":"Olje Bilini v litrski steklenici. Kupite ga tukaj!","description":"To je prava stvar za utrjene hedoniste in tiste, ki \u017eivijo zdravo \u017eivljenje! Vsakdo, ki si ne more predstavljati \u017eivljenja brez vsakodnevne uporabe olj\u010dnega olja, mora imeti pri roki \"pravo\" koli\u010dino, ker se manj\u0161e steklenice tako hitro izpraznijo...","robots":{"index":"index","follow":"follow","max-snippet":"max-snippet:-1","max-image-preview":"max-image-preview:large","max-video-preview":"max-video-preview:-1"},"canonical":"https:\/\/opg-rakovac.hr\/sl\/izdelek\/oljcno-olje-bilini-steklenica-1l\/","og_locale":"sl_SI","og_type":"article","og_title":"Olje Bilini v litrski steklenici. Kupite ga tukaj!","og_description":"To je prava stvar za utrjene hedoniste in tiste, ki \u017eivijo zdravo \u017eivljenje! Vsakdo, ki si ne more predstavljati \u017eivljenja brez vsakodnevne uporabe olj\u010dnega olja, mora imeti pri roki \"pravo\" koli\u010dino, ker se manj\u0161e steklenice tako hitro izpraznijo...","og_url":"https:\/\/opg-rakovac.hr\/sl\/izdelek\/oljcno-olje-bilini-steklenica-1l\/","og_site_name":"OPG Rakovac","article_publisher":"https:\/\/www.facebook.com\/Ekstra.djevicansko.maslinovo.ulje.Bilini\/","article_modified_time":"2021-12-11T17:14:06+00:00","og_image":[{"width":1282,"height":1898,"url":"https:\/\/opg-rakovac.hr\/wp-content\/uploads\/2018\/03\/STAKLO-1000-ml-sprijeda.jpg","type":"image\/jpeg"}],"twitter_card":"summary_large_image","schema":{"@context":"https:\/\/schema.org","@graph":[{"@type":["WebPage","ItemPage"],"@id":"https:\/\/opg-rakovac.hr\/sl\/izdelek\/oljcno-olje-bilini-steklenica-1l\/","url":"https:\/\/opg-rakovac.hr\/sl\/izdelek\/oljcno-olje-bilini-steklenica-1l\/","name":"Olje Bilini v litrski steklenici. Kupite ga tukaj!","isPartOf":{"@id":"https:\/\/opg-rakovac.hr\/sl\/#website"},"primaryImageOfPage":{"@id":"https:\/\/opg-rakovac.hr\/sl\/izdelek\/oljcno-olje-bilini-steklenica-1l\/#primaryimage"},"image":{"@id":"https:\/\/opg-rakovac.hr\/sl\/izdelek\/oljcno-olje-bilini-steklenica-1l\/#primaryimage"},"thumbnailUrl":"https:\/\/opg-rakovac.hr\/wp-content\/uploads\/2018\/03\/STAKLO-1000-ml-sprijeda-square.webp","datePublished":"2018-03-14T09:27:36+00:00","dateModified":"2021-12-11T17:14:06+00:00","description":"To je prava stvar za utrjene hedoniste in tiste, ki \u017eivijo zdravo \u017eivljenje! Vsakdo, ki si ne more predstavljati \u017eivljenja brez vsakodnevne uporabe olj\u010dnega olja, mora imeti pri roki \"pravo\" koli\u010dino, ker se manj\u0161e steklenice tako hitro izpraznijo...","breadcrumb":{"@id":"https:\/\/opg-rakovac.hr\/sl\/izdelek\/oljcno-olje-bilini-steklenica-1l\/#breadcrumb"},"inLanguage":"sl-SI","potentialAction":[{"@type":"ReadAction","target":["https:\/\/opg-rakovac.hr\/sl\/izdelek\/oljcno-olje-bilini-steklenica-1l\/"]}]},{"@type":"ImageObject","inLanguage":"sl-SI","@id":"https:\/\/opg-rakovac.hr\/sl\/izdelek\/oljcno-olje-bilini-steklenica-1l\/#primaryimage","url":"https:\/\/opg-rakovac.hr\/wp-content\/uploads\/2018\/03\/STAKLO-1000-ml-sprijeda-square.webp","contentUrl":"https:\/\/opg-rakovac.hr\/wp-content\/uploads\/2018\/03\/STAKLO-1000-ml-sprijeda-square.webp","width":1568,"height":1568,"caption":"maslinovo ulje 1 litra"},{"@type":"BreadcrumbList","@id":"https:\/\/opg-rakovac.hr\/sl\/izdelek\/oljcno-olje-bilini-steklenica-1l\/#breadcrumb","itemListElement":[{"@type":"ListItem","position":1,"name":"Domov","item":"https:\/\/opg-rakovac.hr\/sl\/"},{"@type":"ListItem","position":2,"name":"Shop","item":"https:\/\/opg-rakovac.hr\/sl\/shop\/"},{"@type":"ListItem","position":3,"name":"Olj\u010dno olje Bilini steklenica 1L"}]},{"@type":"WebSite","@id":"https:\/\/opg-rakovac.hr\/sl\/#website","url":"https:\/\/opg-rakovac.hr\/sl\/","name":"OPG Rakovac","description":"Istarsko ekstra djevi\u010dansko maslinovo ulje Bilini","publisher":{"@id":"https:\/\/opg-rakovac.hr\/sl\/#organization"},"inLanguage":"sl-SI"},{"@type":"Organization","@id":"https:\/\/opg-rakovac.hr\/sl\/#organization","name":"OPG Rakovac","url":"https:\/\/opg-rakovac.hr\/sl\/","logo":{"@type":"ImageObject","inLanguage":"sl-SI","@id":"https:\/\/opg-rakovac.hr\/sl\/#\/schema\/logo\/image\/","url":"https:\/\/opg-rakovac.hr\/wp-content\/uploads\/2015\/12\/favicon.png","contentUrl":"https:\/\/opg-rakovac.hr\/wp-content\/uploads\/2015\/12\/favicon.png","width":200,"height":200,"caption":"OPG Rakovac"},"image":{"@id":"https:\/\/opg-rakovac.hr\/sl\/#\/schema\/logo\/image\/"},"sameAs":["https:\/\/www.facebook.com\/Ekstra.djevicansko.maslinovo.ulje.Bilini\/","https:\/\/www.instagram.com\/bilini_maslinovo_ulje\/","https:\/\/hr.linkedin.com\/in\/bilini","https:\/\/www.pinterest.com\/Bilini_OliveOil\/","https:\/\/www.youtube.com\/channel\/UC7hfzAtwp1YOvhlmwNYkyQw"]}]}},"_links":{"self":[{"href":"https:\/\/opg-rakovac.hr\/sl\/wp-json\/wp\/v2\/product\/4841","targetHints":{"allow":["GET"]}}],"collection":[{"href":"https:\/\/opg-rakovac.hr\/sl\/wp-json\/wp\/v2\/product"}],"about":[{"href":"https:\/\/opg-rakovac.hr\/sl\/wp-json\/wp\/v2\/types\/product"}],"replies":[{"embeddable":true,"href":"https:\/\/opg-rakovac.hr\/sl\/wp-json\/wp\/v2\/comments?post=4841"}],"version-history":[{"count":5,"href":"https:\/\/opg-rakovac.hr\/sl\/wp-json\/wp\/v2\/product\/4841\/revisions"}],"predecessor-version":[{"id":10024,"href":"https:\/\/opg-rakovac.hr\/sl\/wp-json\/wp\/v2\/product\/4841\/revisions\/10024"}],"wp:featuredmedia":[{"embeddable":true,"href":"https:\/\/opg-rakovac.hr\/sl\/wp-json\/wp\/v2\/media\/19086"}],"wp:attachment":[{"href":"https:\/\/opg-rakovac.hr\/sl\/wp-json\/wp\/v2\/media?parent=4841"}],"wp:term":[{"taxonomy":"product_brand","embeddable":true,"href":"https:\/\/opg-rakovac.hr\/sl\/wp-json\/wp\/v2\/product_brand?post=4841"},{"taxonomy":"product_cat","embeddable":true,"href":"https:\/\/opg-rakovac.hr\/sl\/wp-json\/wp\/v2\/product_cat?post=4841"},{"taxonomy":"product_tag","embeddable":true,"href":"https:\/\/opg-rakovac.hr\/sl\/wp-json\/wp\/v2\/product_tag?post=4841"}],"curies":[{"name":"wp","href":"https:\/\/api.w.org\/{rel}","templated":true}]}}