{"id":16729,"date":"2022-07-05T18:30:18","date_gmt":"2022-07-07T06:52:45","guid":{"rendered":"https:\/\/opg-rakovac.hr\/?post_type=product&#038;p=16729"},"modified":"2023-11-22T11:52:09","modified_gmt":"2023-11-22T10:52:09","slug":"bilini-premium","status":"publish","type":"product","link":"https:\/\/opg-rakovac.hr\/sl\/izdelek\/bilini-premium\/","title":{"rendered":"Bilini Premium"},"content":{"rendered":"<p>Ekstra devi\u0161ko olj\u010dno olje pakirano v belo kerami\u010dno steklenico prostornine 500 ml. Stekleni\u010dka je pakirana v lepo leseno okrasno \u0161katlo pribli\u017enih dimenzij 270 mm x 105 mm x 95 mm. V \u0161katli dobite tudi dozirnik, ki ga po odprtju vstavite v vrat steklenice.<br \/>\nDozirnik ima svoj majhen pokrov\u010dek.Torej, po prvem odma\u0161evanju steklenice in vstavitvi dozirnika ni potrebno vstaviti originalnega zama\u0161ka. Kerami\u010dna steklenica je idealna za ohranjanje stabilnosti in kakovosti olj\u010dnega olja. Keramika ne absorbira in ne oddaja vonjav. Zagotavlja popolno za\u0161\u010dito pred kisikom, pa tudi pred svetlobo, ki bi lahko vplivala na kakovost olja.<\/p>\n","protected":false},"excerpt":{"rendered":"<p><strong>Bilini Premium<\/strong> je <strong>500 ml<\/strong> stekleni\u010dka olivnega olja Bilini &#8211; prav tistega olja, ki ga po\u0161iljamo na tekmovanja. Isti sod, ista me\u0161anica, ki jo okusijo \u017eirije, ki ekstra devi\u0161kemu olj\u010dnemu olju Bilini vsako leto podelijo zlato.<\/p>\n<p>\u010ce nameravate kupiti darilo in \u017eelite pustiti odli\u010den vtis, si boste zapomnili po tem darilu.<\/p>\n<p>Za ve\u010d informacij kliknite <a href=\"https:\/\/opg-rakovac.hr\/sl\/bilini-premium\/\" target=\"_blank\" rel=\"noopener\">tukaj<\/a>. (vendar se vrni pozneje in dokon\u010daj nakup \ud83d\ude42<\/p>\n","protected":false},"featured_media":19101,"comment_status":"open","ping_status":"closed","template":"","meta":{"_acf_changed":false,"h5ap_radio_sources":[],"footnotes":""},"product_brand":[],"product_cat":[1192],"product_tag":[1195],"class_list":{"0":"post-16729","1":"product","2":"type-product","3":"status-publish","4":"has-post-thumbnail","6":"product_cat-bilini-premium-sl","7":"product_tag-bilini-premium-sl-2","9":"first","10":"instock","11":"shipping-taxable","12":"purchasable","13":"product-type-simple"},"acf":[],"yoast_head":"<!-- This site is optimized with the Yoast SEO plugin v27.4 - https:\/\/yoast.com\/product\/yoast-seo-wordpress\/ -->\n<title>Bilini Premium | Kupite v spletni trgovini dru\u017einske kmetije Rakovac<\/title>\n<meta name=\"description\" content=\"Tukaj lahko kupite najbolj\u0161e: BILINI PREMIUM. Ekstra devi\u0161ko olj\u010dno olje Bilini iz soda iz katerega po\u0161iljamo vzorce na tekmovanja ?\" \/>\n<meta name=\"robots\" content=\"index, follow, max-snippet:-1, max-image-preview:large, max-video-preview:-1\" \/>\n<link rel=\"canonical\" href=\"https:\/\/opg-rakovac.hr\/sl\/izdelek\/bilini-premium\/\" \/>\n<meta property=\"og:locale\" content=\"sl_SI\" \/>\n<meta property=\"og:type\" content=\"article\" \/>\n<meta property=\"og:title\" content=\"Bilini Premium | Kupite v spletni trgovini dru\u017einske kmetije Rakovac\" \/>\n<meta property=\"og:description\" content=\"Tukaj lahko kupite najbolj\u0161e: BILINI PREMIUM. Ekstra devi\u0161ko olj\u010dno olje Bilini iz soda iz katerega po\u0161iljamo vzorce na tekmovanja ?\" \/>\n<meta property=\"og:url\" content=\"https:\/\/opg-rakovac.hr\/sl\/izdelek\/bilini-premium\/\" \/>\n<meta property=\"og:site_name\" content=\"OPG Rakovac\" \/>\n<meta property=\"article:publisher\" content=\"https:\/\/www.facebook.com\/Ekstra.djevicansko.maslinovo.ulje.Bilini\/\" \/>\n<meta property=\"article:modified_time\" content=\"2023-11-22T10:52:09+00:00\" \/>\n<meta property=\"og:image\" content=\"https:\/\/opg-rakovac.hr\/wp-content\/uploads\/2022\/07\/boca-u-otvorenoj-kutiji_square-1.webp\" \/>\n\t<meta property=\"og:image:width\" content=\"660\" \/>\n\t<meta property=\"og:image:height\" content=\"660\" \/>\n\t<meta property=\"og:image:type\" content=\"image\/webp\" \/>\n<meta name=\"twitter:card\" content=\"summary_large_image\" \/>\n<meta name=\"twitter:label1\" content=\"Est. reading time\" \/>\n\t<meta name=\"twitter:data1\" content=\"1 minuta\" \/>\n<script type=\"application\/ld+json\" class=\"yoast-schema-graph\">{\"@context\":\"https:\\\/\\\/schema.org\",\"@graph\":[{\"@type\":\"WebPage\",\"@id\":\"https:\\\/\\\/opg-rakovac.hr\\\/sl\\\/izdelek\\\/bilini-premium\\\/\",\"url\":\"https:\\\/\\\/opg-rakovac.hr\\\/sl\\\/izdelek\\\/bilini-premium\\\/\",\"name\":\"Bilini Premium | Kupite v spletni trgovini dru\u017einske kmetije Rakovac\",\"isPartOf\":{\"@id\":\"https:\\\/\\\/opg-rakovac.hr\\\/sl\\\/#website\"},\"primaryImageOfPage\":{\"@id\":\"https:\\\/\\\/opg-rakovac.hr\\\/sl\\\/izdelek\\\/bilini-premium\\\/#primaryimage\"},\"image\":{\"@id\":\"https:\\\/\\\/opg-rakovac.hr\\\/sl\\\/izdelek\\\/bilini-premium\\\/#primaryimage\"},\"thumbnailUrl\":\"https:\\\/\\\/opg-rakovac.hr\\\/wp-content\\\/uploads\\\/2022\\\/07\\\/boca-u-otvorenoj-kutiji_square-1.webp\",\"datePublished\":\"2022-07-07T06:52:45+00:00\",\"dateModified\":\"2023-11-22T10:52:09+00:00\",\"description\":\"Tukaj lahko kupite najbolj\u0161e: BILINI PREMIUM. Ekstra devi\u0161ko olj\u010dno olje Bilini iz soda iz katerega po\u0161iljamo vzorce na tekmovanja ?\",\"breadcrumb\":{\"@id\":\"https:\\\/\\\/opg-rakovac.hr\\\/sl\\\/izdelek\\\/bilini-premium\\\/#breadcrumb\"},\"inLanguage\":\"sl-SI\",\"potentialAction\":[{\"@type\":\"ReadAction\",\"target\":[\"https:\\\/\\\/opg-rakovac.hr\\\/sl\\\/izdelek\\\/bilini-premium\\\/\"]}]},{\"@type\":\"ImageObject\",\"inLanguage\":\"sl-SI\",\"@id\":\"https:\\\/\\\/opg-rakovac.hr\\\/sl\\\/izdelek\\\/bilini-premium\\\/#primaryimage\",\"url\":\"https:\\\/\\\/opg-rakovac.hr\\\/wp-content\\\/uploads\\\/2022\\\/07\\\/boca-u-otvorenoj-kutiji_square-1.webp\",\"contentUrl\":\"https:\\\/\\\/opg-rakovac.hr\\\/wp-content\\\/uploads\\\/2022\\\/07\\\/boca-u-otvorenoj-kutiji_square-1.webp\",\"width\":660,\"height\":660,\"caption\":\"Bilini Premium\"},{\"@type\":\"BreadcrumbList\",\"@id\":\"https:\\\/\\\/opg-rakovac.hr\\\/sl\\\/izdelek\\\/bilini-premium\\\/#breadcrumb\",\"itemListElement\":[{\"@type\":\"ListItem\",\"position\":1,\"name\":\"Domov\",\"item\":\"https:\\\/\\\/opg-rakovac.hr\\\/sl\\\/\"},{\"@type\":\"ListItem\",\"position\":2,\"name\":\"Shop\",\"item\":\"https:\\\/\\\/opg-rakovac.hr\\\/sl\\\/shop\\\/\"},{\"@type\":\"ListItem\",\"position\":3,\"name\":\"Bilini Premium\"}]},{\"@type\":\"WebSite\",\"@id\":\"https:\\\/\\\/opg-rakovac.hr\\\/sl\\\/#website\",\"url\":\"https:\\\/\\\/opg-rakovac.hr\\\/sl\\\/\",\"name\":\"OPG Rakovac\",\"description\":\"Istarsko ekstra djevi\u010dansko maslinovo ulje Bilini\",\"publisher\":{\"@id\":\"https:\\\/\\\/opg-rakovac.hr\\\/sl\\\/#organization\"},\"inLanguage\":\"sl-SI\"},{\"@type\":\"Organization\",\"@id\":\"https:\\\/\\\/opg-rakovac.hr\\\/sl\\\/#organization\",\"name\":\"OPG Rakovac\",\"url\":\"https:\\\/\\\/opg-rakovac.hr\\\/sl\\\/\",\"logo\":{\"@type\":\"ImageObject\",\"inLanguage\":\"sl-SI\",\"@id\":\"https:\\\/\\\/opg-rakovac.hr\\\/sl\\\/#\\\/schema\\\/logo\\\/image\\\/\",\"url\":\"https:\\\/\\\/opg-rakovac.hr\\\/wp-content\\\/uploads\\\/2015\\\/12\\\/favicon.png\",\"contentUrl\":\"https:\\\/\\\/opg-rakovac.hr\\\/wp-content\\\/uploads\\\/2015\\\/12\\\/favicon.png\",\"width\":200,\"height\":200,\"caption\":\"OPG Rakovac\"},\"image\":{\"@id\":\"https:\\\/\\\/opg-rakovac.hr\\\/sl\\\/#\\\/schema\\\/logo\\\/image\\\/\"},\"sameAs\":[\"https:\\\/\\\/www.facebook.com\\\/Ekstra.djevicansko.maslinovo.ulje.Bilini\\\/\",\"https:\\\/\\\/www.instagram.com\\\/bilini_maslinovo_ulje\\\/\",\"https:\\\/\\\/hr.linkedin.com\\\/in\\\/bilini\",\"https:\\\/\\\/www.pinterest.com\\\/Bilini_OliveOil\\\/\",\"https:\\\/\\\/www.youtube.com\\\/channel\\\/UC7hfzAtwp1YOvhlmwNYkyQw\"]}]}<\/script>\n<!-- \/ Yoast SEO plugin. -->","yoast_head_json":{"title":"Bilini Premium | Kupite v spletni trgovini dru\u017einske kmetije Rakovac","description":"Tukaj lahko kupite najbolj\u0161e: BILINI PREMIUM. Ekstra devi\u0161ko olj\u010dno olje Bilini iz soda iz katerega po\u0161iljamo vzorce na tekmovanja ?","robots":{"index":"index","follow":"follow","max-snippet":"max-snippet:-1","max-image-preview":"max-image-preview:large","max-video-preview":"max-video-preview:-1"},"canonical":"https:\/\/opg-rakovac.hr\/sl\/izdelek\/bilini-premium\/","og_locale":"sl_SI","og_type":"article","og_title":"Bilini Premium | Kupite v spletni trgovini dru\u017einske kmetije Rakovac","og_description":"Tukaj lahko kupite najbolj\u0161e: BILINI PREMIUM. Ekstra devi\u0161ko olj\u010dno olje Bilini iz soda iz katerega po\u0161iljamo vzorce na tekmovanja ?","og_url":"https:\/\/opg-rakovac.hr\/sl\/izdelek\/bilini-premium\/","og_site_name":"OPG Rakovac","article_publisher":"https:\/\/www.facebook.com\/Ekstra.djevicansko.maslinovo.ulje.Bilini\/","article_modified_time":"2023-11-22T10:52:09+00:00","og_image":[{"width":660,"height":660,"url":"https:\/\/opg-rakovac.hr\/wp-content\/uploads\/2022\/07\/boca-u-otvorenoj-kutiji_square-1.webp","type":"image\/webp"}],"twitter_card":"summary_large_image","twitter_misc":{"Est. reading time":"1 minuta"},"schema":{"@context":"https:\/\/schema.org","@graph":[{"@type":"WebPage","@id":"https:\/\/opg-rakovac.hr\/sl\/izdelek\/bilini-premium\/","url":"https:\/\/opg-rakovac.hr\/sl\/izdelek\/bilini-premium\/","name":"Bilini Premium | Kupite v spletni trgovini dru\u017einske kmetije Rakovac","isPartOf":{"@id":"https:\/\/opg-rakovac.hr\/sl\/#website"},"primaryImageOfPage":{"@id":"https:\/\/opg-rakovac.hr\/sl\/izdelek\/bilini-premium\/#primaryimage"},"image":{"@id":"https:\/\/opg-rakovac.hr\/sl\/izdelek\/bilini-premium\/#primaryimage"},"thumbnailUrl":"https:\/\/opg-rakovac.hr\/wp-content\/uploads\/2022\/07\/boca-u-otvorenoj-kutiji_square-1.webp","datePublished":"2022-07-07T06:52:45+00:00","dateModified":"2023-11-22T10:52:09+00:00","description":"Tukaj lahko kupite najbolj\u0161e: BILINI PREMIUM. Ekstra devi\u0161ko olj\u010dno olje Bilini iz soda iz katerega po\u0161iljamo vzorce na tekmovanja ?","breadcrumb":{"@id":"https:\/\/opg-rakovac.hr\/sl\/izdelek\/bilini-premium\/#breadcrumb"},"inLanguage":"sl-SI","potentialAction":[{"@type":"ReadAction","target":["https:\/\/opg-rakovac.hr\/sl\/izdelek\/bilini-premium\/"]}]},{"@type":"ImageObject","inLanguage":"sl-SI","@id":"https:\/\/opg-rakovac.hr\/sl\/izdelek\/bilini-premium\/#primaryimage","url":"https:\/\/opg-rakovac.hr\/wp-content\/uploads\/2022\/07\/boca-u-otvorenoj-kutiji_square-1.webp","contentUrl":"https:\/\/opg-rakovac.hr\/wp-content\/uploads\/2022\/07\/boca-u-otvorenoj-kutiji_square-1.webp","width":660,"height":660,"caption":"Bilini Premium"},{"@type":"BreadcrumbList","@id":"https:\/\/opg-rakovac.hr\/sl\/izdelek\/bilini-premium\/#breadcrumb","itemListElement":[{"@type":"ListItem","position":1,"name":"Domov","item":"https:\/\/opg-rakovac.hr\/sl\/"},{"@type":"ListItem","position":2,"name":"Shop","item":"https:\/\/opg-rakovac.hr\/sl\/shop\/"},{"@type":"ListItem","position":3,"name":"Bilini Premium"}]},{"@type":"WebSite","@id":"https:\/\/opg-rakovac.hr\/sl\/#website","url":"https:\/\/opg-rakovac.hr\/sl\/","name":"OPG Rakovac","description":"Istarsko ekstra djevi\u010dansko maslinovo ulje Bilini","publisher":{"@id":"https:\/\/opg-rakovac.hr\/sl\/#organization"},"inLanguage":"sl-SI"},{"@type":"Organization","@id":"https:\/\/opg-rakovac.hr\/sl\/#organization","name":"OPG Rakovac","url":"https:\/\/opg-rakovac.hr\/sl\/","logo":{"@type":"ImageObject","inLanguage":"sl-SI","@id":"https:\/\/opg-rakovac.hr\/sl\/#\/schema\/logo\/image\/","url":"https:\/\/opg-rakovac.hr\/wp-content\/uploads\/2015\/12\/favicon.png","contentUrl":"https:\/\/opg-rakovac.hr\/wp-content\/uploads\/2015\/12\/favicon.png","width":200,"height":200,"caption":"OPG Rakovac"},"image":{"@id":"https:\/\/opg-rakovac.hr\/sl\/#\/schema\/logo\/image\/"},"sameAs":["https:\/\/www.facebook.com\/Ekstra.djevicansko.maslinovo.ulje.Bilini\/","https:\/\/www.instagram.com\/bilini_maslinovo_ulje\/","https:\/\/hr.linkedin.com\/in\/bilini","https:\/\/www.pinterest.com\/Bilini_OliveOil\/","https:\/\/www.youtube.com\/channel\/UC7hfzAtwp1YOvhlmwNYkyQw"]}]}},"_links":{"self":[{"href":"https:\/\/opg-rakovac.hr\/sl\/wp-json\/wp\/v2\/product\/16729","targetHints":{"allow":["GET"]}}],"collection":[{"href":"https:\/\/opg-rakovac.hr\/sl\/wp-json\/wp\/v2\/product"}],"about":[{"href":"https:\/\/opg-rakovac.hr\/sl\/wp-json\/wp\/v2\/types\/product"}],"replies":[{"embeddable":true,"href":"https:\/\/opg-rakovac.hr\/sl\/wp-json\/wp\/v2\/comments?post=16729"}],"version-history":[{"count":2,"href":"https:\/\/opg-rakovac.hr\/sl\/wp-json\/wp\/v2\/product\/16729\/revisions"}],"predecessor-version":[{"id":19719,"href":"https:\/\/opg-rakovac.hr\/sl\/wp-json\/wp\/v2\/product\/16729\/revisions\/19719"}],"wp:featuredmedia":[{"embeddable":true,"href":"https:\/\/opg-rakovac.hr\/sl\/wp-json\/wp\/v2\/media\/19101"}],"wp:attachment":[{"href":"https:\/\/opg-rakovac.hr\/sl\/wp-json\/wp\/v2\/media?parent=16729"}],"wp:term":[{"taxonomy":"product_brand","embeddable":true,"href":"https:\/\/opg-rakovac.hr\/sl\/wp-json\/wp\/v2\/product_brand?post=16729"},{"taxonomy":"product_cat","embeddable":true,"href":"https:\/\/opg-rakovac.hr\/sl\/wp-json\/wp\/v2\/product_cat?post=16729"},{"taxonomy":"product_tag","embeddable":true,"href":"https:\/\/opg-rakovac.hr\/sl\/wp-json\/wp\/v2\/product_tag?post=16729"}],"curies":[{"name":"wp","href":"https:\/\/api.w.org\/{rel}","templated":true}]}}