{"id":13882,"date":"2020-11-08T12:35:11","date_gmt":"2020-11-08T14:39:28","guid":{"rendered":"https:\/\/opg-rakovac.hr\/?post_type=product&#038;p=13882"},"modified":"2021-12-11T16:56:28","modified_gmt":"2021-12-11T16:56:28","slug":"oljcno-olje-bilini-5l-v-plocevinki","status":"publish","type":"product","link":"https:\/\/opg-rakovac.hr\/sl\/izdelek\/oljcno-olje-bilini-5l-v-plocevinki\/","title":{"rendered":"Olj\u010dno olje Bilini 5L v plo\u010devinki"},"content":{"rendered":"<p>Ekstra devi\u0161ko olivno olje v 5-litrski plo\u010devinki s plasti\u010dno kapico. Kositrna embala\u017ea za prehrambene izdelke je primerna za trajno skladi\u0161\u010denje vrhunskih ekstra devi\u0161kih olj\u010dnih olj. Prepre\u010duje vpliv svetlobe na izdelek in skupaj s shranjevanjem pri primerni temperaturi prispeva k dolgotrajni nespremenljivosti organolepti\u010dnih lastnosti.<\/p>\n","protected":false},"excerpt":{"rendered":"<p>Pravi ljubitelj vrhunskega ekstra devi\u0161kega olj\u010dnega olja ve, da je njegova shramba brez te lepote nepopolna! Lahka embala\u017ea, ki omogo\u010da, da va\u0161e ljubljeno ekstra devi\u0161ko olj\u010dno olje ostane enako fino in \u010dudovito kot tistega dne, ko smo ga vlili.<\/p>\n","protected":false},"featured_media":19126,"comment_status":"open","ping_status":"closed","template":"","meta":{"_acf_changed":false,"h5ap_radio_sources":[],"footnotes":""},"product_brand":[],"product_cat":[395],"product_tag":[],"class_list":{"0":"post-13882","1":"product","2":"type-product","3":"status-publish","4":"has-post-thumbnail","6":"product_cat-transportna-embalaza","8":"first","9":"instock","10":"shipping-taxable","11":"purchasable","12":"product-type-simple"},"acf":[],"yoast_head":"<!-- This site is optimized with the Yoast SEO plugin v27.4 - https:\/\/yoast.com\/product\/yoast-seo-wordpress\/ -->\n<title>Olj\u010dno olje Bilini 5L v plo\u010devinki - kupite v na\u0161i spletni trgovini<\/title>\n<meta name=\"description\" content=\"Transportna embala\u017ea, ki prepre\u010duje, da bi svetloba spreminjala \u010dudovite organolepti\u010dne lastnosti na\u0161ega ekstra devi\u0161kega olj\u010dnega olja Bilini\" \/>\n<meta name=\"robots\" content=\"index, follow, max-snippet:-1, max-image-preview:large, max-video-preview:-1\" \/>\n<link rel=\"canonical\" href=\"https:\/\/opg-rakovac.hr\/sl\/izdelek\/oljcno-olje-bilini-5l-v-plocevinki\/\" \/>\n<meta property=\"og:locale\" content=\"sl_SI\" \/>\n<meta property=\"og:type\" content=\"article\" \/>\n<meta property=\"og:title\" content=\"Olj\u010dno olje Bilini 5L v plo\u010devinki - kupite v na\u0161i spletni trgovini\" \/>\n<meta property=\"og:description\" content=\"Transportna embala\u017ea, ki prepre\u010duje, da bi svetloba spreminjala \u010dudovite organolepti\u010dne lastnosti na\u0161ega ekstra devi\u0161kega olj\u010dnega olja Bilini\" \/>\n<meta property=\"og:url\" content=\"https:\/\/opg-rakovac.hr\/sl\/izdelek\/oljcno-olje-bilini-5l-v-plocevinki\/\" \/>\n<meta property=\"og:site_name\" content=\"OPG Rakovac\" \/>\n<meta property=\"article:publisher\" content=\"https:\/\/www.facebook.com\/Ekstra.djevicansko.maslinovo.ulje.Bilini\/\" \/>\n<meta property=\"article:modified_time\" content=\"2021-12-11T16:56:28+00:00\" \/>\n<meta property=\"og:image\" content=\"https:\/\/opg-rakovac.hr\/wp-content\/uploads\/2020\/11\/limenka-Bilini-5l-sprijeda.jpg\" \/>\n\t<meta property=\"og:image:width\" content=\"1382\" \/>\n\t<meta property=\"og:image:height\" content=\"2040\" \/>\n\t<meta property=\"og:image:type\" content=\"image\/jpeg\" \/>\n<meta name=\"twitter:card\" content=\"summary_large_image\" \/>\n<script type=\"application\/ld+json\" class=\"yoast-schema-graph\">{\"@context\":\"https:\\\/\\\/schema.org\",\"@graph\":[{\"@type\":[\"WebPage\",\"ItemPage\"],\"@id\":\"https:\\\/\\\/opg-rakovac.hr\\\/sl\\\/izdelek\\\/oljcno-olje-bilini-5l-v-plocevinki\\\/\",\"url\":\"https:\\\/\\\/opg-rakovac.hr\\\/sl\\\/izdelek\\\/oljcno-olje-bilini-5l-v-plocevinki\\\/\",\"name\":\"Olj\u010dno olje Bilini 5L v plo\u010devinki - kupite v na\u0161i spletni trgovini\",\"isPartOf\":{\"@id\":\"https:\\\/\\\/opg-rakovac.hr\\\/sl\\\/#website\"},\"primaryImageOfPage\":{\"@id\":\"https:\\\/\\\/opg-rakovac.hr\\\/sl\\\/izdelek\\\/oljcno-olje-bilini-5l-v-plocevinki\\\/#primaryimage\"},\"image\":{\"@id\":\"https:\\\/\\\/opg-rakovac.hr\\\/sl\\\/izdelek\\\/oljcno-olje-bilini-5l-v-plocevinki\\\/#primaryimage\"},\"thumbnailUrl\":\"https:\\\/\\\/opg-rakovac.hr\\\/wp-content\\\/uploads\\\/2020\\\/11\\\/limenka-Bilini-5l-sprijeda-square.webp\",\"datePublished\":\"2020-11-08T14:39:28+00:00\",\"dateModified\":\"2021-12-11T16:56:28+00:00\",\"description\":\"Transportna embala\u017ea, ki prepre\u010duje, da bi svetloba spreminjala \u010dudovite organolepti\u010dne lastnosti na\u0161ega ekstra devi\u0161kega olj\u010dnega olja Bilini\",\"breadcrumb\":{\"@id\":\"https:\\\/\\\/opg-rakovac.hr\\\/sl\\\/izdelek\\\/oljcno-olje-bilini-5l-v-plocevinki\\\/#breadcrumb\"},\"inLanguage\":\"sl-SI\",\"potentialAction\":[{\"@type\":\"ReadAction\",\"target\":[\"https:\\\/\\\/opg-rakovac.hr\\\/sl\\\/izdelek\\\/oljcno-olje-bilini-5l-v-plocevinki\\\/\"]}]},{\"@type\":\"ImageObject\",\"inLanguage\":\"sl-SI\",\"@id\":\"https:\\\/\\\/opg-rakovac.hr\\\/sl\\\/izdelek\\\/oljcno-olje-bilini-5l-v-plocevinki\\\/#primaryimage\",\"url\":\"https:\\\/\\\/opg-rakovac.hr\\\/wp-content\\\/uploads\\\/2020\\\/11\\\/limenka-Bilini-5l-sprijeda-square.webp\",\"contentUrl\":\"https:\\\/\\\/opg-rakovac.hr\\\/wp-content\\\/uploads\\\/2020\\\/11\\\/limenka-Bilini-5l-sprijeda-square.webp\",\"width\":1200,\"height\":1200,\"caption\":\"maslinovo ulje u limenci 5L\"},{\"@type\":\"BreadcrumbList\",\"@id\":\"https:\\\/\\\/opg-rakovac.hr\\\/sl\\\/izdelek\\\/oljcno-olje-bilini-5l-v-plocevinki\\\/#breadcrumb\",\"itemListElement\":[{\"@type\":\"ListItem\",\"position\":1,\"name\":\"Domov\",\"item\":\"https:\\\/\\\/opg-rakovac.hr\\\/sl\\\/\"},{\"@type\":\"ListItem\",\"position\":2,\"name\":\"Shop\",\"item\":\"https:\\\/\\\/opg-rakovac.hr\\\/sl\\\/shop\\\/\"},{\"@type\":\"ListItem\",\"position\":3,\"name\":\"Olj\u010dno olje Bilini 5L v plo\u010devinki\"}]},{\"@type\":\"WebSite\",\"@id\":\"https:\\\/\\\/opg-rakovac.hr\\\/sl\\\/#website\",\"url\":\"https:\\\/\\\/opg-rakovac.hr\\\/sl\\\/\",\"name\":\"OPG Rakovac\",\"description\":\"Istarsko ekstra djevi\u010dansko maslinovo ulje Bilini\",\"publisher\":{\"@id\":\"https:\\\/\\\/opg-rakovac.hr\\\/sl\\\/#organization\"},\"inLanguage\":\"sl-SI\"},{\"@type\":\"Organization\",\"@id\":\"https:\\\/\\\/opg-rakovac.hr\\\/sl\\\/#organization\",\"name\":\"OPG Rakovac\",\"url\":\"https:\\\/\\\/opg-rakovac.hr\\\/sl\\\/\",\"logo\":{\"@type\":\"ImageObject\",\"inLanguage\":\"sl-SI\",\"@id\":\"https:\\\/\\\/opg-rakovac.hr\\\/sl\\\/#\\\/schema\\\/logo\\\/image\\\/\",\"url\":\"https:\\\/\\\/opg-rakovac.hr\\\/wp-content\\\/uploads\\\/2015\\\/12\\\/favicon.png\",\"contentUrl\":\"https:\\\/\\\/opg-rakovac.hr\\\/wp-content\\\/uploads\\\/2015\\\/12\\\/favicon.png\",\"width\":200,\"height\":200,\"caption\":\"OPG Rakovac\"},\"image\":{\"@id\":\"https:\\\/\\\/opg-rakovac.hr\\\/sl\\\/#\\\/schema\\\/logo\\\/image\\\/\"},\"sameAs\":[\"https:\\\/\\\/www.facebook.com\\\/Ekstra.djevicansko.maslinovo.ulje.Bilini\\\/\",\"https:\\\/\\\/www.instagram.com\\\/bilini_maslinovo_ulje\\\/\",\"https:\\\/\\\/hr.linkedin.com\\\/in\\\/bilini\",\"https:\\\/\\\/www.pinterest.com\\\/Bilini_OliveOil\\\/\",\"https:\\\/\\\/www.youtube.com\\\/channel\\\/UC7hfzAtwp1YOvhlmwNYkyQw\"]}]}<\/script>\n<!-- \/ Yoast SEO plugin. -->","yoast_head_json":{"title":"Olj\u010dno olje Bilini 5L v plo\u010devinki - kupite v na\u0161i spletni trgovini","description":"Transportna embala\u017ea, ki prepre\u010duje, da bi svetloba spreminjala \u010dudovite organolepti\u010dne lastnosti na\u0161ega ekstra devi\u0161kega olj\u010dnega olja Bilini","robots":{"index":"index","follow":"follow","max-snippet":"max-snippet:-1","max-image-preview":"max-image-preview:large","max-video-preview":"max-video-preview:-1"},"canonical":"https:\/\/opg-rakovac.hr\/sl\/izdelek\/oljcno-olje-bilini-5l-v-plocevinki\/","og_locale":"sl_SI","og_type":"article","og_title":"Olj\u010dno olje Bilini 5L v plo\u010devinki - kupite v na\u0161i spletni trgovini","og_description":"Transportna embala\u017ea, ki prepre\u010duje, da bi svetloba spreminjala \u010dudovite organolepti\u010dne lastnosti na\u0161ega ekstra devi\u0161kega olj\u010dnega olja Bilini","og_url":"https:\/\/opg-rakovac.hr\/sl\/izdelek\/oljcno-olje-bilini-5l-v-plocevinki\/","og_site_name":"OPG Rakovac","article_publisher":"https:\/\/www.facebook.com\/Ekstra.djevicansko.maslinovo.ulje.Bilini\/","article_modified_time":"2021-12-11T16:56:28+00:00","og_image":[{"width":1382,"height":2040,"url":"https:\/\/opg-rakovac.hr\/wp-content\/uploads\/2020\/11\/limenka-Bilini-5l-sprijeda.jpg","type":"image\/jpeg"}],"twitter_card":"summary_large_image","schema":{"@context":"https:\/\/schema.org","@graph":[{"@type":["WebPage","ItemPage"],"@id":"https:\/\/opg-rakovac.hr\/sl\/izdelek\/oljcno-olje-bilini-5l-v-plocevinki\/","url":"https:\/\/opg-rakovac.hr\/sl\/izdelek\/oljcno-olje-bilini-5l-v-plocevinki\/","name":"Olj\u010dno olje Bilini 5L v plo\u010devinki - kupite v na\u0161i spletni trgovini","isPartOf":{"@id":"https:\/\/opg-rakovac.hr\/sl\/#website"},"primaryImageOfPage":{"@id":"https:\/\/opg-rakovac.hr\/sl\/izdelek\/oljcno-olje-bilini-5l-v-plocevinki\/#primaryimage"},"image":{"@id":"https:\/\/opg-rakovac.hr\/sl\/izdelek\/oljcno-olje-bilini-5l-v-plocevinki\/#primaryimage"},"thumbnailUrl":"https:\/\/opg-rakovac.hr\/wp-content\/uploads\/2020\/11\/limenka-Bilini-5l-sprijeda-square.webp","datePublished":"2020-11-08T14:39:28+00:00","dateModified":"2021-12-11T16:56:28+00:00","description":"Transportna embala\u017ea, ki prepre\u010duje, da bi svetloba spreminjala \u010dudovite organolepti\u010dne lastnosti na\u0161ega ekstra devi\u0161kega olj\u010dnega olja Bilini","breadcrumb":{"@id":"https:\/\/opg-rakovac.hr\/sl\/izdelek\/oljcno-olje-bilini-5l-v-plocevinki\/#breadcrumb"},"inLanguage":"sl-SI","potentialAction":[{"@type":"ReadAction","target":["https:\/\/opg-rakovac.hr\/sl\/izdelek\/oljcno-olje-bilini-5l-v-plocevinki\/"]}]},{"@type":"ImageObject","inLanguage":"sl-SI","@id":"https:\/\/opg-rakovac.hr\/sl\/izdelek\/oljcno-olje-bilini-5l-v-plocevinki\/#primaryimage","url":"https:\/\/opg-rakovac.hr\/wp-content\/uploads\/2020\/11\/limenka-Bilini-5l-sprijeda-square.webp","contentUrl":"https:\/\/opg-rakovac.hr\/wp-content\/uploads\/2020\/11\/limenka-Bilini-5l-sprijeda-square.webp","width":1200,"height":1200,"caption":"maslinovo ulje u limenci 5L"},{"@type":"BreadcrumbList","@id":"https:\/\/opg-rakovac.hr\/sl\/izdelek\/oljcno-olje-bilini-5l-v-plocevinki\/#breadcrumb","itemListElement":[{"@type":"ListItem","position":1,"name":"Domov","item":"https:\/\/opg-rakovac.hr\/sl\/"},{"@type":"ListItem","position":2,"name":"Shop","item":"https:\/\/opg-rakovac.hr\/sl\/shop\/"},{"@type":"ListItem","position":3,"name":"Olj\u010dno olje Bilini 5L v plo\u010devinki"}]},{"@type":"WebSite","@id":"https:\/\/opg-rakovac.hr\/sl\/#website","url":"https:\/\/opg-rakovac.hr\/sl\/","name":"OPG Rakovac","description":"Istarsko ekstra djevi\u010dansko maslinovo ulje Bilini","publisher":{"@id":"https:\/\/opg-rakovac.hr\/sl\/#organization"},"inLanguage":"sl-SI"},{"@type":"Organization","@id":"https:\/\/opg-rakovac.hr\/sl\/#organization","name":"OPG Rakovac","url":"https:\/\/opg-rakovac.hr\/sl\/","logo":{"@type":"ImageObject","inLanguage":"sl-SI","@id":"https:\/\/opg-rakovac.hr\/sl\/#\/schema\/logo\/image\/","url":"https:\/\/opg-rakovac.hr\/wp-content\/uploads\/2015\/12\/favicon.png","contentUrl":"https:\/\/opg-rakovac.hr\/wp-content\/uploads\/2015\/12\/favicon.png","width":200,"height":200,"caption":"OPG Rakovac"},"image":{"@id":"https:\/\/opg-rakovac.hr\/sl\/#\/schema\/logo\/image\/"},"sameAs":["https:\/\/www.facebook.com\/Ekstra.djevicansko.maslinovo.ulje.Bilini\/","https:\/\/www.instagram.com\/bilini_maslinovo_ulje\/","https:\/\/hr.linkedin.com\/in\/bilini","https:\/\/www.pinterest.com\/Bilini_OliveOil\/","https:\/\/www.youtube.com\/channel\/UC7hfzAtwp1YOvhlmwNYkyQw"]}]}},"_links":{"self":[{"href":"https:\/\/opg-rakovac.hr\/sl\/wp-json\/wp\/v2\/product\/13882","targetHints":{"allow":["GET"]}}],"collection":[{"href":"https:\/\/opg-rakovac.hr\/sl\/wp-json\/wp\/v2\/product"}],"about":[{"href":"https:\/\/opg-rakovac.hr\/sl\/wp-json\/wp\/v2\/types\/product"}],"replies":[{"embeddable":true,"href":"https:\/\/opg-rakovac.hr\/sl\/wp-json\/wp\/v2\/comments?post=13882"}],"version-history":[{"count":1,"href":"https:\/\/opg-rakovac.hr\/sl\/wp-json\/wp\/v2\/product\/13882\/revisions"}],"predecessor-version":[{"id":13883,"href":"https:\/\/opg-rakovac.hr\/sl\/wp-json\/wp\/v2\/product\/13882\/revisions\/13883"}],"wp:featuredmedia":[{"embeddable":true,"href":"https:\/\/opg-rakovac.hr\/sl\/wp-json\/wp\/v2\/media\/19126"}],"wp:attachment":[{"href":"https:\/\/opg-rakovac.hr\/sl\/wp-json\/wp\/v2\/media?parent=13882"}],"wp:term":[{"taxonomy":"product_brand","embeddable":true,"href":"https:\/\/opg-rakovac.hr\/sl\/wp-json\/wp\/v2\/product_brand?post=13882"},{"taxonomy":"product_cat","embeddable":true,"href":"https:\/\/opg-rakovac.hr\/sl\/wp-json\/wp\/v2\/product_cat?post=13882"},{"taxonomy":"product_tag","embeddable":true,"href":"https:\/\/opg-rakovac.hr\/sl\/wp-json\/wp\/v2\/product_tag?post=13882"}],"curies":[{"name":"wp","href":"https:\/\/api.w.org\/{rel}","templated":true}]}}