{"id":13036,"date":"2020-04-26T10:10:08","date_gmt":"2020-04-26T10:10:08","guid":{"rendered":"https:\/\/opg-rakovac.hr\/product\/olivno-olje-bilini-1l-v-skatli-deluxe\/"},"modified":"2022-02-27T10:55:45","modified_gmt":"2022-02-27T10:55:45","slug":"olivno-olje-bilini-1l-v-skatli-deluxe","status":"publish","type":"product","link":"https:\/\/opg-rakovac.hr\/sl\/izdelek\/olivno-olje-bilini-1l-v-skatli-deluxe\/","title":{"rendered":"Olivno olje Bilini 1L v \u0161katli DeLuxe"},"content":{"rendered":"<p>Ekstra devi\u0161ko olj\u010dno olje Bilini je pakirano v eno litrsko stekleni\u010dko pribli\u017eno 290 mm x 75 mm x 75 mm s temno odmerno zaporko. Steklenica je zavita v celofan in shranjena v \u010dudoviti leseni skrinji. \u0160katla ima stranice, izdelane iz 10 mm debelega lesa, z zlo\u017eljivim pokrovom in kovinsko zaponko, obarvano v staro zlato. Polnilo za prsni ko\u0161 je leseno seno, ki doda za\u0161\u010dito steklenice in prepre\u010duje po\u0161kodbe pri prevozu.<\/p>\n<p>Slike so simboli\u010dne. Les je naraven material in lahko obstaja majhna razlika med dostavljeno leseno \u0161katlo in tisto, ki je prikazana na sliki.<\/p>\n","protected":false},"excerpt":{"rendered":"<p>Vse je jasno. Dobre stvari pridejo lepo pospravljene. Najpomembnej\u0161a steklenica v najbolj\u0161i embala\u017ei. Popolno darilo za nekoga, ki ga imate radi, za katerega boste na\u0161li tiso\u010d izgovorov, zakaj ne more iti iz rok. Ker seveda VAS, ki ga najbolj potrebujete! ?<\/p>\n","protected":false},"featured_media":19217,"comment_status":"open","ping_status":"closed","template":"","meta":{"_acf_changed":false,"h5ap_radio_sources":[],"footnotes":""},"product_brand":[],"product_cat":[391],"product_tag":[],"class_list":{"0":"post-13036","1":"product","2":"type-product","3":"status-publish","4":"has-post-thumbnail","6":"product_cat-steklenice","8":"first","9":"instock","10":"shipping-taxable","11":"purchasable","12":"product-type-simple"},"acf":[],"yoast_head":"<!-- This site is optimized with the Yoast SEO plugin v27.4 - https:\/\/yoast.com\/product\/yoast-seo-wordpress\/ -->\n<title>Ekstra devi\u0161ko olj\u010dno olje Bilini 1L v \u0161katli DeLuxe<\/title>\n<meta name=\"description\" content=\"Najbolj iskana steklenica ekstra devi\u0161kega olj\u010dnega olja v \u010dudoviti skrinji. Popolno darilo za tistega posebnega nekoga.\" \/>\n<meta name=\"robots\" content=\"index, follow, max-snippet:-1, max-image-preview:large, max-video-preview:-1\" \/>\n<link rel=\"canonical\" href=\"https:\/\/opg-rakovac.hr\/sl\/izdelek\/olivno-olje-bilini-1l-v-skatli-deluxe\/\" \/>\n<meta property=\"og:locale\" content=\"sl_SI\" \/>\n<meta property=\"og:type\" content=\"article\" \/>\n<meta property=\"og:title\" content=\"Ekstra devi\u0161ko olj\u010dno olje Bilini 1L v \u0161katli DeLuxe\" \/>\n<meta property=\"og:description\" content=\"Najbolj iskana steklenica ekstra devi\u0161kega olj\u010dnega olja v \u010dudoviti skrinji. Popolno darilo za tistega posebnega nekoga.\" \/>\n<meta property=\"og:url\" content=\"https:\/\/opg-rakovac.hr\/sl\/izdelek\/olivno-olje-bilini-1l-v-skatli-deluxe\/\" \/>\n<meta property=\"og:site_name\" content=\"OPG Rakovac\" \/>\n<meta property=\"article:publisher\" content=\"https:\/\/www.facebook.com\/Ekstra.djevicansko.maslinovo.ulje.Bilini\/\" \/>\n<meta property=\"article:modified_time\" content=\"2022-02-27T10:55:45+00:00\" \/>\n<meta property=\"og:image\" content=\"https:\/\/opg-rakovac.hr\/wp-content\/uploads\/2020\/04\/Drvena-kutija-SKRINJA-1L-otvorena-3.jpg\" \/>\n\t<meta property=\"og:image:width\" content=\"1280\" \/>\n\t<meta property=\"og:image:height\" content=\"1890\" \/>\n\t<meta property=\"og:image:type\" content=\"image\/jpeg\" \/>\n<meta name=\"twitter:card\" content=\"summary_large_image\" \/>\n<meta name=\"twitter:label1\" content=\"Est. reading time\" \/>\n\t<meta name=\"twitter:data1\" content=\"1 minuta\" \/>\n<script type=\"application\/ld+json\" class=\"yoast-schema-graph\">{\"@context\":\"https:\\\/\\\/schema.org\",\"@graph\":[{\"@type\":[\"WebPage\",\"ItemPage\"],\"@id\":\"https:\\\/\\\/opg-rakovac.hr\\\/sl\\\/izdelek\\\/olivno-olje-bilini-1l-v-skatli-deluxe\\\/\",\"url\":\"https:\\\/\\\/opg-rakovac.hr\\\/sl\\\/izdelek\\\/olivno-olje-bilini-1l-v-skatli-deluxe\\\/\",\"name\":\"Ekstra devi\u0161ko olj\u010dno olje Bilini 1L v \u0161katli DeLuxe\",\"isPartOf\":{\"@id\":\"https:\\\/\\\/opg-rakovac.hr\\\/sl\\\/#website\"},\"primaryImageOfPage\":{\"@id\":\"https:\\\/\\\/opg-rakovac.hr\\\/sl\\\/izdelek\\\/olivno-olje-bilini-1l-v-skatli-deluxe\\\/#primaryimage\"},\"image\":{\"@id\":\"https:\\\/\\\/opg-rakovac.hr\\\/sl\\\/izdelek\\\/olivno-olje-bilini-1l-v-skatli-deluxe\\\/#primaryimage\"},\"thumbnailUrl\":\"https:\\\/\\\/opg-rakovac.hr\\\/wp-content\\\/uploads\\\/2020\\\/04\\\/nasl.webp\",\"datePublished\":\"2020-04-26T10:10:08+00:00\",\"dateModified\":\"2022-02-27T10:55:45+00:00\",\"description\":\"Najbolj iskana steklenica ekstra devi\u0161kega olj\u010dnega olja v \u010dudoviti skrinji. Popolno darilo za tistega posebnega nekoga.\",\"breadcrumb\":{\"@id\":\"https:\\\/\\\/opg-rakovac.hr\\\/sl\\\/izdelek\\\/olivno-olje-bilini-1l-v-skatli-deluxe\\\/#breadcrumb\"},\"inLanguage\":\"sl-SI\",\"potentialAction\":[{\"@type\":\"ReadAction\",\"target\":[\"https:\\\/\\\/opg-rakovac.hr\\\/sl\\\/izdelek\\\/olivno-olje-bilini-1l-v-skatli-deluxe\\\/\"]}]},{\"@type\":\"ImageObject\",\"inLanguage\":\"sl-SI\",\"@id\":\"https:\\\/\\\/opg-rakovac.hr\\\/sl\\\/izdelek\\\/olivno-olje-bilini-1l-v-skatli-deluxe\\\/#primaryimage\",\"url\":\"https:\\\/\\\/opg-rakovac.hr\\\/wp-content\\\/uploads\\\/2020\\\/04\\\/nasl.webp\",\"contentUrl\":\"https:\\\/\\\/opg-rakovac.hr\\\/wp-content\\\/uploads\\\/2020\\\/04\\\/nasl.webp\",\"width\":1200,\"height\":1200,\"caption\":\"maslinovo ulje u ukrasnoj drvenoj \u0161krinjici 1L\"},{\"@type\":\"BreadcrumbList\",\"@id\":\"https:\\\/\\\/opg-rakovac.hr\\\/sl\\\/izdelek\\\/olivno-olje-bilini-1l-v-skatli-deluxe\\\/#breadcrumb\",\"itemListElement\":[{\"@type\":\"ListItem\",\"position\":1,\"name\":\"Domov\",\"item\":\"https:\\\/\\\/opg-rakovac.hr\\\/sl\\\/\"},{\"@type\":\"ListItem\",\"position\":2,\"name\":\"Shop\",\"item\":\"https:\\\/\\\/opg-rakovac.hr\\\/sl\\\/shop\\\/\"},{\"@type\":\"ListItem\",\"position\":3,\"name\":\"Olivno olje Bilini 1L v \u0161katli DeLuxe\"}]},{\"@type\":\"WebSite\",\"@id\":\"https:\\\/\\\/opg-rakovac.hr\\\/sl\\\/#website\",\"url\":\"https:\\\/\\\/opg-rakovac.hr\\\/sl\\\/\",\"name\":\"OPG Rakovac\",\"description\":\"Istarsko ekstra djevi\u010dansko maslinovo ulje Bilini\",\"publisher\":{\"@id\":\"https:\\\/\\\/opg-rakovac.hr\\\/sl\\\/#organization\"},\"inLanguage\":\"sl-SI\"},{\"@type\":\"Organization\",\"@id\":\"https:\\\/\\\/opg-rakovac.hr\\\/sl\\\/#organization\",\"name\":\"OPG Rakovac\",\"url\":\"https:\\\/\\\/opg-rakovac.hr\\\/sl\\\/\",\"logo\":{\"@type\":\"ImageObject\",\"inLanguage\":\"sl-SI\",\"@id\":\"https:\\\/\\\/opg-rakovac.hr\\\/sl\\\/#\\\/schema\\\/logo\\\/image\\\/\",\"url\":\"https:\\\/\\\/opg-rakovac.hr\\\/wp-content\\\/uploads\\\/2015\\\/12\\\/favicon.png\",\"contentUrl\":\"https:\\\/\\\/opg-rakovac.hr\\\/wp-content\\\/uploads\\\/2015\\\/12\\\/favicon.png\",\"width\":200,\"height\":200,\"caption\":\"OPG Rakovac\"},\"image\":{\"@id\":\"https:\\\/\\\/opg-rakovac.hr\\\/sl\\\/#\\\/schema\\\/logo\\\/image\\\/\"},\"sameAs\":[\"https:\\\/\\\/www.facebook.com\\\/Ekstra.djevicansko.maslinovo.ulje.Bilini\\\/\",\"https:\\\/\\\/www.instagram.com\\\/bilini_maslinovo_ulje\\\/\",\"https:\\\/\\\/hr.linkedin.com\\\/in\\\/bilini\",\"https:\\\/\\\/www.pinterest.com\\\/Bilini_OliveOil\\\/\",\"https:\\\/\\\/www.youtube.com\\\/channel\\\/UC7hfzAtwp1YOvhlmwNYkyQw\"]}]}<\/script>\n<!-- \/ Yoast SEO plugin. -->","yoast_head_json":{"title":"Ekstra devi\u0161ko olj\u010dno olje Bilini 1L v \u0161katli DeLuxe","description":"Najbolj iskana steklenica ekstra devi\u0161kega olj\u010dnega olja v \u010dudoviti skrinji. Popolno darilo za tistega posebnega nekoga.","robots":{"index":"index","follow":"follow","max-snippet":"max-snippet:-1","max-image-preview":"max-image-preview:large","max-video-preview":"max-video-preview:-1"},"canonical":"https:\/\/opg-rakovac.hr\/sl\/izdelek\/olivno-olje-bilini-1l-v-skatli-deluxe\/","og_locale":"sl_SI","og_type":"article","og_title":"Ekstra devi\u0161ko olj\u010dno olje Bilini 1L v \u0161katli DeLuxe","og_description":"Najbolj iskana steklenica ekstra devi\u0161kega olj\u010dnega olja v \u010dudoviti skrinji. Popolno darilo za tistega posebnega nekoga.","og_url":"https:\/\/opg-rakovac.hr\/sl\/izdelek\/olivno-olje-bilini-1l-v-skatli-deluxe\/","og_site_name":"OPG Rakovac","article_publisher":"https:\/\/www.facebook.com\/Ekstra.djevicansko.maslinovo.ulje.Bilini\/","article_modified_time":"2022-02-27T10:55:45+00:00","og_image":[{"width":1280,"height":1890,"url":"https:\/\/opg-rakovac.hr\/wp-content\/uploads\/2020\/04\/Drvena-kutija-SKRINJA-1L-otvorena-3.jpg","type":"image\/jpeg"}],"twitter_card":"summary_large_image","twitter_misc":{"Est. reading time":"1 minuta"},"schema":{"@context":"https:\/\/schema.org","@graph":[{"@type":["WebPage","ItemPage"],"@id":"https:\/\/opg-rakovac.hr\/sl\/izdelek\/olivno-olje-bilini-1l-v-skatli-deluxe\/","url":"https:\/\/opg-rakovac.hr\/sl\/izdelek\/olivno-olje-bilini-1l-v-skatli-deluxe\/","name":"Ekstra devi\u0161ko olj\u010dno olje Bilini 1L v \u0161katli DeLuxe","isPartOf":{"@id":"https:\/\/opg-rakovac.hr\/sl\/#website"},"primaryImageOfPage":{"@id":"https:\/\/opg-rakovac.hr\/sl\/izdelek\/olivno-olje-bilini-1l-v-skatli-deluxe\/#primaryimage"},"image":{"@id":"https:\/\/opg-rakovac.hr\/sl\/izdelek\/olivno-olje-bilini-1l-v-skatli-deluxe\/#primaryimage"},"thumbnailUrl":"https:\/\/opg-rakovac.hr\/wp-content\/uploads\/2020\/04\/nasl.webp","datePublished":"2020-04-26T10:10:08+00:00","dateModified":"2022-02-27T10:55:45+00:00","description":"Najbolj iskana steklenica ekstra devi\u0161kega olj\u010dnega olja v \u010dudoviti skrinji. Popolno darilo za tistega posebnega nekoga.","breadcrumb":{"@id":"https:\/\/opg-rakovac.hr\/sl\/izdelek\/olivno-olje-bilini-1l-v-skatli-deluxe\/#breadcrumb"},"inLanguage":"sl-SI","potentialAction":[{"@type":"ReadAction","target":["https:\/\/opg-rakovac.hr\/sl\/izdelek\/olivno-olje-bilini-1l-v-skatli-deluxe\/"]}]},{"@type":"ImageObject","inLanguage":"sl-SI","@id":"https:\/\/opg-rakovac.hr\/sl\/izdelek\/olivno-olje-bilini-1l-v-skatli-deluxe\/#primaryimage","url":"https:\/\/opg-rakovac.hr\/wp-content\/uploads\/2020\/04\/nasl.webp","contentUrl":"https:\/\/opg-rakovac.hr\/wp-content\/uploads\/2020\/04\/nasl.webp","width":1200,"height":1200,"caption":"maslinovo ulje u ukrasnoj drvenoj \u0161krinjici 1L"},{"@type":"BreadcrumbList","@id":"https:\/\/opg-rakovac.hr\/sl\/izdelek\/olivno-olje-bilini-1l-v-skatli-deluxe\/#breadcrumb","itemListElement":[{"@type":"ListItem","position":1,"name":"Domov","item":"https:\/\/opg-rakovac.hr\/sl\/"},{"@type":"ListItem","position":2,"name":"Shop","item":"https:\/\/opg-rakovac.hr\/sl\/shop\/"},{"@type":"ListItem","position":3,"name":"Olivno olje Bilini 1L v \u0161katli DeLuxe"}]},{"@type":"WebSite","@id":"https:\/\/opg-rakovac.hr\/sl\/#website","url":"https:\/\/opg-rakovac.hr\/sl\/","name":"OPG Rakovac","description":"Istarsko ekstra djevi\u010dansko maslinovo ulje Bilini","publisher":{"@id":"https:\/\/opg-rakovac.hr\/sl\/#organization"},"inLanguage":"sl-SI"},{"@type":"Organization","@id":"https:\/\/opg-rakovac.hr\/sl\/#organization","name":"OPG Rakovac","url":"https:\/\/opg-rakovac.hr\/sl\/","logo":{"@type":"ImageObject","inLanguage":"sl-SI","@id":"https:\/\/opg-rakovac.hr\/sl\/#\/schema\/logo\/image\/","url":"https:\/\/opg-rakovac.hr\/wp-content\/uploads\/2015\/12\/favicon.png","contentUrl":"https:\/\/opg-rakovac.hr\/wp-content\/uploads\/2015\/12\/favicon.png","width":200,"height":200,"caption":"OPG Rakovac"},"image":{"@id":"https:\/\/opg-rakovac.hr\/sl\/#\/schema\/logo\/image\/"},"sameAs":["https:\/\/www.facebook.com\/Ekstra.djevicansko.maslinovo.ulje.Bilini\/","https:\/\/www.instagram.com\/bilini_maslinovo_ulje\/","https:\/\/hr.linkedin.com\/in\/bilini","https:\/\/www.pinterest.com\/Bilini_OliveOil\/","https:\/\/www.youtube.com\/channel\/UC7hfzAtwp1YOvhlmwNYkyQw"]}]}},"_links":{"self":[{"href":"https:\/\/opg-rakovac.hr\/sl\/wp-json\/wp\/v2\/product\/13036","targetHints":{"allow":["GET"]}}],"collection":[{"href":"https:\/\/opg-rakovac.hr\/sl\/wp-json\/wp\/v2\/product"}],"about":[{"href":"https:\/\/opg-rakovac.hr\/sl\/wp-json\/wp\/v2\/types\/product"}],"replies":[{"embeddable":true,"href":"https:\/\/opg-rakovac.hr\/sl\/wp-json\/wp\/v2\/comments?post=13036"}],"version-history":[{"count":2,"href":"https:\/\/opg-rakovac.hr\/sl\/wp-json\/wp\/v2\/product\/13036\/revisions"}],"predecessor-version":[{"id":16226,"href":"https:\/\/opg-rakovac.hr\/sl\/wp-json\/wp\/v2\/product\/13036\/revisions\/16226"}],"wp:featuredmedia":[{"embeddable":true,"href":"https:\/\/opg-rakovac.hr\/sl\/wp-json\/wp\/v2\/media\/19217"}],"wp:attachment":[{"href":"https:\/\/opg-rakovac.hr\/sl\/wp-json\/wp\/v2\/media?parent=13036"}],"wp:term":[{"taxonomy":"product_brand","embeddable":true,"href":"https:\/\/opg-rakovac.hr\/sl\/wp-json\/wp\/v2\/product_brand?post=13036"},{"taxonomy":"product_cat","embeddable":true,"href":"https:\/\/opg-rakovac.hr\/sl\/wp-json\/wp\/v2\/product_cat?post=13036"},{"taxonomy":"product_tag","embeddable":true,"href":"https:\/\/opg-rakovac.hr\/sl\/wp-json\/wp\/v2\/product_tag?post=13036"}],"curies":[{"name":"wp","href":"https:\/\/api.w.org\/{rel}","templated":true}]}}