{"id":8860,"date":"2015-12-27T20:52:03","date_gmt":"2015-12-27T20:52:03","guid":{"rendered":"https:\/\/opg-rakovac.hr\/2018\/zasto-koristiti-maslinovo-ulje\/"},"modified":"2022-12-30T08:30:08","modified_gmt":"2022-12-30T07:30:08","slug":"zakaj-uporabljati-oljcno-olje","status":"publish","type":"page","link":"https:\/\/opg-rakovac.hr\/sl\/zakaj-uporabljati-oljcno-olje\/","title":{"rendered":"Zakaj uporabljati olj\u010dno olje?"},"content":{"rendered":"<p style=\"text-align: justify;\"><span style=\"font-weight: 400;\"><strong>Olj\u010dno olje<\/strong> je ena od najbolj zdravih \u017eivil, znanih \u010dloveka od preteklosti. Oljka je ena prvih rastlin, ki jih je \u010dlovek za\u010del rasti. Sledi prijateljstva med olivami in \u010dlovekom o\u017eivijo v zgodovini do 7.000 let. Znano v starodavni Gr\u010diji, Egiptu in Rimu, se \u017ee dolgo uporablja kot hrana in zdravilo, a tudi kot gorivo za svetilke ali konzervanse.<\/span><\/p>\n<p><a href=\"https:\/\/opg-rakovac.hr\/wp-content\/uploads\/2022\/12\/1.webp\" class=\"fancybox\"><img decoding=\"async\" class=\"aligncenter wp-image-19348 size-full\" title=\"olive\" src=\"https:\/\/opg-rakovac.hr\/wp-content\/uploads\/2022\/12\/1.webp\" alt=\"olive\" width=\"900\" height=\"602\" srcset=\"https:\/\/opg-rakovac.hr\/wp-content\/uploads\/2022\/12\/1.webp 900w, https:\/\/opg-rakovac.hr\/wp-content\/uploads\/2022\/12\/1-300x201.webp 300w, https:\/\/opg-rakovac.hr\/wp-content\/uploads\/2022\/12\/1-768x514.webp 768w, https:\/\/opg-rakovac.hr\/wp-content\/uploads\/2022\/12\/1-230x154.webp 230w, https:\/\/opg-rakovac.hr\/wp-content\/uploads\/2022\/12\/1-897x600.webp 897w, https:\/\/opg-rakovac.hr\/wp-content\/uploads\/2022\/12\/1-324x217.webp 324w, https:\/\/opg-rakovac.hr\/wp-content\/uploads\/2022\/12\/1-416x278.webp 416w\" sizes=\"(max-width: 900px) 100vw, 900px\" \/><\/a><\/p>\n<h2 class=\"section-header\" class=\"section-header\">Zakaj olj\u010dno olje?<\/h2>\n<p style=\"text-align: justify;\"><span style=\"font-weight: 400;\">Olj\u010dno drevo je izjemno dolgoletno. Lahko pre\u017eivi \u017ee 2000 let in ve\u010d kot 1000 uporabnih spojin, ki jih najdemo v olj\u010dnem sadju, ponujajo dolgo\u017eivost ljudem, ki jih uporabljajo. <a href=\"https:\/\/opg-rakovac.hr\/sl\/istrsko-ekstra-devisko-oljcno-olje-bilini\/\" target=\"_blank\" rel=\"noopener\">Ekstra devi\u0161ko olj\u010dno olje<\/a> pomaga prepre\u010diti srce in krvne \u017eile, zmanj\u0161a slab holesterol in hkrati spodbudi rast tega dobrega <a href=\"http:\/\/www.becelproactiv.si\/%C4%8Dlanek\/detail\/1196082\/kaj-je-hdl-holesterol\" target=\"_blank\" rel=\"noopener\">HDL holesterola<\/a>. Poleg tega telesa celi\u010dne membrane uporabljajo svoje sestavine, da postanejo bolj stabilne in bolj odporne proti napadom prostih radikalov. Olj\u010dno olje je zaradi svojih dragocenih polifenolov naravni antioksidant, ki ga \u010dlove\u0161ko telo skoraj popolnoma izkori\u0161\u010da. Lastnosti olj\u010dnega olja so to pozitivno delovanje v boju proti bakterijam in virusom. V kozmeti\u010dni industriji pa je nepogre\u0161ljivo eno od najbolj\u0161ih olj za vla\u017eilno suho in ob\u010dutljivo ko\u017eo.<\/span><\/p>\n<figure id=\"attachment_19353\" aria-describedby=\"caption-attachment-19353\" style=\"width: 900px\" class=\"wp-caption aligncenter\"><a href=\"https:\/\/opg-rakovac.hr\/wp-content\/uploads\/2022\/12\/2.webp\" class=\"fancybox\"><img decoding=\"async\" class=\"wp-image-19353 size-full\" title=\"olj\u010dno olje\" src=\"https:\/\/opg-rakovac.hr\/wp-content\/uploads\/2022\/12\/2.webp\" alt=\"olj\u010dno olje\" width=\"900\" height=\"598\" srcset=\"https:\/\/opg-rakovac.hr\/wp-content\/uploads\/2022\/12\/2.webp 900w, https:\/\/opg-rakovac.hr\/wp-content\/uploads\/2022\/12\/2-300x199.webp 300w, https:\/\/opg-rakovac.hr\/wp-content\/uploads\/2022\/12\/2-768x510.webp 768w, https:\/\/opg-rakovac.hr\/wp-content\/uploads\/2022\/12\/2-230x153.webp 230w, https:\/\/opg-rakovac.hr\/wp-content\/uploads\/2022\/12\/2-324x215.webp 324w, https:\/\/opg-rakovac.hr\/wp-content\/uploads\/2022\/12\/2-416x276.webp 416w\" sizes=\"(max-width: 900px) 100vw, 900px\" \/><\/a><figcaption id=\"caption-attachment-19353\" class=\"wp-caption-text\">Olj\u010dno olje<\/figcaption><\/figure>\n<p style=\"text-align: justify;\"><span style=\"font-weight: 400;\">\u010ceprav je gastronomsko nepogre\u0161ljiv zaradi svoje privla\u010dne grenkobe, prijetne grenkobe in izrazitega sve\u017eega vonja, ki se razlikuje od sorte do sorte, je pomembno poudariti, da je stabilen pri visokotemperaturnem zdravljenju pri visokih temperaturah. Nedavne raziskave so pokazale, da se nekatere potencialno strupene spojine, ki se pojavljajo v drugih oljih, ne pojavljajo v olj\u010dnem olju, ko so pra\u017eeni.<\/span><span style=\"font-weight: 400;\"><br \/>\n<\/span><span style=\"font-weight: 400;\"><br \/>\n<\/span><span style=\"font-weight: 400;\">Analizirali smo kemi\u010dne lastnosti rafiniranega son\u010dni\u010dnega olja, soje, olj\u010dnega olja in koruznega semenskega olja, ki smo ga predhodno uporabljali za globoki krompir pri 160\u00b0 C in 190\u00b0 C, za pra\u017eenje v ponvi pri 180\u00b0 C.<\/span><span style=\"font-weight: 400;\"><br \/>\n<\/span><span style=\"font-weight: 400;\"><br \/>\n<\/span><span style=\"font-weight: 400;\">Rezultati so pokazali, da je rafinirano olj\u010dno olje v primerjavi z drugimi testiranimi olji najbolj kemi\u010dno stabilno cvrtje.<\/span><span style=\"font-weight: 400;\"><br \/>\n<\/span><span style=\"font-weight: 400;\"><br \/>\n<\/span><span style=\"font-weight: 400;\">Odgovori na vpra\u0161anje, zakaj je uporaba olj\u010dnega olja ne\u0161teto, verjetno zaradi svoje vsestranske uporabe. Preizkusite vrhunske lastnosti kakovostnega olj\u010dnega olja danes:<\/span><\/p>\n<p style=\"text-align: center;\"><div class=\"cta-link animate animate--sm\">\n\t<div class=\"btn-wrapper text-center\">\n\t\t<a href=\"https:\/\/opg-rakovac.hr\/sl\/shop\/\" class=\"btn btn-primary\">\n\t\t\tNARO\u010cITE OLJ\u010cNO OLJE BILINI!\t\t<\/a>\n\t<\/div>\n<\/div><\/p>\n","protected":false},"excerpt":{"rendered":"<p>Olj\u010dno olje je ena od najbolj zdravih \u017eivil, znanih \u010dloveka od preteklosti. Oljka je ena prvih rastlin, ki jih je \u010dlovek za\u010del rasti. Sledi prijateljstva med olivami in \u010dlovekom o\u017eivijo v zgodovini do 7.000 let. Znano v starodavni Gr\u010diji, Egiptu in Rimu, se \u017ee dolgo uporablja kot hrana in zdravilo, a tudi kot gorivo za [&hellip;]<\/p>\n","protected":false},"author":1,"featured_media":19358,"parent":0,"menu_order":1,"comment_status":"closed","ping_status":"closed","template":"","meta":{"_acf_changed":false,"h5ap_radio_sources":[],"footnotes":""},"class_list":["post-8860","page","type-page","status-publish","has-post-thumbnail","hentry"],"acf":[],"yoast_head":"<!-- This site is optimized with the Yoast SEO plugin v27.4 - https:\/\/yoast.com\/product\/yoast-seo-wordpress\/ -->\n<title>Zakaj uporabljati olj\u010dno olje? - Dru\u017einska kmetija Rakovac<\/title>\n<meta name=\"description\" content=\"Zakaj uporabljati olj\u010dno olje? Prepre\u010duje sr\u010dni napad, izbolj\u0161uje spomin, pomaga v boju proti raku, zmanj\u0161uje holesterol i izbolj\u0161a prebavo\" \/>\n<meta name=\"robots\" content=\"index, follow, max-snippet:-1, max-image-preview:large, max-video-preview:-1\" \/>\n<link rel=\"canonical\" href=\"https:\/\/opg-rakovac.hr\/sl\/zakaj-uporabljati-oljcno-olje\/\" \/>\n<meta property=\"og:locale\" content=\"sl_SI\" \/>\n<meta property=\"og:type\" content=\"article\" \/>\n<meta property=\"og:title\" content=\"Zakaj uporabljati olj\u010dno olje? - Dru\u017einska kmetija Rakovac\" \/>\n<meta property=\"og:description\" content=\"Zakaj uporabljati olj\u010dno olje? Prepre\u010duje sr\u010dni napad, izbolj\u0161uje spomin, pomaga v boju proti raku, zmanj\u0161uje holesterol i izbolj\u0161a prebavo\" \/>\n<meta property=\"og:url\" content=\"https:\/\/opg-rakovac.hr\/sl\/zakaj-uporabljati-oljcno-olje\/\" \/>\n<meta property=\"og:site_name\" content=\"OPG Rakovac\" \/>\n<meta property=\"article:publisher\" content=\"https:\/\/www.facebook.com\/Ekstra.djevicansko.maslinovo.ulje.Bilini\/\" \/>\n<meta property=\"article:modified_time\" content=\"2022-12-30T07:30:08+00:00\" \/>\n<meta property=\"og:image\" content=\"https:\/\/opg-rakovac.hr\/wp-content\/uploads\/2022\/12\/cover.webp\" \/>\n\t<meta property=\"og:image:width\" content=\"900\" \/>\n\t<meta property=\"og:image:height\" content=\"675\" \/>\n\t<meta property=\"og:image:type\" content=\"image\/webp\" \/>\n<meta name=\"twitter:card\" content=\"summary_large_image\" \/>\n<meta name=\"twitter:label1\" content=\"Est. reading time\" \/>\n\t<meta name=\"twitter:data1\" content=\"3 minute\" \/>\n<script type=\"application\/ld+json\" class=\"yoast-schema-graph\">{\"@context\":\"https:\\\/\\\/schema.org\",\"@graph\":[{\"@type\":\"WebPage\",\"@id\":\"https:\\\/\\\/opg-rakovac.hr\\\/sl\\\/zakaj-uporabljati-oljcno-olje\\\/\",\"url\":\"https:\\\/\\\/opg-rakovac.hr\\\/sl\\\/zakaj-uporabljati-oljcno-olje\\\/\",\"name\":\"Zakaj uporabljati olj\u010dno olje? - Dru\u017einska kmetija Rakovac\",\"isPartOf\":{\"@id\":\"https:\\\/\\\/opg-rakovac.hr\\\/sl\\\/#website\"},\"primaryImageOfPage\":{\"@id\":\"https:\\\/\\\/opg-rakovac.hr\\\/sl\\\/zakaj-uporabljati-oljcno-olje\\\/#primaryimage\"},\"image\":{\"@id\":\"https:\\\/\\\/opg-rakovac.hr\\\/sl\\\/zakaj-uporabljati-oljcno-olje\\\/#primaryimage\"},\"thumbnailUrl\":\"https:\\\/\\\/opg-rakovac.hr\\\/wp-content\\\/uploads\\\/2022\\\/12\\\/cover.webp\",\"datePublished\":\"2015-12-27T20:52:03+00:00\",\"dateModified\":\"2022-12-30T07:30:08+00:00\",\"description\":\"Zakaj uporabljati olj\u010dno olje? Prepre\u010duje sr\u010dni napad, izbolj\u0161uje spomin, pomaga v boju proti raku, zmanj\u0161uje holesterol i izbolj\u0161a prebavo\",\"breadcrumb\":{\"@id\":\"https:\\\/\\\/opg-rakovac.hr\\\/sl\\\/zakaj-uporabljati-oljcno-olje\\\/#breadcrumb\"},\"inLanguage\":\"sl-SI\",\"potentialAction\":[{\"@type\":\"ReadAction\",\"target\":[\"https:\\\/\\\/opg-rakovac.hr\\\/sl\\\/zakaj-uporabljati-oljcno-olje\\\/\"]}]},{\"@type\":\"ImageObject\",\"inLanguage\":\"sl-SI\",\"@id\":\"https:\\\/\\\/opg-rakovac.hr\\\/sl\\\/zakaj-uporabljati-oljcno-olje\\\/#primaryimage\",\"url\":\"https:\\\/\\\/opg-rakovac.hr\\\/wp-content\\\/uploads\\\/2022\\\/12\\\/cover.webp\",\"contentUrl\":\"https:\\\/\\\/opg-rakovac.hr\\\/wp-content\\\/uploads\\\/2022\\\/12\\\/cover.webp\",\"width\":900,\"height\":675,\"caption\":\"zakaj uporabljati olj\u010dno olje\"},{\"@type\":\"BreadcrumbList\",\"@id\":\"https:\\\/\\\/opg-rakovac.hr\\\/sl\\\/zakaj-uporabljati-oljcno-olje\\\/#breadcrumb\",\"itemListElement\":[{\"@type\":\"ListItem\",\"position\":1,\"name\":\"Domov\",\"item\":\"https:\\\/\\\/opg-rakovac.hr\\\/sl\\\/\"},{\"@type\":\"ListItem\",\"position\":2,\"name\":\"Zakaj uporabljati olj\u010dno olje?\"}]},{\"@type\":\"WebSite\",\"@id\":\"https:\\\/\\\/opg-rakovac.hr\\\/sl\\\/#website\",\"url\":\"https:\\\/\\\/opg-rakovac.hr\\\/sl\\\/\",\"name\":\"OPG Rakovac\",\"description\":\"Istarsko ekstra djevi\u010dansko maslinovo ulje Bilini\",\"publisher\":{\"@id\":\"https:\\\/\\\/opg-rakovac.hr\\\/sl\\\/#organization\"},\"inLanguage\":\"sl-SI\"},{\"@type\":\"Organization\",\"@id\":\"https:\\\/\\\/opg-rakovac.hr\\\/sl\\\/#organization\",\"name\":\"OPG Rakovac\",\"url\":\"https:\\\/\\\/opg-rakovac.hr\\\/sl\\\/\",\"logo\":{\"@type\":\"ImageObject\",\"inLanguage\":\"sl-SI\",\"@id\":\"https:\\\/\\\/opg-rakovac.hr\\\/sl\\\/#\\\/schema\\\/logo\\\/image\\\/\",\"url\":\"https:\\\/\\\/opg-rakovac.hr\\\/wp-content\\\/uploads\\\/2015\\\/12\\\/favicon.png\",\"contentUrl\":\"https:\\\/\\\/opg-rakovac.hr\\\/wp-content\\\/uploads\\\/2015\\\/12\\\/favicon.png\",\"width\":200,\"height\":200,\"caption\":\"OPG Rakovac\"},\"image\":{\"@id\":\"https:\\\/\\\/opg-rakovac.hr\\\/sl\\\/#\\\/schema\\\/logo\\\/image\\\/\"},\"sameAs\":[\"https:\\\/\\\/www.facebook.com\\\/Ekstra.djevicansko.maslinovo.ulje.Bilini\\\/\",\"https:\\\/\\\/www.instagram.com\\\/bilini_maslinovo_ulje\\\/\",\"https:\\\/\\\/hr.linkedin.com\\\/in\\\/bilini\",\"https:\\\/\\\/www.pinterest.com\\\/Bilini_OliveOil\\\/\",\"https:\\\/\\\/www.youtube.com\\\/channel\\\/UC7hfzAtwp1YOvhlmwNYkyQw\"]}]}<\/script>\n<!-- \/ Yoast SEO plugin. -->","yoast_head_json":{"title":"Zakaj uporabljati olj\u010dno olje? - Dru\u017einska kmetija Rakovac","description":"Zakaj uporabljati olj\u010dno olje? Prepre\u010duje sr\u010dni napad, izbolj\u0161uje spomin, pomaga v boju proti raku, zmanj\u0161uje holesterol i izbolj\u0161a prebavo","robots":{"index":"index","follow":"follow","max-snippet":"max-snippet:-1","max-image-preview":"max-image-preview:large","max-video-preview":"max-video-preview:-1"},"canonical":"https:\/\/opg-rakovac.hr\/sl\/zakaj-uporabljati-oljcno-olje\/","og_locale":"sl_SI","og_type":"article","og_title":"Zakaj uporabljati olj\u010dno olje? - Dru\u017einska kmetija Rakovac","og_description":"Zakaj uporabljati olj\u010dno olje? Prepre\u010duje sr\u010dni napad, izbolj\u0161uje spomin, pomaga v boju proti raku, zmanj\u0161uje holesterol i izbolj\u0161a prebavo","og_url":"https:\/\/opg-rakovac.hr\/sl\/zakaj-uporabljati-oljcno-olje\/","og_site_name":"OPG Rakovac","article_publisher":"https:\/\/www.facebook.com\/Ekstra.djevicansko.maslinovo.ulje.Bilini\/","article_modified_time":"2022-12-30T07:30:08+00:00","og_image":[{"width":900,"height":675,"url":"https:\/\/opg-rakovac.hr\/wp-content\/uploads\/2022\/12\/cover.webp","type":"image\/webp"}],"twitter_card":"summary_large_image","twitter_misc":{"Est. reading time":"3 minute"},"schema":{"@context":"https:\/\/schema.org","@graph":[{"@type":"WebPage","@id":"https:\/\/opg-rakovac.hr\/sl\/zakaj-uporabljati-oljcno-olje\/","url":"https:\/\/opg-rakovac.hr\/sl\/zakaj-uporabljati-oljcno-olje\/","name":"Zakaj uporabljati olj\u010dno olje? - Dru\u017einska kmetija Rakovac","isPartOf":{"@id":"https:\/\/opg-rakovac.hr\/sl\/#website"},"primaryImageOfPage":{"@id":"https:\/\/opg-rakovac.hr\/sl\/zakaj-uporabljati-oljcno-olje\/#primaryimage"},"image":{"@id":"https:\/\/opg-rakovac.hr\/sl\/zakaj-uporabljati-oljcno-olje\/#primaryimage"},"thumbnailUrl":"https:\/\/opg-rakovac.hr\/wp-content\/uploads\/2022\/12\/cover.webp","datePublished":"2015-12-27T20:52:03+00:00","dateModified":"2022-12-30T07:30:08+00:00","description":"Zakaj uporabljati olj\u010dno olje? Prepre\u010duje sr\u010dni napad, izbolj\u0161uje spomin, pomaga v boju proti raku, zmanj\u0161uje holesterol i izbolj\u0161a prebavo","breadcrumb":{"@id":"https:\/\/opg-rakovac.hr\/sl\/zakaj-uporabljati-oljcno-olje\/#breadcrumb"},"inLanguage":"sl-SI","potentialAction":[{"@type":"ReadAction","target":["https:\/\/opg-rakovac.hr\/sl\/zakaj-uporabljati-oljcno-olje\/"]}]},{"@type":"ImageObject","inLanguage":"sl-SI","@id":"https:\/\/opg-rakovac.hr\/sl\/zakaj-uporabljati-oljcno-olje\/#primaryimage","url":"https:\/\/opg-rakovac.hr\/wp-content\/uploads\/2022\/12\/cover.webp","contentUrl":"https:\/\/opg-rakovac.hr\/wp-content\/uploads\/2022\/12\/cover.webp","width":900,"height":675,"caption":"zakaj uporabljati olj\u010dno olje"},{"@type":"BreadcrumbList","@id":"https:\/\/opg-rakovac.hr\/sl\/zakaj-uporabljati-oljcno-olje\/#breadcrumb","itemListElement":[{"@type":"ListItem","position":1,"name":"Domov","item":"https:\/\/opg-rakovac.hr\/sl\/"},{"@type":"ListItem","position":2,"name":"Zakaj uporabljati olj\u010dno olje?"}]},{"@type":"WebSite","@id":"https:\/\/opg-rakovac.hr\/sl\/#website","url":"https:\/\/opg-rakovac.hr\/sl\/","name":"OPG Rakovac","description":"Istarsko ekstra djevi\u010dansko maslinovo ulje Bilini","publisher":{"@id":"https:\/\/opg-rakovac.hr\/sl\/#organization"},"inLanguage":"sl-SI"},{"@type":"Organization","@id":"https:\/\/opg-rakovac.hr\/sl\/#organization","name":"OPG Rakovac","url":"https:\/\/opg-rakovac.hr\/sl\/","logo":{"@type":"ImageObject","inLanguage":"sl-SI","@id":"https:\/\/opg-rakovac.hr\/sl\/#\/schema\/logo\/image\/","url":"https:\/\/opg-rakovac.hr\/wp-content\/uploads\/2015\/12\/favicon.png","contentUrl":"https:\/\/opg-rakovac.hr\/wp-content\/uploads\/2015\/12\/favicon.png","width":200,"height":200,"caption":"OPG Rakovac"},"image":{"@id":"https:\/\/opg-rakovac.hr\/sl\/#\/schema\/logo\/image\/"},"sameAs":["https:\/\/www.facebook.com\/Ekstra.djevicansko.maslinovo.ulje.Bilini\/","https:\/\/www.instagram.com\/bilini_maslinovo_ulje\/","https:\/\/hr.linkedin.com\/in\/bilini","https:\/\/www.pinterest.com\/Bilini_OliveOil\/","https:\/\/www.youtube.com\/channel\/UC7hfzAtwp1YOvhlmwNYkyQw"]}]}},"_links":{"self":[{"href":"https:\/\/opg-rakovac.hr\/sl\/wp-json\/wp\/v2\/pages\/8860","targetHints":{"allow":["GET"]}}],"collection":[{"href":"https:\/\/opg-rakovac.hr\/sl\/wp-json\/wp\/v2\/pages"}],"about":[{"href":"https:\/\/opg-rakovac.hr\/sl\/wp-json\/wp\/v2\/types\/page"}],"author":[{"embeddable":true,"href":"https:\/\/opg-rakovac.hr\/sl\/wp-json\/wp\/v2\/users\/1"}],"replies":[{"embeddable":true,"href":"https:\/\/opg-rakovac.hr\/sl\/wp-json\/wp\/v2\/comments?post=8860"}],"version-history":[{"count":6,"href":"https:\/\/opg-rakovac.hr\/sl\/wp-json\/wp\/v2\/pages\/8860\/revisions"}],"predecessor-version":[{"id":19363,"href":"https:\/\/opg-rakovac.hr\/sl\/wp-json\/wp\/v2\/pages\/8860\/revisions\/19363"}],"wp:featuredmedia":[{"embeddable":true,"href":"https:\/\/opg-rakovac.hr\/sl\/wp-json\/wp\/v2\/media\/19358"}],"wp:attachment":[{"href":"https:\/\/opg-rakovac.hr\/sl\/wp-json\/wp\/v2\/media?parent=8860"}],"curies":[{"name":"wp","href":"https:\/\/api.w.org\/{rel}","templated":true}]}}