{"id":8011,"date":"2011-07-14T19:47:05","date_gmt":"2011-07-14T19:47:05","guid":{"rendered":"https:\/\/opg-rakovac.hr\/2018\/kontakt\/"},"modified":"2024-05-28T10:05:28","modified_gmt":"2024-05-28T08:05:28","slug":"kontakt","status":"publish","type":"page","link":"https:\/\/opg-rakovac.hr\/sl\/kontakt\/","title":{"rendered":"Kontakt"},"content":{"rendered":"<h2 class=\"section-header\" class=\"section-header\"><a href=\"https:\/\/opg-rakovac.hr\/sl\/blog\/oljcno-olje-bilini\/degustacija-oljcnega-olja\/\">Degustacija olj\u010dnega olja v Puli<\/a> je odprta od ponedeljka do sobote od 10.00 do 13.00 ure.<\/h2>\n","protected":false},"excerpt":{"rendered":"<p>Degustacija olj\u010dnega olja v Puli je odprta od ponedeljka do sobote od 10.00 do 13.00 ure.<\/p>\n","protected":false},"author":1,"featured_media":5205,"parent":0,"menu_order":6,"comment_status":"open","ping_status":"closed","template":"","meta":{"_acf_changed":false,"h5ap_radio_sources":[],"footnotes":""},"class_list":["post-8011","page","type-page","status-publish","has-post-thumbnail","hentry"],"acf":[],"yoast_head":"<!-- This site is optimized with the Yoast SEO plugin v27.5 - https:\/\/yoast.com\/product\/yoast-seo-wordpress\/ -->\n<title>Kontakt dru\u017einske kmetije Rakovac | Olj\u010dno olje Bilini<\/title>\n<meta name=\"description\" content=\"Kontakt za vsa vpra\u0161anja povezana s \u0161ampionskim istrskim ekstra devi\u0161kim olj\u010dnim oljem Bilini lahko najdete na tej strani\" \/>\n<meta name=\"robots\" content=\"index, follow, max-snippet:-1, max-image-preview:large, max-video-preview:-1\" \/>\n<link rel=\"canonical\" href=\"https:\/\/opg-rakovac.hr\/sl\/kontakt\/\" \/>\n<meta property=\"og:locale\" content=\"sl_SI\" \/>\n<meta property=\"og:type\" content=\"article\" \/>\n<meta property=\"og:title\" content=\"Kontakt dru\u017einske kmetije Rakovac | Olj\u010dno olje Bilini\" \/>\n<meta property=\"og:description\" content=\"Kontakt za vsa vpra\u0161anja povezana s \u0161ampionskim istrskim ekstra devi\u0161kim olj\u010dnim oljem Bilini lahko najdete na tej strani\" \/>\n<meta property=\"og:url\" content=\"https:\/\/opg-rakovac.hr\/sl\/kontakt\/\" \/>\n<meta property=\"og:site_name\" content=\"OPG Rakovac\" \/>\n<meta property=\"article:publisher\" content=\"https:\/\/www.facebook.com\/Ekstra.djevicansko.maslinovo.ulje.Bilini\/\" \/>\n<meta property=\"article:modified_time\" content=\"2024-05-28T08:05:28+00:00\" \/>\n<meta property=\"og:image\" content=\"https:\/\/opg-rakovac.hr\/wp-content\/uploads\/2011\/07\/obitelj-Petkovic-Rakovac-e1529932774453.jpg\" \/>\n\t<meta property=\"og:image:width\" content=\"800\" \/>\n\t<meta property=\"og:image:height\" content=\"533\" \/>\n\t<meta property=\"og:image:type\" content=\"image\/jpeg\" \/>\n<meta name=\"twitter:card\" content=\"summary_large_image\" \/>\n<meta name=\"twitter:label1\" content=\"Est. reading time\" \/>\n\t<meta name=\"twitter:data1\" content=\"1 minuta\" \/>\n<script type=\"application\/ld+json\" class=\"yoast-schema-graph\">{\"@context\":\"https:\\\/\\\/schema.org\",\"@graph\":[{\"@type\":[\"WebPage\",\"ContactPage\"],\"@id\":\"https:\\\/\\\/opg-rakovac.hr\\\/sl\\\/kontakt\\\/\",\"url\":\"https:\\\/\\\/opg-rakovac.hr\\\/sl\\\/kontakt\\\/\",\"name\":\"Kontakt dru\u017einske kmetije Rakovac | Olj\u010dno olje Bilini\",\"isPartOf\":{\"@id\":\"https:\\\/\\\/opg-rakovac.hr\\\/sl\\\/#website\"},\"primaryImageOfPage\":{\"@id\":\"https:\\\/\\\/opg-rakovac.hr\\\/sl\\\/kontakt\\\/#primaryimage\"},\"image\":{\"@id\":\"https:\\\/\\\/opg-rakovac.hr\\\/sl\\\/kontakt\\\/#primaryimage\"},\"thumbnailUrl\":\"https:\\\/\\\/opg-rakovac.hr\\\/wp-content\\\/uploads\\\/2011\\\/07\\\/obitelj-Petkovic-Rakovac-e1529932774453.jpg\",\"datePublished\":\"2011-07-14T19:47:05+00:00\",\"dateModified\":\"2024-05-28T08:05:28+00:00\",\"description\":\"Kontakt za vsa vpra\u0161anja povezana s \u0161ampionskim istrskim ekstra devi\u0161kim olj\u010dnim oljem Bilini lahko najdete na tej strani\",\"breadcrumb\":{\"@id\":\"https:\\\/\\\/opg-rakovac.hr\\\/sl\\\/kontakt\\\/#breadcrumb\"},\"inLanguage\":\"sl-SI\",\"potentialAction\":[{\"@type\":\"ReadAction\",\"target\":[\"https:\\\/\\\/opg-rakovac.hr\\\/sl\\\/kontakt\\\/\"]}]},{\"@type\":\"ImageObject\",\"inLanguage\":\"sl-SI\",\"@id\":\"https:\\\/\\\/opg-rakovac.hr\\\/sl\\\/kontakt\\\/#primaryimage\",\"url\":\"https:\\\/\\\/opg-rakovac.hr\\\/wp-content\\\/uploads\\\/2011\\\/07\\\/obitelj-Petkovic-Rakovac-e1529932774453.jpg\",\"contentUrl\":\"https:\\\/\\\/opg-rakovac.hr\\\/wp-content\\\/uploads\\\/2011\\\/07\\\/obitelj-Petkovic-Rakovac-e1529932774453.jpg\",\"width\":800,\"height\":533,\"caption\":\"bilini kontakt\"},{\"@type\":\"BreadcrumbList\",\"@id\":\"https:\\\/\\\/opg-rakovac.hr\\\/sl\\\/kontakt\\\/#breadcrumb\",\"itemListElement\":[{\"@type\":\"ListItem\",\"position\":1,\"name\":\"Domov\",\"item\":\"https:\\\/\\\/opg-rakovac.hr\\\/sl\\\/\"},{\"@type\":\"ListItem\",\"position\":2,\"name\":\"Kontakt\"}]},{\"@type\":\"WebSite\",\"@id\":\"https:\\\/\\\/opg-rakovac.hr\\\/sl\\\/#website\",\"url\":\"https:\\\/\\\/opg-rakovac.hr\\\/sl\\\/\",\"name\":\"OPG Rakovac\",\"description\":\"Istarsko ekstra djevi\u010dansko maslinovo ulje Bilini\",\"publisher\":{\"@id\":\"https:\\\/\\\/opg-rakovac.hr\\\/sl\\\/#organization\"},\"inLanguage\":\"sl-SI\"},{\"@type\":\"Organization\",\"@id\":\"https:\\\/\\\/opg-rakovac.hr\\\/sl\\\/#organization\",\"name\":\"OPG Rakovac\",\"url\":\"https:\\\/\\\/opg-rakovac.hr\\\/sl\\\/\",\"logo\":{\"@type\":\"ImageObject\",\"inLanguage\":\"sl-SI\",\"@id\":\"https:\\\/\\\/opg-rakovac.hr\\\/sl\\\/#\\\/schema\\\/logo\\\/image\\\/\",\"url\":\"https:\\\/\\\/opg-rakovac.hr\\\/wp-content\\\/uploads\\\/2015\\\/12\\\/favicon.png\",\"contentUrl\":\"https:\\\/\\\/opg-rakovac.hr\\\/wp-content\\\/uploads\\\/2015\\\/12\\\/favicon.png\",\"width\":200,\"height\":200,\"caption\":\"OPG Rakovac\"},\"image\":{\"@id\":\"https:\\\/\\\/opg-rakovac.hr\\\/sl\\\/#\\\/schema\\\/logo\\\/image\\\/\"},\"sameAs\":[\"https:\\\/\\\/www.facebook.com\\\/Ekstra.djevicansko.maslinovo.ulje.Bilini\\\/\",\"https:\\\/\\\/www.instagram.com\\\/bilini_maslinovo_ulje\\\/\",\"https:\\\/\\\/hr.linkedin.com\\\/in\\\/bilini\",\"https:\\\/\\\/www.pinterest.com\\\/Bilini_OliveOil\\\/\",\"https:\\\/\\\/www.youtube.com\\\/channel\\\/UC7hfzAtwp1YOvhlmwNYkyQw\"]}]}<\/script>\n<!-- \/ Yoast SEO plugin. -->","yoast_head_json":{"title":"Kontakt dru\u017einske kmetije Rakovac | Olj\u010dno olje Bilini","description":"Kontakt za vsa vpra\u0161anja povezana s \u0161ampionskim istrskim ekstra devi\u0161kim olj\u010dnim oljem Bilini lahko najdete na tej strani","robots":{"index":"index","follow":"follow","max-snippet":"max-snippet:-1","max-image-preview":"max-image-preview:large","max-video-preview":"max-video-preview:-1"},"canonical":"https:\/\/opg-rakovac.hr\/sl\/kontakt\/","og_locale":"sl_SI","og_type":"article","og_title":"Kontakt dru\u017einske kmetije Rakovac | Olj\u010dno olje Bilini","og_description":"Kontakt za vsa vpra\u0161anja povezana s \u0161ampionskim istrskim ekstra devi\u0161kim olj\u010dnim oljem Bilini lahko najdete na tej strani","og_url":"https:\/\/opg-rakovac.hr\/sl\/kontakt\/","og_site_name":"OPG Rakovac","article_publisher":"https:\/\/www.facebook.com\/Ekstra.djevicansko.maslinovo.ulje.Bilini\/","article_modified_time":"2024-05-28T08:05:28+00:00","og_image":[{"width":800,"height":533,"url":"https:\/\/opg-rakovac.hr\/wp-content\/uploads\/2011\/07\/obitelj-Petkovic-Rakovac-e1529932774453.jpg","type":"image\/jpeg"}],"twitter_card":"summary_large_image","twitter_misc":{"Est. reading time":"1 minuta"},"schema":{"@context":"https:\/\/schema.org","@graph":[{"@type":["WebPage","ContactPage"],"@id":"https:\/\/opg-rakovac.hr\/sl\/kontakt\/","url":"https:\/\/opg-rakovac.hr\/sl\/kontakt\/","name":"Kontakt dru\u017einske kmetije Rakovac | Olj\u010dno olje Bilini","isPartOf":{"@id":"https:\/\/opg-rakovac.hr\/sl\/#website"},"primaryImageOfPage":{"@id":"https:\/\/opg-rakovac.hr\/sl\/kontakt\/#primaryimage"},"image":{"@id":"https:\/\/opg-rakovac.hr\/sl\/kontakt\/#primaryimage"},"thumbnailUrl":"https:\/\/opg-rakovac.hr\/wp-content\/uploads\/2011\/07\/obitelj-Petkovic-Rakovac-e1529932774453.jpg","datePublished":"2011-07-14T19:47:05+00:00","dateModified":"2024-05-28T08:05:28+00:00","description":"Kontakt za vsa vpra\u0161anja povezana s \u0161ampionskim istrskim ekstra devi\u0161kim olj\u010dnim oljem Bilini lahko najdete na tej strani","breadcrumb":{"@id":"https:\/\/opg-rakovac.hr\/sl\/kontakt\/#breadcrumb"},"inLanguage":"sl-SI","potentialAction":[{"@type":"ReadAction","target":["https:\/\/opg-rakovac.hr\/sl\/kontakt\/"]}]},{"@type":"ImageObject","inLanguage":"sl-SI","@id":"https:\/\/opg-rakovac.hr\/sl\/kontakt\/#primaryimage","url":"https:\/\/opg-rakovac.hr\/wp-content\/uploads\/2011\/07\/obitelj-Petkovic-Rakovac-e1529932774453.jpg","contentUrl":"https:\/\/opg-rakovac.hr\/wp-content\/uploads\/2011\/07\/obitelj-Petkovic-Rakovac-e1529932774453.jpg","width":800,"height":533,"caption":"bilini kontakt"},{"@type":"BreadcrumbList","@id":"https:\/\/opg-rakovac.hr\/sl\/kontakt\/#breadcrumb","itemListElement":[{"@type":"ListItem","position":1,"name":"Domov","item":"https:\/\/opg-rakovac.hr\/sl\/"},{"@type":"ListItem","position":2,"name":"Kontakt"}]},{"@type":"WebSite","@id":"https:\/\/opg-rakovac.hr\/sl\/#website","url":"https:\/\/opg-rakovac.hr\/sl\/","name":"OPG Rakovac","description":"Istarsko ekstra djevi\u010dansko maslinovo ulje Bilini","publisher":{"@id":"https:\/\/opg-rakovac.hr\/sl\/#organization"},"inLanguage":"sl-SI"},{"@type":"Organization","@id":"https:\/\/opg-rakovac.hr\/sl\/#organization","name":"OPG Rakovac","url":"https:\/\/opg-rakovac.hr\/sl\/","logo":{"@type":"ImageObject","inLanguage":"sl-SI","@id":"https:\/\/opg-rakovac.hr\/sl\/#\/schema\/logo\/image\/","url":"https:\/\/opg-rakovac.hr\/wp-content\/uploads\/2015\/12\/favicon.png","contentUrl":"https:\/\/opg-rakovac.hr\/wp-content\/uploads\/2015\/12\/favicon.png","width":200,"height":200,"caption":"OPG Rakovac"},"image":{"@id":"https:\/\/opg-rakovac.hr\/sl\/#\/schema\/logo\/image\/"},"sameAs":["https:\/\/www.facebook.com\/Ekstra.djevicansko.maslinovo.ulje.Bilini\/","https:\/\/www.instagram.com\/bilini_maslinovo_ulje\/","https:\/\/hr.linkedin.com\/in\/bilini","https:\/\/www.pinterest.com\/Bilini_OliveOil\/","https:\/\/www.youtube.com\/channel\/UC7hfzAtwp1YOvhlmwNYkyQw"]}]}},"_links":{"self":[{"href":"https:\/\/opg-rakovac.hr\/sl\/wp-json\/wp\/v2\/pages\/8011","targetHints":{"allow":["GET"]}}],"collection":[{"href":"https:\/\/opg-rakovac.hr\/sl\/wp-json\/wp\/v2\/pages"}],"about":[{"href":"https:\/\/opg-rakovac.hr\/sl\/wp-json\/wp\/v2\/types\/page"}],"author":[{"embeddable":true,"href":"https:\/\/opg-rakovac.hr\/sl\/wp-json\/wp\/v2\/users\/1"}],"replies":[{"embeddable":true,"href":"https:\/\/opg-rakovac.hr\/sl\/wp-json\/wp\/v2\/comments?post=8011"}],"version-history":[{"count":5,"href":"https:\/\/opg-rakovac.hr\/sl\/wp-json\/wp\/v2\/pages\/8011\/revisions"}],"predecessor-version":[{"id":19835,"href":"https:\/\/opg-rakovac.hr\/sl\/wp-json\/wp\/v2\/pages\/8011\/revisions\/19835"}],"wp:featuredmedia":[{"embeddable":true,"href":"https:\/\/opg-rakovac.hr\/sl\/wp-json\/wp\/v2\/media\/5205"}],"wp:attachment":[{"href":"https:\/\/opg-rakovac.hr\/sl\/wp-json\/wp\/v2\/media?parent=8011"}],"curies":[{"name":"wp","href":"https:\/\/api.w.org\/{rel}","templated":true}]}}