{"id":7944,"date":"2011-07-14T19:45:42","date_gmt":"2011-07-14T19:45:42","guid":{"rendered":"https:\/\/opg-rakovac.hr\/2018\/evoo-bilini\/"},"modified":"2025-08-27T12:02:12","modified_gmt":"2025-08-27T10:02:12","slug":"istrsko-ekstra-devisko-oljcno-olje-bilini","status":"publish","type":"page","link":"https:\/\/opg-rakovac.hr\/sl\/istrsko-ekstra-devisko-oljcno-olje-bilini\/","title":{"rendered":"Olj\u010dno olje Bilini"},"content":{"rendered":"<p style=\"text-align: justify;\"><span style=\"font-weight: 400;\"><strong>Istrsko ekstra devi\u0161ko olj\u010dno olje<\/strong> Bilini je plod 25-letnega dela dru\u017eine Rakovac. Ljubezen do gojenja in vzdr\u017eevanja olj\u010dnih nasadov, osredoto\u010denost na pravo\u010dasno obiranje oljk, pridela izjemno kakovostno olj\u010dno olje.<\/span><\/p>\n<figure id=\"attachment_2109\" aria-describedby=\"caption-attachment-2109\" style=\"width: 1600px\" class=\"wp-caption alignnone\"><img decoding=\"async\" class=\"wp-image-2109 size-full\" title=\"Istrsko ekstra devi\u0161ko olj\u010dno olje Bilini\" src=\"https:\/\/opg-rakovac.hr\/wp-content\/uploads\/2011\/07\/maslinovo-ulje-bilini.jpg\" alt=\"Istrsko ekstra devi\u0161ko olj\u010dno olje Bilini\" width=\"1600\" height=\"635\" \/><figcaption id=\"caption-attachment-2109\" class=\"wp-caption-text\">Istrsko ekstra devi\u0161ko olj\u010dno olje Bilini<\/figcaption><\/figure>\n<h2 class=\"section-header\" class=\"section-header\">Ve\u010dsortno olj\u010dno olje<\/h2>\n<p style=\"text-align: justify;\"><span style=\"font-weight: 400;\">Olj\u010dno olje, ki ga proizvedemo, je ve\u010dsortno olj\u010dno olje. Pridobiva se z me\u0161anjem plodov razli\u010dnih avtohtonih in udoma\u010denih sort, kot so istrska bjelica, bu\u017ee, leccina i pendolina. S tem dosegamo vi\u0161jo kakovost olja. Okus, pridobljen s kombinacijo sort, je nadaljevanje istrske olj\u010dne tradicije. Ve\u010dplastna aroma in trajnost kvalitete sta glavni razlog za izbiro na\u010dina proizvodnje. Vonj olja Bilini je zgodba zase. Takoj, ko boste odprli steklenico, se pripravite na \u010dudovit vonj sve\u017eih oljk.<\/span><\/p>\n<p><a href=\"https:\/\/opg-rakovac.hr\/sl\/blog\/oljcno-olje-bilini\/program-zvestobe-bilini\/\"><img decoding=\"async\" class=\"aligncenter wp-image-12032 size-full\" title=\"Kliknite in izvedejte vse o programu zvestobe Bikini\" src=\"https:\/\/opg-rakovac.hr\/wp-content\/uploads\/2019\/11\/BANNER-2.jpg\" alt=\"\" width=\"940\" height=\"373\" srcset=\"https:\/\/opg-rakovac.hr\/wp-content\/uploads\/2019\/11\/BANNER-2.jpg 940w, https:\/\/opg-rakovac.hr\/wp-content\/uploads\/2019\/11\/BANNER-2-300x119.jpg 300w, https:\/\/opg-rakovac.hr\/wp-content\/uploads\/2019\/11\/BANNER-2-768x305.jpg 768w, https:\/\/opg-rakovac.hr\/wp-content\/uploads\/2019\/11\/BANNER-2-230x91.jpg 230w, https:\/\/opg-rakovac.hr\/wp-content\/uploads\/2019\/11\/BANNER-2-324x129.jpg 324w, https:\/\/opg-rakovac.hr\/wp-content\/uploads\/2019\/11\/BANNER-2-416x165.jpg 416w\" sizes=\"(max-width: 940px) 100vw, 940px\" \/><\/a><\/p>\n<h2 class=\"section-header\" class=\"section-header\">Istrsko ekstra devi\u0161ko olj\u010dno olje<\/h2>\n<p style=\"text-align: justify;\"><span style=\"font-weight: 400;\">Na\u0161e ekstra devi\u0161ko olj\u010dno olje se proizvaja predvsem za na\u0161o dru\u017eino. Filozofija obdelave zemlje temelji na prepri\u010danju starega pregovora, da nismo podedovali zemlje od na\u0161ih prednikov, temve\u010d smo si jo izposodili od na\u0161ih otrok. Za za\u0161\u010dito uporabljamo sredstva, ki so minimalno \u0161kodljiva okolju in \u200b\u200ble, kadar je to res potrebno. Vedno smo pripravljeni \u017ertvovati del pridelka, da bi izdelek, na katerega smo ponosni, ostal zdrav in \u010dist.<\/span><\/p>\n<figure id=\"attachment_4030\" aria-describedby=\"caption-attachment-4030\" style=\"width: 1328px\" class=\"wp-caption alignnone\"><img decoding=\"async\" class=\"wp-image-6954 size-full\" title=\"Istrska Bjelica\" src=\"https:\/\/opg-rakovac.hr\/wp-content\/uploads\/2011\/07\/istarska-bjelica.jpg\" alt=\"Istrska Bjelica\" width=\"1328\" height=\"526\" srcset=\"https:\/\/opg-rakovac.hr\/wp-content\/uploads\/2011\/07\/istarska-bjelica.jpg 1328w, https:\/\/opg-rakovac.hr\/wp-content\/uploads\/2011\/07\/istarska-bjelica-300x119.jpg 300w, https:\/\/opg-rakovac.hr\/wp-content\/uploads\/2011\/07\/istarska-bjelica-768x304.jpg 768w, https:\/\/opg-rakovac.hr\/wp-content\/uploads\/2011\/07\/istarska-bjelica-1024x406.jpg 1024w, https:\/\/opg-rakovac.hr\/wp-content\/uploads\/2011\/07\/istarska-bjelica-230x91.jpg 230w, https:\/\/opg-rakovac.hr\/wp-content\/uploads\/2011\/07\/istarska-bjelica-324x128.jpg 324w, https:\/\/opg-rakovac.hr\/wp-content\/uploads\/2011\/07\/istarska-bjelica-416x165.jpg 416w\" sizes=\"(max-width: 1328px) 100vw, 1328px\" \/><figcaption id=\"caption-attachment-4030\" class=\"wp-caption-text\">Istrska Bjelica<\/figcaption><\/figure>\n<h2 class=\"section-header\" class=\"section-header\">Biotska raznovrstnost v olj\u010dnem nasadu<\/h2>\n<p style=\"text-align: justify;\"><span style=\"font-weight: 400;\">V na\u0161ih olj\u010dnih nasadih je biotska raznovrstnost nujna. Skupaj z olivami rastejo \u010de\u0161nje, slive, smokve, robide. Stare suho zidove hranimo zaradi spoznanja, da v njih \u017eivijo \u0161tevilne, olj\u010dnim nasadom koristne \u017eivali. Na\u0161e poslanstvo je izbolj\u0161ati zapu\u0161\u010dino, ne le v smislu produktivnosti, temve\u010d tudi ohranjanja lepote istrske pokrajine.<\/span><\/p>\n<figure id=\"attachment_2114\" aria-describedby=\"caption-attachment-2114\" style=\"width: 1600px\" class=\"wp-caption alignnone\"><img decoding=\"async\" class=\"wp-image-5113 size-full\" title=\"olj\u010dni nasad Zacrikva\" src=\"https:\/\/opg-rakovac.hr\/wp-content\/uploads\/2015\/12\/maslinik-zacrikva.jpg\" alt=\"olj\u010dni nasad Zacrikva\" width=\"1600\" height=\"635\" srcset=\"https:\/\/opg-rakovac.hr\/wp-content\/uploads\/2015\/12\/maslinik-zacrikva.jpg 1600w, https:\/\/opg-rakovac.hr\/wp-content\/uploads\/2015\/12\/maslinik-zacrikva-300x119.jpg 300w, https:\/\/opg-rakovac.hr\/wp-content\/uploads\/2015\/12\/maslinik-zacrikva-768x305.jpg 768w, https:\/\/opg-rakovac.hr\/wp-content\/uploads\/2015\/12\/maslinik-zacrikva-1024x406.jpg 1024w, https:\/\/opg-rakovac.hr\/wp-content\/uploads\/2015\/12\/maslinik-zacrikva-1400x556.jpg 1400w, https:\/\/opg-rakovac.hr\/wp-content\/uploads\/2015\/12\/maslinik-zacrikva-230x91.jpg 230w, https:\/\/opg-rakovac.hr\/wp-content\/uploads\/2015\/12\/maslinik-zacrikva-1170x464.jpg 1170w, https:\/\/opg-rakovac.hr\/wp-content\/uploads\/2015\/12\/maslinik-zacrikva-324x129.jpg 324w, https:\/\/opg-rakovac.hr\/wp-content\/uploads\/2015\/12\/maslinik-zacrikva-416x165.jpg 416w\" sizes=\"(max-width: 1600px) 100vw, 1600px\" \/><figcaption id=\"caption-attachment-2114\" class=\"wp-caption-text\"><span style=\"font-weight: 400;\">Na\u0161 olj\u010dni nasad Zacrikva<\/span><\/figcaption><\/figure>\n<p style=\"text-align: justify;\"><span style=\"font-weight: 400;\">Na\u0161e olj\u010dno olje je <strong>na\u0161 ponos<\/strong>, na\u0161e oljke pa nenadomestljiv del narave, v kateri so ustvarjene. Na\u0161a ambicija ni postati ve\u010dji, ampak le \u0161e bolj\u0161i.<\/span><\/p>\n<h2 class=\"section-header\" style=\"text-align: justify;\">Nesporna kakovost<\/h2>\n<p style=\"text-align: justify;\"><span style=\"font-weight: 400;\">V letih na\u0161ega poslovanja so na\u0161a olj\u010dna olja ekstra devi\u0161ka, toda pojem ekstra devi\u010dnosti ne opisuje njegove kakovosti v popolnosti. Izraz <strong>ekstra devi\u0161ko olj\u010dno olje<\/strong> ozna\u010duje olj\u010dno olje, ki ima kislost (proste ma\u0161\u010dobne kisline) pod 0,8 odstotka. Ve\u010dje koli\u010dine prostih ma\u0161\u010dobnih kislin v olju lahko spodbudijo vrsto sprememb, ki se odra\u017eajo na poslab\u0161anju organolepti\u010dnih lastnosti olja ter te\u017enji po kvarjenju.<\/span><\/p>\n\n\t\t\t<ul class='galerija list-inline list-unstyled fancybox-show-nav'>\n\n\t\t\t\t\n\t\t\t\t<li class=\"col-md-4 col-sm-6 col-xs-4 thumb-wrapper\">\n\t\t\t\t\t<a class=\"fancybox\" data-fancybox=\"olj%c4%8dno+olje+bilini\" data-caption=\"NYIOOC 2025 Gold Award\" href=\"https:\/\/opg-rakovac.hr\/wp-content\/uploads\/2025\/04\/06_polozeno.webp\" data-title=\"NYIOOC 2025 Gold Award\">\n\t\t\t\t\t\t<img decoding=\"async\" class=\"thumb img-responsive\" src=\"https:\/\/opg-rakovac.hr\/wp-content\/uploads\/2025\/04\/06_polozeno-365x270.webp\" alt=\"NYIOOC 2025 Gold Award\">\n\t\t\t\t\t<\/a>\n\t\t\t\t<\/li>\n\n\t\t\t\t\n\t\t\t\t<li class=\"col-md-4 col-sm-6 col-xs-4 thumb-wrapper\">\n\t\t\t\t\t<a class=\"fancybox\" data-fancybox=\"olj%c4%8dno+olje+bilini\" data-caption=\"ekstra devi\u0161ko olj\u010dno olje Bilini\" href=\"https:\/\/opg-rakovac.hr\/wp-content\/uploads\/2022\/11\/ekstra-djevicansko-maslinovo-ulje-Bilini.webp\" data-title=\"ekstra devi\u0161ko olj\u010dno olje Bilini\">\n\t\t\t\t\t\t<img decoding=\"async\" class=\"thumb img-responsive\" src=\"https:\/\/opg-rakovac.hr\/wp-content\/uploads\/2022\/11\/ekstra-djevicansko-maslinovo-ulje-Bilini-365x270.webp\" alt=\"ekstra devi\u0161ko olj\u010dno olje Bilini\">\n\t\t\t\t\t<\/a>\n\t\t\t\t<\/li>\n\n\t\t\t\t\n\t\t\t\t<li class=\"col-md-4 col-sm-6 col-xs-4 thumb-wrapper\">\n\t\t\t\t\t<a class=\"fancybox\" data-fancybox=\"olj%c4%8dno+olje+bilini\" data-caption=\"\" href=\"https:\/\/opg-rakovac.hr\/wp-content\/uploads\/2025\/05\/za-naslovnicu.webp\" data-title=\"\">\n\t\t\t\t\t\t<img decoding=\"async\" class=\"thumb img-responsive\" src=\"https:\/\/opg-rakovac.hr\/wp-content\/uploads\/2025\/05\/za-naslovnicu-365x270.webp\" alt=\"\">\n\t\t\t\t\t<\/a>\n\t\t\t\t<\/li>\n\n\t\t\t\t\t\t\t<\/ul>\n\t\t\t\n<h2 class=\"section-header\" class=\"section-header\">Kakovost leto\u0161njega olja<\/h2>\n<p style=\"text-align: justify;\"><span style=\"font-weight: 400;\">Leto\u0161nje olje Bilini spada v ekstra devi\u0161ko, kar potrjuje rezultat <a href=\"https:\/\/opg-rakovac.hr\/sl\/kemijska-analiza-oljcnega-olja-bilini\/\" target=\"_blank\" rel=\"noopener noreferrer\">kemijske analize olj\u010dnega olja<\/a>, kategorije je OPG Rakovac izvedel takoj po proizvodnji olja. Koli\u010dina prostih ma\u0161\u010dobnih kislin v olju je 0,12% ali 7-krat bolje od tistega, kar dobite, ko vzamete steklenico olj\u010dnega olja iz police v supermarketu. Dokaz kakovosti olj\u010dnega olja Bilini sta tudi <a href=\"https:\/\/opg-rakovac.hr\/sl\/tag\/nagrade-sl\/\">zlati medalji osvojeni v New Yorku in Berlinu<\/a>!<\/span><\/p>\n<div class=\"cta-link animate animate--sm\">\n\t<div class=\"btn-wrapper text-center\">\n\t\t<a href=\"https:\/\/opg-rakovac.hr\/sl\/shop\/\" class=\"btn btn-primary\">\n\t\t\tNARO\u010cITE OLJ\u010cNO OLJE BILINI!\t\t<\/a>\n\t<\/div>\n<\/div>\n","protected":false},"excerpt":{"rendered":"<p>Istrsko ekstra devi\u0161ko olj\u010dno olje Bilini je plod 25-letnega dela dru\u017eine Rakovac. Ljubezen do gojenja in vzdr\u017eevanja olj\u010dnih nasadov, osredoto\u010denost na pravo\u010dasno obiranje oljk, pridela izjemno kakovostno olj\u010dno olje. Ve\u010dsortno olj\u010dno olje Olj\u010dno olje, ki ga proizvedemo, je ve\u010dsortno olj\u010dno olje. Pridobiva se z me\u0161anjem plodov razli\u010dnih avtohtonih in udoma\u010denih sort, kot so istrska bjelica, [&hellip;]<\/p>\n","protected":false},"author":1,"featured_media":5097,"parent":0,"menu_order":0,"comment_status":"open","ping_status":"closed","template":"","meta":{"_acf_changed":false,"h5ap_radio_sources":[],"footnotes":""},"class_list":["post-7944","page","type-page","status-publish","has-post-thumbnail","hentry"],"acf":[],"yoast_head":"<!-- This site is optimized with the Yoast SEO plugin v27.4 - https:\/\/yoast.com\/product\/yoast-seo-wordpress\/ -->\n<title>Istrsko ekstra devi\u0161ko olj\u010dno olje Bilini - OPG Rakovac<\/title>\n<meta name=\"description\" content=\"Istrsko ekstra devi\u0161ko olj\u010dno olje Bilini: kakovost in vrhunske organolepti\u010dne lastnosti - vse v enem. Zlata medalja v New Yorku in Berlinu\" \/>\n<meta name=\"robots\" content=\"index, follow, max-snippet:-1, max-image-preview:large, max-video-preview:-1\" \/>\n<link rel=\"canonical\" href=\"https:\/\/opg-rakovac.hr\/sl\/istrsko-ekstra-devisko-oljcno-olje-bilini\/\" \/>\n<meta property=\"og:locale\" content=\"sl_SI\" \/>\n<meta property=\"og:type\" content=\"article\" \/>\n<meta property=\"og:title\" content=\"Istrsko ekstra devi\u0161ko olj\u010dno olje Bilini - OPG Rakovac\" \/>\n<meta property=\"og:description\" content=\"Istrsko ekstra devi\u0161ko olj\u010dno olje Bilini: kakovost in vrhunske organolepti\u010dne lastnosti - vse v enem. Zlata medalja v New Yorku in Berlinu\" \/>\n<meta property=\"og:url\" content=\"https:\/\/opg-rakovac.hr\/sl\/istrsko-ekstra-devisko-oljcno-olje-bilini\/\" \/>\n<meta property=\"og:site_name\" content=\"OPG Rakovac\" \/>\n<meta property=\"article:publisher\" content=\"https:\/\/www.facebook.com\/Ekstra.djevicansko.maslinovo.ulje.Bilini\/\" \/>\n<meta property=\"article:modified_time\" content=\"2025-08-27T10:02:12+00:00\" \/>\n<meta property=\"og:image\" content=\"https:\/\/opg-rakovac.hr\/wp-content\/uploads\/2011\/07\/bilini.jpg\" \/>\n\t<meta property=\"og:image:width\" content=\"1600\" \/>\n\t<meta property=\"og:image:height\" content=\"635\" \/>\n\t<meta property=\"og:image:type\" content=\"image\/jpeg\" \/>\n<meta name=\"twitter:card\" content=\"summary_large_image\" \/>\n<meta name=\"twitter:label1\" content=\"Est. reading time\" \/>\n\t<meta name=\"twitter:data1\" content=\"4 minute\" \/>\n<script type=\"application\/ld+json\" class=\"yoast-schema-graph\">{\"@context\":\"https:\\\/\\\/schema.org\",\"@graph\":[{\"@type\":\"WebPage\",\"@id\":\"https:\\\/\\\/opg-rakovac.hr\\\/sl\\\/istrsko-ekstra-devisko-oljcno-olje-bilini\\\/\",\"url\":\"https:\\\/\\\/opg-rakovac.hr\\\/sl\\\/istrsko-ekstra-devisko-oljcno-olje-bilini\\\/\",\"name\":\"Istrsko ekstra devi\u0161ko olj\u010dno olje Bilini - OPG Rakovac\",\"isPartOf\":{\"@id\":\"https:\\\/\\\/opg-rakovac.hr\\\/sl\\\/#website\"},\"primaryImageOfPage\":{\"@id\":\"https:\\\/\\\/opg-rakovac.hr\\\/sl\\\/istrsko-ekstra-devisko-oljcno-olje-bilini\\\/#primaryimage\"},\"image\":{\"@id\":\"https:\\\/\\\/opg-rakovac.hr\\\/sl\\\/istrsko-ekstra-devisko-oljcno-olje-bilini\\\/#primaryimage\"},\"thumbnailUrl\":\"https:\\\/\\\/opg-rakovac.hr\\\/wp-content\\\/uploads\\\/2011\\\/07\\\/bilini.jpg\",\"datePublished\":\"2011-07-14T19:45:42+00:00\",\"dateModified\":\"2025-08-27T10:02:12+00:00\",\"description\":\"Istrsko ekstra devi\u0161ko olj\u010dno olje Bilini: kakovost in vrhunske organolepti\u010dne lastnosti - vse v enem. Zlata medalja v New Yorku in Berlinu\",\"breadcrumb\":{\"@id\":\"https:\\\/\\\/opg-rakovac.hr\\\/sl\\\/istrsko-ekstra-devisko-oljcno-olje-bilini\\\/#breadcrumb\"},\"inLanguage\":\"sl-SI\",\"potentialAction\":[{\"@type\":\"ReadAction\",\"target\":[\"https:\\\/\\\/opg-rakovac.hr\\\/sl\\\/istrsko-ekstra-devisko-oljcno-olje-bilini\\\/\"]}]},{\"@type\":\"ImageObject\",\"inLanguage\":\"sl-SI\",\"@id\":\"https:\\\/\\\/opg-rakovac.hr\\\/sl\\\/istrsko-ekstra-devisko-oljcno-olje-bilini\\\/#primaryimage\",\"url\":\"https:\\\/\\\/opg-rakovac.hr\\\/wp-content\\\/uploads\\\/2011\\\/07\\\/bilini.jpg\",\"contentUrl\":\"https:\\\/\\\/opg-rakovac.hr\\\/wp-content\\\/uploads\\\/2011\\\/07\\\/bilini.jpg\",\"width\":1600,\"height\":635,\"caption\":\"Istrsko ekstra devi\u0161ko olj\u010dno olje Bilini\"},{\"@type\":\"BreadcrumbList\",\"@id\":\"https:\\\/\\\/opg-rakovac.hr\\\/sl\\\/istrsko-ekstra-devisko-oljcno-olje-bilini\\\/#breadcrumb\",\"itemListElement\":[{\"@type\":\"ListItem\",\"position\":1,\"name\":\"Domov\",\"item\":\"https:\\\/\\\/opg-rakovac.hr\\\/sl\\\/\"},{\"@type\":\"ListItem\",\"position\":2,\"name\":\"Olj\u010dno olje Bilini\"}]},{\"@type\":\"WebSite\",\"@id\":\"https:\\\/\\\/opg-rakovac.hr\\\/sl\\\/#website\",\"url\":\"https:\\\/\\\/opg-rakovac.hr\\\/sl\\\/\",\"name\":\"OPG Rakovac\",\"description\":\"Istarsko ekstra djevi\u010dansko maslinovo ulje Bilini\",\"publisher\":{\"@id\":\"https:\\\/\\\/opg-rakovac.hr\\\/sl\\\/#organization\"},\"inLanguage\":\"sl-SI\"},{\"@type\":\"Organization\",\"@id\":\"https:\\\/\\\/opg-rakovac.hr\\\/sl\\\/#organization\",\"name\":\"OPG Rakovac\",\"url\":\"https:\\\/\\\/opg-rakovac.hr\\\/sl\\\/\",\"logo\":{\"@type\":\"ImageObject\",\"inLanguage\":\"sl-SI\",\"@id\":\"https:\\\/\\\/opg-rakovac.hr\\\/sl\\\/#\\\/schema\\\/logo\\\/image\\\/\",\"url\":\"https:\\\/\\\/opg-rakovac.hr\\\/wp-content\\\/uploads\\\/2015\\\/12\\\/favicon.png\",\"contentUrl\":\"https:\\\/\\\/opg-rakovac.hr\\\/wp-content\\\/uploads\\\/2015\\\/12\\\/favicon.png\",\"width\":200,\"height\":200,\"caption\":\"OPG Rakovac\"},\"image\":{\"@id\":\"https:\\\/\\\/opg-rakovac.hr\\\/sl\\\/#\\\/schema\\\/logo\\\/image\\\/\"},\"sameAs\":[\"https:\\\/\\\/www.facebook.com\\\/Ekstra.djevicansko.maslinovo.ulje.Bilini\\\/\",\"https:\\\/\\\/www.instagram.com\\\/bilini_maslinovo_ulje\\\/\",\"https:\\\/\\\/hr.linkedin.com\\\/in\\\/bilini\",\"https:\\\/\\\/www.pinterest.com\\\/Bilini_OliveOil\\\/\",\"https:\\\/\\\/www.youtube.com\\\/channel\\\/UC7hfzAtwp1YOvhlmwNYkyQw\"]}]}<\/script>\n<!-- \/ Yoast SEO plugin. -->","yoast_head_json":{"title":"Istrsko ekstra devi\u0161ko olj\u010dno olje Bilini - OPG Rakovac","description":"Istrsko ekstra devi\u0161ko olj\u010dno olje Bilini: kakovost in vrhunske organolepti\u010dne lastnosti - vse v enem. Zlata medalja v New Yorku in Berlinu","robots":{"index":"index","follow":"follow","max-snippet":"max-snippet:-1","max-image-preview":"max-image-preview:large","max-video-preview":"max-video-preview:-1"},"canonical":"https:\/\/opg-rakovac.hr\/sl\/istrsko-ekstra-devisko-oljcno-olje-bilini\/","og_locale":"sl_SI","og_type":"article","og_title":"Istrsko ekstra devi\u0161ko olj\u010dno olje Bilini - OPG Rakovac","og_description":"Istrsko ekstra devi\u0161ko olj\u010dno olje Bilini: kakovost in vrhunske organolepti\u010dne lastnosti - vse v enem. Zlata medalja v New Yorku in Berlinu","og_url":"https:\/\/opg-rakovac.hr\/sl\/istrsko-ekstra-devisko-oljcno-olje-bilini\/","og_site_name":"OPG Rakovac","article_publisher":"https:\/\/www.facebook.com\/Ekstra.djevicansko.maslinovo.ulje.Bilini\/","article_modified_time":"2025-08-27T10:02:12+00:00","og_image":[{"width":1600,"height":635,"url":"https:\/\/opg-rakovac.hr\/wp-content\/uploads\/2011\/07\/bilini.jpg","type":"image\/jpeg"}],"twitter_card":"summary_large_image","twitter_misc":{"Est. reading time":"4 minute"},"schema":{"@context":"https:\/\/schema.org","@graph":[{"@type":"WebPage","@id":"https:\/\/opg-rakovac.hr\/sl\/istrsko-ekstra-devisko-oljcno-olje-bilini\/","url":"https:\/\/opg-rakovac.hr\/sl\/istrsko-ekstra-devisko-oljcno-olje-bilini\/","name":"Istrsko ekstra devi\u0161ko olj\u010dno olje Bilini - OPG Rakovac","isPartOf":{"@id":"https:\/\/opg-rakovac.hr\/sl\/#website"},"primaryImageOfPage":{"@id":"https:\/\/opg-rakovac.hr\/sl\/istrsko-ekstra-devisko-oljcno-olje-bilini\/#primaryimage"},"image":{"@id":"https:\/\/opg-rakovac.hr\/sl\/istrsko-ekstra-devisko-oljcno-olje-bilini\/#primaryimage"},"thumbnailUrl":"https:\/\/opg-rakovac.hr\/wp-content\/uploads\/2011\/07\/bilini.jpg","datePublished":"2011-07-14T19:45:42+00:00","dateModified":"2025-08-27T10:02:12+00:00","description":"Istrsko ekstra devi\u0161ko olj\u010dno olje Bilini: kakovost in vrhunske organolepti\u010dne lastnosti - vse v enem. Zlata medalja v New Yorku in Berlinu","breadcrumb":{"@id":"https:\/\/opg-rakovac.hr\/sl\/istrsko-ekstra-devisko-oljcno-olje-bilini\/#breadcrumb"},"inLanguage":"sl-SI","potentialAction":[{"@type":"ReadAction","target":["https:\/\/opg-rakovac.hr\/sl\/istrsko-ekstra-devisko-oljcno-olje-bilini\/"]}]},{"@type":"ImageObject","inLanguage":"sl-SI","@id":"https:\/\/opg-rakovac.hr\/sl\/istrsko-ekstra-devisko-oljcno-olje-bilini\/#primaryimage","url":"https:\/\/opg-rakovac.hr\/wp-content\/uploads\/2011\/07\/bilini.jpg","contentUrl":"https:\/\/opg-rakovac.hr\/wp-content\/uploads\/2011\/07\/bilini.jpg","width":1600,"height":635,"caption":"Istrsko ekstra devi\u0161ko olj\u010dno olje Bilini"},{"@type":"BreadcrumbList","@id":"https:\/\/opg-rakovac.hr\/sl\/istrsko-ekstra-devisko-oljcno-olje-bilini\/#breadcrumb","itemListElement":[{"@type":"ListItem","position":1,"name":"Domov","item":"https:\/\/opg-rakovac.hr\/sl\/"},{"@type":"ListItem","position":2,"name":"Olj\u010dno olje Bilini"}]},{"@type":"WebSite","@id":"https:\/\/opg-rakovac.hr\/sl\/#website","url":"https:\/\/opg-rakovac.hr\/sl\/","name":"OPG Rakovac","description":"Istarsko ekstra djevi\u010dansko maslinovo ulje Bilini","publisher":{"@id":"https:\/\/opg-rakovac.hr\/sl\/#organization"},"inLanguage":"sl-SI"},{"@type":"Organization","@id":"https:\/\/opg-rakovac.hr\/sl\/#organization","name":"OPG Rakovac","url":"https:\/\/opg-rakovac.hr\/sl\/","logo":{"@type":"ImageObject","inLanguage":"sl-SI","@id":"https:\/\/opg-rakovac.hr\/sl\/#\/schema\/logo\/image\/","url":"https:\/\/opg-rakovac.hr\/wp-content\/uploads\/2015\/12\/favicon.png","contentUrl":"https:\/\/opg-rakovac.hr\/wp-content\/uploads\/2015\/12\/favicon.png","width":200,"height":200,"caption":"OPG Rakovac"},"image":{"@id":"https:\/\/opg-rakovac.hr\/sl\/#\/schema\/logo\/image\/"},"sameAs":["https:\/\/www.facebook.com\/Ekstra.djevicansko.maslinovo.ulje.Bilini\/","https:\/\/www.instagram.com\/bilini_maslinovo_ulje\/","https:\/\/hr.linkedin.com\/in\/bilini","https:\/\/www.pinterest.com\/Bilini_OliveOil\/","https:\/\/www.youtube.com\/channel\/UC7hfzAtwp1YOvhlmwNYkyQw"]}]}},"_links":{"self":[{"href":"https:\/\/opg-rakovac.hr\/sl\/wp-json\/wp\/v2\/pages\/7944","targetHints":{"allow":["GET"]}}],"collection":[{"href":"https:\/\/opg-rakovac.hr\/sl\/wp-json\/wp\/v2\/pages"}],"about":[{"href":"https:\/\/opg-rakovac.hr\/sl\/wp-json\/wp\/v2\/types\/page"}],"author":[{"embeddable":true,"href":"https:\/\/opg-rakovac.hr\/sl\/wp-json\/wp\/v2\/users\/1"}],"replies":[{"embeddable":true,"href":"https:\/\/opg-rakovac.hr\/sl\/wp-json\/wp\/v2\/comments?post=7944"}],"version-history":[{"count":5,"href":"https:\/\/opg-rakovac.hr\/sl\/wp-json\/wp\/v2\/pages\/7944\/revisions"}],"predecessor-version":[{"id":20552,"href":"https:\/\/opg-rakovac.hr\/sl\/wp-json\/wp\/v2\/pages\/7944\/revisions\/20552"}],"wp:featuredmedia":[{"embeddable":true,"href":"https:\/\/opg-rakovac.hr\/sl\/wp-json\/wp\/v2\/media\/5097"}],"wp:attachment":[{"href":"https:\/\/opg-rakovac.hr\/sl\/wp-json\/wp\/v2\/media?parent=7944"}],"curies":[{"name":"wp","href":"https:\/\/api.w.org\/{rel}","templated":true}]}}