{"id":7940,"date":"2016-01-04T11:53:29","date_gmt":"2016-01-04T11:53:29","guid":{"rendered":"https:\/\/opg-rakovac.hr\/2018\/maslinovo-ulje-kao-poklon\/"},"modified":"2022-10-23T11:19:50","modified_gmt":"2022-10-23T11:19:50","slug":"oljcno-olje-kot-darilo","status":"publish","type":"page","link":"https:\/\/opg-rakovac.hr\/sl\/oljcno-olje-kot-darilo\/","title":{"rendered":"Olj\u010dno olje kot darilo"},"content":{"rendered":"<h2 class=\"section-header\" class=\"section-header\">Ekstra devi\u0161ko olje vedno predstavlja odli\u010dno darilo!<\/h2>\n<p style=\"text-align: center;\"><strong>Priznajmo, vsi imajo radi darila.<\/strong><br \/>\n<span style=\"font-weight: 400;\">Ljubimo darila, ker sporo\u010dajo, da nekdo razmi\u0161lja o nas, nas \u017eeli presenetiti, razveseliti ali preprosto re\u010di hvala. Pozornost, ki nam godi ter nam daje ob\u010dutek, da nekdo \u010duti, da si darilo res zaslu\u017eimo. Velika, majhna, inovativna, klasi\u010dna, namenska ali trenutna inspiracija. Vedno so dobrodo\u0161la.<\/span><\/p>\n<p><img decoding=\"async\" class=\"aligncenter wp-image-7362\" title=\"olj\u010dno olje kot darilo\" src=\"https:\/\/opg-rakovac.hr\/wp-content\/uploads\/2018\/04\/Bilini-0.5L-u-drvenoj-ukrasnoj-kutiji-824x1024.jpg\" alt=\"olj\u010dno olje kot darilo\" width=\"500\" height=\"621\" srcset=\"https:\/\/opg-rakovac.hr\/wp-content\/uploads\/2018\/04\/Bilini-0.5L-u-drvenoj-ukrasnoj-kutiji-824x1024.jpg 824w, https:\/\/opg-rakovac.hr\/wp-content\/uploads\/2018\/04\/Bilini-0.5L-u-drvenoj-ukrasnoj-kutiji-242x300.jpg 242w, https:\/\/opg-rakovac.hr\/wp-content\/uploads\/2018\/04\/Bilini-0.5L-u-drvenoj-ukrasnoj-kutiji-768x954.jpg 768w, https:\/\/opg-rakovac.hr\/wp-content\/uploads\/2018\/04\/Bilini-0.5L-u-drvenoj-ukrasnoj-kutiji-644x800.jpg 644w, https:\/\/opg-rakovac.hr\/wp-content\/uploads\/2018\/04\/Bilini-0.5L-u-drvenoj-ukrasnoj-kutiji-230x286.jpg 230w, https:\/\/opg-rakovac.hr\/wp-content\/uploads\/2018\/04\/Bilini-0.5L-u-drvenoj-ukrasnoj-kutiji-324x402.jpg 324w, https:\/\/opg-rakovac.hr\/wp-content\/uploads\/2018\/04\/Bilini-0.5L-u-drvenoj-ukrasnoj-kutiji-416x517.jpg 416w, https:\/\/opg-rakovac.hr\/wp-content\/uploads\/2018\/04\/Bilini-0.5L-u-drvenoj-ukrasnoj-kutiji.jpg 1478w\" sizes=\"(max-width: 500px) 100vw, 500px\" \/><\/p>\n","protected":false},"excerpt":{"rendered":"<p>Ekstra devi\u0161ko olje vedno predstavlja odli\u010dno darilo! Priznajmo, vsi imajo radi darila. Ljubimo darila, ker sporo\u010dajo, da nekdo razmi\u0161lja o nas, nas \u017eeli presenetiti, razveseliti ali preprosto re\u010di hvala. Pozornost, ki nam godi ter nam daje ob\u010dutek, da nekdo \u010duti, da si darilo res zaslu\u017eimo. Velika, majhna, inovativna, klasi\u010dna, namenska ali trenutna inspiracija. Vedno so [&hellip;]<\/p>\n","protected":false},"author":1,"featured_media":5101,"parent":0,"menu_order":0,"comment_status":"closed","ping_status":"closed","template":"page-poklon.php","meta":{"_acf_changed":false,"h5ap_radio_sources":[],"footnotes":""},"class_list":["post-7940","page","type-page","status-publish","has-post-thumbnail","hentry"],"acf":[],"yoast_head":"<!-- This site is optimized with the Yoast SEO plugin v27.4 - https:\/\/yoast.com\/product\/yoast-seo-wordpress\/ -->\n<title>Olj\u010dno olje kot darilo: Podarite istrsko olj\u010dno olje Bilini!<\/title>\n<meta name=\"description\" content=\"\u0160ampionsko ekstra devi\u0161ko olj\u010dno olje kot darilo je vedno dobra ideja. Podarite steklenico ekstra devi\u0161kega olj\u010dnega olja Bilini\" \/>\n<meta name=\"robots\" content=\"index, follow, max-snippet:-1, max-image-preview:large, max-video-preview:-1\" \/>\n<link rel=\"canonical\" href=\"https:\/\/opg-rakovac.hr\/sl\/oljcno-olje-kot-darilo\/\" \/>\n<meta property=\"og:locale\" content=\"sl_SI\" \/>\n<meta property=\"og:type\" content=\"article\" \/>\n<meta property=\"og:title\" content=\"Olj\u010dno olje kot darilo: Podarite istrsko olj\u010dno olje Bilini!\" \/>\n<meta property=\"og:description\" content=\"\u0160ampionsko ekstra devi\u0161ko olj\u010dno olje kot darilo je vedno dobra ideja. Podarite steklenico ekstra devi\u0161kega olj\u010dnega olja Bilini\" \/>\n<meta property=\"og:url\" content=\"https:\/\/opg-rakovac.hr\/sl\/oljcno-olje-kot-darilo\/\" \/>\n<meta property=\"og:site_name\" content=\"OPG Rakovac\" \/>\n<meta property=\"article:publisher\" content=\"https:\/\/www.facebook.com\/Ekstra.djevicansko.maslinovo.ulje.Bilini\/\" \/>\n<meta property=\"article:modified_time\" content=\"2022-10-23T11:19:50+00:00\" \/>\n<meta property=\"og:image\" content=\"https:\/\/opg-rakovac.hr\/wp-content\/uploads\/2011\/07\/maslinovo-ulje-bilini.jpg\" \/>\n\t<meta property=\"og:image:width\" content=\"1600\" \/>\n\t<meta property=\"og:image:height\" content=\"635\" \/>\n\t<meta property=\"og:image:type\" content=\"image\/jpeg\" \/>\n<meta name=\"twitter:card\" content=\"summary_large_image\" \/>\n<meta name=\"twitter:label1\" content=\"Est. reading time\" \/>\n\t<meta name=\"twitter:data1\" content=\"1 minuta\" \/>\n<script type=\"application\/ld+json\" class=\"yoast-schema-graph\">{\"@context\":\"https:\\\/\\\/schema.org\",\"@graph\":[{\"@type\":\"WebPage\",\"@id\":\"https:\\\/\\\/opg-rakovac.hr\\\/sl\\\/oljcno-olje-kot-darilo\\\/\",\"url\":\"https:\\\/\\\/opg-rakovac.hr\\\/sl\\\/oljcno-olje-kot-darilo\\\/\",\"name\":\"Olj\u010dno olje kot darilo: Podarite istrsko olj\u010dno olje Bilini!\",\"isPartOf\":{\"@id\":\"https:\\\/\\\/opg-rakovac.hr\\\/sl\\\/#website\"},\"primaryImageOfPage\":{\"@id\":\"https:\\\/\\\/opg-rakovac.hr\\\/sl\\\/oljcno-olje-kot-darilo\\\/#primaryimage\"},\"image\":{\"@id\":\"https:\\\/\\\/opg-rakovac.hr\\\/sl\\\/oljcno-olje-kot-darilo\\\/#primaryimage\"},\"thumbnailUrl\":\"https:\\\/\\\/opg-rakovac.hr\\\/wp-content\\\/uploads\\\/2011\\\/07\\\/maslinovo-ulje-bilini.jpg\",\"datePublished\":\"2016-01-04T11:53:29+00:00\",\"dateModified\":\"2022-10-23T11:19:50+00:00\",\"description\":\"\u0160ampionsko ekstra devi\u0161ko olj\u010dno olje kot darilo je vedno dobra ideja. Podarite steklenico ekstra devi\u0161kega olj\u010dnega olja Bilini\",\"breadcrumb\":{\"@id\":\"https:\\\/\\\/opg-rakovac.hr\\\/sl\\\/oljcno-olje-kot-darilo\\\/#breadcrumb\"},\"inLanguage\":\"sl-SI\",\"potentialAction\":[{\"@type\":\"ReadAction\",\"target\":[\"https:\\\/\\\/opg-rakovac.hr\\\/sl\\\/oljcno-olje-kot-darilo\\\/\"]}]},{\"@type\":\"ImageObject\",\"inLanguage\":\"sl-SI\",\"@id\":\"https:\\\/\\\/opg-rakovac.hr\\\/sl\\\/oljcno-olje-kot-darilo\\\/#primaryimage\",\"url\":\"https:\\\/\\\/opg-rakovac.hr\\\/wp-content\\\/uploads\\\/2011\\\/07\\\/maslinovo-ulje-bilini.jpg\",\"contentUrl\":\"https:\\\/\\\/opg-rakovac.hr\\\/wp-content\\\/uploads\\\/2011\\\/07\\\/maslinovo-ulje-bilini.jpg\",\"width\":1600,\"height\":635,\"caption\":\"ekstra djevi\u010dansko maslinovo ulje Bilini\"},{\"@type\":\"BreadcrumbList\",\"@id\":\"https:\\\/\\\/opg-rakovac.hr\\\/sl\\\/oljcno-olje-kot-darilo\\\/#breadcrumb\",\"itemListElement\":[{\"@type\":\"ListItem\",\"position\":1,\"name\":\"Domov\",\"item\":\"https:\\\/\\\/opg-rakovac.hr\\\/sl\\\/\"},{\"@type\":\"ListItem\",\"position\":2,\"name\":\"Olj\u010dno olje kot darilo\"}]},{\"@type\":\"WebSite\",\"@id\":\"https:\\\/\\\/opg-rakovac.hr\\\/sl\\\/#website\",\"url\":\"https:\\\/\\\/opg-rakovac.hr\\\/sl\\\/\",\"name\":\"OPG Rakovac\",\"description\":\"Istarsko ekstra djevi\u010dansko maslinovo ulje Bilini\",\"publisher\":{\"@id\":\"https:\\\/\\\/opg-rakovac.hr\\\/sl\\\/#organization\"},\"inLanguage\":\"sl-SI\"},{\"@type\":\"Organization\",\"@id\":\"https:\\\/\\\/opg-rakovac.hr\\\/sl\\\/#organization\",\"name\":\"OPG Rakovac\",\"url\":\"https:\\\/\\\/opg-rakovac.hr\\\/sl\\\/\",\"logo\":{\"@type\":\"ImageObject\",\"inLanguage\":\"sl-SI\",\"@id\":\"https:\\\/\\\/opg-rakovac.hr\\\/sl\\\/#\\\/schema\\\/logo\\\/image\\\/\",\"url\":\"https:\\\/\\\/opg-rakovac.hr\\\/wp-content\\\/uploads\\\/2015\\\/12\\\/favicon.png\",\"contentUrl\":\"https:\\\/\\\/opg-rakovac.hr\\\/wp-content\\\/uploads\\\/2015\\\/12\\\/favicon.png\",\"width\":200,\"height\":200,\"caption\":\"OPG Rakovac\"},\"image\":{\"@id\":\"https:\\\/\\\/opg-rakovac.hr\\\/sl\\\/#\\\/schema\\\/logo\\\/image\\\/\"},\"sameAs\":[\"https:\\\/\\\/www.facebook.com\\\/Ekstra.djevicansko.maslinovo.ulje.Bilini\\\/\",\"https:\\\/\\\/www.instagram.com\\\/bilini_maslinovo_ulje\\\/\",\"https:\\\/\\\/hr.linkedin.com\\\/in\\\/bilini\",\"https:\\\/\\\/www.pinterest.com\\\/Bilini_OliveOil\\\/\",\"https:\\\/\\\/www.youtube.com\\\/channel\\\/UC7hfzAtwp1YOvhlmwNYkyQw\"]}]}<\/script>\n<!-- \/ Yoast SEO plugin. -->","yoast_head_json":{"title":"Olj\u010dno olje kot darilo: Podarite istrsko olj\u010dno olje Bilini!","description":"\u0160ampionsko ekstra devi\u0161ko olj\u010dno olje kot darilo je vedno dobra ideja. Podarite steklenico ekstra devi\u0161kega olj\u010dnega olja Bilini","robots":{"index":"index","follow":"follow","max-snippet":"max-snippet:-1","max-image-preview":"max-image-preview:large","max-video-preview":"max-video-preview:-1"},"canonical":"https:\/\/opg-rakovac.hr\/sl\/oljcno-olje-kot-darilo\/","og_locale":"sl_SI","og_type":"article","og_title":"Olj\u010dno olje kot darilo: Podarite istrsko olj\u010dno olje Bilini!","og_description":"\u0160ampionsko ekstra devi\u0161ko olj\u010dno olje kot darilo je vedno dobra ideja. Podarite steklenico ekstra devi\u0161kega olj\u010dnega olja Bilini","og_url":"https:\/\/opg-rakovac.hr\/sl\/oljcno-olje-kot-darilo\/","og_site_name":"OPG Rakovac","article_publisher":"https:\/\/www.facebook.com\/Ekstra.djevicansko.maslinovo.ulje.Bilini\/","article_modified_time":"2022-10-23T11:19:50+00:00","og_image":[{"width":1600,"height":635,"url":"https:\/\/opg-rakovac.hr\/wp-content\/uploads\/2011\/07\/maslinovo-ulje-bilini.jpg","type":"image\/jpeg"}],"twitter_card":"summary_large_image","twitter_misc":{"Est. reading time":"1 minuta"},"schema":{"@context":"https:\/\/schema.org","@graph":[{"@type":"WebPage","@id":"https:\/\/opg-rakovac.hr\/sl\/oljcno-olje-kot-darilo\/","url":"https:\/\/opg-rakovac.hr\/sl\/oljcno-olje-kot-darilo\/","name":"Olj\u010dno olje kot darilo: Podarite istrsko olj\u010dno olje Bilini!","isPartOf":{"@id":"https:\/\/opg-rakovac.hr\/sl\/#website"},"primaryImageOfPage":{"@id":"https:\/\/opg-rakovac.hr\/sl\/oljcno-olje-kot-darilo\/#primaryimage"},"image":{"@id":"https:\/\/opg-rakovac.hr\/sl\/oljcno-olje-kot-darilo\/#primaryimage"},"thumbnailUrl":"https:\/\/opg-rakovac.hr\/wp-content\/uploads\/2011\/07\/maslinovo-ulje-bilini.jpg","datePublished":"2016-01-04T11:53:29+00:00","dateModified":"2022-10-23T11:19:50+00:00","description":"\u0160ampionsko ekstra devi\u0161ko olj\u010dno olje kot darilo je vedno dobra ideja. Podarite steklenico ekstra devi\u0161kega olj\u010dnega olja Bilini","breadcrumb":{"@id":"https:\/\/opg-rakovac.hr\/sl\/oljcno-olje-kot-darilo\/#breadcrumb"},"inLanguage":"sl-SI","potentialAction":[{"@type":"ReadAction","target":["https:\/\/opg-rakovac.hr\/sl\/oljcno-olje-kot-darilo\/"]}]},{"@type":"ImageObject","inLanguage":"sl-SI","@id":"https:\/\/opg-rakovac.hr\/sl\/oljcno-olje-kot-darilo\/#primaryimage","url":"https:\/\/opg-rakovac.hr\/wp-content\/uploads\/2011\/07\/maslinovo-ulje-bilini.jpg","contentUrl":"https:\/\/opg-rakovac.hr\/wp-content\/uploads\/2011\/07\/maslinovo-ulje-bilini.jpg","width":1600,"height":635,"caption":"ekstra djevi\u010dansko maslinovo ulje Bilini"},{"@type":"BreadcrumbList","@id":"https:\/\/opg-rakovac.hr\/sl\/oljcno-olje-kot-darilo\/#breadcrumb","itemListElement":[{"@type":"ListItem","position":1,"name":"Domov","item":"https:\/\/opg-rakovac.hr\/sl\/"},{"@type":"ListItem","position":2,"name":"Olj\u010dno olje kot darilo"}]},{"@type":"WebSite","@id":"https:\/\/opg-rakovac.hr\/sl\/#website","url":"https:\/\/opg-rakovac.hr\/sl\/","name":"OPG Rakovac","description":"Istarsko ekstra djevi\u010dansko maslinovo ulje Bilini","publisher":{"@id":"https:\/\/opg-rakovac.hr\/sl\/#organization"},"inLanguage":"sl-SI"},{"@type":"Organization","@id":"https:\/\/opg-rakovac.hr\/sl\/#organization","name":"OPG Rakovac","url":"https:\/\/opg-rakovac.hr\/sl\/","logo":{"@type":"ImageObject","inLanguage":"sl-SI","@id":"https:\/\/opg-rakovac.hr\/sl\/#\/schema\/logo\/image\/","url":"https:\/\/opg-rakovac.hr\/wp-content\/uploads\/2015\/12\/favicon.png","contentUrl":"https:\/\/opg-rakovac.hr\/wp-content\/uploads\/2015\/12\/favicon.png","width":200,"height":200,"caption":"OPG Rakovac"},"image":{"@id":"https:\/\/opg-rakovac.hr\/sl\/#\/schema\/logo\/image\/"},"sameAs":["https:\/\/www.facebook.com\/Ekstra.djevicansko.maslinovo.ulje.Bilini\/","https:\/\/www.instagram.com\/bilini_maslinovo_ulje\/","https:\/\/hr.linkedin.com\/in\/bilini","https:\/\/www.pinterest.com\/Bilini_OliveOil\/","https:\/\/www.youtube.com\/channel\/UC7hfzAtwp1YOvhlmwNYkyQw"]}]}},"_links":{"self":[{"href":"https:\/\/opg-rakovac.hr\/sl\/wp-json\/wp\/v2\/pages\/7940","targetHints":{"allow":["GET"]}}],"collection":[{"href":"https:\/\/opg-rakovac.hr\/sl\/wp-json\/wp\/v2\/pages"}],"about":[{"href":"https:\/\/opg-rakovac.hr\/sl\/wp-json\/wp\/v2\/types\/page"}],"author":[{"embeddable":true,"href":"https:\/\/opg-rakovac.hr\/sl\/wp-json\/wp\/v2\/users\/1"}],"replies":[{"embeddable":true,"href":"https:\/\/opg-rakovac.hr\/sl\/wp-json\/wp\/v2\/comments?post=7940"}],"version-history":[{"count":4,"href":"https:\/\/opg-rakovac.hr\/sl\/wp-json\/wp\/v2\/pages\/7940\/revisions"}],"predecessor-version":[{"id":15661,"href":"https:\/\/opg-rakovac.hr\/sl\/wp-json\/wp\/v2\/pages\/7940\/revisions\/15661"}],"wp:featuredmedia":[{"embeddable":true,"href":"https:\/\/opg-rakovac.hr\/sl\/wp-json\/wp\/v2\/media\/5101"}],"wp:attachment":[{"href":"https:\/\/opg-rakovac.hr\/sl\/wp-json\/wp\/v2\/media?parent=7940"}],"curies":[{"name":"wp","href":"https:\/\/api.w.org\/{rel}","templated":true}]}}