{"id":7917,"date":"2016-05-14T08:33:59","date_gmt":"2016-05-14T08:33:59","guid":{"rendered":"https:\/\/opg-rakovac.hr\/2018\/naslovna\/"},"modified":"2026-03-27T11:11:41","modified_gmt":"2026-03-27T10:11:41","slug":"domov","status":"publish","type":"page","link":"https:\/\/opg-rakovac.hr\/sl\/","title":{"rendered":"Domov"},"content":{"rendered":"","protected":false},"excerpt":{"rendered":"","protected":false},"author":1,"featured_media":18222,"parent":0,"menu_order":1,"comment_status":"closed","ping_status":"closed","template":"","meta":{"_acf_changed":false,"h5ap_radio_sources":[],"footnotes":""},"class_list":["post-7917","page","type-page","status-publish","has-post-thumbnail","hentry"],"acf":[],"yoast_head":"<!-- This site is optimized with the Yoast SEO plugin v27.2 - https:\/\/yoast.com\/product\/yoast-seo-wordpress\/ -->\n<title>Ekstra devi\u0161ko olj\u010dno olje Bilini | Dru\u017einska kmetija Rakovac<\/title>\n<meta name=\"description\" content=\"Dobrodo\u0161li na spletni strani OPG Rakovac. Poskusite na\u0161e ekstra devi\u0161ko olj\u010dno olje Bilini. Zlato priznanje v New Yorku in Berlinu\" \/>\n<meta name=\"robots\" content=\"index, follow, max-snippet:-1, max-image-preview:large, max-video-preview:-1\" \/>\n<link rel=\"canonical\" href=\"https:\/\/opg-rakovac.hr\/sl\/\" \/>\n<meta property=\"og:locale\" content=\"sl_SI\" \/>\n<meta property=\"og:type\" content=\"article\" \/>\n<meta property=\"og:title\" content=\"Ekstra devi\u0161ko olj\u010dno olje Bilini | Dru\u017einska kmetija Rakovac\" \/>\n<meta property=\"og:description\" content=\"Dobrodo\u0161li na spletni strani OPG Rakovac. Poskusite na\u0161e ekstra devi\u0161ko olj\u010dno olje Bilini. Zlato priznanje v New Yorku in Berlinu\" \/>\n<meta property=\"og:url\" content=\"https:\/\/opg-rakovac.hr\/sl\/\" \/>\n<meta property=\"og:site_name\" content=\"OPG Rakovac\" \/>\n<meta property=\"article:publisher\" content=\"https:\/\/www.facebook.com\/Ekstra.djevicansko.maslinovo.ulje.Bilini\/\" \/>\n<meta property=\"article:modified_time\" content=\"2026-03-27T10:11:41+00:00\" \/>\n<meta property=\"og:image\" content=\"https:\/\/opg-rakovac.hr\/wp-content\/uploads\/2022\/11\/ekstra-djevicansko-maslinovo-ulje-Bilini.webp\" \/>\n\t<meta property=\"og:image:width\" content=\"600\" \/>\n\t<meta property=\"og:image:height\" content=\"315\" \/>\n\t<meta property=\"og:image:type\" content=\"image\/webp\" \/>\n<meta name=\"twitter:card\" content=\"summary_large_image\" \/>\n<meta name=\"twitter:label1\" content=\"Est. reading time\" \/>\n\t<meta name=\"twitter:data1\" content=\"1 minuta\" \/>\n<script type=\"application\/ld+json\" class=\"yoast-schema-graph\">{\"@context\":\"https:\/\/schema.org\",\"@graph\":[{\"@type\":\"WebPage\",\"@id\":\"https:\/\/opg-rakovac.hr\/sl\/\",\"url\":\"https:\/\/opg-rakovac.hr\/sl\/\",\"name\":\"Ekstra devi\u0161ko olj\u010dno olje Bilini | Dru\u017einska kmetija Rakovac\",\"isPartOf\":{\"@id\":\"https:\/\/opg-rakovac.hr\/sl\/#website\"},\"primaryImageOfPage\":{\"@id\":\"https:\/\/opg-rakovac.hr\/sl\/#primaryimage\"},\"image\":{\"@id\":\"https:\/\/opg-rakovac.hr\/sl\/#primaryimage\"},\"thumbnailUrl\":\"https:\/\/opg-rakovac.hr\/wp-content\/uploads\/2022\/11\/ekstra-djevicansko-maslinovo-ulje-Bilini.webp\",\"datePublished\":\"2016-05-14T08:33:59+00:00\",\"dateModified\":\"2026-03-27T10:11:41+00:00\",\"description\":\"Dobrodo\u0161li na spletni strani OPG Rakovac. Poskusite na\u0161e ekstra devi\u0161ko olj\u010dno olje Bilini. Zlato priznanje v New Yorku in Berlinu\",\"breadcrumb\":{\"@id\":\"https:\/\/opg-rakovac.hr\/sl\/#breadcrumb\"},\"inLanguage\":\"sl-SI\",\"potentialAction\":[{\"@type\":\"ReadAction\",\"target\":[\"https:\/\/opg-rakovac.hr\/sl\/\"]}]},{\"@type\":\"ImageObject\",\"inLanguage\":\"sl-SI\",\"@id\":\"https:\/\/opg-rakovac.hr\/sl\/#primaryimage\",\"url\":\"https:\/\/opg-rakovac.hr\/wp-content\/uploads\/2022\/11\/ekstra-djevicansko-maslinovo-ulje-Bilini.webp\",\"contentUrl\":\"https:\/\/opg-rakovac.hr\/wp-content\/uploads\/2022\/11\/ekstra-djevicansko-maslinovo-ulje-Bilini.webp\",\"width\":600,\"height\":315,\"caption\":\"ekstra devi\u0161ko olj\u010dno olje Bilini\"},{\"@type\":\"BreadcrumbList\",\"@id\":\"https:\/\/opg-rakovac.hr\/sl\/#breadcrumb\",\"itemListElement\":[{\"@type\":\"ListItem\",\"position\":1,\"name\":\"Domov\",\"item\":\"https:\/\/opg-rakovac.hr\/sl\/\"},{\"@type\":\"ListItem\",\"position\":2,\"name\":\"Domov\"}]},{\"@type\":\"WebSite\",\"@id\":\"https:\/\/opg-rakovac.hr\/sl\/#website\",\"url\":\"https:\/\/opg-rakovac.hr\/sl\/\",\"name\":\"OPG Rakovac\",\"description\":\"Istarsko ekstra djevi\u010dansko maslinovo ulje Bilini\",\"publisher\":{\"@id\":\"https:\/\/opg-rakovac.hr\/sl\/#organization\"},\"inLanguage\":\"sl-SI\"},{\"@type\":\"Organization\",\"@id\":\"https:\/\/opg-rakovac.hr\/sl\/#organization\",\"name\":\"OPG Rakovac\",\"url\":\"https:\/\/opg-rakovac.hr\/sl\/\",\"logo\":{\"@type\":\"ImageObject\",\"inLanguage\":\"sl-SI\",\"@id\":\"https:\/\/opg-rakovac.hr\/sl\/#\/schema\/logo\/image\/\",\"url\":\"https:\/\/opg-rakovac.hr\/wp-content\/uploads\/2015\/12\/favicon.png\",\"contentUrl\":\"https:\/\/opg-rakovac.hr\/wp-content\/uploads\/2015\/12\/favicon.png\",\"width\":200,\"height\":200,\"caption\":\"OPG Rakovac\"},\"image\":{\"@id\":\"https:\/\/opg-rakovac.hr\/sl\/#\/schema\/logo\/image\/\"},\"sameAs\":[\"https:\/\/www.facebook.com\/Ekstra.djevicansko.maslinovo.ulje.Bilini\/\",\"https:\/\/www.instagram.com\/bilini_maslinovo_ulje\/\",\"https:\/\/hr.linkedin.com\/in\/bilini\",\"https:\/\/www.pinterest.com\/Bilini_OliveOil\/\",\"https:\/\/www.youtube.com\/channel\/UC7hfzAtwp1YOvhlmwNYkyQw\"]}]}<\/script>\n<!-- \/ Yoast SEO plugin. -->","yoast_head_json":{"title":"Ekstra devi\u0161ko olj\u010dno olje Bilini | Dru\u017einska kmetija Rakovac","description":"Dobrodo\u0161li na spletni strani OPG Rakovac. Poskusite na\u0161e ekstra devi\u0161ko olj\u010dno olje Bilini. Zlato priznanje v New Yorku in Berlinu","robots":{"index":"index","follow":"follow","max-snippet":"max-snippet:-1","max-image-preview":"max-image-preview:large","max-video-preview":"max-video-preview:-1"},"canonical":"https:\/\/opg-rakovac.hr\/sl\/","og_locale":"sl_SI","og_type":"article","og_title":"Ekstra devi\u0161ko olj\u010dno olje Bilini | Dru\u017einska kmetija Rakovac","og_description":"Dobrodo\u0161li na spletni strani OPG Rakovac. Poskusite na\u0161e ekstra devi\u0161ko olj\u010dno olje Bilini. Zlato priznanje v New Yorku in Berlinu","og_url":"https:\/\/opg-rakovac.hr\/sl\/","og_site_name":"OPG Rakovac","article_publisher":"https:\/\/www.facebook.com\/Ekstra.djevicansko.maslinovo.ulje.Bilini\/","article_modified_time":"2026-03-27T10:11:41+00:00","og_image":[{"width":600,"height":315,"url":"https:\/\/opg-rakovac.hr\/wp-content\/uploads\/2022\/11\/ekstra-djevicansko-maslinovo-ulje-Bilini.webp","type":"image\/webp"}],"twitter_card":"summary_large_image","twitter_misc":{"Est. reading time":"1 minuta"},"schema":{"@context":"https:\/\/schema.org","@graph":[{"@type":"WebPage","@id":"https:\/\/opg-rakovac.hr\/sl\/","url":"https:\/\/opg-rakovac.hr\/sl\/","name":"Ekstra devi\u0161ko olj\u010dno olje Bilini | Dru\u017einska kmetija Rakovac","isPartOf":{"@id":"https:\/\/opg-rakovac.hr\/sl\/#website"},"primaryImageOfPage":{"@id":"https:\/\/opg-rakovac.hr\/sl\/#primaryimage"},"image":{"@id":"https:\/\/opg-rakovac.hr\/sl\/#primaryimage"},"thumbnailUrl":"https:\/\/opg-rakovac.hr\/wp-content\/uploads\/2022\/11\/ekstra-djevicansko-maslinovo-ulje-Bilini.webp","datePublished":"2016-05-14T08:33:59+00:00","dateModified":"2026-03-27T10:11:41+00:00","description":"Dobrodo\u0161li na spletni strani OPG Rakovac. Poskusite na\u0161e ekstra devi\u0161ko olj\u010dno olje Bilini. Zlato priznanje v New Yorku in Berlinu","breadcrumb":{"@id":"https:\/\/opg-rakovac.hr\/sl\/#breadcrumb"},"inLanguage":"sl-SI","potentialAction":[{"@type":"ReadAction","target":["https:\/\/opg-rakovac.hr\/sl\/"]}]},{"@type":"ImageObject","inLanguage":"sl-SI","@id":"https:\/\/opg-rakovac.hr\/sl\/#primaryimage","url":"https:\/\/opg-rakovac.hr\/wp-content\/uploads\/2022\/11\/ekstra-djevicansko-maslinovo-ulje-Bilini.webp","contentUrl":"https:\/\/opg-rakovac.hr\/wp-content\/uploads\/2022\/11\/ekstra-djevicansko-maslinovo-ulje-Bilini.webp","width":600,"height":315,"caption":"ekstra devi\u0161ko olj\u010dno olje Bilini"},{"@type":"BreadcrumbList","@id":"https:\/\/opg-rakovac.hr\/sl\/#breadcrumb","itemListElement":[{"@type":"ListItem","position":1,"name":"Domov","item":"https:\/\/opg-rakovac.hr\/sl\/"},{"@type":"ListItem","position":2,"name":"Domov"}]},{"@type":"WebSite","@id":"https:\/\/opg-rakovac.hr\/sl\/#website","url":"https:\/\/opg-rakovac.hr\/sl\/","name":"OPG Rakovac","description":"Istarsko ekstra djevi\u010dansko maslinovo ulje Bilini","publisher":{"@id":"https:\/\/opg-rakovac.hr\/sl\/#organization"},"inLanguage":"sl-SI"},{"@type":"Organization","@id":"https:\/\/opg-rakovac.hr\/sl\/#organization","name":"OPG Rakovac","url":"https:\/\/opg-rakovac.hr\/sl\/","logo":{"@type":"ImageObject","inLanguage":"sl-SI","@id":"https:\/\/opg-rakovac.hr\/sl\/#\/schema\/logo\/image\/","url":"https:\/\/opg-rakovac.hr\/wp-content\/uploads\/2015\/12\/favicon.png","contentUrl":"https:\/\/opg-rakovac.hr\/wp-content\/uploads\/2015\/12\/favicon.png","width":200,"height":200,"caption":"OPG Rakovac"},"image":{"@id":"https:\/\/opg-rakovac.hr\/sl\/#\/schema\/logo\/image\/"},"sameAs":["https:\/\/www.facebook.com\/Ekstra.djevicansko.maslinovo.ulje.Bilini\/","https:\/\/www.instagram.com\/bilini_maslinovo_ulje\/","https:\/\/hr.linkedin.com\/in\/bilini","https:\/\/www.pinterest.com\/Bilini_OliveOil\/","https:\/\/www.youtube.com\/channel\/UC7hfzAtwp1YOvhlmwNYkyQw"]}]}},"_links":{"self":[{"href":"https:\/\/opg-rakovac.hr\/sl\/wp-json\/wp\/v2\/pages\/7917","targetHints":{"allow":["GET"]}}],"collection":[{"href":"https:\/\/opg-rakovac.hr\/sl\/wp-json\/wp\/v2\/pages"}],"about":[{"href":"https:\/\/opg-rakovac.hr\/sl\/wp-json\/wp\/v2\/types\/page"}],"author":[{"embeddable":true,"href":"https:\/\/opg-rakovac.hr\/sl\/wp-json\/wp\/v2\/users\/1"}],"replies":[{"embeddable":true,"href":"https:\/\/opg-rakovac.hr\/sl\/wp-json\/wp\/v2\/comments?post=7917"}],"version-history":[{"count":5,"href":"https:\/\/opg-rakovac.hr\/sl\/wp-json\/wp\/v2\/pages\/7917\/revisions"}],"predecessor-version":[{"id":20874,"href":"https:\/\/opg-rakovac.hr\/sl\/wp-json\/wp\/v2\/pages\/7917\/revisions\/20874"}],"wp:featuredmedia":[{"embeddable":true,"href":"https:\/\/opg-rakovac.hr\/sl\/wp-json\/wp\/v2\/media\/18222"}],"wp:attachment":[{"href":"https:\/\/opg-rakovac.hr\/sl\/wp-json\/wp\/v2\/media?parent=7917"}],"curies":[{"name":"wp","href":"https:\/\/api.w.org\/{rel}","templated":true}]}}