{"id":4995,"date":"2016-05-14T09:29:51","date_gmt":"2016-05-14T09:29:51","guid":{"rendered":"https:\/\/opg-rakovac.hr\/2018\/o-nama-opg-rakovac\/"},"modified":"2022-10-23T11:16:14","modified_gmt":"2022-10-23T11:16:14","slug":"druzinska-kmetija-rakovac","status":"publish","type":"page","link":"https:\/\/opg-rakovac.hr\/sl\/druzinska-kmetija-rakovac\/","title":{"rendered":"Dru\u017einska kmetija Rakovac"},"content":{"rendered":"<h2 class=\"section-header\" class=\"section-header\"><b>Dru\u017einska kmetija Rakovac &#8211; Na\u0161a zgodba<\/b><\/h2>\n<p style=\"text-align: justify;\"><span style=\"font-weight: 400;\">Ne tako dolgo nazaj sva Sa\u0161a in jaz \u017eivela obi\u010dajno sre\u010dno me\u0161\u010dansko \u017eivljenje v vlogi project manager-ja in sales manager-ja. Niz \u010dudnih dogodkov se je za\u010del, ko sem se bolj za \u0161alo kot zares, odlo\u010dila vpisati na te\u010daj gojenja oljk. Imela sem sre\u010do, da sem naletela na predavatelja entuzijasta. Svojo ljubezen do narave je znal prenesti na tiste, ki so to \u017eeleli sli\u0161ati. In tako so oljke, ki so mi bile vedno ljube, definitivno postale najljub\u0161e!<\/span><\/p>\n\n<blockquote class=\"content__quote\">\n\t\u201c<span style=\"font-weight: 400;\">&#8230; trajna, skromna kultura, ki deluje na robu vinograda ali na steni<\/span>\u201d<\/blockquote>\n\n\n<div class='content-column one_half'><p style=\"text-align: justify;\"><span style=\"font-weight: 400;\">Splet okoli\u0161\u010din je bil tak, da se je Sa\u0161a, urbani rocker iz \u010detrtega nastropja, zna\u0161el v situacijo, v kateri so ga oljke do\u010dakale v meter in pol zarasli travi, in prakse resni\u010dnih problemov olj\u010dnih nasadov: od <a href=\"https:\/\/www.ivr.si\/wp-content\/uploads\/2018\/01\/Pavje-oko.pdf\" target=\"_blank\" rel=\"noopener\">pavjega o\u010desa<\/a><\/span><span style=\"font-weight: 400;\">, do dreves, ki be\u017eijo v nebo, ko\u0161ata in divja kot njegova pri\u010deska. Seveda, mo\u0161ki je z zapu\u0161\u010denimi olj\u010dnimi nasadi dobil tudi dva zelo dobro rabljena traktorja, brez znanja kako jih uporabljati, in \u017eeno teoreti\u010darko s skromno fizi\u010dno mo\u010djo. Toda trden in energi\u010den, trmast in svojeglav, se je hitro nau\u010dil vseh potrebnih stvari, in dejstvom, da se u\u010denje nikoli ne kon\u010da.<\/span><\/p><\/div>\n<div class='content-column one_half last_column'><p style=\"text-align: justify;\"><span style=\"font-weight: 400;\">Danes na\u0161a majhna dru\u017einska kmetija stopila na svoje noge. Drevesa so vse mo\u010dnej\u0161a in lep\u0161a. Sadov je vse ve\u010d, a <a href=\"https:\/\/opg-rakovac.hr\/sl\/istrsko-ekstra-devisko-oljcno-olje-bilini\/\" target=\"_blank\" rel=\"noopener\">olje<\/a>, ki je bilo odli\u010dno od prvega dne, je \u0161e vedno super. Na sre\u010do je dela neskon\u010dno, zato nam ni dolgo\u010dasno. \ud83d\ude42 In tam, kjer nekdo vidi samo pa\u0161nik ali zaraslo njivo, mi vidimo nove mlade oljke. To je samo vpra\u0161anje \u010dasa: ne ali bomo, ampak le kdaj.<\/span><\/p><\/div><div class='clear_column'><\/div>\n","protected":false},"excerpt":{"rendered":"<p>Dru\u017einska kmetija Rakovac &#8211; Na\u0161a zgodba Ne tako dolgo nazaj sva Sa\u0161a in jaz \u017eivela obi\u010dajno sre\u010dno me\u0161\u010dansko \u017eivljenje v vlogi project manager-ja in sales manager-ja. Niz \u010dudnih dogodkov se je za\u010del, ko sem se bolj za \u0161alo kot zares, odlo\u010dila vpisati na te\u010daj gojenja oljk. Imela sem sre\u010do, da sem naletela na predavatelja entuzijasta. [&hellip;]<\/p>\n","protected":false},"author":1,"featured_media":5205,"parent":0,"menu_order":0,"comment_status":"closed","ping_status":"closed","template":"","meta":{"_acf_changed":false,"h5ap_radio_sources":[],"footnotes":""},"class_list":["post-4995","page","type-page","status-publish","has-post-thumbnail","hentry"],"acf":[],"yoast_head":"<!-- This site is optimized with the Yoast SEO plugin v27.4 - https:\/\/yoast.com\/product\/yoast-seo-wordpress\/ -->\n<title>Dru\u017einska kmetija Rakovac - ekstra devi\u0161ko olj\u010dno olje Bilini<\/title>\n<meta name=\"description\" content=\"Ljubezen do gojenje oljk. Dru\u017einska kmetija Rakovac proizvaja \u0161ampionsko istrsko ekstra devi\u0161ko olj\u010dno olje Bilini. Izvedi ve\u010d:\" \/>\n<meta name=\"robots\" content=\"index, follow, max-snippet:-1, max-image-preview:large, max-video-preview:-1\" \/>\n<link rel=\"canonical\" href=\"https:\/\/opg-rakovac.hr\/sl\/druzinska-kmetija-rakovac\/\" \/>\n<meta property=\"og:locale\" content=\"sl_SI\" \/>\n<meta property=\"og:type\" content=\"article\" \/>\n<meta property=\"og:title\" content=\"Dru\u017einska kmetija Rakovac - ekstra devi\u0161ko olj\u010dno olje Bilini\" \/>\n<meta property=\"og:description\" content=\"Ljubezen do gojenje oljk. Dru\u017einska kmetija Rakovac proizvaja \u0161ampionsko istrsko ekstra devi\u0161ko olj\u010dno olje Bilini. Izvedi ve\u010d:\" \/>\n<meta property=\"og:url\" content=\"https:\/\/opg-rakovac.hr\/sl\/druzinska-kmetija-rakovac\/\" \/>\n<meta property=\"og:site_name\" content=\"OPG Rakovac\" \/>\n<meta property=\"article:publisher\" content=\"https:\/\/www.facebook.com\/Ekstra.djevicansko.maslinovo.ulje.Bilini\/\" \/>\n<meta property=\"article:modified_time\" content=\"2022-10-23T11:16:14+00:00\" \/>\n<meta property=\"og:image\" content=\"https:\/\/opg-rakovac.hr\/wp-content\/uploads\/2011\/07\/obitelj-Petkovic-Rakovac-e1529932774453.jpg\" \/>\n\t<meta property=\"og:image:width\" content=\"800\" \/>\n\t<meta property=\"og:image:height\" content=\"533\" \/>\n\t<meta property=\"og:image:type\" content=\"image\/jpeg\" \/>\n<meta name=\"twitter:card\" content=\"summary_large_image\" \/>\n<meta name=\"twitter:label1\" content=\"Est. reading time\" \/>\n\t<meta name=\"twitter:data1\" content=\"2 minuti\" \/>\n<script type=\"application\/ld+json\" class=\"yoast-schema-graph\">{\"@context\":\"https:\\\/\\\/schema.org\",\"@graph\":[{\"@type\":\"WebPage\",\"@id\":\"https:\\\/\\\/opg-rakovac.hr\\\/sl\\\/druzinska-kmetija-rakovac\\\/\",\"url\":\"https:\\\/\\\/opg-rakovac.hr\\\/sl\\\/druzinska-kmetija-rakovac\\\/\",\"name\":\"Dru\u017einska kmetija Rakovac - ekstra devi\u0161ko olj\u010dno olje Bilini\",\"isPartOf\":{\"@id\":\"https:\\\/\\\/opg-rakovac.hr\\\/sl\\\/#website\"},\"primaryImageOfPage\":{\"@id\":\"https:\\\/\\\/opg-rakovac.hr\\\/sl\\\/druzinska-kmetija-rakovac\\\/#primaryimage\"},\"image\":{\"@id\":\"https:\\\/\\\/opg-rakovac.hr\\\/sl\\\/druzinska-kmetija-rakovac\\\/#primaryimage\"},\"thumbnailUrl\":\"https:\\\/\\\/opg-rakovac.hr\\\/wp-content\\\/uploads\\\/2011\\\/07\\\/obitelj-Petkovic-Rakovac-e1529932774453.jpg\",\"datePublished\":\"2016-05-14T09:29:51+00:00\",\"dateModified\":\"2022-10-23T11:16:14+00:00\",\"description\":\"Ljubezen do gojenje oljk. Dru\u017einska kmetija Rakovac proizvaja \u0161ampionsko istrsko ekstra devi\u0161ko olj\u010dno olje Bilini. Izvedi ve\u010d:\",\"breadcrumb\":{\"@id\":\"https:\\\/\\\/opg-rakovac.hr\\\/sl\\\/druzinska-kmetija-rakovac\\\/#breadcrumb\"},\"inLanguage\":\"sl-SI\",\"potentialAction\":[{\"@type\":\"ReadAction\",\"target\":[\"https:\\\/\\\/opg-rakovac.hr\\\/sl\\\/druzinska-kmetija-rakovac\\\/\"]}]},{\"@type\":\"ImageObject\",\"inLanguage\":\"sl-SI\",\"@id\":\"https:\\\/\\\/opg-rakovac.hr\\\/sl\\\/druzinska-kmetija-rakovac\\\/#primaryimage\",\"url\":\"https:\\\/\\\/opg-rakovac.hr\\\/wp-content\\\/uploads\\\/2011\\\/07\\\/obitelj-Petkovic-Rakovac-e1529932774453.jpg\",\"contentUrl\":\"https:\\\/\\\/opg-rakovac.hr\\\/wp-content\\\/uploads\\\/2011\\\/07\\\/obitelj-Petkovic-Rakovac-e1529932774453.jpg\",\"width\":800,\"height\":533,\"caption\":\"bilini kontakt\"},{\"@type\":\"BreadcrumbList\",\"@id\":\"https:\\\/\\\/opg-rakovac.hr\\\/sl\\\/druzinska-kmetija-rakovac\\\/#breadcrumb\",\"itemListElement\":[{\"@type\":\"ListItem\",\"position\":1,\"name\":\"Domov\",\"item\":\"https:\\\/\\\/opg-rakovac.hr\\\/sl\\\/\"},{\"@type\":\"ListItem\",\"position\":2,\"name\":\"Dru\u017einska kmetija Rakovac\"}]},{\"@type\":\"WebSite\",\"@id\":\"https:\\\/\\\/opg-rakovac.hr\\\/sl\\\/#website\",\"url\":\"https:\\\/\\\/opg-rakovac.hr\\\/sl\\\/\",\"name\":\"OPG Rakovac\",\"description\":\"Istarsko ekstra djevi\u010dansko maslinovo ulje Bilini\",\"publisher\":{\"@id\":\"https:\\\/\\\/opg-rakovac.hr\\\/sl\\\/#organization\"},\"inLanguage\":\"sl-SI\"},{\"@type\":\"Organization\",\"@id\":\"https:\\\/\\\/opg-rakovac.hr\\\/sl\\\/#organization\",\"name\":\"OPG Rakovac\",\"url\":\"https:\\\/\\\/opg-rakovac.hr\\\/sl\\\/\",\"logo\":{\"@type\":\"ImageObject\",\"inLanguage\":\"sl-SI\",\"@id\":\"https:\\\/\\\/opg-rakovac.hr\\\/sl\\\/#\\\/schema\\\/logo\\\/image\\\/\",\"url\":\"https:\\\/\\\/opg-rakovac.hr\\\/wp-content\\\/uploads\\\/2015\\\/12\\\/favicon.png\",\"contentUrl\":\"https:\\\/\\\/opg-rakovac.hr\\\/wp-content\\\/uploads\\\/2015\\\/12\\\/favicon.png\",\"width\":200,\"height\":200,\"caption\":\"OPG Rakovac\"},\"image\":{\"@id\":\"https:\\\/\\\/opg-rakovac.hr\\\/sl\\\/#\\\/schema\\\/logo\\\/image\\\/\"},\"sameAs\":[\"https:\\\/\\\/www.facebook.com\\\/Ekstra.djevicansko.maslinovo.ulje.Bilini\\\/\",\"https:\\\/\\\/www.instagram.com\\\/bilini_maslinovo_ulje\\\/\",\"https:\\\/\\\/hr.linkedin.com\\\/in\\\/bilini\",\"https:\\\/\\\/www.pinterest.com\\\/Bilini_OliveOil\\\/\",\"https:\\\/\\\/www.youtube.com\\\/channel\\\/UC7hfzAtwp1YOvhlmwNYkyQw\"]}]}<\/script>\n<!-- \/ Yoast SEO plugin. -->","yoast_head_json":{"title":"Dru\u017einska kmetija Rakovac - ekstra devi\u0161ko olj\u010dno olje Bilini","description":"Ljubezen do gojenje oljk. Dru\u017einska kmetija Rakovac proizvaja \u0161ampionsko istrsko ekstra devi\u0161ko olj\u010dno olje Bilini. Izvedi ve\u010d:","robots":{"index":"index","follow":"follow","max-snippet":"max-snippet:-1","max-image-preview":"max-image-preview:large","max-video-preview":"max-video-preview:-1"},"canonical":"https:\/\/opg-rakovac.hr\/sl\/druzinska-kmetija-rakovac\/","og_locale":"sl_SI","og_type":"article","og_title":"Dru\u017einska kmetija Rakovac - ekstra devi\u0161ko olj\u010dno olje Bilini","og_description":"Ljubezen do gojenje oljk. Dru\u017einska kmetija Rakovac proizvaja \u0161ampionsko istrsko ekstra devi\u0161ko olj\u010dno olje Bilini. Izvedi ve\u010d:","og_url":"https:\/\/opg-rakovac.hr\/sl\/druzinska-kmetija-rakovac\/","og_site_name":"OPG Rakovac","article_publisher":"https:\/\/www.facebook.com\/Ekstra.djevicansko.maslinovo.ulje.Bilini\/","article_modified_time":"2022-10-23T11:16:14+00:00","og_image":[{"width":800,"height":533,"url":"https:\/\/opg-rakovac.hr\/wp-content\/uploads\/2011\/07\/obitelj-Petkovic-Rakovac-e1529932774453.jpg","type":"image\/jpeg"}],"twitter_card":"summary_large_image","twitter_misc":{"Est. reading time":"2 minuti"},"schema":{"@context":"https:\/\/schema.org","@graph":[{"@type":"WebPage","@id":"https:\/\/opg-rakovac.hr\/sl\/druzinska-kmetija-rakovac\/","url":"https:\/\/opg-rakovac.hr\/sl\/druzinska-kmetija-rakovac\/","name":"Dru\u017einska kmetija Rakovac - ekstra devi\u0161ko olj\u010dno olje Bilini","isPartOf":{"@id":"https:\/\/opg-rakovac.hr\/sl\/#website"},"primaryImageOfPage":{"@id":"https:\/\/opg-rakovac.hr\/sl\/druzinska-kmetija-rakovac\/#primaryimage"},"image":{"@id":"https:\/\/opg-rakovac.hr\/sl\/druzinska-kmetija-rakovac\/#primaryimage"},"thumbnailUrl":"https:\/\/opg-rakovac.hr\/wp-content\/uploads\/2011\/07\/obitelj-Petkovic-Rakovac-e1529932774453.jpg","datePublished":"2016-05-14T09:29:51+00:00","dateModified":"2022-10-23T11:16:14+00:00","description":"Ljubezen do gojenje oljk. Dru\u017einska kmetija Rakovac proizvaja \u0161ampionsko istrsko ekstra devi\u0161ko olj\u010dno olje Bilini. Izvedi ve\u010d:","breadcrumb":{"@id":"https:\/\/opg-rakovac.hr\/sl\/druzinska-kmetija-rakovac\/#breadcrumb"},"inLanguage":"sl-SI","potentialAction":[{"@type":"ReadAction","target":["https:\/\/opg-rakovac.hr\/sl\/druzinska-kmetija-rakovac\/"]}]},{"@type":"ImageObject","inLanguage":"sl-SI","@id":"https:\/\/opg-rakovac.hr\/sl\/druzinska-kmetija-rakovac\/#primaryimage","url":"https:\/\/opg-rakovac.hr\/wp-content\/uploads\/2011\/07\/obitelj-Petkovic-Rakovac-e1529932774453.jpg","contentUrl":"https:\/\/opg-rakovac.hr\/wp-content\/uploads\/2011\/07\/obitelj-Petkovic-Rakovac-e1529932774453.jpg","width":800,"height":533,"caption":"bilini kontakt"},{"@type":"BreadcrumbList","@id":"https:\/\/opg-rakovac.hr\/sl\/druzinska-kmetija-rakovac\/#breadcrumb","itemListElement":[{"@type":"ListItem","position":1,"name":"Domov","item":"https:\/\/opg-rakovac.hr\/sl\/"},{"@type":"ListItem","position":2,"name":"Dru\u017einska kmetija Rakovac"}]},{"@type":"WebSite","@id":"https:\/\/opg-rakovac.hr\/sl\/#website","url":"https:\/\/opg-rakovac.hr\/sl\/","name":"OPG Rakovac","description":"Istarsko ekstra djevi\u010dansko maslinovo ulje Bilini","publisher":{"@id":"https:\/\/opg-rakovac.hr\/sl\/#organization"},"inLanguage":"sl-SI"},{"@type":"Organization","@id":"https:\/\/opg-rakovac.hr\/sl\/#organization","name":"OPG Rakovac","url":"https:\/\/opg-rakovac.hr\/sl\/","logo":{"@type":"ImageObject","inLanguage":"sl-SI","@id":"https:\/\/opg-rakovac.hr\/sl\/#\/schema\/logo\/image\/","url":"https:\/\/opg-rakovac.hr\/wp-content\/uploads\/2015\/12\/favicon.png","contentUrl":"https:\/\/opg-rakovac.hr\/wp-content\/uploads\/2015\/12\/favicon.png","width":200,"height":200,"caption":"OPG Rakovac"},"image":{"@id":"https:\/\/opg-rakovac.hr\/sl\/#\/schema\/logo\/image\/"},"sameAs":["https:\/\/www.facebook.com\/Ekstra.djevicansko.maslinovo.ulje.Bilini\/","https:\/\/www.instagram.com\/bilini_maslinovo_ulje\/","https:\/\/hr.linkedin.com\/in\/bilini","https:\/\/www.pinterest.com\/Bilini_OliveOil\/","https:\/\/www.youtube.com\/channel\/UC7hfzAtwp1YOvhlmwNYkyQw"]}]}},"_links":{"self":[{"href":"https:\/\/opg-rakovac.hr\/sl\/wp-json\/wp\/v2\/pages\/4995","targetHints":{"allow":["GET"]}}],"collection":[{"href":"https:\/\/opg-rakovac.hr\/sl\/wp-json\/wp\/v2\/pages"}],"about":[{"href":"https:\/\/opg-rakovac.hr\/sl\/wp-json\/wp\/v2\/types\/page"}],"author":[{"embeddable":true,"href":"https:\/\/opg-rakovac.hr\/sl\/wp-json\/wp\/v2\/users\/1"}],"replies":[{"embeddable":true,"href":"https:\/\/opg-rakovac.hr\/sl\/wp-json\/wp\/v2\/comments?post=4995"}],"version-history":[{"count":5,"href":"https:\/\/opg-rakovac.hr\/sl\/wp-json\/wp\/v2\/pages\/4995\/revisions"}],"predecessor-version":[{"id":9432,"href":"https:\/\/opg-rakovac.hr\/sl\/wp-json\/wp\/v2\/pages\/4995\/revisions\/9432"}],"wp:featuredmedia":[{"embeddable":true,"href":"https:\/\/opg-rakovac.hr\/sl\/wp-json\/wp\/v2\/media\/5205"}],"wp:attachment":[{"href":"https:\/\/opg-rakovac.hr\/sl\/wp-json\/wp\/v2\/media?parent=4995"}],"curies":[{"name":"wp","href":"https:\/\/api.w.org\/{rel}","templated":true}]}}