{"id":4910,"date":"2016-01-05T11:00:24","date_gmt":"2016-01-05T11:00:24","guid":{"rendered":"https:\/\/opg-rakovac.hr\/2018\/kemijska-analiza-maslinovog-ulja\/"},"modified":"2025-07-14T14:00:55","modified_gmt":"2025-07-14T12:00:55","slug":"kemijska-analiza-oljcnega-olja-bilini","status":"publish","type":"page","link":"https:\/\/opg-rakovac.hr\/sl\/kemijska-analiza-oljcnega-olja-bilini\/","title":{"rendered":"Kemijska analiza olj\u010dnega olja Bilini"},"content":{"rendered":"<p style=\"text-align: justify;\"><span style=\"font-weight: 400;\">Na\u0161e olj\u010dno olje spada v ekstra devi\u0161ko, kar potrjuje kemijska analiza olj\u010dnega olja, katero smo izvedli <a href=\"https:\/\/opg-rakovac.hr\/sl\/blog\/oljcno-olje-bilini\/mlado-oljcno-olje-2023-bilini-je-tukaj\/\" target=\"_blank\" rel=\"noopener\">po izdelavi mladega olja<\/a>.<\/span><\/p>\n<p style=\"text-align: justify;\"><span style=\"font-weight: 400;\">Za oceno kakovosti olj\u010dnega olja se uporabljajo dve osnovni metodi: kemijska analiza in senzori\u010dna analiza. Senzori\u010dna analiza olj\u010dnega olja se izvaja na panel testu, v katerem ocenjevalci poku\u0161ajo in ocenjujejo organolepti\u010dne lastnosti olja, <strong>kemi\u010dna analiza olj\u010dnega olja<\/strong> pa se izvede na podlagi objektivne analize kemijske sestave olja, v kateri se najpogosteje ocenjujeta dva parametra:<\/span><\/p>\n<ul style=\"text-align: justify;\">\n<li><span style=\"font-weight: 400;\"><strong>proste <a href=\"https:\/\/sl.wikipedia.org\/wiki\/Ma%C5%A1%C4%8Dobna_kislina\" target=\"_blank\" rel=\"noopener noreferrer\">ma\u0161\u010dobne kisline<\/a><\/strong> (oleinska kislina) in<\/span><\/li>\n<li><span style=\"font-weight: 400;\"><strong>peroksidna \u0161tevilka<\/strong>, ki ka\u017ee koli\u010dino hiperoksida v olju, ki so glavni pokazatelji avtooksidacije v olj\u010dnem olju. Oksidacija olja je neizogiben proces postopnega kvarjenja olja v \u010dasu razli\u010dnih kemi\u010dnih procesov v samem olju. Ni\u017eja kot je peroksidna \u0161tevilka med kemijsko analizo olj\u010dnega olja, bo to olje trajneje ( v primeru pravo\u010dasnega in rednega pretakanja oziroma filtriranja olja).<br \/>\n<\/span><\/li>\n<\/ul>\n<h2 class=\"section-header\" style=\"text-align: justify;\">Kemijska analiza olj\u010dnega olja Bilini<\/h2>\n<p style=\"text-align: justify;\"><span style=\"font-weight: 400;\">Spodaj lahko najdete kemi\u010dno analizo olj\u010dnega olja Bilini, kar dokazuje, da gre za ekstra devi\u0161ko olj\u010dno olje visoke kakovosti &#8211; kliknite na sliko za pove\u010davo:<\/span><\/p>\n<figure id=\"attachment_19674\" aria-describedby=\"caption-attachment-19674\" style=\"width: 300px\" class=\"wp-caption aligncenter\"><a href=\"https:\/\/opg-rakovac.hr\/wp-content\/uploads\/2023\/11\/Chemical-analysis-Bilini-2023-300x169.webp\" class=\"fancybox\"><img decoding=\"async\" class=\"wp-image-19674 size-medium\" title=\"kemijska analiza olj\u010dnega olja Bilini, \u017eetev 2023\" src=\"https:\/\/opg-rakovac.hr\/wp-content\/uploads\/2023\/11\/Chemical-analysis-Bilini-2023-300x169.webp\" alt=\"kemijska analiza olj\u010dnega olja Bilini, \u017eetev 2023\" width=\"300\" height=\"169\" srcset=\"https:\/\/opg-rakovac.hr\/wp-content\/uploads\/2023\/11\/Chemical-analysis-Bilini-2023-300x169.webp 300w, https:\/\/opg-rakovac.hr\/wp-content\/uploads\/2023\/11\/Chemical-analysis-Bilini-2023-1024x577.webp 1024w, https:\/\/opg-rakovac.hr\/wp-content\/uploads\/2023\/11\/Chemical-analysis-Bilini-2023-768x433.webp 768w, https:\/\/opg-rakovac.hr\/wp-content\/uploads\/2023\/11\/Chemical-analysis-Bilini-2023-570x320.webp 570w, https:\/\/opg-rakovac.hr\/wp-content\/uploads\/2023\/11\/Chemical-analysis-Bilini-2023-230x130.webp 230w, https:\/\/opg-rakovac.hr\/wp-content\/uploads\/2023\/11\/Chemical-analysis-Bilini-2023-1065x600.webp 1065w, https:\/\/opg-rakovac.hr\/wp-content\/uploads\/2023\/11\/Chemical-analysis-Bilini-2023-1127x635.webp 1127w, https:\/\/opg-rakovac.hr\/wp-content\/uploads\/2023\/11\/Chemical-analysis-Bilini-2023-324x183.webp 324w, https:\/\/opg-rakovac.hr\/wp-content\/uploads\/2023\/11\/Chemical-analysis-Bilini-2023-416x234.webp 416w, https:\/\/opg-rakovac.hr\/wp-content\/uploads\/2023\/11\/Chemical-analysis-Bilini-2023.webp 1251w\" sizes=\"(max-width: 300px) 100vw, 300px\" \/><\/a><figcaption id=\"caption-attachment-19674\" class=\"wp-caption-text\">kemijska analiza olj\u010dnega olja Bilini, \u017eetev 2023<\/figcaption><\/figure>\n<p style=\"text-align: justify;\"><strong>Idealno je imeti \u010dim manj\u0161i dele\u017e prostih ma\u0161\u010dobnih kislin v olju ter ni\u017ejo peroksidno \u0161tevilo.<\/strong><\/p>\n<p style=\"text-align: justify;\"><span style=\"font-weight: 400;\">Ekstra devi\u0161ka olj\u010dna olja so tista olja, ki v kemijski analizi vsebujejo prostih ma\u0161\u010dobnih kislin manj kot 0,80%. Olj\u010dno olje Bilini jih ima 0,12%, kar je skoraj 7-krat manj od dovoljenega. <\/span><\/p>\n<p style=\"text-align: justify;\"><span style=\"font-weight: 400;\">Pri ekstra devi\u0161kih oljih mora biti peroksidno \u0161tevilo manj kot 20. Letos je na\u0161e olje doseglo peroksidno \u0161tevilo 4.5 kar je 4-krat manj od dovoljenega.<br \/>\n<\/span><\/p>\n<p style=\"text-align: justify;\"><span style=\"font-weight: 400;\">To pomeni, da kakovost <a href=\"https:\/\/opg-rakovac.hr\/sl\/istrsko-ekstra-devisko-oljcno-olje-bilini\/\" target=\"_blank\" rel=\"noopener noreferrer\">olj\u010dnega olja Bilini<\/a> zagotavljamo tudi na podlagi kemi\u010dne analize. <\/span><\/p>\n<p style=\"text-align: justify;\"><span style=\"font-weight: 400;\">Kar zadeva organolepti\u010dne lastnosti na\u0161ega olja &#8211; je intenzivno, s prevladujo\u010dim okusom trave, ro\u017eic, paradi\u017enika ter sade\u017eev oljk. Doslej smo od na\u0161ih kupcev prejeli samo pohvale. Poskusite ga tudi vi!\u00a0<\/span><\/p>\n<p>Olje Bilini je ve\u010dletni <a href=\"https:\/\/opg-rakovac.hr\/sl\/tag\/nagrade-sl\/\" target=\"_blank\" rel=\"noopener\">dobitnik zlatih medalj<\/a> na najve\u010djih svetovnih tekmovanjih ekstra devi\u0161kega olj\u010dnega olja v New Yorku in Berlinu.<\/p>\n<figure id=\"attachment_19404\" aria-describedby=\"caption-attachment-19404\" style=\"width: 300px\" class=\"wp-caption aligncenter\"><a href=\"https:\/\/opg-rakovac.hr\/wp-content\/uploads\/2023\/04\/olive-oil-tasting-glasses-300x135.webp\" class=\"fancybox\"><img decoding=\"async\" class=\"wp-image-19404 size-medium\" title=\"Ekstra devi\u0161ko olj\u010dno olje Bilini\" src=\"https:\/\/opg-rakovac.hr\/wp-content\/uploads\/2023\/04\/olive-oil-tasting-glasses-300x135.webp\" alt=\"Ekstra devi\u0161ko olj\u010dno olje Bilini\" width=\"300\" height=\"135\" srcset=\"https:\/\/opg-rakovac.hr\/wp-content\/uploads\/2023\/04\/olive-oil-tasting-glasses-300x135.webp 300w, https:\/\/opg-rakovac.hr\/wp-content\/uploads\/2023\/04\/olive-oil-tasting-glasses-1024x462.webp 1024w, https:\/\/opg-rakovac.hr\/wp-content\/uploads\/2023\/04\/olive-oil-tasting-glasses-768x346.webp 768w, https:\/\/opg-rakovac.hr\/wp-content\/uploads\/2023\/04\/olive-oil-tasting-glasses-230x104.webp 230w, https:\/\/opg-rakovac.hr\/wp-content\/uploads\/2023\/04\/olive-oil-tasting-glasses-1170x527.webp 1170w, https:\/\/opg-rakovac.hr\/wp-content\/uploads\/2023\/04\/olive-oil-tasting-glasses-324x146.webp 324w, https:\/\/opg-rakovac.hr\/wp-content\/uploads\/2023\/04\/olive-oil-tasting-glasses-416x188.webp 416w, https:\/\/opg-rakovac.hr\/wp-content\/uploads\/2023\/04\/olive-oil-tasting-glasses.webp 1200w\" sizes=\"(max-width: 300px) 100vw, 300px\" \/><\/a><figcaption id=\"caption-attachment-19404\" class=\"wp-caption-text\">Ekstra devi\u0161ko olj\u010dno olje Bilini<\/figcaption><\/figure>\n<div class=\"cta-link animate animate--sm\">\n\t<div class=\"btn-wrapper text-center\">\n\t\t<a href=\"https:\/\/opg-rakovac.hr\/sl\/shop\/\" class=\"btn btn-primary\">\n\t\t\tNARO\u010cITE OLJ\u010cNO OLJE BILINI!\t\t<\/a>\n\t<\/div>\n<\/div>\n","protected":false},"excerpt":{"rendered":"<p>Na\u0161e olj\u010dno olje spada v ekstra devi\u0161ko, kar potrjuje kemijska analiza olj\u010dnega olja, katero smo izvedli po izdelavi mladega olja. Za oceno kakovosti olj\u010dnega olja se uporabljajo dve osnovni metodi: kemijska analiza in senzori\u010dna analiza. Senzori\u010dna analiza olj\u010dnega olja se izvaja na panel testu, v katerem ocenjevalci poku\u0161ajo in ocenjujejo organolepti\u010dne lastnosti olja, kemi\u010dna analiza [&hellip;]<\/p>\n","protected":false},"author":1,"featured_media":19674,"parent":0,"menu_order":3,"comment_status":"closed","ping_status":"closed","template":"","meta":{"_acf_changed":false,"h5ap_radio_sources":[],"footnotes":""},"class_list":["post-4910","page","type-page","status-publish","has-post-thumbnail","hentry"],"acf":[],"yoast_head":"<!-- This site is optimized with the Yoast SEO plugin v27.4 - https:\/\/yoast.com\/product\/yoast-seo-wordpress\/ -->\n<title>Kemijska analiza olj\u010dnega olja Bilini - Dru\u017einska kmetija Rakovac<\/title>\n<meta name=\"description\" content=\"kemijska analiza ekstra devi\u0161kega olj\u010dnega olja Bilini pri\u010da, da gre za ekstra devi\u0161ko olje zelo visoke kakovosti. Preberi ve\u010d:\" \/>\n<meta name=\"robots\" content=\"index, follow, max-snippet:-1, max-image-preview:large, max-video-preview:-1\" \/>\n<link rel=\"canonical\" href=\"https:\/\/opg-rakovac.hr\/sl\/kemijska-analiza-oljcnega-olja-bilini\/\" \/>\n<meta property=\"og:locale\" content=\"sl_SI\" \/>\n<meta property=\"og:type\" content=\"article\" \/>\n<meta property=\"og:title\" content=\"Kemijska analiza olj\u010dnega olja Bilini - Dru\u017einska kmetija Rakovac\" \/>\n<meta property=\"og:description\" content=\"kemijska analiza ekstra devi\u0161kega olj\u010dnega olja Bilini pri\u010da, da gre za ekstra devi\u0161ko olje zelo visoke kakovosti. Preberi ve\u010d:\" \/>\n<meta property=\"og:url\" content=\"https:\/\/opg-rakovac.hr\/sl\/kemijska-analiza-oljcnega-olja-bilini\/\" \/>\n<meta property=\"og:site_name\" content=\"OPG Rakovac\" \/>\n<meta property=\"article:publisher\" content=\"https:\/\/www.facebook.com\/Ekstra.djevicansko.maslinovo.ulje.Bilini\/\" \/>\n<meta property=\"article:modified_time\" content=\"2025-07-14T12:00:55+00:00\" \/>\n<meta property=\"og:image\" content=\"https:\/\/opg-rakovac.hr\/wp-content\/uploads\/2023\/11\/Chemical-analysis-Bilini-2023.webp\" \/>\n\t<meta property=\"og:image:width\" content=\"1251\" \/>\n\t<meta property=\"og:image:height\" content=\"705\" \/>\n\t<meta property=\"og:image:type\" content=\"image\/webp\" \/>\n<meta name=\"twitter:card\" content=\"summary_large_image\" \/>\n<meta name=\"twitter:label1\" content=\"Est. reading time\" \/>\n\t<meta name=\"twitter:data1\" content=\"3 minute\" \/>\n<script type=\"application\/ld+json\" class=\"yoast-schema-graph\">{\"@context\":\"https:\\\/\\\/schema.org\",\"@graph\":[{\"@type\":\"WebPage\",\"@id\":\"https:\\\/\\\/opg-rakovac.hr\\\/sl\\\/kemijska-analiza-oljcnega-olja-bilini\\\/\",\"url\":\"https:\\\/\\\/opg-rakovac.hr\\\/sl\\\/kemijska-analiza-oljcnega-olja-bilini\\\/\",\"name\":\"Kemijska analiza olj\u010dnega olja Bilini - Dru\u017einska kmetija Rakovac\",\"isPartOf\":{\"@id\":\"https:\\\/\\\/opg-rakovac.hr\\\/sl\\\/#website\"},\"primaryImageOfPage\":{\"@id\":\"https:\\\/\\\/opg-rakovac.hr\\\/sl\\\/kemijska-analiza-oljcnega-olja-bilini\\\/#primaryimage\"},\"image\":{\"@id\":\"https:\\\/\\\/opg-rakovac.hr\\\/sl\\\/kemijska-analiza-oljcnega-olja-bilini\\\/#primaryimage\"},\"thumbnailUrl\":\"https:\\\/\\\/opg-rakovac.hr\\\/wp-content\\\/uploads\\\/2023\\\/11\\\/Chemical-analysis-Bilini-2023.webp\",\"datePublished\":\"2016-01-05T11:00:24+00:00\",\"dateModified\":\"2025-07-14T12:00:55+00:00\",\"description\":\"kemijska analiza ekstra devi\u0161kega olj\u010dnega olja Bilini pri\u010da, da gre za ekstra devi\u0161ko olje zelo visoke kakovosti. Preberi ve\u010d:\",\"breadcrumb\":{\"@id\":\"https:\\\/\\\/opg-rakovac.hr\\\/sl\\\/kemijska-analiza-oljcnega-olja-bilini\\\/#breadcrumb\"},\"inLanguage\":\"sl-SI\",\"potentialAction\":[{\"@type\":\"ReadAction\",\"target\":[\"https:\\\/\\\/opg-rakovac.hr\\\/sl\\\/kemijska-analiza-oljcnega-olja-bilini\\\/\"]}]},{\"@type\":\"ImageObject\",\"inLanguage\":\"sl-SI\",\"@id\":\"https:\\\/\\\/opg-rakovac.hr\\\/sl\\\/kemijska-analiza-oljcnega-olja-bilini\\\/#primaryimage\",\"url\":\"https:\\\/\\\/opg-rakovac.hr\\\/wp-content\\\/uploads\\\/2023\\\/11\\\/Chemical-analysis-Bilini-2023.webp\",\"contentUrl\":\"https:\\\/\\\/opg-rakovac.hr\\\/wp-content\\\/uploads\\\/2023\\\/11\\\/Chemical-analysis-Bilini-2023.webp\",\"width\":1251,\"height\":705,\"caption\":\"kemijska analiza olj\u010dnega olja Bilini 2023\"},{\"@type\":\"BreadcrumbList\",\"@id\":\"https:\\\/\\\/opg-rakovac.hr\\\/sl\\\/kemijska-analiza-oljcnega-olja-bilini\\\/#breadcrumb\",\"itemListElement\":[{\"@type\":\"ListItem\",\"position\":1,\"name\":\"Domov\",\"item\":\"https:\\\/\\\/opg-rakovac.hr\\\/sl\\\/\"},{\"@type\":\"ListItem\",\"position\":2,\"name\":\"Kemijska analiza olj\u010dnega olja Bilini\"}]},{\"@type\":\"WebSite\",\"@id\":\"https:\\\/\\\/opg-rakovac.hr\\\/sl\\\/#website\",\"url\":\"https:\\\/\\\/opg-rakovac.hr\\\/sl\\\/\",\"name\":\"OPG Rakovac\",\"description\":\"Istarsko ekstra djevi\u010dansko maslinovo ulje Bilini\",\"publisher\":{\"@id\":\"https:\\\/\\\/opg-rakovac.hr\\\/sl\\\/#organization\"},\"inLanguage\":\"sl-SI\"},{\"@type\":\"Organization\",\"@id\":\"https:\\\/\\\/opg-rakovac.hr\\\/sl\\\/#organization\",\"name\":\"OPG Rakovac\",\"url\":\"https:\\\/\\\/opg-rakovac.hr\\\/sl\\\/\",\"logo\":{\"@type\":\"ImageObject\",\"inLanguage\":\"sl-SI\",\"@id\":\"https:\\\/\\\/opg-rakovac.hr\\\/sl\\\/#\\\/schema\\\/logo\\\/image\\\/\",\"url\":\"https:\\\/\\\/opg-rakovac.hr\\\/wp-content\\\/uploads\\\/2015\\\/12\\\/favicon.png\",\"contentUrl\":\"https:\\\/\\\/opg-rakovac.hr\\\/wp-content\\\/uploads\\\/2015\\\/12\\\/favicon.png\",\"width\":200,\"height\":200,\"caption\":\"OPG Rakovac\"},\"image\":{\"@id\":\"https:\\\/\\\/opg-rakovac.hr\\\/sl\\\/#\\\/schema\\\/logo\\\/image\\\/\"},\"sameAs\":[\"https:\\\/\\\/www.facebook.com\\\/Ekstra.djevicansko.maslinovo.ulje.Bilini\\\/\",\"https:\\\/\\\/www.instagram.com\\\/bilini_maslinovo_ulje\\\/\",\"https:\\\/\\\/hr.linkedin.com\\\/in\\\/bilini\",\"https:\\\/\\\/www.pinterest.com\\\/Bilini_OliveOil\\\/\",\"https:\\\/\\\/www.youtube.com\\\/channel\\\/UC7hfzAtwp1YOvhlmwNYkyQw\"]}]}<\/script>\n<!-- \/ Yoast SEO plugin. -->","yoast_head_json":{"title":"Kemijska analiza olj\u010dnega olja Bilini - Dru\u017einska kmetija Rakovac","description":"kemijska analiza ekstra devi\u0161kega olj\u010dnega olja Bilini pri\u010da, da gre za ekstra devi\u0161ko olje zelo visoke kakovosti. Preberi ve\u010d:","robots":{"index":"index","follow":"follow","max-snippet":"max-snippet:-1","max-image-preview":"max-image-preview:large","max-video-preview":"max-video-preview:-1"},"canonical":"https:\/\/opg-rakovac.hr\/sl\/kemijska-analiza-oljcnega-olja-bilini\/","og_locale":"sl_SI","og_type":"article","og_title":"Kemijska analiza olj\u010dnega olja Bilini - Dru\u017einska kmetija Rakovac","og_description":"kemijska analiza ekstra devi\u0161kega olj\u010dnega olja Bilini pri\u010da, da gre za ekstra devi\u0161ko olje zelo visoke kakovosti. Preberi ve\u010d:","og_url":"https:\/\/opg-rakovac.hr\/sl\/kemijska-analiza-oljcnega-olja-bilini\/","og_site_name":"OPG Rakovac","article_publisher":"https:\/\/www.facebook.com\/Ekstra.djevicansko.maslinovo.ulje.Bilini\/","article_modified_time":"2025-07-14T12:00:55+00:00","og_image":[{"width":1251,"height":705,"url":"https:\/\/opg-rakovac.hr\/wp-content\/uploads\/2023\/11\/Chemical-analysis-Bilini-2023.webp","type":"image\/webp"}],"twitter_card":"summary_large_image","twitter_misc":{"Est. reading time":"3 minute"},"schema":{"@context":"https:\/\/schema.org","@graph":[{"@type":"WebPage","@id":"https:\/\/opg-rakovac.hr\/sl\/kemijska-analiza-oljcnega-olja-bilini\/","url":"https:\/\/opg-rakovac.hr\/sl\/kemijska-analiza-oljcnega-olja-bilini\/","name":"Kemijska analiza olj\u010dnega olja Bilini - Dru\u017einska kmetija Rakovac","isPartOf":{"@id":"https:\/\/opg-rakovac.hr\/sl\/#website"},"primaryImageOfPage":{"@id":"https:\/\/opg-rakovac.hr\/sl\/kemijska-analiza-oljcnega-olja-bilini\/#primaryimage"},"image":{"@id":"https:\/\/opg-rakovac.hr\/sl\/kemijska-analiza-oljcnega-olja-bilini\/#primaryimage"},"thumbnailUrl":"https:\/\/opg-rakovac.hr\/wp-content\/uploads\/2023\/11\/Chemical-analysis-Bilini-2023.webp","datePublished":"2016-01-05T11:00:24+00:00","dateModified":"2025-07-14T12:00:55+00:00","description":"kemijska analiza ekstra devi\u0161kega olj\u010dnega olja Bilini pri\u010da, da gre za ekstra devi\u0161ko olje zelo visoke kakovosti. Preberi ve\u010d:","breadcrumb":{"@id":"https:\/\/opg-rakovac.hr\/sl\/kemijska-analiza-oljcnega-olja-bilini\/#breadcrumb"},"inLanguage":"sl-SI","potentialAction":[{"@type":"ReadAction","target":["https:\/\/opg-rakovac.hr\/sl\/kemijska-analiza-oljcnega-olja-bilini\/"]}]},{"@type":"ImageObject","inLanguage":"sl-SI","@id":"https:\/\/opg-rakovac.hr\/sl\/kemijska-analiza-oljcnega-olja-bilini\/#primaryimage","url":"https:\/\/opg-rakovac.hr\/wp-content\/uploads\/2023\/11\/Chemical-analysis-Bilini-2023.webp","contentUrl":"https:\/\/opg-rakovac.hr\/wp-content\/uploads\/2023\/11\/Chemical-analysis-Bilini-2023.webp","width":1251,"height":705,"caption":"kemijska analiza olj\u010dnega olja Bilini 2023"},{"@type":"BreadcrumbList","@id":"https:\/\/opg-rakovac.hr\/sl\/kemijska-analiza-oljcnega-olja-bilini\/#breadcrumb","itemListElement":[{"@type":"ListItem","position":1,"name":"Domov","item":"https:\/\/opg-rakovac.hr\/sl\/"},{"@type":"ListItem","position":2,"name":"Kemijska analiza olj\u010dnega olja Bilini"}]},{"@type":"WebSite","@id":"https:\/\/opg-rakovac.hr\/sl\/#website","url":"https:\/\/opg-rakovac.hr\/sl\/","name":"OPG Rakovac","description":"Istarsko ekstra djevi\u010dansko maslinovo ulje Bilini","publisher":{"@id":"https:\/\/opg-rakovac.hr\/sl\/#organization"},"inLanguage":"sl-SI"},{"@type":"Organization","@id":"https:\/\/opg-rakovac.hr\/sl\/#organization","name":"OPG Rakovac","url":"https:\/\/opg-rakovac.hr\/sl\/","logo":{"@type":"ImageObject","inLanguage":"sl-SI","@id":"https:\/\/opg-rakovac.hr\/sl\/#\/schema\/logo\/image\/","url":"https:\/\/opg-rakovac.hr\/wp-content\/uploads\/2015\/12\/favicon.png","contentUrl":"https:\/\/opg-rakovac.hr\/wp-content\/uploads\/2015\/12\/favicon.png","width":200,"height":200,"caption":"OPG Rakovac"},"image":{"@id":"https:\/\/opg-rakovac.hr\/sl\/#\/schema\/logo\/image\/"},"sameAs":["https:\/\/www.facebook.com\/Ekstra.djevicansko.maslinovo.ulje.Bilini\/","https:\/\/www.instagram.com\/bilini_maslinovo_ulje\/","https:\/\/hr.linkedin.com\/in\/bilini","https:\/\/www.pinterest.com\/Bilini_OliveOil\/","https:\/\/www.youtube.com\/channel\/UC7hfzAtwp1YOvhlmwNYkyQw"]}]}},"_links":{"self":[{"href":"https:\/\/opg-rakovac.hr\/sl\/wp-json\/wp\/v2\/pages\/4910","targetHints":{"allow":["GET"]}}],"collection":[{"href":"https:\/\/opg-rakovac.hr\/sl\/wp-json\/wp\/v2\/pages"}],"about":[{"href":"https:\/\/opg-rakovac.hr\/sl\/wp-json\/wp\/v2\/types\/page"}],"author":[{"embeddable":true,"href":"https:\/\/opg-rakovac.hr\/sl\/wp-json\/wp\/v2\/users\/1"}],"replies":[{"embeddable":true,"href":"https:\/\/opg-rakovac.hr\/sl\/wp-json\/wp\/v2\/comments?post=4910"}],"version-history":[{"count":5,"href":"https:\/\/opg-rakovac.hr\/sl\/wp-json\/wp\/v2\/pages\/4910\/revisions"}],"predecessor-version":[{"id":20515,"href":"https:\/\/opg-rakovac.hr\/sl\/wp-json\/wp\/v2\/pages\/4910\/revisions\/20515"}],"wp:featuredmedia":[{"embeddable":true,"href":"https:\/\/opg-rakovac.hr\/sl\/wp-json\/wp\/v2\/media\/19674"}],"wp:attachment":[{"href":"https:\/\/opg-rakovac.hr\/sl\/wp-json\/wp\/v2\/media?parent=4910"}],"curies":[{"name":"wp","href":"https:\/\/api.w.org\/{rel}","templated":true}]}}