{"id":4613,"date":"2017-07-11T06:25:50","date_gmt":"2017-07-11T06:25:50","guid":{"rendered":"https:\/\/opg-rakovac.hr\/2018\/apartment-in-pula\/"},"modified":"2018-06-26T08:15:05","modified_gmt":"2018-06-26T08:15:05","slug":"bilini-apartma-v-puli","status":"publish","type":"page","link":"https:\/\/opg-rakovac.hr\/sl\/bilini-apartma-v-puli\/","title":{"rendered":"Apartma Bilini"},"content":{"rendered":"<p><span style=\"font-weight: 400;\">Sli\u0161ali ste za <a href=\"https:\/\/opg-rakovac.hr\/sl\/istrsko-ekstra-devisko-oljcno-olje-bilini\/\" target=\"_blank\" rel=\"noopener\">kakovostno olj\u010dno olje Bilini<\/a>, vendar niste sli\u0161ali za apartma Bilini? \ud83d\ude42<\/span><\/p>\n<p><span style=\"font-weight: 400;\">\u010ce \u017eelite obiskati Pulo in potrebujete namestitev, ne i\u0161\u010dite naprej. Apartma Bilini je udoben in popolnoma opremljen <strong>apartma v Puli<\/strong>, le 10 minut vo\u017enje od pla\u017ee in od centra mesta.<\/span><\/p>\n<h3>Kapaciteta<\/h3>\n<p><span style=\"font-weight: 400;\">Apartma Bilini v <a href=\"http:\/\/www.pulainfo.hr\/sl\/\" target=\"_blank\" rel=\"noopener\">Puli<\/a> lahko sprejme najve\u010d 6 oseb. Ima dve spalnici; ena z zakonsko posteljo, ena z dvema lo\u010denima posteljama. Dve dodatni le\u017ei\u0161\u010di nudi raztegljiv kav\u010d v dnevni sobi. Pravi apartma, primeren za spro\u0161\u010deno bivanje, klimatiziran, ima lastno pokrito parkiri\u0161\u010de. Internet je brezpla\u010den in je na voljo tudi na dvori\u0161\u010du pred apartmajem.<\/span><\/p>\n<h3>Kje smo<\/h3>\n<p><span style=\"font-weight: 400;\">Apartma se nahaja na istem naslovu kot na\u0161a dru\u017einska kmetija: najdete nas na zemljevidu spodaj. Med obiskom ne zamudite brezpla\u010dne degustacije \u0161ampionskega ekstra devi\u0161kega olj\u010dnega olja Bilini.<\/span><\/p>\n<p><span style=\"font-weight: 400;\">\u0160e vedno imamo proste datume. Pohitite! Po\u0161ljite povpra\u0161evanje na <a href=\"&#x6d;&#x61;&#105;&#108;to&#x3a;&#x69;&#x6e;&#102;o&#64;&#x6f;&#x70;&#x67;&#45;&#114;a&#x6b;&#x6f;&#x76;&#97;&#99;&#46;&#x68;&#x72;\">e-po\u0161to<\/a> ali pokli\u010dite: Vedrana, <a href=\"tel:+385993109771\">+385 99 3109 771<\/a>. Veselimo se va\u0161ega povpra\u0161evanja.<\/span><\/p>\n","protected":false},"excerpt":{"rendered":"<p>Sli\u0161ali ste za kakovostno olj\u010dno olje Bilini, vendar niste sli\u0161ali za apartma Bilini? \ud83d\ude42 \u010ce \u017eelite obiskati Pulo in potrebujete namestitev, ne i\u0161\u010dite naprej. Apartma Bilini je udoben in popolnoma opremljen apartma v Puli, le 10 minut vo\u017enje od pla\u017ee in od centra mesta. Kapaciteta Apartma Bilini v Puli lahko sprejme najve\u010d 6 oseb. Ima [&hellip;]<\/p>\n","protected":false},"author":1,"featured_media":6761,"parent":0,"menu_order":0,"comment_status":"closed","ping_status":"closed","template":"page-apartman.php","meta":{"_acf_changed":false,"h5ap_radio_sources":[],"footnotes":""},"class_list":["post-4613","page","type-page","status-publish","has-post-thumbnail","hentry"],"acf":[],"yoast_head":"<!-- This site is optimized with the Yoast SEO plugin v27.5 - https:\/\/yoast.com\/product\/yoast-seo-wordpress\/ -->\n<title>Apartma Bilini - popolnoma opremljen in udoben apartma v Puli<\/title>\n<meta name=\"description\" content=\"I\u0161\u010dete super apartma v Puli? Na\u0161li ste ga! Apartma Bilini je popolnoma opremljen apartma, le 10 min vo\u017enje do pla\u017ee in do centra mesta.\" \/>\n<meta name=\"robots\" content=\"index, follow, max-snippet:-1, max-image-preview:large, max-video-preview:-1\" \/>\n<link rel=\"canonical\" href=\"https:\/\/opg-rakovac.hr\/sl\/bilini-apartma-v-puli\/\" \/>\n<meta property=\"og:locale\" content=\"sl_SI\" \/>\n<meta property=\"og:type\" content=\"article\" \/>\n<meta property=\"og:title\" content=\"Apartma Bilini - popolnoma opremljen in udoben apartma v Puli\" \/>\n<meta property=\"og:description\" content=\"I\u0161\u010dete super apartma v Puli? Na\u0161li ste ga! Apartma Bilini je popolnoma opremljen apartma, le 10 min vo\u017enje do pla\u017ee in do centra mesta.\" \/>\n<meta property=\"og:url\" content=\"https:\/\/opg-rakovac.hr\/sl\/bilini-apartma-v-puli\/\" \/>\n<meta property=\"og:site_name\" content=\"OPG Rakovac\" \/>\n<meta property=\"article:publisher\" content=\"https:\/\/www.facebook.com\/Ekstra.djevicansko.maslinovo.ulje.Bilini\/\" \/>\n<meta property=\"article:modified_time\" content=\"2018-06-26T08:15:05+00:00\" \/>\n<meta property=\"og:image\" content=\"https:\/\/opg-rakovac.hr\/wp-content\/uploads\/2017\/07\/Apartman-Bilini-Pula-900x444-px.jpg\" \/>\n\t<meta property=\"og:image:width\" content=\"900\" \/>\n\t<meta property=\"og:image:height\" content=\"444\" \/>\n\t<meta property=\"og:image:type\" content=\"image\/jpeg\" \/>\n<meta name=\"twitter:card\" content=\"summary_large_image\" \/>\n<meta name=\"twitter:label1\" content=\"Est. reading time\" \/>\n\t<meta name=\"twitter:data1\" content=\"1 minuta\" \/>\n<script type=\"application\/ld+json\" class=\"yoast-schema-graph\">{\"@context\":\"https:\\\/\\\/schema.org\",\"@graph\":[{\"@type\":\"WebPage\",\"@id\":\"https:\\\/\\\/opg-rakovac.hr\\\/sl\\\/bilini-apartma-v-puli\\\/\",\"url\":\"https:\\\/\\\/opg-rakovac.hr\\\/sl\\\/bilini-apartma-v-puli\\\/\",\"name\":\"Apartma Bilini - popolnoma opremljen in udoben apartma v Puli\",\"isPartOf\":{\"@id\":\"https:\\\/\\\/opg-rakovac.hr\\\/sl\\\/#website\"},\"primaryImageOfPage\":{\"@id\":\"https:\\\/\\\/opg-rakovac.hr\\\/sl\\\/bilini-apartma-v-puli\\\/#primaryimage\"},\"image\":{\"@id\":\"https:\\\/\\\/opg-rakovac.hr\\\/sl\\\/bilini-apartma-v-puli\\\/#primaryimage\"},\"thumbnailUrl\":\"https:\\\/\\\/opg-rakovac.hr\\\/wp-content\\\/uploads\\\/2017\\\/07\\\/Apartman-Bilini-Pula-900x444-px.jpg\",\"datePublished\":\"2017-07-11T06:25:50+00:00\",\"dateModified\":\"2018-06-26T08:15:05+00:00\",\"description\":\"I\u0161\u010dete super apartma v Puli? Na\u0161li ste ga! Apartma Bilini je popolnoma opremljen apartma, le 10 min vo\u017enje do pla\u017ee in do centra mesta.\",\"breadcrumb\":{\"@id\":\"https:\\\/\\\/opg-rakovac.hr\\\/sl\\\/bilini-apartma-v-puli\\\/#breadcrumb\"},\"inLanguage\":\"sl-SI\",\"potentialAction\":[{\"@type\":\"ReadAction\",\"target\":[\"https:\\\/\\\/opg-rakovac.hr\\\/sl\\\/bilini-apartma-v-puli\\\/\"]}]},{\"@type\":\"ImageObject\",\"inLanguage\":\"sl-SI\",\"@id\":\"https:\\\/\\\/opg-rakovac.hr\\\/sl\\\/bilini-apartma-v-puli\\\/#primaryimage\",\"url\":\"https:\\\/\\\/opg-rakovac.hr\\\/wp-content\\\/uploads\\\/2017\\\/07\\\/Apartman-Bilini-Pula-900x444-px.jpg\",\"contentUrl\":\"https:\\\/\\\/opg-rakovac.hr\\\/wp-content\\\/uploads\\\/2017\\\/07\\\/Apartman-Bilini-Pula-900x444-px.jpg\",\"width\":900,\"height\":444,\"caption\":\"apartma v puli\"},{\"@type\":\"BreadcrumbList\",\"@id\":\"https:\\\/\\\/opg-rakovac.hr\\\/sl\\\/bilini-apartma-v-puli\\\/#breadcrumb\",\"itemListElement\":[{\"@type\":\"ListItem\",\"position\":1,\"name\":\"Domov\",\"item\":\"https:\\\/\\\/opg-rakovac.hr\\\/sl\\\/\"},{\"@type\":\"ListItem\",\"position\":2,\"name\":\"Apartma Bilini\"}]},{\"@type\":\"WebSite\",\"@id\":\"https:\\\/\\\/opg-rakovac.hr\\\/sl\\\/#website\",\"url\":\"https:\\\/\\\/opg-rakovac.hr\\\/sl\\\/\",\"name\":\"OPG Rakovac\",\"description\":\"Istarsko ekstra djevi\u010dansko maslinovo ulje Bilini\",\"publisher\":{\"@id\":\"https:\\\/\\\/opg-rakovac.hr\\\/sl\\\/#organization\"},\"inLanguage\":\"sl-SI\"},{\"@type\":\"Organization\",\"@id\":\"https:\\\/\\\/opg-rakovac.hr\\\/sl\\\/#organization\",\"name\":\"OPG Rakovac\",\"url\":\"https:\\\/\\\/opg-rakovac.hr\\\/sl\\\/\",\"logo\":{\"@type\":\"ImageObject\",\"inLanguage\":\"sl-SI\",\"@id\":\"https:\\\/\\\/opg-rakovac.hr\\\/sl\\\/#\\\/schema\\\/logo\\\/image\\\/\",\"url\":\"https:\\\/\\\/opg-rakovac.hr\\\/wp-content\\\/uploads\\\/2015\\\/12\\\/favicon.png\",\"contentUrl\":\"https:\\\/\\\/opg-rakovac.hr\\\/wp-content\\\/uploads\\\/2015\\\/12\\\/favicon.png\",\"width\":200,\"height\":200,\"caption\":\"OPG Rakovac\"},\"image\":{\"@id\":\"https:\\\/\\\/opg-rakovac.hr\\\/sl\\\/#\\\/schema\\\/logo\\\/image\\\/\"},\"sameAs\":[\"https:\\\/\\\/www.facebook.com\\\/Ekstra.djevicansko.maslinovo.ulje.Bilini\\\/\",\"https:\\\/\\\/www.instagram.com\\\/bilini_maslinovo_ulje\\\/\",\"https:\\\/\\\/hr.linkedin.com\\\/in\\\/bilini\",\"https:\\\/\\\/www.pinterest.com\\\/Bilini_OliveOil\\\/\",\"https:\\\/\\\/www.youtube.com\\\/channel\\\/UC7hfzAtwp1YOvhlmwNYkyQw\"]}]}<\/script>\n<!-- \/ Yoast SEO plugin. -->","yoast_head_json":{"title":"Apartma Bilini - popolnoma opremljen in udoben apartma v Puli","description":"I\u0161\u010dete super apartma v Puli? Na\u0161li ste ga! Apartma Bilini je popolnoma opremljen apartma, le 10 min vo\u017enje do pla\u017ee in do centra mesta.","robots":{"index":"index","follow":"follow","max-snippet":"max-snippet:-1","max-image-preview":"max-image-preview:large","max-video-preview":"max-video-preview:-1"},"canonical":"https:\/\/opg-rakovac.hr\/sl\/bilini-apartma-v-puli\/","og_locale":"sl_SI","og_type":"article","og_title":"Apartma Bilini - popolnoma opremljen in udoben apartma v Puli","og_description":"I\u0161\u010dete super apartma v Puli? Na\u0161li ste ga! Apartma Bilini je popolnoma opremljen apartma, le 10 min vo\u017enje do pla\u017ee in do centra mesta.","og_url":"https:\/\/opg-rakovac.hr\/sl\/bilini-apartma-v-puli\/","og_site_name":"OPG Rakovac","article_publisher":"https:\/\/www.facebook.com\/Ekstra.djevicansko.maslinovo.ulje.Bilini\/","article_modified_time":"2018-06-26T08:15:05+00:00","og_image":[{"width":900,"height":444,"url":"https:\/\/opg-rakovac.hr\/wp-content\/uploads\/2017\/07\/Apartman-Bilini-Pula-900x444-px.jpg","type":"image\/jpeg"}],"twitter_card":"summary_large_image","twitter_misc":{"Est. reading time":"1 minuta"},"schema":{"@context":"https:\/\/schema.org","@graph":[{"@type":"WebPage","@id":"https:\/\/opg-rakovac.hr\/sl\/bilini-apartma-v-puli\/","url":"https:\/\/opg-rakovac.hr\/sl\/bilini-apartma-v-puli\/","name":"Apartma Bilini - popolnoma opremljen in udoben apartma v Puli","isPartOf":{"@id":"https:\/\/opg-rakovac.hr\/sl\/#website"},"primaryImageOfPage":{"@id":"https:\/\/opg-rakovac.hr\/sl\/bilini-apartma-v-puli\/#primaryimage"},"image":{"@id":"https:\/\/opg-rakovac.hr\/sl\/bilini-apartma-v-puli\/#primaryimage"},"thumbnailUrl":"https:\/\/opg-rakovac.hr\/wp-content\/uploads\/2017\/07\/Apartman-Bilini-Pula-900x444-px.jpg","datePublished":"2017-07-11T06:25:50+00:00","dateModified":"2018-06-26T08:15:05+00:00","description":"I\u0161\u010dete super apartma v Puli? Na\u0161li ste ga! Apartma Bilini je popolnoma opremljen apartma, le 10 min vo\u017enje do pla\u017ee in do centra mesta.","breadcrumb":{"@id":"https:\/\/opg-rakovac.hr\/sl\/bilini-apartma-v-puli\/#breadcrumb"},"inLanguage":"sl-SI","potentialAction":[{"@type":"ReadAction","target":["https:\/\/opg-rakovac.hr\/sl\/bilini-apartma-v-puli\/"]}]},{"@type":"ImageObject","inLanguage":"sl-SI","@id":"https:\/\/opg-rakovac.hr\/sl\/bilini-apartma-v-puli\/#primaryimage","url":"https:\/\/opg-rakovac.hr\/wp-content\/uploads\/2017\/07\/Apartman-Bilini-Pula-900x444-px.jpg","contentUrl":"https:\/\/opg-rakovac.hr\/wp-content\/uploads\/2017\/07\/Apartman-Bilini-Pula-900x444-px.jpg","width":900,"height":444,"caption":"apartma v puli"},{"@type":"BreadcrumbList","@id":"https:\/\/opg-rakovac.hr\/sl\/bilini-apartma-v-puli\/#breadcrumb","itemListElement":[{"@type":"ListItem","position":1,"name":"Domov","item":"https:\/\/opg-rakovac.hr\/sl\/"},{"@type":"ListItem","position":2,"name":"Apartma Bilini"}]},{"@type":"WebSite","@id":"https:\/\/opg-rakovac.hr\/sl\/#website","url":"https:\/\/opg-rakovac.hr\/sl\/","name":"OPG Rakovac","description":"Istarsko ekstra djevi\u010dansko maslinovo ulje Bilini","publisher":{"@id":"https:\/\/opg-rakovac.hr\/sl\/#organization"},"inLanguage":"sl-SI"},{"@type":"Organization","@id":"https:\/\/opg-rakovac.hr\/sl\/#organization","name":"OPG Rakovac","url":"https:\/\/opg-rakovac.hr\/sl\/","logo":{"@type":"ImageObject","inLanguage":"sl-SI","@id":"https:\/\/opg-rakovac.hr\/sl\/#\/schema\/logo\/image\/","url":"https:\/\/opg-rakovac.hr\/wp-content\/uploads\/2015\/12\/favicon.png","contentUrl":"https:\/\/opg-rakovac.hr\/wp-content\/uploads\/2015\/12\/favicon.png","width":200,"height":200,"caption":"OPG Rakovac"},"image":{"@id":"https:\/\/opg-rakovac.hr\/sl\/#\/schema\/logo\/image\/"},"sameAs":["https:\/\/www.facebook.com\/Ekstra.djevicansko.maslinovo.ulje.Bilini\/","https:\/\/www.instagram.com\/bilini_maslinovo_ulje\/","https:\/\/hr.linkedin.com\/in\/bilini","https:\/\/www.pinterest.com\/Bilini_OliveOil\/","https:\/\/www.youtube.com\/channel\/UC7hfzAtwp1YOvhlmwNYkyQw"]}]}},"_links":{"self":[{"href":"https:\/\/opg-rakovac.hr\/sl\/wp-json\/wp\/v2\/pages\/4613","targetHints":{"allow":["GET"]}}],"collection":[{"href":"https:\/\/opg-rakovac.hr\/sl\/wp-json\/wp\/v2\/pages"}],"about":[{"href":"https:\/\/opg-rakovac.hr\/sl\/wp-json\/wp\/v2\/types\/page"}],"author":[{"embeddable":true,"href":"https:\/\/opg-rakovac.hr\/sl\/wp-json\/wp\/v2\/users\/1"}],"replies":[{"embeddable":true,"href":"https:\/\/opg-rakovac.hr\/sl\/wp-json\/wp\/v2\/comments?post=4613"}],"version-history":[{"count":6,"href":"https:\/\/opg-rakovac.hr\/sl\/wp-json\/wp\/v2\/pages\/4613\/revisions"}],"predecessor-version":[{"id":9433,"href":"https:\/\/opg-rakovac.hr\/sl\/wp-json\/wp\/v2\/pages\/4613\/revisions\/9433"}],"wp:featuredmedia":[{"embeddable":true,"href":"https:\/\/opg-rakovac.hr\/sl\/wp-json\/wp\/v2\/media\/6761"}],"wp:attachment":[{"href":"https:\/\/opg-rakovac.hr\/sl\/wp-json\/wp\/v2\/media?parent=4613"}],"curies":[{"name":"wp","href":"https:\/\/api.w.org\/{rel}","templated":true}]}}