{"id":16681,"date":"2022-07-04T17:02:34","date_gmt":"2022-07-04T17:02:34","guid":{"rendered":"https:\/\/opg-rakovac.hr\/?page_id=16681"},"modified":"2024-11-04T17:52:31","modified_gmt":"2024-11-04T16:52:31","slug":"bilini-premium","status":"publish","type":"page","link":"https:\/\/opg-rakovac.hr\/sl\/bilini-premium\/","title":{"rendered":"Bilini Premium"},"content":{"rendered":"<p><strong>Bilini Premium<\/strong> je nova podznamka dru\u017einske kmetije Rakovac. Bilini Premium je ekstra devi\u0161ko olj\u010dno olje Bilini, ki ga po\u0161iljamo na tekmovanja. Torej: isti sod, prav ista me\u0161anica, ki jo oku\u0161ajo \u017eiranti tekmovanja, ki Biliniju iz leta v leto podeljujejo zlate medalje.<\/p>\n<p><img decoding=\"async\" class=\"aligncenter wp-image-12502\" src=\"https:\/\/opg-rakovac.hr\/wp-content\/uploads\/2019\/10\/Translated-with-Google-Translate-SLO.png\" alt=\"\" width=\"150\" height=\"73\" srcset=\"https:\/\/opg-rakovac.hr\/wp-content\/uploads\/2019\/10\/Translated-with-Google-Translate-SLO.png 660w, https:\/\/opg-rakovac.hr\/wp-content\/uploads\/2019\/10\/Translated-with-Google-Translate-SLO-300x147.png 300w, https:\/\/opg-rakovac.hr\/wp-content\/uploads\/2019\/10\/Translated-with-Google-Translate-SLO-230x113.png 230w, https:\/\/opg-rakovac.hr\/wp-content\/uploads\/2019\/10\/Translated-with-Google-Translate-SLO-324x159.png 324w, https:\/\/opg-rakovac.hr\/wp-content\/uploads\/2019\/10\/Translated-with-Google-Translate-SLO-416x204.png 416w\" sizes=\"(max-width: 150px) 100vw, 150px\" \/><\/p>\n<p>Bi radi izvedeli ve\u010d? Zbrali smo nekaj informacij o na\u0161i dru\u017einski kmetiji, na\u0161ih priznanjih in o Bilini Premium: na\u0161i novi blagovni znamki. Spodnje besedilo je vzeto iz bro\u0161ure, ki jo dobite v \u010dudoviti \u0161katli Bilini Premium.<\/p>\n\n\t\t\t<ul class='galerija list-inline list-unstyled fancybox-show-nav'>\n\n\t\t\t\t\n\t\t\t\t<li class=\"col-md-4 col-sm-6 col-xs-4 thumb-wrapper\">\n\t\t\t\t\t<a class=\"fancybox\" data-fancybox=\"bilini+premium\" data-caption=\"bilini premium\" href=\"https:\/\/opg-rakovac.hr\/wp-content\/uploads\/2022\/07\/boca-u-otvorenoj-kutiji_square.webp\" data-title=\"bilini premium\">\n\t\t\t\t\t\t<img decoding=\"async\" class=\"thumb img-responsive\" src=\"https:\/\/opg-rakovac.hr\/wp-content\/uploads\/2022\/07\/boca-u-otvorenoj-kutiji_square-365x270.webp\" alt=\"bilini premium\">\n\t\t\t\t\t<\/a>\n\t\t\t\t<\/li>\n\n\t\t\t\t\n\t\t\t\t<li class=\"col-md-4 col-sm-6 col-xs-4 thumb-wrapper\">\n\t\t\t\t\t<a class=\"fancybox\" data-fancybox=\"bilini+premium\" data-caption=\"bilini premium\" href=\"https:\/\/opg-rakovac.hr\/wp-content\/uploads\/2022\/07\/kutija_square.webp\" data-title=\"bilini premium\">\n\t\t\t\t\t\t<img decoding=\"async\" class=\"thumb img-responsive\" src=\"https:\/\/opg-rakovac.hr\/wp-content\/uploads\/2022\/07\/kutija_square-365x270.webp\" alt=\"bilini premium\">\n\t\t\t\t\t<\/a>\n\t\t\t\t<\/li>\n\n\t\t\t\t\n\t\t\t\t<li class=\"col-md-4 col-sm-6 col-xs-4 thumb-wrapper\">\n\t\t\t\t\t<a class=\"fancybox\" data-fancybox=\"bilini+premium\" data-caption=\"bilini premium\" href=\"https:\/\/opg-rakovac.hr\/wp-content\/uploads\/2022\/07\/boca-s-dozatorom_square.webp\" data-title=\"bilini premium\">\n\t\t\t\t\t\t<img decoding=\"async\" class=\"thumb img-responsive\" src=\"https:\/\/opg-rakovac.hr\/wp-content\/uploads\/2022\/07\/boca-s-dozatorom_square-365x270.webp\" alt=\"bilini premium\">\n\t\t\t\t\t<\/a>\n\t\t\t\t<\/li>\n\n\t\t\t\t\t\t\t<\/ul>\n\t\t\t\n<h2 class=\"section-header\" class=\"section-header\">Dru\u017einska kmetija Rakovac<\/h2>\n<p>Ko si predstavljate svet, kjer \u010das te\u010de po\u010dasi, kjer hrup ustvarja le \u0161umenje dreves, vetra in ptic, si predstavljate svet, kjer domuje na\u0161a mala dru\u017einska kmetija. Do vasi vodi ozka cesta, nato pa vas starodavne poti, obdane s suhozidi, pripeljejo do na\u0161ih olj\u010dnih nasadov.<\/p>\n<p>To \u010dudovito olje, ki ste ga kupili, sta pridelala dva \u010dloveka, mo\u017e in \u017eena, na zemlji, ki smo jo podedovali od na\u0161ih prednikov. \u010ceprav so ljudje, ki so nam tlakovali pot, zdaj le \u0161e spomin, sta energija in predanost tistih, ki so obdelovali zemljo in oblikovali pokrajino, del katere smo, mo\u010dni in zahtevajo spo\u0161tovanje.<\/p>\n<p>Na\u0161a drevesa \u017eivijo kot del naravne skupnosti, ki jo na\u0161e dejavnosti le ob\u010dasno motijo. Tu \u017eivijo zajci, jeleni, ptice, metulji in ka\u010de. Ni ograj; le kontinuiteta okolja, ki lahko obstaja brez nas.<\/p>\n<p>Kmetijo Rakovac sestavljata midva &#8211; Vedrana in Sa\u0161a. Ko smo pri\u0161li na vrsto &#8211; saj zemlja vedno i\u0161\u010de nove kmete za obdelovanje &#8211; smo \u017eiveli druga\u010de. Resne kariere, mestni asfalt, rokenrol. Vendar je bilo le vpra\u0161anje \u010dasa. Trda istrska zemlja, prepojena z znojem in ljubeznijo tistih, ki so jo obdelovali pred nami, nas je klicala k redu. Svoji slu\u017ebi.<\/p>\n<p>Zdaj je vse tako, kot mora biti. Orjemo, kosimo, \u017eanjemo. Slu\u017eimo zemlji. Imamo umazane roke. Nismo pozabili na svoje kariere, na na\u0161 mestni asfalt, na na\u0161 rokenrol. Vse je mogo\u010de, za vse je prostor, a \u0161ele potem, ko zemlja dobi, kar potrebuje.<\/p>\n<p><img decoding=\"async\" width=\"992\" height=\"373\" class=\"aligncenter size-full wp-image-16647\" src=\"https:\/\/opg-rakovac.hr\/wp-content\/uploads\/2022\/07\/Sasa-reze-masline-2.webp\" alt=\"\" srcset=\"https:\/\/opg-rakovac.hr\/wp-content\/uploads\/2022\/07\/Sasa-reze-masline-2.webp 992w, https:\/\/opg-rakovac.hr\/wp-content\/uploads\/2022\/07\/Sasa-reze-masline-2-300x113.webp 300w, https:\/\/opg-rakovac.hr\/wp-content\/uploads\/2022\/07\/Sasa-reze-masline-2-768x289.webp 768w, https:\/\/opg-rakovac.hr\/wp-content\/uploads\/2022\/07\/Sasa-reze-masline-2-230x86.webp 230w, https:\/\/opg-rakovac.hr\/wp-content\/uploads\/2022\/07\/Sasa-reze-masline-2-324x122.webp 324w, https:\/\/opg-rakovac.hr\/wp-content\/uploads\/2022\/07\/Sasa-reze-masline-2-416x156.webp 416w\" sizes=\"(max-width: 992px) 100vw, 992px\" \/><\/p>\n<p>Hvale\u017enost zemlje se spremeni v to \u010dudovito teko\u010dino. Za nas \u2013 to je najbolj\u0161e olj\u010dno olje na svetu.<\/p>\n<h2 class=\"section-header\" class=\"section-header\">Nagrade<\/h2>\n<p>Nagrade so pomembne.<\/p>\n<p>Da bo ekstra devi\u0161ko olj\u010dno olje nagrajeno, je treba veliko narediti prav. Od zarodka do polne velikosti mora plod ostati zdrav. Zdravi sade\u017ei morajo biti obrani ravno ob pravem \u010dasu, da bodo okusi polni in o\u010darljivi. Obiranje je treba izvajati previdno, da ne po\u0161kodujemo plodov na poti v oljarno. Predelava mora biti strokovna, pri nizki temperaturi, v \u010distem mlinu, pod nadzorom izku\u0161enega mojstra.<\/p>\n<p>Ko so izpolnjeni vsi ti osnovni predpogoji, mora biti ekstra devi\u0161ko olj\u010dno olje \u010dudovitega okusa. V takem stanju ga je treba tudi ohraniti do naslednje \u017eetve.<\/p>\n<p>Med vsemi temi \u010dudovitimi olji so nekatera \u0161e vedno najbolj\u0161a. Eno najbolj\u0161ih olj, ki jih imate zdaj v rokah.<\/p>\n<p>Na\u0161e ekstra devi\u0161ko olj\u010dno olje Bilini je bilo \u0161ampion, <a href=\"https:\/\/opg-rakovac.hr\/sl\/nagrade\/maslina-2017-split\/\" target=\"_blank\" rel=\"noopener\">najbolj\u0161e med najbolj\u0161imi na najve\u010djem regijskem tekmovanju<\/a>, bilo je vice\u0161ampion, najbolj\u0161e v razredu, z najbolj\u0161imi organolepti\u010dnimi lastnostmi, skoraj vedno zlato nagrajeno.<\/p>\n<p>Nato smo posku\u0161ali vstopiti v Flos Olei, najbolj znan vodnik na svetu, ki predstavlja 500 najbolj\u0161ih olj\u010dnih olj na svetu. Pa smo vstopili v vodnik za prvo, drugo, tretje leto &#8230;<\/p>\n<p>Potem smo se opogumili: svoje olje smo poslali na najve\u010dje svetovno tekmovanje v kakovosti ekstra devi\u0161kih olj\u010dnih olj \u2013 <a href=\"https:\/\/bestoliveoils.org\/brands\/bilini\" target=\"_blank\" rel=\"noopener\">New York International Olive Oil Competition<\/a>. In osvojili smo zlato! <a href=\"https:\/\/opg-rakovac.hr\/sl\/nagrade\/nyiooc-2022-zlato-za-bilini\/\" target=\"_blank\" rel=\"noopener\">Leto za letom<\/a>.<\/p>\n<p><img decoding=\"async\" class=\"aligncenter wp-image-20041 size-large\" src=\"https:\/\/opg-rakovac.hr\/wp-content\/uploads\/2024\/11\/za-stranicu-1024x337.webp\" alt=\"\" width=\"1024\" height=\"337\" srcset=\"https:\/\/opg-rakovac.hr\/wp-content\/uploads\/2024\/11\/za-stranicu-1024x337.webp 1024w, https:\/\/opg-rakovac.hr\/wp-content\/uploads\/2024\/11\/za-stranicu-300x99.webp 300w, https:\/\/opg-rakovac.hr\/wp-content\/uploads\/2024\/11\/za-stranicu-768x253.webp 768w, https:\/\/opg-rakovac.hr\/wp-content\/uploads\/2024\/11\/za-stranicu-1536x506.webp 1536w, https:\/\/opg-rakovac.hr\/wp-content\/uploads\/2024\/11\/za-stranicu-1400x461.webp 1400w, https:\/\/opg-rakovac.hr\/wp-content\/uploads\/2024\/11\/za-stranicu-230x76.webp 230w, https:\/\/opg-rakovac.hr\/wp-content\/uploads\/2024\/11\/za-stranicu-1170x385.webp 1170w, https:\/\/opg-rakovac.hr\/wp-content\/uploads\/2024\/11\/za-stranicu-1328x437.webp 1328w, https:\/\/opg-rakovac.hr\/wp-content\/uploads\/2024\/11\/za-stranicu-324x107.webp 324w, https:\/\/opg-rakovac.hr\/wp-content\/uploads\/2024\/11\/za-stranicu-416x137.webp 416w, https:\/\/opg-rakovac.hr\/wp-content\/uploads\/2024\/11\/za-stranicu.webp 1771w\" sizes=\"(max-width: 1024px) 100vw, 1024px\" \/><\/p>\n<p>Uspeh na\u0161ega olja Bilini je ogromen in presene\u010deni smo nad vsako novo nagrado. Smo mali oljkarji iz male Istre, ki na svetovne prireditve vedno po\u0161ljemo le en vzorec!<\/p>\n<p>V\u010dasih je resni\u010dnost bolj nora od sanj!<\/p>\n<h2 class=\"section-header\" class=\"section-header\">Bilini Premium<\/h2>\n<p>Vsako leto po\u0161ljemo en vzorec na tekmovanja.<\/p>\n<p>Ko je trgatev kon\u010dana, se usedemo za mizo s sommelierskimi kozarci in poskusimo pridelano olje: vzorec iz vsakega soda. Na\u0161a doma\u010da degustacija ustvari na\u0161ega \u0161ampiona zadnje letine. Ta sod je ozna\u010den in samo iz tega soda se jemljejo vzorci za tekmovanja. Olje iz tega soda se imenuje Bilini Premium in je najdragocenej\u0161e, kar imamo.<\/p>\n<p>Ko \u017eelite natan\u010dno vedeti, kak\u0161na di\u0161ava v ekstra devi\u0161kem olj\u010dnem olju je Bilini letos navdu\u0161ila ocenjevalno komisijo; ki nam je ne\u017ena sled v okusu prinesla zlato priznanje, ni druge izbire kot Bilini Premium.<\/p>\n<p>To je olje. To je ta sod. Zlato. Prvak.<\/p>\n<p><img decoding=\"async\" width=\"992\" height=\"373\" class=\"aligncenter size-full wp-image-16658\" src=\"https:\/\/opg-rakovac.hr\/wp-content\/uploads\/2022\/07\/Bilini-Premium-boca.webp\" alt=\"Bilini Premium boca\" srcset=\"https:\/\/opg-rakovac.hr\/wp-content\/uploads\/2022\/07\/Bilini-Premium-boca.webp 992w, https:\/\/opg-rakovac.hr\/wp-content\/uploads\/2022\/07\/Bilini-Premium-boca-300x113.webp 300w, https:\/\/opg-rakovac.hr\/wp-content\/uploads\/2022\/07\/Bilini-Premium-boca-768x289.webp 768w, https:\/\/opg-rakovac.hr\/wp-content\/uploads\/2022\/07\/Bilini-Premium-boca-230x86.webp 230w, https:\/\/opg-rakovac.hr\/wp-content\/uploads\/2022\/07\/Bilini-Premium-boca-324x122.webp 324w, https:\/\/opg-rakovac.hr\/wp-content\/uploads\/2022\/07\/Bilini-Premium-boca-416x156.webp 416w\" sizes=\"(max-width: 992px) 100vw, 992px\" \/><\/p>\n<p>Na\u0161e olje je me\u0161anica. \u010cudoviti, razli\u010dni sade\u017ei, ki jih dolo\u010dajo temperatura, su\u0161a, sonce in de\u017e tistega leta, dajejo edinstveno kombinacijo, ki je pe\u010dat prav tistemu letu, ki je minilo. Iskrenost na\u0161ega olja, ki govori o sezoni, ki ga je ustvarila, je popolna. Kar narava da &#8211; plod oljke pomni.<\/p>\n<p>Vsaka sorta obrodi vsako leto druga\u010de. Razmerje sort v na\u0161em olju je ve\u010dno spremenljivo. Z Bilini Premium lahko sodelujete pri na\u0161em navdu\u0161enju: vsako leto, ko za mizo okusimo novo olje in ugotovimo, kaj je to leto prineslo.<br \/>\nKoli\u010dina litrov Bilini Premium je omejena.<\/p>\n<p>Vsaka steklenica Bilini Premium je unikatna in nosi svojo \u0161tevilko. Po zadnji razpolo\u017eljivi steklenici ne preostane drugega, kot da po\u010dakamo na naslednjo letino, novi Bilini Premium.<\/p>\n<div class=\"cta-link animate animate--sm\">\n\t<div class=\"btn-wrapper text-center\">\n\t\t<a href=\"https:\/\/opg-rakovac.hr\/sl\/shop\/\" class=\"btn btn-primary\">\n\t\t\tNARO\u010cITE OLJ\u010cNO OLJE BILINI!\t\t<\/a>\n\t<\/div>\n<\/div>\n","protected":false},"excerpt":{"rendered":"<p>Bilini Premium je nova podznamka dru\u017einske kmetije Rakovac. Bilini Premium je ekstra devi\u0161ko olj\u010dno olje Bilini, ki ga po\u0161iljamo na tekmovanja. Torej: isti sod, prav ista me\u0161anica, ki jo oku\u0161ajo \u017eiranti tekmovanja, ki Biliniju iz leta v leto podeljujejo zlate medalje. Bi radi izvedeli ve\u010d? Zbrali smo nekaj informacij o na\u0161i dru\u017einski kmetiji, na\u0161ih priznanjih [&hellip;]<\/p>\n","protected":false},"author":1,"featured_media":16600,"parent":0,"menu_order":0,"comment_status":"closed","ping_status":"closed","template":"","meta":{"_acf_changed":false,"h5ap_radio_sources":[],"footnotes":""},"class_list":["post-16681","page","type-page","status-publish","has-post-thumbnail","hentry"],"acf":[],"yoast_head":"<!-- This site is optimized with the Yoast SEO plugin v27.2 - https:\/\/yoast.com\/product\/yoast-seo-wordpress\/ -->\n<title>Bilini Premium | Dru\u017einska kmetija Rakovac<\/title>\n<meta name=\"description\" content=\"Bilini Premium je ekstra devi\u0161ko olj\u010dno olje Bilini, ki ga po\u0161iljamo na tekmovanja. Da \u2013 isto olje, ki redno osvaja zlato!\" \/>\n<meta name=\"robots\" content=\"index, follow, max-snippet:-1, max-image-preview:large, max-video-preview:-1\" \/>\n<link rel=\"canonical\" href=\"https:\/\/opg-rakovac.hr\/sl\/bilini-premium\/\" \/>\n<meta property=\"og:locale\" content=\"sl_SI\" \/>\n<meta property=\"og:type\" content=\"article\" \/>\n<meta property=\"og:title\" content=\"Bilini Premium | Dru\u017einska kmetija Rakovac\" \/>\n<meta property=\"og:description\" content=\"Bilini Premium je ekstra devi\u0161ko olj\u010dno olje Bilini, ki ga po\u0161iljamo na tekmovanja. Da \u2013 isto olje, ki redno osvaja zlato!\" \/>\n<meta property=\"og:url\" content=\"https:\/\/opg-rakovac.hr\/sl\/bilini-premium\/\" \/>\n<meta property=\"og:site_name\" content=\"OPG Rakovac\" \/>\n<meta property=\"article:publisher\" content=\"https:\/\/www.facebook.com\/Ekstra.djevicansko.maslinovo.ulje.Bilini\/\" \/>\n<meta property=\"article:modified_time\" content=\"2024-11-04T16:52:31+00:00\" \/>\n<meta property=\"og:image\" content=\"https:\/\/opg-rakovac.hr\/wp-content\/uploads\/2022\/07\/boca-u-otvorenoj-kutiji_square.jpg\" \/>\n\t<meta property=\"og:image:width\" content=\"800\" \/>\n\t<meta property=\"og:image:height\" content=\"800\" \/>\n\t<meta property=\"og:image:type\" content=\"image\/jpeg\" \/>\n<meta name=\"twitter:card\" content=\"summary_large_image\" \/>\n<meta name=\"twitter:label1\" content=\"Est. reading time\" \/>\n\t<meta name=\"twitter:data1\" content=\"6 minut\" \/>\n<script type=\"application\/ld+json\" class=\"yoast-schema-graph\">{\"@context\":\"https:\/\/schema.org\",\"@graph\":[{\"@type\":\"WebPage\",\"@id\":\"https:\/\/opg-rakovac.hr\/sl\/bilini-premium\/\",\"url\":\"https:\/\/opg-rakovac.hr\/sl\/bilini-premium\/\",\"name\":\"Bilini Premium | Dru\u017einska kmetija Rakovac\",\"isPartOf\":{\"@id\":\"https:\/\/opg-rakovac.hr\/sl\/#website\"},\"primaryImageOfPage\":{\"@id\":\"https:\/\/opg-rakovac.hr\/sl\/bilini-premium\/#primaryimage\"},\"image\":{\"@id\":\"https:\/\/opg-rakovac.hr\/sl\/bilini-premium\/#primaryimage\"},\"thumbnailUrl\":\"https:\/\/opg-rakovac.hr\/wp-content\/uploads\/2022\/07\/boca-u-otvorenoj-kutiji_square.jpg\",\"datePublished\":\"2022-07-04T17:02:34+00:00\",\"dateModified\":\"2024-11-04T16:52:31+00:00\",\"description\":\"Bilini Premium je ekstra devi\u0161ko olj\u010dno olje Bilini, ki ga po\u0161iljamo na tekmovanja. Da \u2013 isto olje, ki redno osvaja zlato!\",\"breadcrumb\":{\"@id\":\"https:\/\/opg-rakovac.hr\/sl\/bilini-premium\/#breadcrumb\"},\"inLanguage\":\"sl-SI\",\"potentialAction\":[{\"@type\":\"ReadAction\",\"target\":[\"https:\/\/opg-rakovac.hr\/sl\/bilini-premium\/\"]}]},{\"@type\":\"ImageObject\",\"inLanguage\":\"sl-SI\",\"@id\":\"https:\/\/opg-rakovac.hr\/sl\/bilini-premium\/#primaryimage\",\"url\":\"https:\/\/opg-rakovac.hr\/wp-content\/uploads\/2022\/07\/boca-u-otvorenoj-kutiji_square.jpg\",\"contentUrl\":\"https:\/\/opg-rakovac.hr\/wp-content\/uploads\/2022\/07\/boca-u-otvorenoj-kutiji_square.jpg\",\"width\":800,\"height\":800,\"caption\":\"bilini premium\"},{\"@type\":\"BreadcrumbList\",\"@id\":\"https:\/\/opg-rakovac.hr\/sl\/bilini-premium\/#breadcrumb\",\"itemListElement\":[{\"@type\":\"ListItem\",\"position\":1,\"name\":\"Domov\",\"item\":\"https:\/\/opg-rakovac.hr\/sl\/\"},{\"@type\":\"ListItem\",\"position\":2,\"name\":\"Bilini Premium\"}]},{\"@type\":\"WebSite\",\"@id\":\"https:\/\/opg-rakovac.hr\/sl\/#website\",\"url\":\"https:\/\/opg-rakovac.hr\/sl\/\",\"name\":\"OPG Rakovac\",\"description\":\"Istarsko ekstra djevi\u010dansko maslinovo ulje Bilini\",\"publisher\":{\"@id\":\"https:\/\/opg-rakovac.hr\/sl\/#organization\"},\"inLanguage\":\"sl-SI\"},{\"@type\":\"Organization\",\"@id\":\"https:\/\/opg-rakovac.hr\/sl\/#organization\",\"name\":\"OPG Rakovac\",\"url\":\"https:\/\/opg-rakovac.hr\/sl\/\",\"logo\":{\"@type\":\"ImageObject\",\"inLanguage\":\"sl-SI\",\"@id\":\"https:\/\/opg-rakovac.hr\/sl\/#\/schema\/logo\/image\/\",\"url\":\"https:\/\/opg-rakovac.hr\/wp-content\/uploads\/2015\/12\/favicon.png\",\"contentUrl\":\"https:\/\/opg-rakovac.hr\/wp-content\/uploads\/2015\/12\/favicon.png\",\"width\":200,\"height\":200,\"caption\":\"OPG Rakovac\"},\"image\":{\"@id\":\"https:\/\/opg-rakovac.hr\/sl\/#\/schema\/logo\/image\/\"},\"sameAs\":[\"https:\/\/www.facebook.com\/Ekstra.djevicansko.maslinovo.ulje.Bilini\/\",\"https:\/\/www.instagram.com\/bilini_maslinovo_ulje\/\",\"https:\/\/hr.linkedin.com\/in\/bilini\",\"https:\/\/www.pinterest.com\/Bilini_OliveOil\/\",\"https:\/\/www.youtube.com\/channel\/UC7hfzAtwp1YOvhlmwNYkyQw\"]}]}<\/script>\n<!-- \/ Yoast SEO plugin. -->","yoast_head_json":{"title":"Bilini Premium | Dru\u017einska kmetija Rakovac","description":"Bilini Premium je ekstra devi\u0161ko olj\u010dno olje Bilini, ki ga po\u0161iljamo na tekmovanja. Da \u2013 isto olje, ki redno osvaja zlato!","robots":{"index":"index","follow":"follow","max-snippet":"max-snippet:-1","max-image-preview":"max-image-preview:large","max-video-preview":"max-video-preview:-1"},"canonical":"https:\/\/opg-rakovac.hr\/sl\/bilini-premium\/","og_locale":"sl_SI","og_type":"article","og_title":"Bilini Premium | Dru\u017einska kmetija Rakovac","og_description":"Bilini Premium je ekstra devi\u0161ko olj\u010dno olje Bilini, ki ga po\u0161iljamo na tekmovanja. Da \u2013 isto olje, ki redno osvaja zlato!","og_url":"https:\/\/opg-rakovac.hr\/sl\/bilini-premium\/","og_site_name":"OPG Rakovac","article_publisher":"https:\/\/www.facebook.com\/Ekstra.djevicansko.maslinovo.ulje.Bilini\/","article_modified_time":"2024-11-04T16:52:31+00:00","og_image":[{"width":800,"height":800,"url":"https:\/\/opg-rakovac.hr\/wp-content\/uploads\/2022\/07\/boca-u-otvorenoj-kutiji_square.jpg","type":"image\/jpeg"}],"twitter_card":"summary_large_image","twitter_misc":{"Est. reading time":"6 minut"},"schema":{"@context":"https:\/\/schema.org","@graph":[{"@type":"WebPage","@id":"https:\/\/opg-rakovac.hr\/sl\/bilini-premium\/","url":"https:\/\/opg-rakovac.hr\/sl\/bilini-premium\/","name":"Bilini Premium | Dru\u017einska kmetija Rakovac","isPartOf":{"@id":"https:\/\/opg-rakovac.hr\/sl\/#website"},"primaryImageOfPage":{"@id":"https:\/\/opg-rakovac.hr\/sl\/bilini-premium\/#primaryimage"},"image":{"@id":"https:\/\/opg-rakovac.hr\/sl\/bilini-premium\/#primaryimage"},"thumbnailUrl":"https:\/\/opg-rakovac.hr\/wp-content\/uploads\/2022\/07\/boca-u-otvorenoj-kutiji_square.jpg","datePublished":"2022-07-04T17:02:34+00:00","dateModified":"2024-11-04T16:52:31+00:00","description":"Bilini Premium je ekstra devi\u0161ko olj\u010dno olje Bilini, ki ga po\u0161iljamo na tekmovanja. Da \u2013 isto olje, ki redno osvaja zlato!","breadcrumb":{"@id":"https:\/\/opg-rakovac.hr\/sl\/bilini-premium\/#breadcrumb"},"inLanguage":"sl-SI","potentialAction":[{"@type":"ReadAction","target":["https:\/\/opg-rakovac.hr\/sl\/bilini-premium\/"]}]},{"@type":"ImageObject","inLanguage":"sl-SI","@id":"https:\/\/opg-rakovac.hr\/sl\/bilini-premium\/#primaryimage","url":"https:\/\/opg-rakovac.hr\/wp-content\/uploads\/2022\/07\/boca-u-otvorenoj-kutiji_square.jpg","contentUrl":"https:\/\/opg-rakovac.hr\/wp-content\/uploads\/2022\/07\/boca-u-otvorenoj-kutiji_square.jpg","width":800,"height":800,"caption":"bilini premium"},{"@type":"BreadcrumbList","@id":"https:\/\/opg-rakovac.hr\/sl\/bilini-premium\/#breadcrumb","itemListElement":[{"@type":"ListItem","position":1,"name":"Domov","item":"https:\/\/opg-rakovac.hr\/sl\/"},{"@type":"ListItem","position":2,"name":"Bilini Premium"}]},{"@type":"WebSite","@id":"https:\/\/opg-rakovac.hr\/sl\/#website","url":"https:\/\/opg-rakovac.hr\/sl\/","name":"OPG Rakovac","description":"Istarsko ekstra djevi\u010dansko maslinovo ulje Bilini","publisher":{"@id":"https:\/\/opg-rakovac.hr\/sl\/#organization"},"inLanguage":"sl-SI"},{"@type":"Organization","@id":"https:\/\/opg-rakovac.hr\/sl\/#organization","name":"OPG Rakovac","url":"https:\/\/opg-rakovac.hr\/sl\/","logo":{"@type":"ImageObject","inLanguage":"sl-SI","@id":"https:\/\/opg-rakovac.hr\/sl\/#\/schema\/logo\/image\/","url":"https:\/\/opg-rakovac.hr\/wp-content\/uploads\/2015\/12\/favicon.png","contentUrl":"https:\/\/opg-rakovac.hr\/wp-content\/uploads\/2015\/12\/favicon.png","width":200,"height":200,"caption":"OPG Rakovac"},"image":{"@id":"https:\/\/opg-rakovac.hr\/sl\/#\/schema\/logo\/image\/"},"sameAs":["https:\/\/www.facebook.com\/Ekstra.djevicansko.maslinovo.ulje.Bilini\/","https:\/\/www.instagram.com\/bilini_maslinovo_ulje\/","https:\/\/hr.linkedin.com\/in\/bilini","https:\/\/www.pinterest.com\/Bilini_OliveOil\/","https:\/\/www.youtube.com\/channel\/UC7hfzAtwp1YOvhlmwNYkyQw"]}]}},"_links":{"self":[{"href":"https:\/\/opg-rakovac.hr\/sl\/wp-json\/wp\/v2\/pages\/16681","targetHints":{"allow":["GET"]}}],"collection":[{"href":"https:\/\/opg-rakovac.hr\/sl\/wp-json\/wp\/v2\/pages"}],"about":[{"href":"https:\/\/opg-rakovac.hr\/sl\/wp-json\/wp\/v2\/types\/page"}],"author":[{"embeddable":true,"href":"https:\/\/opg-rakovac.hr\/sl\/wp-json\/wp\/v2\/users\/1"}],"replies":[{"embeddable":true,"href":"https:\/\/opg-rakovac.hr\/sl\/wp-json\/wp\/v2\/comments?post=16681"}],"version-history":[{"count":4,"href":"https:\/\/opg-rakovac.hr\/sl\/wp-json\/wp\/v2\/pages\/16681\/revisions"}],"predecessor-version":[{"id":20048,"href":"https:\/\/opg-rakovac.hr\/sl\/wp-json\/wp\/v2\/pages\/16681\/revisions\/20048"}],"wp:featuredmedia":[{"embeddable":true,"href":"https:\/\/opg-rakovac.hr\/sl\/wp-json\/wp\/v2\/media\/16600"}],"wp:attachment":[{"href":"https:\/\/opg-rakovac.hr\/sl\/wp-json\/wp\/v2\/media?parent=16681"}],"curies":[{"name":"wp","href":"https:\/\/api.w.org\/{rel}","templated":true}]}}