{"id":8781,"date":"2015-12-27T20:52:03","date_gmt":"2015-12-27T20:52:03","guid":{"rendered":"https:\/\/opg-rakovac.hr\/2018\/zasto-koristiti-maslinovo-ulje\/"},"modified":"2018-07-02T17:44:09","modified_gmt":"2018-07-02T17:44:09","slug":"perche-olio-di-oliva","status":"publish","type":"page","link":"https:\/\/opg-rakovac.hr\/it\/perche-olio-di-oliva\/","title":{"rendered":"Perch\u00e9 usare l&#8217;olio di oliva?"},"content":{"rendered":"<p style=\"text-align: justify;\"><span style=\"font-weight: 400;\"><strong>L&#8217;olio di oliva<\/strong> \u00e8 uno degli alimenti pi\u00f9 salutari conosciuti dall&#8217;uomo dal passato. L&#8217;oliva \u00e8 una delle prime piante che l&#8217;uomo ha iniziato a coltivare. Tracce di amicizia tra ulivo e uomo prendono vita nella storia fino a 7000 anni. Conosciuto nell&#8217;antica Grecia, Egitto e Roma, \u00e8 stato a lungo utilizzato come cibo e medicine. Ma anche come combustibile per lampade o conservanti.<\/span><\/p>\n<figure id=\"attachment_1908\" aria-describedby=\"caption-attachment-1908\" style=\"width: 900px\" class=\"wp-caption aligncenter\"><a href=\"https:\/\/opg-rakovac.hr\/wp-content\/uploads\/2013\/09\/Depositphotos_6728777_original.jpg\" target=\"_blank\" rel=\"masline noopener\" class=\"fancybox\"><img decoding=\"async\" class=\"wp-image-1908 size-full\" title=\"olive\" src=\"https:\/\/opg-rakovac.hr\/wp-content\/uploads\/2013\/09\/Depositphotos_6728777_original.jpg\" alt=\"olive\" width=\"900\" height=\"602\" srcset=\"https:\/\/opg-rakovac.hr\/wp-content\/uploads\/2013\/09\/Depositphotos_6728777_original.jpg 900w, https:\/\/opg-rakovac.hr\/wp-content\/uploads\/2013\/09\/Depositphotos_6728777_original-300x201.jpg 300w, https:\/\/opg-rakovac.hr\/wp-content\/uploads\/2013\/09\/Depositphotos_6728777_original-768x514.jpg 768w, https:\/\/opg-rakovac.hr\/wp-content\/uploads\/2013\/09\/Depositphotos_6728777_original-230x154.jpg 230w, https:\/\/opg-rakovac.hr\/wp-content\/uploads\/2013\/09\/Depositphotos_6728777_original-324x217.jpg 324w, https:\/\/opg-rakovac.hr\/wp-content\/uploads\/2013\/09\/Depositphotos_6728777_original-416x278.jpg 416w\" sizes=\"(max-width: 900px) 100vw, 900px\" \/><\/a><figcaption id=\"caption-attachment-1908\" class=\"wp-caption-text\">Olive<\/figcaption><\/figure>\n<h2 class=\"section-header\" class=\"section-header\">Perch\u00e9 l&#8217;olio di oliva?<\/h2>\n<p><span style=\"font-weight: 400;\">L&#8217;olivo \u00e8 eccezionalmente longevo. Pu\u00f2 sopravvivere per 2000 anni e pi\u00f9 di 1000 composti utili trovati nella frutta di ulivo offrono longevit\u00e0 alle persone che li usano. <a href=\"https:\/\/opg-rakovac.hr\/it\/olio-extravergine-d-oliva-istriano-bilini\/\" target=\"_blank\" rel=\"noopener\">L&#8217;olio extra vergine di oliva<\/a> aiuta a prevenire il cuore e i vasi sanguigni. Abbassa il colesterolo cattivo e contemporaneamente stimola la crescita di quel buon <a href=\"https:\/\/www.my-personaltrainer.it\/salute\/HDL.html\" target=\"_blank\" rel=\"noopener\">colesterolo HDL<\/a>. Inoltre, i corpi delle membrane cellulari usano i suoi costituenti per diventare pi\u00f9 stabili e pi\u00f9 resistenti agli attacchi dei radicali liberi. A causa dei suoi preziosi polifenoli, l&#8217;olio d&#8217;oliva \u00e8 un antiossidante naturale che il corpo umano sfrutta quasi completamente. Le propriet\u00e0 dell&#8217;olio d&#8217;oliva ne fanno un&#8217;azione positiva nella lotta contro batteri e virus. Nell&#8217;industria cosmetica \u00e8 indispensabile come uno dei migliori oli per idratare la pelle secca e sensibile.<\/span><\/p>\n<figure id=\"attachment_1905\" aria-describedby=\"caption-attachment-1905\" style=\"width: 450px\" class=\"wp-caption aligncenter\"><a href=\"https:\/\/opg-rakovac.hr\/wp-content\/uploads\/2013\/09\/Depositphotos_6390489_original-e1449943634689.jpg\" target=\"_blank\" rel=\"maslinovo noopener ulje\" class=\"fancybox\"><img decoding=\"async\" class=\"wp-image-1905\" title=\"Olio d'oliva\" src=\"https:\/\/opg-rakovac.hr\/wp-content\/uploads\/2013\/09\/Depositphotos_6390489_original-300x199.jpg\" alt=\"olio di oliva\" width=\"450\" height=\"299\" \/><\/a><figcaption id=\"caption-attachment-1905\" class=\"wp-caption-text\"><span style=\"font-weight: 400;\">Olio di oliva<\/span><\/figcaption><\/figure>\n<p><span style=\"font-weight: 400;\">Sebbene sia indispensabile dal punto di vista gastronomico per la sua piacevole amarezza, gradevole amaro e un pronunciato odore fresco, che varia da variet\u00e0 a variet\u00e0, \u00e8 importante sottolineare che \u00e8 stabile durante il trattamento ad alta temperatura alle alte temperature. Recenti ricerche hanno dimostrato che alcuni composti potenzialmente tossici presenti in altri oli non appaiono nell&#8217;olio di oliva quando vengono tostati.<\/span><\/p>\n<p style=\"text-align: justify;\"><span style=\"font-weight: 400;\">Sono state analizzate le propriet\u00e0 chimiche di girasole raffinato, soia, olio di oliva e olio di semi di mais precedentemente utilizzato per la frittura di patate a 160\u00b0 C e 190\u00b0 C, rispettivamente per la torrefazione in una padella a 180\u00b0 C.<\/span><span style=\"font-weight: 400;\"><br \/>\n<\/span><span style=\"font-weight: 400;\"><br \/>\n<\/span><span style=\"font-weight: 400;\">I risultati hanno dimostrato che l&#8217;olio d&#8217;oliva raffinato, rispetto ad altri oli testati, \u00e8 l&#8217;olio per frittura pi\u00f9 stabile dal punto di vista chimico.<\/span><span style=\"font-weight: 400;\"><br \/>\n<\/span><span style=\"font-weight: 400;\"><br \/>\n<\/span><span style=\"font-weight: 400;\">Risposte alla domanda sul perch\u00e9 utilizzare l&#8217;olio di oliva \u00e8 innumerevole. Probabilmente a causa della sua versatile applicazione. Prova le meravigliose propriet\u00e0 dell&#8217;olio di oliva di qualit\u00e0 oggi:<\/span><\/p>\n<p style=\"text-align: center;\"><div class=\"cta-link animate animate--sm\">\n\t<div class=\"btn-wrapper text-center\">\n\t\t<a href=\"https:\/\/opg-rakovac.hr\/it\/shop\/\" class=\"btn btn-primary\">\n\t\t\tORDINA L\u2019OLIO DI OLIVA BILINI\t\t<\/a>\n\t<\/div>\n<\/div><\/p>\n","protected":false},"excerpt":{"rendered":"<p>L&#8217;olio di oliva \u00e8 uno degli alimenti pi\u00f9 salutari conosciuti dall&#8217;uomo dal passato. L&#8217;oliva \u00e8 una delle prime piante che l&#8217;uomo ha iniziato a coltivare. Tracce di amicizia tra ulivo e uomo prendono vita nella storia fino a 7000 anni. Conosciuto nell&#8217;antica Grecia, Egitto e Roma, \u00e8 stato a lungo utilizzato come cibo e medicine. [&hellip;]<\/p>\n","protected":false},"author":1,"featured_media":5048,"parent":0,"menu_order":1,"comment_status":"closed","ping_status":"closed","template":"","meta":{"_acf_changed":false,"h5ap_radio_sources":[],"footnotes":""},"class_list":["post-8781","page","type-page","status-publish","has-post-thumbnail","hentry"],"acf":[],"yoast_head":"<!-- This site is optimized with the Yoast SEO plugin v27.4 - https:\/\/yoast.com\/product\/yoast-seo-wordpress\/ -->\n<title>Perch\u00e9 usare l&#039;olio di oliva? - Azienda agricola Rakovac vi spiega:<\/title>\n<meta name=\"description\" content=\"Perch\u00e9 l&#039;olio di oliva? Previene l&#039;infarto, migliora la memoria, aiuta a combattere il cancro, riduce il colesterolo e migliora la digestione.\" \/>\n<meta name=\"robots\" content=\"index, follow, max-snippet:-1, max-image-preview:large, max-video-preview:-1\" \/>\n<link rel=\"canonical\" href=\"https:\/\/opg-rakovac.hr\/it\/perche-olio-di-oliva\/\" \/>\n<meta property=\"og:locale\" content=\"it_IT\" \/>\n<meta property=\"og:type\" content=\"article\" \/>\n<meta property=\"og:title\" content=\"Perch\u00e9 usare l&#039;olio di oliva? - Azienda agricola Rakovac vi spiega:\" \/>\n<meta property=\"og:description\" content=\"Perch\u00e9 l&#039;olio di oliva? Previene l&#039;infarto, migliora la memoria, aiuta a combattere il cancro, riduce il colesterolo e migliora la digestione.\" \/>\n<meta property=\"og:url\" content=\"https:\/\/opg-rakovac.hr\/it\/perche-olio-di-oliva\/\" \/>\n<meta property=\"og:site_name\" content=\"OPG Rakovac\" \/>\n<meta property=\"article:publisher\" content=\"https:\/\/www.facebook.com\/Ekstra.djevicansko.maslinovo.ulje.Bilini\/\" \/>\n<meta property=\"article:modified_time\" content=\"2018-07-02T17:44:09+00:00\" \/>\n<meta property=\"og:image\" content=\"https:\/\/opg-rakovac.hr\/wp-content\/uploads\/2013\/09\/Depositphotos_6431419_original.jpg\" \/>\n\t<meta property=\"og:image:width\" content=\"900\" \/>\n\t<meta property=\"og:image:height\" content=\"675\" \/>\n\t<meta property=\"og:image:type\" content=\"image\/jpeg\" \/>\n<meta name=\"twitter:card\" content=\"summary_large_image\" \/>\n<meta name=\"twitter:label1\" content=\"Tempo di lettura stimato\" \/>\n\t<meta name=\"twitter:data1\" content=\"2 minuti\" \/>\n<script type=\"application\/ld+json\" class=\"yoast-schema-graph\">{\"@context\":\"https:\\\/\\\/schema.org\",\"@graph\":[{\"@type\":\"WebPage\",\"@id\":\"https:\\\/\\\/opg-rakovac.hr\\\/it\\\/perche-olio-di-oliva\\\/\",\"url\":\"https:\\\/\\\/opg-rakovac.hr\\\/it\\\/perche-olio-di-oliva\\\/\",\"name\":\"Perch\u00e9 usare l'olio di oliva? - Azienda agricola Rakovac vi spiega:\",\"isPartOf\":{\"@id\":\"https:\\\/\\\/opg-rakovac.hr\\\/it\\\/#website\"},\"primaryImageOfPage\":{\"@id\":\"https:\\\/\\\/opg-rakovac.hr\\\/it\\\/perche-olio-di-oliva\\\/#primaryimage\"},\"image\":{\"@id\":\"https:\\\/\\\/opg-rakovac.hr\\\/it\\\/perche-olio-di-oliva\\\/#primaryimage\"},\"thumbnailUrl\":\"https:\\\/\\\/opg-rakovac.hr\\\/wp-content\\\/uploads\\\/2013\\\/09\\\/Depositphotos_6431419_original.jpg\",\"datePublished\":\"2015-12-27T20:52:03+00:00\",\"dateModified\":\"2018-07-02T17:44:09+00:00\",\"description\":\"Perch\u00e9 l'olio di oliva? Previene l'infarto, migliora la memoria, aiuta a combattere il cancro, riduce il colesterolo e migliora la digestione.\",\"breadcrumb\":{\"@id\":\"https:\\\/\\\/opg-rakovac.hr\\\/it\\\/perche-olio-di-oliva\\\/#breadcrumb\"},\"inLanguage\":\"it-IT\",\"potentialAction\":[{\"@type\":\"ReadAction\",\"target\":[\"https:\\\/\\\/opg-rakovac.hr\\\/it\\\/perche-olio-di-oliva\\\/\"]}]},{\"@type\":\"ImageObject\",\"inLanguage\":\"it-IT\",\"@id\":\"https:\\\/\\\/opg-rakovac.hr\\\/it\\\/perche-olio-di-oliva\\\/#primaryimage\",\"url\":\"https:\\\/\\\/opg-rakovac.hr\\\/wp-content\\\/uploads\\\/2013\\\/09\\\/Depositphotos_6431419_original.jpg\",\"contentUrl\":\"https:\\\/\\\/opg-rakovac.hr\\\/wp-content\\\/uploads\\\/2013\\\/09\\\/Depositphotos_6431419_original.jpg\",\"width\":900,\"height\":675,\"caption\":\"olio di oliva\"},{\"@type\":\"BreadcrumbList\",\"@id\":\"https:\\\/\\\/opg-rakovac.hr\\\/it\\\/perche-olio-di-oliva\\\/#breadcrumb\",\"itemListElement\":[{\"@type\":\"ListItem\",\"position\":1,\"name\":\"Homepage\",\"item\":\"https:\\\/\\\/opg-rakovac.hr\\\/it\\\/\"},{\"@type\":\"ListItem\",\"position\":2,\"name\":\"Perch\u00e9 usare l&#8217;olio di oliva?\"}]},{\"@type\":\"WebSite\",\"@id\":\"https:\\\/\\\/opg-rakovac.hr\\\/it\\\/#website\",\"url\":\"https:\\\/\\\/opg-rakovac.hr\\\/it\\\/\",\"name\":\"OPG Rakovac\",\"description\":\"Istarsko ekstra djevi\u010dansko maslinovo ulje Bilini\",\"publisher\":{\"@id\":\"https:\\\/\\\/opg-rakovac.hr\\\/it\\\/#organization\"},\"inLanguage\":\"it-IT\"},{\"@type\":\"Organization\",\"@id\":\"https:\\\/\\\/opg-rakovac.hr\\\/it\\\/#organization\",\"name\":\"OPG Rakovac\",\"url\":\"https:\\\/\\\/opg-rakovac.hr\\\/it\\\/\",\"logo\":{\"@type\":\"ImageObject\",\"inLanguage\":\"it-IT\",\"@id\":\"https:\\\/\\\/opg-rakovac.hr\\\/it\\\/#\\\/schema\\\/logo\\\/image\\\/\",\"url\":\"https:\\\/\\\/opg-rakovac.hr\\\/wp-content\\\/uploads\\\/2015\\\/12\\\/favicon.png\",\"contentUrl\":\"https:\\\/\\\/opg-rakovac.hr\\\/wp-content\\\/uploads\\\/2015\\\/12\\\/favicon.png\",\"width\":200,\"height\":200,\"caption\":\"OPG Rakovac\"},\"image\":{\"@id\":\"https:\\\/\\\/opg-rakovac.hr\\\/it\\\/#\\\/schema\\\/logo\\\/image\\\/\"},\"sameAs\":[\"https:\\\/\\\/www.facebook.com\\\/Ekstra.djevicansko.maslinovo.ulje.Bilini\\\/\",\"https:\\\/\\\/www.instagram.com\\\/bilini_maslinovo_ulje\\\/\",\"https:\\\/\\\/hr.linkedin.com\\\/in\\\/bilini\",\"https:\\\/\\\/www.pinterest.com\\\/Bilini_OliveOil\\\/\",\"https:\\\/\\\/www.youtube.com\\\/channel\\\/UC7hfzAtwp1YOvhlmwNYkyQw\"]}]}<\/script>\n<!-- \/ Yoast SEO plugin. -->","yoast_head_json":{"title":"Perch\u00e9 usare l'olio di oliva? - Azienda agricola Rakovac vi spiega:","description":"Perch\u00e9 l'olio di oliva? Previene l'infarto, migliora la memoria, aiuta a combattere il cancro, riduce il colesterolo e migliora la digestione.","robots":{"index":"index","follow":"follow","max-snippet":"max-snippet:-1","max-image-preview":"max-image-preview:large","max-video-preview":"max-video-preview:-1"},"canonical":"https:\/\/opg-rakovac.hr\/it\/perche-olio-di-oliva\/","og_locale":"it_IT","og_type":"article","og_title":"Perch\u00e9 usare l'olio di oliva? - Azienda agricola Rakovac vi spiega:","og_description":"Perch\u00e9 l'olio di oliva? Previene l'infarto, migliora la memoria, aiuta a combattere il cancro, riduce il colesterolo e migliora la digestione.","og_url":"https:\/\/opg-rakovac.hr\/it\/perche-olio-di-oliva\/","og_site_name":"OPG Rakovac","article_publisher":"https:\/\/www.facebook.com\/Ekstra.djevicansko.maslinovo.ulje.Bilini\/","article_modified_time":"2018-07-02T17:44:09+00:00","og_image":[{"width":900,"height":675,"url":"https:\/\/opg-rakovac.hr\/wp-content\/uploads\/2013\/09\/Depositphotos_6431419_original.jpg","type":"image\/jpeg"}],"twitter_card":"summary_large_image","twitter_misc":{"Tempo di lettura stimato":"2 minuti"},"schema":{"@context":"https:\/\/schema.org","@graph":[{"@type":"WebPage","@id":"https:\/\/opg-rakovac.hr\/it\/perche-olio-di-oliva\/","url":"https:\/\/opg-rakovac.hr\/it\/perche-olio-di-oliva\/","name":"Perch\u00e9 usare l'olio di oliva? - Azienda agricola Rakovac vi spiega:","isPartOf":{"@id":"https:\/\/opg-rakovac.hr\/it\/#website"},"primaryImageOfPage":{"@id":"https:\/\/opg-rakovac.hr\/it\/perche-olio-di-oliva\/#primaryimage"},"image":{"@id":"https:\/\/opg-rakovac.hr\/it\/perche-olio-di-oliva\/#primaryimage"},"thumbnailUrl":"https:\/\/opg-rakovac.hr\/wp-content\/uploads\/2013\/09\/Depositphotos_6431419_original.jpg","datePublished":"2015-12-27T20:52:03+00:00","dateModified":"2018-07-02T17:44:09+00:00","description":"Perch\u00e9 l'olio di oliva? Previene l'infarto, migliora la memoria, aiuta a combattere il cancro, riduce il colesterolo e migliora la digestione.","breadcrumb":{"@id":"https:\/\/opg-rakovac.hr\/it\/perche-olio-di-oliva\/#breadcrumb"},"inLanguage":"it-IT","potentialAction":[{"@type":"ReadAction","target":["https:\/\/opg-rakovac.hr\/it\/perche-olio-di-oliva\/"]}]},{"@type":"ImageObject","inLanguage":"it-IT","@id":"https:\/\/opg-rakovac.hr\/it\/perche-olio-di-oliva\/#primaryimage","url":"https:\/\/opg-rakovac.hr\/wp-content\/uploads\/2013\/09\/Depositphotos_6431419_original.jpg","contentUrl":"https:\/\/opg-rakovac.hr\/wp-content\/uploads\/2013\/09\/Depositphotos_6431419_original.jpg","width":900,"height":675,"caption":"olio di oliva"},{"@type":"BreadcrumbList","@id":"https:\/\/opg-rakovac.hr\/it\/perche-olio-di-oliva\/#breadcrumb","itemListElement":[{"@type":"ListItem","position":1,"name":"Homepage","item":"https:\/\/opg-rakovac.hr\/it\/"},{"@type":"ListItem","position":2,"name":"Perch\u00e9 usare l&#8217;olio di oliva?"}]},{"@type":"WebSite","@id":"https:\/\/opg-rakovac.hr\/it\/#website","url":"https:\/\/opg-rakovac.hr\/it\/","name":"OPG Rakovac","description":"Istarsko ekstra djevi\u010dansko maslinovo ulje Bilini","publisher":{"@id":"https:\/\/opg-rakovac.hr\/it\/#organization"},"inLanguage":"it-IT"},{"@type":"Organization","@id":"https:\/\/opg-rakovac.hr\/it\/#organization","name":"OPG Rakovac","url":"https:\/\/opg-rakovac.hr\/it\/","logo":{"@type":"ImageObject","inLanguage":"it-IT","@id":"https:\/\/opg-rakovac.hr\/it\/#\/schema\/logo\/image\/","url":"https:\/\/opg-rakovac.hr\/wp-content\/uploads\/2015\/12\/favicon.png","contentUrl":"https:\/\/opg-rakovac.hr\/wp-content\/uploads\/2015\/12\/favicon.png","width":200,"height":200,"caption":"OPG Rakovac"},"image":{"@id":"https:\/\/opg-rakovac.hr\/it\/#\/schema\/logo\/image\/"},"sameAs":["https:\/\/www.facebook.com\/Ekstra.djevicansko.maslinovo.ulje.Bilini\/","https:\/\/www.instagram.com\/bilini_maslinovo_ulje\/","https:\/\/hr.linkedin.com\/in\/bilini","https:\/\/www.pinterest.com\/Bilini_OliveOil\/","https:\/\/www.youtube.com\/channel\/UC7hfzAtwp1YOvhlmwNYkyQw"]}]}},"_links":{"self":[{"href":"https:\/\/opg-rakovac.hr\/it\/wp-json\/wp\/v2\/pages\/8781","targetHints":{"allow":["GET"]}}],"collection":[{"href":"https:\/\/opg-rakovac.hr\/it\/wp-json\/wp\/v2\/pages"}],"about":[{"href":"https:\/\/opg-rakovac.hr\/it\/wp-json\/wp\/v2\/types\/page"}],"author":[{"embeddable":true,"href":"https:\/\/opg-rakovac.hr\/it\/wp-json\/wp\/v2\/users\/1"}],"replies":[{"embeddable":true,"href":"https:\/\/opg-rakovac.hr\/it\/wp-json\/wp\/v2\/comments?post=8781"}],"version-history":[{"count":5,"href":"https:\/\/opg-rakovac.hr\/it\/wp-json\/wp\/v2\/pages\/8781\/revisions"}],"predecessor-version":[{"id":9483,"href":"https:\/\/opg-rakovac.hr\/it\/wp-json\/wp\/v2\/pages\/8781\/revisions\/9483"}],"wp:featuredmedia":[{"embeddable":true,"href":"https:\/\/opg-rakovac.hr\/it\/wp-json\/wp\/v2\/media\/5048"}],"wp:attachment":[{"href":"https:\/\/opg-rakovac.hr\/it\/wp-json\/wp\/v2\/media?parent=8781"}],"curies":[{"name":"wp","href":"https:\/\/api.w.org\/{rel}","templated":true}]}}