{"id":7826,"date":"2011-07-14T19:45:42","date_gmt":"2011-07-14T19:45:42","guid":{"rendered":"https:\/\/opg-rakovac.hr\/2018\/evoo-bilini\/"},"modified":"2025-08-27T10:23:59","modified_gmt":"2025-08-27T08:23:59","slug":"olio-extravergine-d-oliva-istriano-bilini","status":"publish","type":"page","link":"https:\/\/opg-rakovac.hr\/it\/olio-extravergine-d-oliva-istriano-bilini\/","title":{"rendered":"Olio d&#8217;oliva Bilini"},"content":{"rendered":"<p style=\"text-align: justify;\"><span style=\"font-weight: 400;\"><strong>L&#8217;olio extravergine d&#8217;oliva istriano Bilini<\/strong> \u00e8 il frutto del lavoro venticinquennale della famiglia Rakovac. L&#8217;amore per la coltivazione e il mantenimento degli uliveti e l&#8217;attenzione per la tempestiva raccolta delle olive si traducono in un olio d&#8217;oliva di eccezionale qualit\u00e0.<\/span><\/p>\n<figure id=\"attachment_2109\" aria-describedby=\"caption-attachment-2109\" style=\"width: 1600px\" class=\"wp-caption alignnone\"><img decoding=\"async\" class=\"wp-image-2109 size-full\" title=\"olio extra vergine d'oliva istriano Bilini\" src=\"https:\/\/opg-rakovac.hr\/wp-content\/uploads\/2011\/07\/maslinovo-ulje-bilini.jpg\" alt=\"olio extravergine\u00a0d'oliva\" width=\"1600\" height=\"635\" \/><figcaption id=\"caption-attachment-2109\" class=\"wp-caption-text\"><span style=\"font-weight: 400;\">olio extra vergine\u00a0d&#8217;oliva istriano Bilini<\/span><\/figcaption><\/figure>\n<h2 class=\"section-header\" class=\"section-header\"><b>Olio di oliva multivariet\u00e0<\/b><\/h2>\n<p style=\"text-align: justify;\"><span style=\"font-weight: 400;\">L&#8217;olio d&#8217;oliva che produciamo \u00e8 un olio d&#8217;oliva di diverse <\/span><span style=\"font-weight: 400;\">variet\u00e0<\/span><span style=\"font-weight: 400;\">. Si ottiene mescolando i frutti di varie variet\u00e0 autoctone come la bianchera istriana, busa, leccino e pendolino che ci permettono di ottenere una maggiore qualit\u00e0 dell&#8217;olio. Il gusto ottenuto attraverso una combinazione di variet\u00e0 \u00e8 una continuazione della tradizione olivicola istriana. L&#8217;aroma multiforme e la durabilit\u00e0 della qualit\u00e0 sono la ragione principale per scegliere il modo di produzione. L&#8217;odore dell&#8217;olio Bilini \u00e8 una storia per se stesso. Non appena apri una bottiglia, preparati ad un meraviglioso profumo di olive fresche.<\/span><\/p>\n<p><a href=\"https:\/\/opg-rakovac.hr\/it\/blog\/olio-doliva-bilini\/programma-fedelta-bilini\/\"><img decoding=\"async\" class=\"aligncenter wp-image-12002 size-full\" title=\"Fai clic e scopri di pi\u00f9 sul nostro programma fedelt\u00e0!\" src=\"https:\/\/opg-rakovac.hr\/wp-content\/uploads\/2019\/11\/BANNER.jpg\" alt=\"\" width=\"940\" height=\"373\" \/><\/a><\/p>\n<h2 class=\"section-header\" class=\"section-header\"><strong>Olio\u00a0<\/strong><strong>extravergine\u00a0<\/strong><strong>d&#8217;oliva Istriano<\/strong><\/h2>\n<p><span style=\"font-weight: 400;\">Il nosto olio extravergine viene prodotto principalmente per la nostra famiglia. La filosofia dell&#8217;elaborazione della nostra terra si basa sulla convinzione secondo il vecchio detto che non abbiamo ereditato la Terra dai nostri antenati, ma l&#8217;abbiamo presa in prestito dai nostri figli. Per proteggere l&#8217;ambiente usiamo sostanze meno dannose e questo soltanto se veramente necessario. Siamo sempre pronti a sacrificare una quantit\u00e0 di raccolto per rendere il prodotto di cui siamo orgogliosi superbamente sano e pulito.<\/span><\/p>\n<figure id=\"attachment_4030\" aria-describedby=\"caption-attachment-4030\" style=\"width: 1328px\" class=\"wp-caption alignnone\"><img decoding=\"async\" class=\"wp-image-6953 size-full\" title=\"Bianchera Istriana\" src=\"https:\/\/opg-rakovac.hr\/wp-content\/uploads\/2011\/07\/istarska-bjelica.jpg\" alt=\"Bianchera Istriana\" width=\"1328\" height=\"526\" srcset=\"https:\/\/opg-rakovac.hr\/wp-content\/uploads\/2011\/07\/istarska-bjelica.jpg 1328w, https:\/\/opg-rakovac.hr\/wp-content\/uploads\/2011\/07\/istarska-bjelica-300x119.jpg 300w, https:\/\/opg-rakovac.hr\/wp-content\/uploads\/2011\/07\/istarska-bjelica-768x304.jpg 768w, https:\/\/opg-rakovac.hr\/wp-content\/uploads\/2011\/07\/istarska-bjelica-1024x406.jpg 1024w, https:\/\/opg-rakovac.hr\/wp-content\/uploads\/2011\/07\/istarska-bjelica-230x91.jpg 230w, https:\/\/opg-rakovac.hr\/wp-content\/uploads\/2011\/07\/istarska-bjelica-324x128.jpg 324w, https:\/\/opg-rakovac.hr\/wp-content\/uploads\/2011\/07\/istarska-bjelica-416x165.jpg 416w\" sizes=\"(max-width: 1328px) 100vw, 1328px\" \/><figcaption id=\"caption-attachment-4030\" class=\"wp-caption-text\"><span style=\"font-weight: 400;\">Bianchera Istriana<\/span><\/figcaption><\/figure>\n<h2 class=\"section-header\" class=\"section-header\"><strong>La Biodiversit\u00e0 negli oliveti<\/strong><\/h2>\n<p style=\"text-align: justify;\"><span style=\"font-weight: 400;\">Nei nostri oliveti, la biodiversit\u00e0 \u00e8 imperativa. Vicino alle olive crescono le ciliegie, le prugne, i fichi e le more. Le vecchie mura a secco sono conservate per la cognizione che li vivono numerosi animali utili per i nostri oliveti. La nostra missione \u00e8 migliorare l&#8217;eredit\u00e0. Ma non solo in termini di produttivit\u00e0, ma anche in termini di mantenimento della bellezza del paesaggio istriano.<\/span><\/p>\n<figure id=\"attachment_2114\" aria-describedby=\"caption-attachment-2114\" style=\"width: 1600px\" class=\"wp-caption alignnone\"><img decoding=\"async\" class=\"wp-image-5112 size-full\" title=\"il nostro oliveto Zacrikva\" src=\"https:\/\/opg-rakovac.hr\/wp-content\/uploads\/2015\/12\/maslinik-zacrikva.jpg\" alt=\"oliveto istriano\" width=\"1600\" height=\"635\" srcset=\"https:\/\/opg-rakovac.hr\/wp-content\/uploads\/2015\/12\/maslinik-zacrikva.jpg 1600w, https:\/\/opg-rakovac.hr\/wp-content\/uploads\/2015\/12\/maslinik-zacrikva-300x119.jpg 300w, https:\/\/opg-rakovac.hr\/wp-content\/uploads\/2015\/12\/maslinik-zacrikva-768x305.jpg 768w, https:\/\/opg-rakovac.hr\/wp-content\/uploads\/2015\/12\/maslinik-zacrikva-1024x406.jpg 1024w, https:\/\/opg-rakovac.hr\/wp-content\/uploads\/2015\/12\/maslinik-zacrikva-1400x556.jpg 1400w, https:\/\/opg-rakovac.hr\/wp-content\/uploads\/2015\/12\/maslinik-zacrikva-230x91.jpg 230w, https:\/\/opg-rakovac.hr\/wp-content\/uploads\/2015\/12\/maslinik-zacrikva-1170x464.jpg 1170w, https:\/\/opg-rakovac.hr\/wp-content\/uploads\/2015\/12\/maslinik-zacrikva-324x129.jpg 324w, https:\/\/opg-rakovac.hr\/wp-content\/uploads\/2015\/12\/maslinik-zacrikva-416x165.jpg 416w\" sizes=\"(max-width: 1600px) 100vw, 1600px\" \/><figcaption id=\"caption-attachment-2114\" class=\"wp-caption-text\"><span style=\"font-weight: 400;\">il nostro oliveto Zacrikva<\/span><\/figcaption><\/figure>\n<p style=\"text-align: justify;\"><span style=\"font-weight: 400;\">Il nostro olio extravergine d\u2019oliva e <strong>il nostro orgoglio<\/strong>.\u00a0Le nostre olive sono la parte insostituibile della natura nella quale sono prodotte. La nostra ambizione non \u00e8 di diventare pi\u00f9 grandi, ma solo migliori.<\/span><\/p>\n<h2 class=\"section-header\" style=\"text-align: justify;\"><b>Qualit\u00e0 indiscussa<\/b><\/h2>\n<p style=\"text-align: justify;\"><span style=\"font-weight: 400;\">L\u2019olio che produciamo e senza discussione olio extravergine d\u2019oliva, <\/span><i><span style=\"font-weight: 400;\">p<\/span><\/i><span style=\"font-weight: 400;\">er\u00f2 il termine extravergine non descrive la qulita del olio fino in fondo. Con il \u00a0termine olio d&#8217;oliva extravergine si intende l&#8217;olio d&#8217;oliva con un&#8217;acidit\u00e0 (acidi grassi liberi) inferiore allo 0,8 per cento. Una maggiore quantit\u00e0 di acidi grassi liberi nell&#8217;olio pu\u00f2 stimolare una serie di cambiamenti che si riflettono nel deterioramento delle caratteristiche organolettiche dell&#8217;olio e nella tendenza del deterioramento.<\/span><\/p>\n\n\t\t\t<ul class='galerija list-inline list-unstyled fancybox-show-nav'>\n\n\t\t\t\t\n\t\t\t\t<li class=\"col-md-4 col-sm-6 col-xs-4 thumb-wrapper\">\n\t\t\t\t\t<a class=\"fancybox\" data-fancybox=\"olio+d%26%238217%3boliva+bilini\" data-caption=\"NYIOOC 2025 Gold Award\" href=\"https:\/\/opg-rakovac.hr\/wp-content\/uploads\/2025\/04\/06_polozeno.webp\" data-title=\"NYIOOC 2025 Gold Award\">\n\t\t\t\t\t\t<img decoding=\"async\" class=\"thumb img-responsive\" src=\"https:\/\/opg-rakovac.hr\/wp-content\/uploads\/2025\/04\/06_polozeno-365x270.webp\" alt=\"NYIOOC 2025 Gold Award\">\n\t\t\t\t\t<\/a>\n\t\t\t\t<\/li>\n\n\t\t\t\t\n\t\t\t\t<li class=\"col-md-4 col-sm-6 col-xs-4 thumb-wrapper\">\n\t\t\t\t\t<a class=\"fancybox\" data-fancybox=\"olio+d%26%238217%3boliva+bilini\" data-caption=\"olio extravergine di oliva Bilini\" href=\"https:\/\/opg-rakovac.hr\/wp-content\/uploads\/2022\/11\/ekstra-djevicansko-maslinovo-ulje-Bilini.webp\" data-title=\"olio extravergine di oliva Bilini\">\n\t\t\t\t\t\t<img decoding=\"async\" class=\"thumb img-responsive\" src=\"https:\/\/opg-rakovac.hr\/wp-content\/uploads\/2022\/11\/ekstra-djevicansko-maslinovo-ulje-Bilini-365x270.webp\" alt=\"olio extravergine di oliva Bilini\">\n\t\t\t\t\t<\/a>\n\t\t\t\t<\/li>\n\n\t\t\t\t\n\t\t\t\t<li class=\"col-md-4 col-sm-6 col-xs-4 thumb-wrapper\">\n\t\t\t\t\t<a class=\"fancybox\" data-fancybox=\"olio+d%26%238217%3boliva+bilini\" data-caption=\"\" href=\"https:\/\/opg-rakovac.hr\/wp-content\/uploads\/2025\/05\/za-naslovnicu.webp\" data-title=\"\">\n\t\t\t\t\t\t<img decoding=\"async\" class=\"thumb img-responsive\" src=\"https:\/\/opg-rakovac.hr\/wp-content\/uploads\/2025\/05\/za-naslovnicu-365x270.webp\" alt=\"\">\n\t\t\t\t\t<\/a>\n\t\t\t\t<\/li>\n\n\t\t\t\t\t\t\t<\/ul>\n\t\t\t\n<h2 class=\"section-header\" class=\"section-header\"><b>Qualit\u00e0 del olio di quest&#8217;anno<\/b><\/h2>\n<p style=\"text-align: justify;\"><span style=\"font-weight: 400;\">Anche quest&#8217;anno l&#8217;olio Bilini \u00e8 di qualit\u00e0 extravergine, il che conferma <a href=\"https:\/\/opg-rakovac.hr\/it\/analisi-chimica-dell-olio-di-oliva-bilini\/\" target=\"_blank\" rel=\"noopener noreferrer\">il risultato di un&#8217;analisi chimica dell&#8217;olio d&#8217;oliva<\/a> eseguito immediatamente dopo la produzione di olio. La quantit\u00e0 di acidi grassi liberi \u00e8 dello 0,12% o 7 volte meglio a quella che si ottiene quando si prende una bottiglia di olio di oliva dagli scaffali del supermercato. La qualit\u00e0 dell\u2019olio Bilini \u00e8 confermata anche dalle <a href=\"https:\/\/opg-rakovac.hr\/it\/category\/premi\/\">medaglie d\u2019oro vinte a New York e a Berlino<\/a>.<\/span><\/p>\n<div class=\"cta-link animate animate--sm\">\n\t<div class=\"btn-wrapper text-center\">\n\t\t<a href=\"https:\/\/opg-rakovac.hr\/it\/shop\/\" class=\"btn btn-primary\">\n\t\t\tORDINA L\u2019OLIO DI OLIVA BILINI\t\t<\/a>\n\t<\/div>\n<\/div>\n","protected":false},"excerpt":{"rendered":"<p>L&#8217;olio extravergine d&#8217;oliva istriano Bilini \u00e8 il frutto del lavoro venticinquennale della famiglia Rakovac. L&#8217;amore per la coltivazione e il mantenimento degli uliveti e l&#8217;attenzione per la tempestiva raccolta delle olive si traducono in un olio d&#8217;oliva di eccezionale qualit\u00e0. Olio di oliva multivariet\u00e0 L&#8217;olio d&#8217;oliva che produciamo \u00e8 un olio d&#8217;oliva di diverse variet\u00e0. [&hellip;]<\/p>\n","protected":false},"author":1,"featured_media":5096,"parent":0,"menu_order":0,"comment_status":"open","ping_status":"closed","template":"","meta":{"_acf_changed":false,"h5ap_radio_sources":[],"footnotes":""},"class_list":["post-7826","page","type-page","status-publish","has-post-thumbnail","hentry"],"acf":[],"yoast_head":"<!-- This site is optimized with the Yoast SEO plugin v27.4 - https:\/\/yoast.com\/product\/yoast-seo-wordpress\/ -->\n<title>Olio extravergine d&#039;oliva istriano Bilini - Azienda agricola Rakovac<\/title>\n<meta name=\"description\" content=\"Olio extravergine d&#039;oliva istriano Bilini: qualit\u00e0, salute e propriet\u00e0 organolettiche superiori. Medaglia d&#039;oro a New York e Berlino!\" \/>\n<meta name=\"robots\" content=\"index, follow, max-snippet:-1, max-image-preview:large, max-video-preview:-1\" \/>\n<link rel=\"canonical\" href=\"https:\/\/opg-rakovac.hr\/it\/olio-extravergine-d-oliva-istriano-bilini\/\" \/>\n<meta property=\"og:locale\" content=\"it_IT\" \/>\n<meta property=\"og:type\" content=\"article\" \/>\n<meta property=\"og:title\" content=\"Olio extravergine d&#039;oliva istriano Bilini - Azienda agricola Rakovac\" \/>\n<meta property=\"og:description\" content=\"Olio extravergine d&#039;oliva istriano Bilini: qualit\u00e0, salute e propriet\u00e0 organolettiche superiori. Medaglia d&#039;oro a New York e Berlino!\" \/>\n<meta property=\"og:url\" content=\"https:\/\/opg-rakovac.hr\/it\/olio-extravergine-d-oliva-istriano-bilini\/\" \/>\n<meta property=\"og:site_name\" content=\"OPG Rakovac\" \/>\n<meta property=\"article:publisher\" content=\"https:\/\/www.facebook.com\/Ekstra.djevicansko.maslinovo.ulje.Bilini\/\" \/>\n<meta property=\"article:modified_time\" content=\"2025-08-27T08:23:59+00:00\" \/>\n<meta property=\"og:image\" content=\"https:\/\/opg-rakovac.hr\/wp-content\/uploads\/2011\/07\/bilini.jpg\" \/>\n\t<meta property=\"og:image:width\" content=\"1600\" \/>\n\t<meta property=\"og:image:height\" content=\"635\" \/>\n\t<meta property=\"og:image:type\" content=\"image\/jpeg\" \/>\n<meta name=\"twitter:card\" content=\"summary_large_image\" \/>\n<meta name=\"twitter:label1\" content=\"Tempo di lettura stimato\" \/>\n\t<meta name=\"twitter:data1\" content=\"4 minuti\" \/>\n<script type=\"application\/ld+json\" class=\"yoast-schema-graph\">{\"@context\":\"https:\\\/\\\/schema.org\",\"@graph\":[{\"@type\":\"WebPage\",\"@id\":\"https:\\\/\\\/opg-rakovac.hr\\\/it\\\/olio-extravergine-d-oliva-istriano-bilini\\\/\",\"url\":\"https:\\\/\\\/opg-rakovac.hr\\\/it\\\/olio-extravergine-d-oliva-istriano-bilini\\\/\",\"name\":\"Olio extravergine d'oliva istriano Bilini - Azienda agricola Rakovac\",\"isPartOf\":{\"@id\":\"https:\\\/\\\/opg-rakovac.hr\\\/it\\\/#website\"},\"primaryImageOfPage\":{\"@id\":\"https:\\\/\\\/opg-rakovac.hr\\\/it\\\/olio-extravergine-d-oliva-istriano-bilini\\\/#primaryimage\"},\"image\":{\"@id\":\"https:\\\/\\\/opg-rakovac.hr\\\/it\\\/olio-extravergine-d-oliva-istriano-bilini\\\/#primaryimage\"},\"thumbnailUrl\":\"https:\\\/\\\/opg-rakovac.hr\\\/wp-content\\\/uploads\\\/2011\\\/07\\\/bilini.jpg\",\"datePublished\":\"2011-07-14T19:45:42+00:00\",\"dateModified\":\"2025-08-27T08:23:59+00:00\",\"description\":\"Olio extravergine d'oliva istriano Bilini: qualit\u00e0, salute e propriet\u00e0 organolettiche superiori. Medaglia d'oro a New York e Berlino!\",\"breadcrumb\":{\"@id\":\"https:\\\/\\\/opg-rakovac.hr\\\/it\\\/olio-extravergine-d-oliva-istriano-bilini\\\/#breadcrumb\"},\"inLanguage\":\"it-IT\",\"potentialAction\":[{\"@type\":\"ReadAction\",\"target\":[\"https:\\\/\\\/opg-rakovac.hr\\\/it\\\/olio-extravergine-d-oliva-istriano-bilini\\\/\"]}]},{\"@type\":\"ImageObject\",\"inLanguage\":\"it-IT\",\"@id\":\"https:\\\/\\\/opg-rakovac.hr\\\/it\\\/olio-extravergine-d-oliva-istriano-bilini\\\/#primaryimage\",\"url\":\"https:\\\/\\\/opg-rakovac.hr\\\/wp-content\\\/uploads\\\/2011\\\/07\\\/bilini.jpg\",\"contentUrl\":\"https:\\\/\\\/opg-rakovac.hr\\\/wp-content\\\/uploads\\\/2011\\\/07\\\/bilini.jpg\",\"width\":1600,\"height\":635,\"caption\":\"olio extra vergine d'oliva Bilini\"},{\"@type\":\"BreadcrumbList\",\"@id\":\"https:\\\/\\\/opg-rakovac.hr\\\/it\\\/olio-extravergine-d-oliva-istriano-bilini\\\/#breadcrumb\",\"itemListElement\":[{\"@type\":\"ListItem\",\"position\":1,\"name\":\"Homepage\",\"item\":\"https:\\\/\\\/opg-rakovac.hr\\\/it\\\/\"},{\"@type\":\"ListItem\",\"position\":2,\"name\":\"Olio d&#8217;oliva Bilini\"}]},{\"@type\":\"WebSite\",\"@id\":\"https:\\\/\\\/opg-rakovac.hr\\\/it\\\/#website\",\"url\":\"https:\\\/\\\/opg-rakovac.hr\\\/it\\\/\",\"name\":\"OPG Rakovac\",\"description\":\"Istarsko ekstra djevi\u010dansko maslinovo ulje Bilini\",\"publisher\":{\"@id\":\"https:\\\/\\\/opg-rakovac.hr\\\/it\\\/#organization\"},\"inLanguage\":\"it-IT\"},{\"@type\":\"Organization\",\"@id\":\"https:\\\/\\\/opg-rakovac.hr\\\/it\\\/#organization\",\"name\":\"OPG Rakovac\",\"url\":\"https:\\\/\\\/opg-rakovac.hr\\\/it\\\/\",\"logo\":{\"@type\":\"ImageObject\",\"inLanguage\":\"it-IT\",\"@id\":\"https:\\\/\\\/opg-rakovac.hr\\\/it\\\/#\\\/schema\\\/logo\\\/image\\\/\",\"url\":\"https:\\\/\\\/opg-rakovac.hr\\\/wp-content\\\/uploads\\\/2015\\\/12\\\/favicon.png\",\"contentUrl\":\"https:\\\/\\\/opg-rakovac.hr\\\/wp-content\\\/uploads\\\/2015\\\/12\\\/favicon.png\",\"width\":200,\"height\":200,\"caption\":\"OPG Rakovac\"},\"image\":{\"@id\":\"https:\\\/\\\/opg-rakovac.hr\\\/it\\\/#\\\/schema\\\/logo\\\/image\\\/\"},\"sameAs\":[\"https:\\\/\\\/www.facebook.com\\\/Ekstra.djevicansko.maslinovo.ulje.Bilini\\\/\",\"https:\\\/\\\/www.instagram.com\\\/bilini_maslinovo_ulje\\\/\",\"https:\\\/\\\/hr.linkedin.com\\\/in\\\/bilini\",\"https:\\\/\\\/www.pinterest.com\\\/Bilini_OliveOil\\\/\",\"https:\\\/\\\/www.youtube.com\\\/channel\\\/UC7hfzAtwp1YOvhlmwNYkyQw\"]}]}<\/script>\n<!-- \/ Yoast SEO plugin. -->","yoast_head_json":{"title":"Olio extravergine d'oliva istriano Bilini - Azienda agricola Rakovac","description":"Olio extravergine d'oliva istriano Bilini: qualit\u00e0, salute e propriet\u00e0 organolettiche superiori. Medaglia d'oro a New York e Berlino!","robots":{"index":"index","follow":"follow","max-snippet":"max-snippet:-1","max-image-preview":"max-image-preview:large","max-video-preview":"max-video-preview:-1"},"canonical":"https:\/\/opg-rakovac.hr\/it\/olio-extravergine-d-oliva-istriano-bilini\/","og_locale":"it_IT","og_type":"article","og_title":"Olio extravergine d'oliva istriano Bilini - Azienda agricola Rakovac","og_description":"Olio extravergine d'oliva istriano Bilini: qualit\u00e0, salute e propriet\u00e0 organolettiche superiori. Medaglia d'oro a New York e Berlino!","og_url":"https:\/\/opg-rakovac.hr\/it\/olio-extravergine-d-oliva-istriano-bilini\/","og_site_name":"OPG Rakovac","article_publisher":"https:\/\/www.facebook.com\/Ekstra.djevicansko.maslinovo.ulje.Bilini\/","article_modified_time":"2025-08-27T08:23:59+00:00","og_image":[{"width":1600,"height":635,"url":"https:\/\/opg-rakovac.hr\/wp-content\/uploads\/2011\/07\/bilini.jpg","type":"image\/jpeg"}],"twitter_card":"summary_large_image","twitter_misc":{"Tempo di lettura stimato":"4 minuti"},"schema":{"@context":"https:\/\/schema.org","@graph":[{"@type":"WebPage","@id":"https:\/\/opg-rakovac.hr\/it\/olio-extravergine-d-oliva-istriano-bilini\/","url":"https:\/\/opg-rakovac.hr\/it\/olio-extravergine-d-oliva-istriano-bilini\/","name":"Olio extravergine d'oliva istriano Bilini - Azienda agricola Rakovac","isPartOf":{"@id":"https:\/\/opg-rakovac.hr\/it\/#website"},"primaryImageOfPage":{"@id":"https:\/\/opg-rakovac.hr\/it\/olio-extravergine-d-oliva-istriano-bilini\/#primaryimage"},"image":{"@id":"https:\/\/opg-rakovac.hr\/it\/olio-extravergine-d-oliva-istriano-bilini\/#primaryimage"},"thumbnailUrl":"https:\/\/opg-rakovac.hr\/wp-content\/uploads\/2011\/07\/bilini.jpg","datePublished":"2011-07-14T19:45:42+00:00","dateModified":"2025-08-27T08:23:59+00:00","description":"Olio extravergine d'oliva istriano Bilini: qualit\u00e0, salute e propriet\u00e0 organolettiche superiori. Medaglia d'oro a New York e Berlino!","breadcrumb":{"@id":"https:\/\/opg-rakovac.hr\/it\/olio-extravergine-d-oliva-istriano-bilini\/#breadcrumb"},"inLanguage":"it-IT","potentialAction":[{"@type":"ReadAction","target":["https:\/\/opg-rakovac.hr\/it\/olio-extravergine-d-oliva-istriano-bilini\/"]}]},{"@type":"ImageObject","inLanguage":"it-IT","@id":"https:\/\/opg-rakovac.hr\/it\/olio-extravergine-d-oliva-istriano-bilini\/#primaryimage","url":"https:\/\/opg-rakovac.hr\/wp-content\/uploads\/2011\/07\/bilini.jpg","contentUrl":"https:\/\/opg-rakovac.hr\/wp-content\/uploads\/2011\/07\/bilini.jpg","width":1600,"height":635,"caption":"olio extra vergine d'oliva Bilini"},{"@type":"BreadcrumbList","@id":"https:\/\/opg-rakovac.hr\/it\/olio-extravergine-d-oliva-istriano-bilini\/#breadcrumb","itemListElement":[{"@type":"ListItem","position":1,"name":"Homepage","item":"https:\/\/opg-rakovac.hr\/it\/"},{"@type":"ListItem","position":2,"name":"Olio d&#8217;oliva Bilini"}]},{"@type":"WebSite","@id":"https:\/\/opg-rakovac.hr\/it\/#website","url":"https:\/\/opg-rakovac.hr\/it\/","name":"OPG Rakovac","description":"Istarsko ekstra djevi\u010dansko maslinovo ulje Bilini","publisher":{"@id":"https:\/\/opg-rakovac.hr\/it\/#organization"},"inLanguage":"it-IT"},{"@type":"Organization","@id":"https:\/\/opg-rakovac.hr\/it\/#organization","name":"OPG Rakovac","url":"https:\/\/opg-rakovac.hr\/it\/","logo":{"@type":"ImageObject","inLanguage":"it-IT","@id":"https:\/\/opg-rakovac.hr\/it\/#\/schema\/logo\/image\/","url":"https:\/\/opg-rakovac.hr\/wp-content\/uploads\/2015\/12\/favicon.png","contentUrl":"https:\/\/opg-rakovac.hr\/wp-content\/uploads\/2015\/12\/favicon.png","width":200,"height":200,"caption":"OPG Rakovac"},"image":{"@id":"https:\/\/opg-rakovac.hr\/it\/#\/schema\/logo\/image\/"},"sameAs":["https:\/\/www.facebook.com\/Ekstra.djevicansko.maslinovo.ulje.Bilini\/","https:\/\/www.instagram.com\/bilini_maslinovo_ulje\/","https:\/\/hr.linkedin.com\/in\/bilini","https:\/\/www.pinterest.com\/Bilini_OliveOil\/","https:\/\/www.youtube.com\/channel\/UC7hfzAtwp1YOvhlmwNYkyQw"]}]}},"_links":{"self":[{"href":"https:\/\/opg-rakovac.hr\/it\/wp-json\/wp\/v2\/pages\/7826","targetHints":{"allow":["GET"]}}],"collection":[{"href":"https:\/\/opg-rakovac.hr\/it\/wp-json\/wp\/v2\/pages"}],"about":[{"href":"https:\/\/opg-rakovac.hr\/it\/wp-json\/wp\/v2\/types\/page"}],"author":[{"embeddable":true,"href":"https:\/\/opg-rakovac.hr\/it\/wp-json\/wp\/v2\/users\/1"}],"replies":[{"embeddable":true,"href":"https:\/\/opg-rakovac.hr\/it\/wp-json\/wp\/v2\/comments?post=7826"}],"version-history":[{"count":5,"href":"https:\/\/opg-rakovac.hr\/it\/wp-json\/wp\/v2\/pages\/7826\/revisions"}],"predecessor-version":[{"id":20550,"href":"https:\/\/opg-rakovac.hr\/it\/wp-json\/wp\/v2\/pages\/7826\/revisions\/20550"}],"wp:featuredmedia":[{"embeddable":true,"href":"https:\/\/opg-rakovac.hr\/it\/wp-json\/wp\/v2\/media\/5096"}],"wp:attachment":[{"href":"https:\/\/opg-rakovac.hr\/it\/wp-json\/wp\/v2\/media?parent=7826"}],"curies":[{"name":"wp","href":"https:\/\/api.w.org\/{rel}","templated":true}]}}