{"id":4994,"date":"2016-05-14T09:29:51","date_gmt":"2016-05-14T09:29:51","guid":{"rendered":"https:\/\/opg-rakovac.hr\/2018\/o-nama-opg-rakovac\/"},"modified":"2022-10-23T10:55:56","modified_gmt":"2022-10-23T10:55:56","slug":"azienda-agricola-rakovac","status":"publish","type":"page","link":"https:\/\/opg-rakovac.hr\/it\/azienda-agricola-rakovac\/","title":{"rendered":"Azienda agricola Rakovac"},"content":{"rendered":"<h2 class=\"section-header\" class=\"section-header\">Azienda agricola Rakovac &#8211; La nostra storia<\/h2>\n<p style=\"text-align: justify;\"><span style=\"font-weight: 400;\">Non molto tempo fa, Sa\u0161a e io vivevamo una normale e felice vita cittadina. Abbiamo lavorato come un project manager ed un sales manager. Una serie di strani eventi \u00e8 iniziata quando un giorno, pi\u00f9 per scherzo che per necessit\u00e0, mi sono iscritta ad un corso di olivicoltura. Per mia fortuna mi sono imbattuta in un docente appassionato. Ha trasmetteva il suo amore per la natura a tutti coloro che erano disposti ad ascoltare. E cos\u00ec le olive, che fin allora mi erano sempre piaciute &#8211; sono diventate le mie preferite!<\/span><\/p>\n\n<blockquote class=\"content__quote\">\n\t\u201c&#8230;Una cultura robusta che cresce ai margini dei vigneti o contro il muro.\u201d<\/blockquote>\n\n\n<div class='content-column one_half'><p style=\"text-align: justify;\"><span style=\"font-weight: 400;\">La combinazione di circostanze era tale che Sa\u0161a, rocker urbano al quarto piano, si \u00e8 \u00a0trovato in una situazione dove le olive erano circondate da un metro e mezzo d\u2019erba alta, un vero e proprio praticantato di problemi. <a href=\"https:\/\/it.wikipedia.org\/wiki\/Spilocaea_oleaginea\" target=\"_blank\" rel=\"noopener\">L&#8217;occhio del pavone<\/a> e<\/span> <span style=\"font-weight: 400;\">fumaggine del\u2019olivo, agli alberi che fuggono verso il cielo, bizzarri e selvaggi come la sua pettinatura. In pi\u00f9, ereditati anche due trattori molto, ma molto usati, ovviamente nessuna minima idea di come usarli, e sua moglie teorica con una modesta gamma di forza fisica. Ma costante ed energico, testardo e stupido com&#8217;\u00e8, ha imparato molto velocemente tutto ci\u00f2 di cui ha bisogno, e il fatto che l&#8217;apprendimento non smette mai.<\/span><\/p><\/div>\n<div class='content-column one_half last_column'><p><span style=\"font-weight: 400;\">Oggi la nostra piccola famiglia, la nostra piccola azienda agricola Rakovac, si \u00e8 messa in piedi. Gli alberi sono tanto pi\u00f9 potenti e belli. Il frutto cresce, e <a href=\"https:\/\/opg-rakovac.hr\/it\/olio-extravergine-d-oliva-istriano-bilini\/\" target=\"_blank\" rel=\"noopener\">l&#8217;olio<\/a>, che \u00e8 stato eccellente sin dal primo giorno, \u00e8 ancora grande. Fortunatamente, il lavoro \u00e8 infinito, quindi non c&#8217;\u00e8 tempo per annoiarsi. \ud83d\ude42 E li dove l&#8217;occhio di qualcuno pu\u00f2 vedere solo un pascolo noi vediamo nuove giovani olive. \u00c8 solo una questione di tempo. Non se, ma solo quando. <\/span><\/p>\n<p><span style=\"font-weight: 400;\">Rimani con noi durante <a href=\"https:\/\/opg-rakovac.hr\/it\/category\/premi\/\" target=\"_blank\" rel=\"noopener\">i nostri progressi<\/a>.<\/span><\/p><\/div><div class='clear_column'><\/div>\n","protected":false},"excerpt":{"rendered":"<p>Azienda agricola Rakovac &#8211; La nostra storia Non molto tempo fa, Sa\u0161a e io vivevamo una normale e felice vita cittadina. Abbiamo lavorato come un project manager ed un sales manager. Una serie di strani eventi \u00e8 iniziata quando un giorno, pi\u00f9 per scherzo che per necessit\u00e0, mi sono iscritta ad un corso di olivicoltura. [&hellip;]<\/p>\n","protected":false},"author":1,"featured_media":5204,"parent":0,"menu_order":0,"comment_status":"closed","ping_status":"closed","template":"","meta":{"_acf_changed":false,"h5ap_radio_sources":[],"footnotes":""},"class_list":["post-4994","page","type-page","status-publish","has-post-thumbnail","hentry"],"acf":[],"yoast_head":"<!-- This site is optimized with the Yoast SEO plugin v27.4 - https:\/\/yoast.com\/product\/yoast-seo-wordpress\/ -->\n<title>Azienda agricola Rakovac - Olio extravergine d\u2019oliva Bilini<\/title>\n<meta name=\"description\" content=\"L\u2019amore per l&#039;olivicoltura. La nostra piccola azienda agricola Rakovac produce un premiato olio di oliva extra vergine istriano Bilini\" \/>\n<meta name=\"robots\" content=\"index, follow, max-snippet:-1, max-image-preview:large, max-video-preview:-1\" \/>\n<link rel=\"canonical\" href=\"https:\/\/opg-rakovac.hr\/it\/azienda-agricola-rakovac\/\" \/>\n<meta property=\"og:locale\" content=\"it_IT\" \/>\n<meta property=\"og:type\" content=\"article\" \/>\n<meta property=\"og:title\" content=\"Azienda agricola Rakovac - Olio extravergine d\u2019oliva Bilini\" \/>\n<meta property=\"og:description\" content=\"L\u2019amore per l&#039;olivicoltura. La nostra piccola azienda agricola Rakovac produce un premiato olio di oliva extra vergine istriano Bilini\" \/>\n<meta property=\"og:url\" content=\"https:\/\/opg-rakovac.hr\/it\/azienda-agricola-rakovac\/\" \/>\n<meta property=\"og:site_name\" content=\"OPG Rakovac\" \/>\n<meta property=\"article:publisher\" content=\"https:\/\/www.facebook.com\/Ekstra.djevicansko.maslinovo.ulje.Bilini\/\" \/>\n<meta property=\"article:modified_time\" content=\"2022-10-23T10:55:56+00:00\" \/>\n<meta property=\"og:image\" content=\"https:\/\/opg-rakovac.hr\/wp-content\/uploads\/2011\/07\/obitelj-Petkovic-Rakovac-e1529932408473.jpg\" \/>\n\t<meta property=\"og:image:width\" content=\"800\" \/>\n\t<meta property=\"og:image:height\" content=\"533\" \/>\n\t<meta property=\"og:image:type\" content=\"image\/jpeg\" \/>\n<meta name=\"twitter:card\" content=\"summary_large_image\" \/>\n<meta name=\"twitter:label1\" content=\"Tempo di lettura stimato\" \/>\n\t<meta name=\"twitter:data1\" content=\"2 minuti\" \/>\n<script type=\"application\/ld+json\" class=\"yoast-schema-graph\">{\"@context\":\"https:\\\/\\\/schema.org\",\"@graph\":[{\"@type\":\"WebPage\",\"@id\":\"https:\\\/\\\/opg-rakovac.hr\\\/it\\\/azienda-agricola-rakovac\\\/\",\"url\":\"https:\\\/\\\/opg-rakovac.hr\\\/it\\\/azienda-agricola-rakovac\\\/\",\"name\":\"Azienda agricola Rakovac - Olio extravergine d\u2019oliva Bilini\",\"isPartOf\":{\"@id\":\"https:\\\/\\\/opg-rakovac.hr\\\/it\\\/#website\"},\"primaryImageOfPage\":{\"@id\":\"https:\\\/\\\/opg-rakovac.hr\\\/it\\\/azienda-agricola-rakovac\\\/#primaryimage\"},\"image\":{\"@id\":\"https:\\\/\\\/opg-rakovac.hr\\\/it\\\/azienda-agricola-rakovac\\\/#primaryimage\"},\"thumbnailUrl\":\"https:\\\/\\\/opg-rakovac.hr\\\/wp-content\\\/uploads\\\/2011\\\/07\\\/obitelj-Petkovic-Rakovac-e1529932408473.jpg\",\"datePublished\":\"2016-05-14T09:29:51+00:00\",\"dateModified\":\"2022-10-23T10:55:56+00:00\",\"description\":\"L\u2019amore per l'olivicoltura. La nostra piccola azienda agricola Rakovac produce un premiato olio di oliva extra vergine istriano Bilini\",\"breadcrumb\":{\"@id\":\"https:\\\/\\\/opg-rakovac.hr\\\/it\\\/azienda-agricola-rakovac\\\/#breadcrumb\"},\"inLanguage\":\"it-IT\",\"potentialAction\":[{\"@type\":\"ReadAction\",\"target\":[\"https:\\\/\\\/opg-rakovac.hr\\\/it\\\/azienda-agricola-rakovac\\\/\"]}]},{\"@type\":\"ImageObject\",\"inLanguage\":\"it-IT\",\"@id\":\"https:\\\/\\\/opg-rakovac.hr\\\/it\\\/azienda-agricola-rakovac\\\/#primaryimage\",\"url\":\"https:\\\/\\\/opg-rakovac.hr\\\/wp-content\\\/uploads\\\/2011\\\/07\\\/obitelj-Petkovic-Rakovac-e1529932408473.jpg\",\"contentUrl\":\"https:\\\/\\\/opg-rakovac.hr\\\/wp-content\\\/uploads\\\/2011\\\/07\\\/obitelj-Petkovic-Rakovac-e1529932408473.jpg\",\"width\":800,\"height\":533,\"caption\":\"bilini contatto\"},{\"@type\":\"BreadcrumbList\",\"@id\":\"https:\\\/\\\/opg-rakovac.hr\\\/it\\\/azienda-agricola-rakovac\\\/#breadcrumb\",\"itemListElement\":[{\"@type\":\"ListItem\",\"position\":1,\"name\":\"Homepage\",\"item\":\"https:\\\/\\\/opg-rakovac.hr\\\/it\\\/\"},{\"@type\":\"ListItem\",\"position\":2,\"name\":\"Azienda agricola Rakovac\"}]},{\"@type\":\"WebSite\",\"@id\":\"https:\\\/\\\/opg-rakovac.hr\\\/it\\\/#website\",\"url\":\"https:\\\/\\\/opg-rakovac.hr\\\/it\\\/\",\"name\":\"OPG Rakovac\",\"description\":\"Istarsko ekstra djevi\u010dansko maslinovo ulje Bilini\",\"publisher\":{\"@id\":\"https:\\\/\\\/opg-rakovac.hr\\\/it\\\/#organization\"},\"inLanguage\":\"it-IT\"},{\"@type\":\"Organization\",\"@id\":\"https:\\\/\\\/opg-rakovac.hr\\\/it\\\/#organization\",\"name\":\"OPG Rakovac\",\"url\":\"https:\\\/\\\/opg-rakovac.hr\\\/it\\\/\",\"logo\":{\"@type\":\"ImageObject\",\"inLanguage\":\"it-IT\",\"@id\":\"https:\\\/\\\/opg-rakovac.hr\\\/it\\\/#\\\/schema\\\/logo\\\/image\\\/\",\"url\":\"https:\\\/\\\/opg-rakovac.hr\\\/wp-content\\\/uploads\\\/2015\\\/12\\\/favicon.png\",\"contentUrl\":\"https:\\\/\\\/opg-rakovac.hr\\\/wp-content\\\/uploads\\\/2015\\\/12\\\/favicon.png\",\"width\":200,\"height\":200,\"caption\":\"OPG Rakovac\"},\"image\":{\"@id\":\"https:\\\/\\\/opg-rakovac.hr\\\/it\\\/#\\\/schema\\\/logo\\\/image\\\/\"},\"sameAs\":[\"https:\\\/\\\/www.facebook.com\\\/Ekstra.djevicansko.maslinovo.ulje.Bilini\\\/\",\"https:\\\/\\\/www.instagram.com\\\/bilini_maslinovo_ulje\\\/\",\"https:\\\/\\\/hr.linkedin.com\\\/in\\\/bilini\",\"https:\\\/\\\/www.pinterest.com\\\/Bilini_OliveOil\\\/\",\"https:\\\/\\\/www.youtube.com\\\/channel\\\/UC7hfzAtwp1YOvhlmwNYkyQw\"]}]}<\/script>\n<!-- \/ Yoast SEO plugin. -->","yoast_head_json":{"title":"Azienda agricola Rakovac - Olio extravergine d\u2019oliva Bilini","description":"L\u2019amore per l'olivicoltura. La nostra piccola azienda agricola Rakovac produce un premiato olio di oliva extra vergine istriano Bilini","robots":{"index":"index","follow":"follow","max-snippet":"max-snippet:-1","max-image-preview":"max-image-preview:large","max-video-preview":"max-video-preview:-1"},"canonical":"https:\/\/opg-rakovac.hr\/it\/azienda-agricola-rakovac\/","og_locale":"it_IT","og_type":"article","og_title":"Azienda agricola Rakovac - Olio extravergine d\u2019oliva Bilini","og_description":"L\u2019amore per l'olivicoltura. La nostra piccola azienda agricola Rakovac produce un premiato olio di oliva extra vergine istriano Bilini","og_url":"https:\/\/opg-rakovac.hr\/it\/azienda-agricola-rakovac\/","og_site_name":"OPG Rakovac","article_publisher":"https:\/\/www.facebook.com\/Ekstra.djevicansko.maslinovo.ulje.Bilini\/","article_modified_time":"2022-10-23T10:55:56+00:00","og_image":[{"width":800,"height":533,"url":"https:\/\/opg-rakovac.hr\/wp-content\/uploads\/2011\/07\/obitelj-Petkovic-Rakovac-e1529932408473.jpg","type":"image\/jpeg"}],"twitter_card":"summary_large_image","twitter_misc":{"Tempo di lettura stimato":"2 minuti"},"schema":{"@context":"https:\/\/schema.org","@graph":[{"@type":"WebPage","@id":"https:\/\/opg-rakovac.hr\/it\/azienda-agricola-rakovac\/","url":"https:\/\/opg-rakovac.hr\/it\/azienda-agricola-rakovac\/","name":"Azienda agricola Rakovac - Olio extravergine d\u2019oliva Bilini","isPartOf":{"@id":"https:\/\/opg-rakovac.hr\/it\/#website"},"primaryImageOfPage":{"@id":"https:\/\/opg-rakovac.hr\/it\/azienda-agricola-rakovac\/#primaryimage"},"image":{"@id":"https:\/\/opg-rakovac.hr\/it\/azienda-agricola-rakovac\/#primaryimage"},"thumbnailUrl":"https:\/\/opg-rakovac.hr\/wp-content\/uploads\/2011\/07\/obitelj-Petkovic-Rakovac-e1529932408473.jpg","datePublished":"2016-05-14T09:29:51+00:00","dateModified":"2022-10-23T10:55:56+00:00","description":"L\u2019amore per l'olivicoltura. La nostra piccola azienda agricola Rakovac produce un premiato olio di oliva extra vergine istriano Bilini","breadcrumb":{"@id":"https:\/\/opg-rakovac.hr\/it\/azienda-agricola-rakovac\/#breadcrumb"},"inLanguage":"it-IT","potentialAction":[{"@type":"ReadAction","target":["https:\/\/opg-rakovac.hr\/it\/azienda-agricola-rakovac\/"]}]},{"@type":"ImageObject","inLanguage":"it-IT","@id":"https:\/\/opg-rakovac.hr\/it\/azienda-agricola-rakovac\/#primaryimage","url":"https:\/\/opg-rakovac.hr\/wp-content\/uploads\/2011\/07\/obitelj-Petkovic-Rakovac-e1529932408473.jpg","contentUrl":"https:\/\/opg-rakovac.hr\/wp-content\/uploads\/2011\/07\/obitelj-Petkovic-Rakovac-e1529932408473.jpg","width":800,"height":533,"caption":"bilini contatto"},{"@type":"BreadcrumbList","@id":"https:\/\/opg-rakovac.hr\/it\/azienda-agricola-rakovac\/#breadcrumb","itemListElement":[{"@type":"ListItem","position":1,"name":"Homepage","item":"https:\/\/opg-rakovac.hr\/it\/"},{"@type":"ListItem","position":2,"name":"Azienda agricola Rakovac"}]},{"@type":"WebSite","@id":"https:\/\/opg-rakovac.hr\/it\/#website","url":"https:\/\/opg-rakovac.hr\/it\/","name":"OPG Rakovac","description":"Istarsko ekstra djevi\u010dansko maslinovo ulje Bilini","publisher":{"@id":"https:\/\/opg-rakovac.hr\/it\/#organization"},"inLanguage":"it-IT"},{"@type":"Organization","@id":"https:\/\/opg-rakovac.hr\/it\/#organization","name":"OPG Rakovac","url":"https:\/\/opg-rakovac.hr\/it\/","logo":{"@type":"ImageObject","inLanguage":"it-IT","@id":"https:\/\/opg-rakovac.hr\/it\/#\/schema\/logo\/image\/","url":"https:\/\/opg-rakovac.hr\/wp-content\/uploads\/2015\/12\/favicon.png","contentUrl":"https:\/\/opg-rakovac.hr\/wp-content\/uploads\/2015\/12\/favicon.png","width":200,"height":200,"caption":"OPG Rakovac"},"image":{"@id":"https:\/\/opg-rakovac.hr\/it\/#\/schema\/logo\/image\/"},"sameAs":["https:\/\/www.facebook.com\/Ekstra.djevicansko.maslinovo.ulje.Bilini\/","https:\/\/www.instagram.com\/bilini_maslinovo_ulje\/","https:\/\/hr.linkedin.com\/in\/bilini","https:\/\/www.pinterest.com\/Bilini_OliveOil\/","https:\/\/www.youtube.com\/channel\/UC7hfzAtwp1YOvhlmwNYkyQw"]}]}},"_links":{"self":[{"href":"https:\/\/opg-rakovac.hr\/it\/wp-json\/wp\/v2\/pages\/4994","targetHints":{"allow":["GET"]}}],"collection":[{"href":"https:\/\/opg-rakovac.hr\/it\/wp-json\/wp\/v2\/pages"}],"about":[{"href":"https:\/\/opg-rakovac.hr\/it\/wp-json\/wp\/v2\/types\/page"}],"author":[{"embeddable":true,"href":"https:\/\/opg-rakovac.hr\/it\/wp-json\/wp\/v2\/users\/1"}],"replies":[{"embeddable":true,"href":"https:\/\/opg-rakovac.hr\/it\/wp-json\/wp\/v2\/comments?post=4994"}],"version-history":[{"count":5,"href":"https:\/\/opg-rakovac.hr\/it\/wp-json\/wp\/v2\/pages\/4994\/revisions"}],"predecessor-version":[{"id":9431,"href":"https:\/\/opg-rakovac.hr\/it\/wp-json\/wp\/v2\/pages\/4994\/revisions\/9431"}],"wp:featuredmedia":[{"embeddable":true,"href":"https:\/\/opg-rakovac.hr\/it\/wp-json\/wp\/v2\/media\/5204"}],"wp:attachment":[{"href":"https:\/\/opg-rakovac.hr\/it\/wp-json\/wp\/v2\/media?parent=4994"}],"curies":[{"name":"wp","href":"https:\/\/api.w.org\/{rel}","templated":true}]}}