{"id":4612,"date":"2017-07-11T06:25:50","date_gmt":"2017-07-11T06:25:50","guid":{"rendered":"https:\/\/opg-rakovac.hr\/2018\/apartment-in-pula\/"},"modified":"2022-10-23T10:57:44","modified_gmt":"2022-10-23T10:57:44","slug":"bilini-appartamento-a-pola","status":"publish","type":"page","link":"https:\/\/opg-rakovac.hr\/it\/bilini-appartamento-a-pola\/","title":{"rendered":"Appartamento Bilini"},"content":{"rendered":"<p><span style=\"font-weight: 400;\">Conosci <a href=\"https:\/\/opg-rakovac.hr\/it\/olio-extravergine-d-oliva-istriano-bilini\/\" target=\"_blank\" rel=\"noopener\">l&#8217;olio d&#8217;oliva di alta qualit\u00e0 Bilini<\/a>, ma non sai dell&#8217;appartamento Bilini? ?\u00a0<\/span><span style=\"font-weight: 400;\">Se vuoi visitare Pola e hai bisogno di un alloggio, non guardare oltre. Appartamento Bilini \u00e8 un appartamento a Pola, confortevole e completamente attrezzato, a soli 10 minuti dalla spiaggia e dal centro della citt\u00e0.<\/span><\/p>\n<h3>Capacit\u00e0 e posizione<\/h3>\n<p><span style=\"font-weight: 400;\">L&#8217;appartamento Bilini a <a href=\"http:\/\/www.pulainfo.hr\/it\/\" target=\"_blank\" rel=\"noopener\">Pola<\/a> pu\u00f2 ospitare un massimo di 6 persone. Ha due camere da letto; una con un letto matrimoniale, una con due letti singoli. Due letti supplementari sono forniti allungando il divano nel soggiorno. Un vero appartamento, adatto per un soggiorno rilassante, climatizzato, con un proprio parcheggio coperto. L\u2019internet \u00e8 gratuito e disponibile anche nel cortile di fronte all&#8217;appartamento.<\/span><\/p>\n<p><span style=\"font-weight: 400;\">L&#8217;appartamento si trova allo stesso indirizzo del nostro OPG: puoi trovarci sulla mappa qui sotto. Durante la tua visita, non perdere la possibilit\u00e0 di dugustare \u00a0gratuitamente il premiato olio extra vergine di oliva Bilini.<\/span><\/p>\n<p><span style=\"font-weight: 400;\">Abbiamo date ancora libere. Affrettatevi! Scrivici o inviaci una <a href=\"&#109;a&#x69;l&#x74;&#111;&#x3a;&#105;&#x6e;&#102;o&#x40;o&#x70;&#103;&#x2d;&#114;&#x61;&#107;&#x6f;&#118;a&#x63;&#46;&#x68;&#114;\">e-mail<\/a>: Vedrana, <a href=\"tel:+385993109771\">+385 99 3109 771<\/a>. Attendiamo la tua richiesta.<\/span><\/p>\n","protected":false},"excerpt":{"rendered":"<p>Conosci l&#8217;olio d&#8217;oliva di alta qualit\u00e0 Bilini, ma non sai dell&#8217;appartamento Bilini? ?\u00a0Se vuoi visitare Pola e hai bisogno di un alloggio, non guardare oltre. Appartamento Bilini \u00e8 un appartamento a Pola, confortevole e completamente attrezzato, a soli 10 minuti dalla spiaggia e dal centro della citt\u00e0. Capacit\u00e0 e posizione L&#8217;appartamento Bilini a Pola pu\u00f2 [&hellip;]<\/p>\n","protected":false},"author":1,"featured_media":6760,"parent":0,"menu_order":0,"comment_status":"closed","ping_status":"closed","template":"page-apartman.php","meta":{"_acf_changed":false,"h5ap_radio_sources":[],"footnotes":""},"class_list":["post-4612","page","type-page","status-publish","has-post-thumbnail","hentry"],"acf":[],"yoast_head":"<!-- This site is optimized with the Yoast SEO plugin v27.2 - https:\/\/yoast.com\/product\/yoast-seo-wordpress\/ -->\n<title>Appartamento Bilini - un bellissimo appartamento a Pola<\/title>\n<meta name=\"description\" content=\"Alla ricerca di un super appartamento a Pola? L\u2019appartamento Bilini \u00e8 un appartamento a soli 10 minuti di auto dalla spiaggia e dal centro\" \/>\n<meta name=\"robots\" content=\"index, follow, max-snippet:-1, max-image-preview:large, max-video-preview:-1\" \/>\n<link rel=\"canonical\" href=\"https:\/\/opg-rakovac.hr\/it\/bilini-appartamento-a-pola\/\" \/>\n<meta property=\"og:locale\" content=\"it_IT\" \/>\n<meta property=\"og:type\" content=\"article\" \/>\n<meta property=\"og:title\" content=\"Appartamento Bilini - un bellissimo appartamento a Pola\" \/>\n<meta property=\"og:description\" content=\"Alla ricerca di un super appartamento a Pola? L\u2019appartamento Bilini \u00e8 un appartamento a soli 10 minuti di auto dalla spiaggia e dal centro\" \/>\n<meta property=\"og:url\" content=\"https:\/\/opg-rakovac.hr\/it\/bilini-appartamento-a-pola\/\" \/>\n<meta property=\"og:site_name\" content=\"OPG Rakovac\" \/>\n<meta property=\"article:publisher\" content=\"https:\/\/www.facebook.com\/Ekstra.djevicansko.maslinovo.ulje.Bilini\/\" \/>\n<meta property=\"article:modified_time\" content=\"2022-10-23T10:57:44+00:00\" \/>\n<meta property=\"og:image\" content=\"https:\/\/opg-rakovac.hr\/wp-content\/uploads\/2017\/07\/Apartman-Bilini-Pula-900x444-px.jpg\" \/>\n\t<meta property=\"og:image:width\" content=\"900\" \/>\n\t<meta property=\"og:image:height\" content=\"444\" \/>\n\t<meta property=\"og:image:type\" content=\"image\/jpeg\" \/>\n<meta name=\"twitter:card\" content=\"summary_large_image\" \/>\n<meta name=\"twitter:label1\" content=\"Tempo di lettura stimato\" \/>\n\t<meta name=\"twitter:data1\" content=\"1 minuto\" \/>\n<script type=\"application\/ld+json\" class=\"yoast-schema-graph\">{\"@context\":\"https:\/\/schema.org\",\"@graph\":[{\"@type\":\"WebPage\",\"@id\":\"https:\/\/opg-rakovac.hr\/it\/bilini-appartamento-a-pola\/\",\"url\":\"https:\/\/opg-rakovac.hr\/it\/bilini-appartamento-a-pola\/\",\"name\":\"Appartamento Bilini - un bellissimo appartamento a Pola\",\"isPartOf\":{\"@id\":\"https:\/\/opg-rakovac.hr\/it\/#website\"},\"primaryImageOfPage\":{\"@id\":\"https:\/\/opg-rakovac.hr\/it\/bilini-appartamento-a-pola\/#primaryimage\"},\"image\":{\"@id\":\"https:\/\/opg-rakovac.hr\/it\/bilini-appartamento-a-pola\/#primaryimage\"},\"thumbnailUrl\":\"https:\/\/opg-rakovac.hr\/wp-content\/uploads\/2017\/07\/Apartman-Bilini-Pula-900x444-px.jpg\",\"datePublished\":\"2017-07-11T06:25:50+00:00\",\"dateModified\":\"2022-10-23T10:57:44+00:00\",\"description\":\"Alla ricerca di un super appartamento a Pola? L\u2019appartamento Bilini \u00e8 un appartamento a soli 10 minuti di auto dalla spiaggia e dal centro\",\"breadcrumb\":{\"@id\":\"https:\/\/opg-rakovac.hr\/it\/bilini-appartamento-a-pola\/#breadcrumb\"},\"inLanguage\":\"it-IT\",\"potentialAction\":[{\"@type\":\"ReadAction\",\"target\":[\"https:\/\/opg-rakovac.hr\/it\/bilini-appartamento-a-pola\/\"]}]},{\"@type\":\"ImageObject\",\"inLanguage\":\"it-IT\",\"@id\":\"https:\/\/opg-rakovac.hr\/it\/bilini-appartamento-a-pola\/#primaryimage\",\"url\":\"https:\/\/opg-rakovac.hr\/wp-content\/uploads\/2017\/07\/Apartman-Bilini-Pula-900x444-px.jpg\",\"contentUrl\":\"https:\/\/opg-rakovac.hr\/wp-content\/uploads\/2017\/07\/Apartman-Bilini-Pula-900x444-px.jpg\",\"width\":900,\"height\":444,\"caption\":\"appartamento a Pola\"},{\"@type\":\"BreadcrumbList\",\"@id\":\"https:\/\/opg-rakovac.hr\/it\/bilini-appartamento-a-pola\/#breadcrumb\",\"itemListElement\":[{\"@type\":\"ListItem\",\"position\":1,\"name\":\"Homepage\",\"item\":\"https:\/\/opg-rakovac.hr\/it\/\"},{\"@type\":\"ListItem\",\"position\":2,\"name\":\"Appartamento Bilini\"}]},{\"@type\":\"WebSite\",\"@id\":\"https:\/\/opg-rakovac.hr\/it\/#website\",\"url\":\"https:\/\/opg-rakovac.hr\/it\/\",\"name\":\"OPG Rakovac\",\"description\":\"Istarsko ekstra djevi\u010dansko maslinovo ulje Bilini\",\"publisher\":{\"@id\":\"https:\/\/opg-rakovac.hr\/it\/#organization\"},\"inLanguage\":\"it-IT\"},{\"@type\":\"Organization\",\"@id\":\"https:\/\/opg-rakovac.hr\/it\/#organization\",\"name\":\"OPG Rakovac\",\"url\":\"https:\/\/opg-rakovac.hr\/it\/\",\"logo\":{\"@type\":\"ImageObject\",\"inLanguage\":\"it-IT\",\"@id\":\"https:\/\/opg-rakovac.hr\/it\/#\/schema\/logo\/image\/\",\"url\":\"https:\/\/opg-rakovac.hr\/wp-content\/uploads\/2015\/12\/favicon.png\",\"contentUrl\":\"https:\/\/opg-rakovac.hr\/wp-content\/uploads\/2015\/12\/favicon.png\",\"width\":200,\"height\":200,\"caption\":\"OPG Rakovac\"},\"image\":{\"@id\":\"https:\/\/opg-rakovac.hr\/it\/#\/schema\/logo\/image\/\"},\"sameAs\":[\"https:\/\/www.facebook.com\/Ekstra.djevicansko.maslinovo.ulje.Bilini\/\",\"https:\/\/www.instagram.com\/bilini_maslinovo_ulje\/\",\"https:\/\/hr.linkedin.com\/in\/bilini\",\"https:\/\/www.pinterest.com\/Bilini_OliveOil\/\",\"https:\/\/www.youtube.com\/channel\/UC7hfzAtwp1YOvhlmwNYkyQw\"]}]}<\/script>\n<!-- \/ Yoast SEO plugin. -->","yoast_head_json":{"title":"Appartamento Bilini - un bellissimo appartamento a Pola","description":"Alla ricerca di un super appartamento a Pola? L\u2019appartamento Bilini \u00e8 un appartamento a soli 10 minuti di auto dalla spiaggia e dal centro","robots":{"index":"index","follow":"follow","max-snippet":"max-snippet:-1","max-image-preview":"max-image-preview:large","max-video-preview":"max-video-preview:-1"},"canonical":"https:\/\/opg-rakovac.hr\/it\/bilini-appartamento-a-pola\/","og_locale":"it_IT","og_type":"article","og_title":"Appartamento Bilini - un bellissimo appartamento a Pola","og_description":"Alla ricerca di un super appartamento a Pola? L\u2019appartamento Bilini \u00e8 un appartamento a soli 10 minuti di auto dalla spiaggia e dal centro","og_url":"https:\/\/opg-rakovac.hr\/it\/bilini-appartamento-a-pola\/","og_site_name":"OPG Rakovac","article_publisher":"https:\/\/www.facebook.com\/Ekstra.djevicansko.maslinovo.ulje.Bilini\/","article_modified_time":"2022-10-23T10:57:44+00:00","og_image":[{"width":900,"height":444,"url":"https:\/\/opg-rakovac.hr\/wp-content\/uploads\/2017\/07\/Apartman-Bilini-Pula-900x444-px.jpg","type":"image\/jpeg"}],"twitter_card":"summary_large_image","twitter_misc":{"Tempo di lettura stimato":"1 minuto"},"schema":{"@context":"https:\/\/schema.org","@graph":[{"@type":"WebPage","@id":"https:\/\/opg-rakovac.hr\/it\/bilini-appartamento-a-pola\/","url":"https:\/\/opg-rakovac.hr\/it\/bilini-appartamento-a-pola\/","name":"Appartamento Bilini - un bellissimo appartamento a Pola","isPartOf":{"@id":"https:\/\/opg-rakovac.hr\/it\/#website"},"primaryImageOfPage":{"@id":"https:\/\/opg-rakovac.hr\/it\/bilini-appartamento-a-pola\/#primaryimage"},"image":{"@id":"https:\/\/opg-rakovac.hr\/it\/bilini-appartamento-a-pola\/#primaryimage"},"thumbnailUrl":"https:\/\/opg-rakovac.hr\/wp-content\/uploads\/2017\/07\/Apartman-Bilini-Pula-900x444-px.jpg","datePublished":"2017-07-11T06:25:50+00:00","dateModified":"2022-10-23T10:57:44+00:00","description":"Alla ricerca di un super appartamento a Pola? L\u2019appartamento Bilini \u00e8 un appartamento a soli 10 minuti di auto dalla spiaggia e dal centro","breadcrumb":{"@id":"https:\/\/opg-rakovac.hr\/it\/bilini-appartamento-a-pola\/#breadcrumb"},"inLanguage":"it-IT","potentialAction":[{"@type":"ReadAction","target":["https:\/\/opg-rakovac.hr\/it\/bilini-appartamento-a-pola\/"]}]},{"@type":"ImageObject","inLanguage":"it-IT","@id":"https:\/\/opg-rakovac.hr\/it\/bilini-appartamento-a-pola\/#primaryimage","url":"https:\/\/opg-rakovac.hr\/wp-content\/uploads\/2017\/07\/Apartman-Bilini-Pula-900x444-px.jpg","contentUrl":"https:\/\/opg-rakovac.hr\/wp-content\/uploads\/2017\/07\/Apartman-Bilini-Pula-900x444-px.jpg","width":900,"height":444,"caption":"appartamento a Pola"},{"@type":"BreadcrumbList","@id":"https:\/\/opg-rakovac.hr\/it\/bilini-appartamento-a-pola\/#breadcrumb","itemListElement":[{"@type":"ListItem","position":1,"name":"Homepage","item":"https:\/\/opg-rakovac.hr\/it\/"},{"@type":"ListItem","position":2,"name":"Appartamento Bilini"}]},{"@type":"WebSite","@id":"https:\/\/opg-rakovac.hr\/it\/#website","url":"https:\/\/opg-rakovac.hr\/it\/","name":"OPG Rakovac","description":"Istarsko ekstra djevi\u010dansko maslinovo ulje Bilini","publisher":{"@id":"https:\/\/opg-rakovac.hr\/it\/#organization"},"inLanguage":"it-IT"},{"@type":"Organization","@id":"https:\/\/opg-rakovac.hr\/it\/#organization","name":"OPG Rakovac","url":"https:\/\/opg-rakovac.hr\/it\/","logo":{"@type":"ImageObject","inLanguage":"it-IT","@id":"https:\/\/opg-rakovac.hr\/it\/#\/schema\/logo\/image\/","url":"https:\/\/opg-rakovac.hr\/wp-content\/uploads\/2015\/12\/favicon.png","contentUrl":"https:\/\/opg-rakovac.hr\/wp-content\/uploads\/2015\/12\/favicon.png","width":200,"height":200,"caption":"OPG Rakovac"},"image":{"@id":"https:\/\/opg-rakovac.hr\/it\/#\/schema\/logo\/image\/"},"sameAs":["https:\/\/www.facebook.com\/Ekstra.djevicansko.maslinovo.ulje.Bilini\/","https:\/\/www.instagram.com\/bilini_maslinovo_ulje\/","https:\/\/hr.linkedin.com\/in\/bilini","https:\/\/www.pinterest.com\/Bilini_OliveOil\/","https:\/\/www.youtube.com\/channel\/UC7hfzAtwp1YOvhlmwNYkyQw"]}]}},"_links":{"self":[{"href":"https:\/\/opg-rakovac.hr\/it\/wp-json\/wp\/v2\/pages\/4612","targetHints":{"allow":["GET"]}}],"collection":[{"href":"https:\/\/opg-rakovac.hr\/it\/wp-json\/wp\/v2\/pages"}],"about":[{"href":"https:\/\/opg-rakovac.hr\/it\/wp-json\/wp\/v2\/types\/page"}],"author":[{"embeddable":true,"href":"https:\/\/opg-rakovac.hr\/it\/wp-json\/wp\/v2\/users\/1"}],"replies":[{"embeddable":true,"href":"https:\/\/opg-rakovac.hr\/it\/wp-json\/wp\/v2\/comments?post=4612"}],"version-history":[{"count":5,"href":"https:\/\/opg-rakovac.hr\/it\/wp-json\/wp\/v2\/pages\/4612\/revisions"}],"predecessor-version":[{"id":9421,"href":"https:\/\/opg-rakovac.hr\/it\/wp-json\/wp\/v2\/pages\/4612\/revisions\/9421"}],"wp:featuredmedia":[{"embeddable":true,"href":"https:\/\/opg-rakovac.hr\/it\/wp-json\/wp\/v2\/media\/6760"}],"wp:attachment":[{"href":"https:\/\/opg-rakovac.hr\/it\/wp-json\/wp\/v2\/media?parent=4612"}],"curies":[{"name":"wp","href":"https:\/\/api.w.org\/{rel}","templated":true}]}}