{"id":16676,"date":"2022-07-04T17:00:17","date_gmt":"2022-07-04T17:00:17","guid":{"rendered":"https:\/\/opg-rakovac.hr\/?page_id=16676"},"modified":"2024-11-04T17:51:09","modified_gmt":"2024-11-04T16:51:09","slug":"bilini-premium","status":"publish","type":"page","link":"https:\/\/opg-rakovac.hr\/it\/bilini-premium\/","title":{"rendered":"Bilini Premium"},"content":{"rendered":"<p><strong>Bilini Premium<\/strong> \u00e8 un nuovo sottomarchio dell&#8217;azienda agricola a conduzione familiare Rakovac. Bilini Premium \u00e8 l&#8217;olio extravergine di oliva Bilini che inviamo ai concorsi. Dunque: la stessa botte, lo stesso blend assaggiato dai giudici di concorsi che, anno dopo anno, premiano Bilini con medaglie d&#8217;oro.<\/p>\n<p><img decoding=\"async\" class=\"aligncenter wp-image-12516\" src=\"https:\/\/opg-rakovac.hr\/wp-content\/uploads\/2019\/10\/Translated-with-Google-Translate-IT-1.png\" alt=\"\" width=\"150\" height=\"70\" srcset=\"https:\/\/opg-rakovac.hr\/wp-content\/uploads\/2019\/10\/Translated-with-Google-Translate-IT-1.png 660w, https:\/\/opg-rakovac.hr\/wp-content\/uploads\/2019\/10\/Translated-with-Google-Translate-IT-1-300x140.png 300w, https:\/\/opg-rakovac.hr\/wp-content\/uploads\/2019\/10\/Translated-with-Google-Translate-IT-1-230x107.png 230w, https:\/\/opg-rakovac.hr\/wp-content\/uploads\/2019\/10\/Translated-with-Google-Translate-IT-1-324x151.png 324w, https:\/\/opg-rakovac.hr\/wp-content\/uploads\/2019\/10\/Translated-with-Google-Translate-IT-1-416x194.png 416w\" sizes=\"(max-width: 150px) 100vw, 150px\" \/><\/p>\n<p>Volete saperne di pi\u00f9? Abbiamo raccolto alcune informazioni sulla nostra azienda agricola, sui nostri riconoscimenti e su Bilini Premium: il nostro nuovo marchio. Il testo qui sotto \u00e8 tratto da opuscolo che trovi all&#8217;interno della splendida scatola Bilini Premium.<\/p>\n\n\t\t\t<ul class='galerija list-inline list-unstyled fancybox-show-nav'>\n\n\t\t\t\t\n\t\t\t\t<li class=\"col-md-4 col-sm-6 col-xs-4 thumb-wrapper\">\n\t\t\t\t\t<a class=\"fancybox\" data-fancybox=\"bilini+premium\" data-caption=\"bilini premium\" href=\"https:\/\/opg-rakovac.hr\/wp-content\/uploads\/2022\/07\/boca-u-otvorenoj-kutiji_square.webp\" data-title=\"bilini premium\">\n\t\t\t\t\t\t<img decoding=\"async\" class=\"thumb img-responsive\" src=\"https:\/\/opg-rakovac.hr\/wp-content\/uploads\/2022\/07\/boca-u-otvorenoj-kutiji_square-365x270.webp\" alt=\"bilini premium\">\n\t\t\t\t\t<\/a>\n\t\t\t\t<\/li>\n\n\t\t\t\t\n\t\t\t\t<li class=\"col-md-4 col-sm-6 col-xs-4 thumb-wrapper\">\n\t\t\t\t\t<a class=\"fancybox\" data-fancybox=\"bilini+premium\" data-caption=\"bilini premium\" href=\"https:\/\/opg-rakovac.hr\/wp-content\/uploads\/2022\/07\/kutija_square.webp\" data-title=\"bilini premium\">\n\t\t\t\t\t\t<img decoding=\"async\" class=\"thumb img-responsive\" src=\"https:\/\/opg-rakovac.hr\/wp-content\/uploads\/2022\/07\/kutija_square-365x270.webp\" alt=\"bilini premium\">\n\t\t\t\t\t<\/a>\n\t\t\t\t<\/li>\n\n\t\t\t\t\n\t\t\t\t<li class=\"col-md-4 col-sm-6 col-xs-4 thumb-wrapper\">\n\t\t\t\t\t<a class=\"fancybox\" data-fancybox=\"bilini+premium\" data-caption=\"bilini premium\" href=\"https:\/\/opg-rakovac.hr\/wp-content\/uploads\/2022\/07\/boca-s-dozatorom_square.webp\" data-title=\"bilini premium\">\n\t\t\t\t\t\t<img decoding=\"async\" class=\"thumb img-responsive\" src=\"https:\/\/opg-rakovac.hr\/wp-content\/uploads\/2022\/07\/boca-s-dozatorom_square-365x270.webp\" alt=\"bilini premium\">\n\t\t\t\t\t<\/a>\n\t\t\t\t<\/li>\n\n\t\t\t\t\t\t\t<\/ul>\n\t\t\t\n<h2 class=\"section-header\" class=\"section-header\">Azienda agricola Rakovac<\/h2>\n<p>Quando immagini un mondo in cui il tempo scorre lento, in cui il rumore \u00e8 creato solo dal suono di alberi, vento e uccelli, immagini un mondo in cui risiede la nostra piccola azienda agricola. Una stradina conduce al paese e poi antichi sentieri circondati da muretti a secco portano ai nostri uliveti.<\/p>\n<p>Questo meraviglioso olio che avete scelto di acquistare \u00e8 stato prodotto da due persone, marito e moglie, su un terreno ereditato dai nostri avi. Sebbene le persone che ci hanno aperto la strada siano ormai solo un ricordo, l&#8217;energia e la dedizione di chi ha lavorato la terra e plasmato il paesaggio di cui facciamo parte, si sente forte ed esige rispetto.<\/p>\n<p>I nostri alberi vivono come parte di una comunit\u00e0 naturale che viene interrotta solo occasionalmente dalle nostre attivit\u00e0. Conigli, cervi, uccelli, farfalle e serpenti li considerano la loro casa. Non ci sono recinzioni; solo la continuit\u00e0 dell&#8217;ambiente che pu\u00f2 esistere senza di noi.<\/p>\n<p>La azienda agricola Rakovac \u00e8 composta da noi due &#8211; Vedrana e Sa\u0161a. Quando \u00e8 arrivata la svolta da noi &#8211; dato che la terra \u00e8 sempre alla ricerca di nuovi agricoltori per lavorarla &#8211; abbiamo condotto una vita diversa. Carriere serie, asfalto cittadino, rock and roll. Tuttavia, era solo questione di tempo. La dura terra istriana, intrisa del sudore e dell&#8217;amore di chi l&#8217;ha lavorata prima di noi, ci chiamava all&#8217;ordine. Al suo servizio.<\/p>\n<p>Ora tutto \u00e8 come dovrebbe essere. Ariamo, falciamo, raccogliamo. Serviamo la terra. Abbiamo le mani sporche. Non abbiamo dimenticato le nostre carriere, il nostro asfalto cittadino, il nostro rock and roll. Tutto \u00e8 possibile, c&#8217;\u00e8 spazio per tutto, ma solo dopo che la terra ottiene ci\u00f2 di cui ha bisogno.<\/p>\n<p><img decoding=\"async\" width=\"992\" height=\"373\" class=\"aligncenter size-full wp-image-16647\" src=\"https:\/\/opg-rakovac.hr\/wp-content\/uploads\/2022\/07\/Sasa-reze-masline-2.webp\" alt=\"\" srcset=\"https:\/\/opg-rakovac.hr\/wp-content\/uploads\/2022\/07\/Sasa-reze-masline-2.webp 992w, https:\/\/opg-rakovac.hr\/wp-content\/uploads\/2022\/07\/Sasa-reze-masline-2-300x113.webp 300w, https:\/\/opg-rakovac.hr\/wp-content\/uploads\/2022\/07\/Sasa-reze-masline-2-768x289.webp 768w, https:\/\/opg-rakovac.hr\/wp-content\/uploads\/2022\/07\/Sasa-reze-masline-2-230x86.webp 230w, https:\/\/opg-rakovac.hr\/wp-content\/uploads\/2022\/07\/Sasa-reze-masline-2-324x122.webp 324w, https:\/\/opg-rakovac.hr\/wp-content\/uploads\/2022\/07\/Sasa-reze-masline-2-416x156.webp 416w\" sizes=\"(max-width: 992px) 100vw, 992px\" \/><\/p>\n<p>La gratitudine della terra si trasforma in questo meraviglioso liquido. Per noi questo \u00e8 il miglior olio d&#8217;oliva del mondo.<\/p>\n<h2 class=\"section-header\" class=\"section-header\">Premi<\/h2>\n<p>I premi sono importanti.<\/p>\n<p>Perch\u00e9 l&#8217;olio extravergine di oliva venga premiato, molto deve essere fatto nel modo giusto. Dall&#8217;embrione alla sua piena dimensione, il frutto deve rimanere sano. I frutti sani devono essere raccolti al momento giusto per rendere il gusto pieno e incantevole. La raccolta deve essere eseguita con attenzione per non danneggiare il frutto che va al frantoio. La lavorazione deve essere sapiente, a bassa temperatura, in un mulino pulito, sotto la supervisione di un artigiano esperto.<\/p>\n<p>Dopo che tutti questi prerequisiti di base sono stati soddisfatti, l&#8217;olio extra vergine di oliva dovrebbe avere un sapore meraviglioso. Dovrebbe anche essere conservato in quelle condizioni fino al prossimo raccolto.<\/p>\n<p>Tra tutti quegli oli meravigliosi, alcuni sono ancora i migliori. Uno di quei migliori oli che ora hai tra le mani.<\/p>\n<p>Il nostro olio extravergine di oliva Bilini \u00e8 stato il campione, <a href=\"https:\/\/opg-rakovac.hr\/it\/premi\/il-miglior-olio-extravergine-di-oliva-maslina-2017\/\" target=\"_blank\" rel=\"noopener\">il meglio del meglio al pi\u00f9 grande concorso regionale<\/a>, \u00e8 stato il vicecampione, il migliore della categoria, con le migliori propriet\u00e0 organolettiche, quasi sempre premiato con l&#8217;oro.<\/p>\n<p>Abbiamo quindi provato ad entrare in Flos Olei, la guida pi\u00f9 famosa del mondo che presenta i 500 migliori oli d&#8217;oliva del mondo. E siamo entrati nella selezione per il primo, il secondo e il terzo anno&#8230;<\/p>\n<p>Poi abbiamo avuto il coraggio: abbiamo inviato il nostro olio alla pi\u00f9 grande competizione mondiale nella qualit\u00e0 degli oli extra vergini di oliva: la <a href=\"https:\/\/bestoliveoils.org\/brands\/bilini\" target=\"_blank\" rel=\"noopener\">New York International Olive Oil Competition<\/a>. E abbiamo vinto l&#8217;oro! <a href=\"https:\/\/opg-rakovac.hr\/it\/premi\/nyiooc-2022-premio-doro-per-evo-bilini\/\" target=\"_blank\" rel=\"noopener\">Anno dopo anno<\/a>.<\/p>\n<p><img decoding=\"async\" class=\"aligncenter wp-image-20040 size-large\" src=\"https:\/\/opg-rakovac.hr\/wp-content\/uploads\/2024\/11\/za-stranicu-1024x337.webp\" alt=\"\" width=\"1024\" height=\"337\" srcset=\"https:\/\/opg-rakovac.hr\/wp-content\/uploads\/2024\/11\/za-stranicu-1024x337.webp 1024w, https:\/\/opg-rakovac.hr\/wp-content\/uploads\/2024\/11\/za-stranicu-300x99.webp 300w, https:\/\/opg-rakovac.hr\/wp-content\/uploads\/2024\/11\/za-stranicu-768x253.webp 768w, https:\/\/opg-rakovac.hr\/wp-content\/uploads\/2024\/11\/za-stranicu-1536x506.webp 1536w, https:\/\/opg-rakovac.hr\/wp-content\/uploads\/2024\/11\/za-stranicu-1400x461.webp 1400w, https:\/\/opg-rakovac.hr\/wp-content\/uploads\/2024\/11\/za-stranicu-230x76.webp 230w, https:\/\/opg-rakovac.hr\/wp-content\/uploads\/2024\/11\/za-stranicu-1170x385.webp 1170w, https:\/\/opg-rakovac.hr\/wp-content\/uploads\/2024\/11\/za-stranicu-1328x437.webp 1328w, https:\/\/opg-rakovac.hr\/wp-content\/uploads\/2024\/11\/za-stranicu-324x107.webp 324w, https:\/\/opg-rakovac.hr\/wp-content\/uploads\/2024\/11\/za-stranicu-416x137.webp 416w, https:\/\/opg-rakovac.hr\/wp-content\/uploads\/2024\/11\/za-stranicu.webp 1771w\" sizes=\"(max-width: 1024px) 100vw, 1024px\" \/><\/p>\n<p>Il successo del nostro olio Bilini \u00e8 enorme e siamo sorpresi da ogni nuovo premio. Siamo piccoli olivicoltori della piccola Istria, che mandiamo sempre un solo campione agli eventi mondiali!<\/p>\n<p>A volte la realt\u00e0 \u00e8 pi\u00f9 pazza dei sogni!<\/p>\n<h2 class=\"section-header\" class=\"section-header\">Bilini Premium<\/h2>\n<p>Ogni anno inviamo un singolo campione agli eventi di competizione.<\/p>\n<p>Terminata la vendemmia, ci sediamo a tavola con i nostri calici da sommelier e degustiamo l&#8217;olio da noi prodotto: un campione per ogni botte. La nostra degustazione casalinga genera il nostro campione dell&#8217;ultima vendemmia. Quella botte \u00e8 segnata, e solo da quella stessa botte si prelevano campioni per le competizioni. L&#8217;olio di quel barile si chiama Bilini Premium ed \u00e8 la cosa pi\u00f9 preziosa che abbiamo.<\/p>\n<p>Quando si desidera sapere esattamente che tipo di fragranza nell&#8217;olio extravergine di oliva Bilini ha deliziato la giuria del concorso quest&#8217;anno; quale delicata traccia nel suo gusto ci ha portato il premio d&#8217;oro, non c&#8217;\u00e8 altra scelta che Bilini Premium.<\/p>\n<p>Quello \u00e8 l&#8217;olio. \u00c8 quel botte. Oro. Campione.<\/p>\n<p><img decoding=\"async\" width=\"992\" height=\"373\" class=\"aligncenter size-full wp-image-16658\" src=\"https:\/\/opg-rakovac.hr\/wp-content\/uploads\/2022\/07\/Bilini-Premium-boca.webp\" alt=\"Bilini Premium boca\" srcset=\"https:\/\/opg-rakovac.hr\/wp-content\/uploads\/2022\/07\/Bilini-Premium-boca.webp 992w, https:\/\/opg-rakovac.hr\/wp-content\/uploads\/2022\/07\/Bilini-Premium-boca-300x113.webp 300w, https:\/\/opg-rakovac.hr\/wp-content\/uploads\/2022\/07\/Bilini-Premium-boca-768x289.webp 768w, https:\/\/opg-rakovac.hr\/wp-content\/uploads\/2022\/07\/Bilini-Premium-boca-230x86.webp 230w, https:\/\/opg-rakovac.hr\/wp-content\/uploads\/2022\/07\/Bilini-Premium-boca-324x122.webp 324w, https:\/\/opg-rakovac.hr\/wp-content\/uploads\/2022\/07\/Bilini-Premium-boca-416x156.webp 416w\" sizes=\"(max-width: 992px) 100vw, 992px\" \/><\/p>\n<p>Il nostro olio \u00e8 una miscela. Frutti meravigliosi e diversi, definiti dalla temperatura, dalla siccit\u00e0, dal sole e dalla pioggia di quell&#8217;anno, danno una combinazione unica che \u00e8 la firma di quell&#8217;anno che \u00e8 passato. La sincerit\u00e0 del nostro olio, che parla della stagione che lo ha creato, \u00e8 completa. Ci\u00f2 che la natura dona &#8211; ricorda il frutto dell&#8217;olivo.<\/p>\n<p>Ogni variet\u00e0 produce in modo diverso ogni anno. La proporzione delle variet\u00e0 nel nostro olio \u00e8 eternamente variabile. Con Bilini Premium puoi prendere parte alla nostra emozione: ogni anno quando degustiamo a tavola l&#8217;olio nuovo e scopriamo cosa ha portato quell&#8217;anno.<br \/>\nIl numero di litri di Bilini Premium \u00e8 limitato.<\/p>\n<p>Ogni bottiglia di Bilini Premium \u00e8 unica e porta il suo numero. Dopo l&#8217;ultima bottiglia disponibile, non resta che attendere la prossima vendemmia, il nuovo Bilini Premium.<\/p>\n<div class=\"cta-link animate animate--sm\">\n\t<div class=\"btn-wrapper text-center\">\n\t\t<a href=\"https:\/\/opg-rakovac.hr\/it\/shop\/\" class=\"btn btn-primary\">\n\t\t\tORDINA L\u2019OLIO DI OLIVA BILINI\t\t<\/a>\n\t<\/div>\n<\/div>\n","protected":false},"excerpt":{"rendered":"<p>Bilini Premium \u00e8 un nuovo sottomarchio dell&#8217;azienda agricola a conduzione familiare Rakovac. Bilini Premium \u00e8 l&#8217;olio extravergine di oliva Bilini che inviamo ai concorsi. Dunque: la stessa botte, lo stesso blend assaggiato dai giudici di concorsi che, anno dopo anno, premiano Bilini con medaglie d&#8217;oro. Volete saperne di pi\u00f9? Abbiamo raccolto alcune informazioni sulla nostra [&hellip;]<\/p>\n","protected":false},"author":1,"featured_media":16599,"parent":0,"menu_order":0,"comment_status":"closed","ping_status":"closed","template":"","meta":{"_acf_changed":false,"h5ap_radio_sources":[],"footnotes":""},"class_list":["post-16676","page","type-page","status-publish","has-post-thumbnail","hentry"],"acf":[],"yoast_head":"<!-- This site is optimized with the Yoast SEO plugin v27.4 - https:\/\/yoast.com\/product\/yoast-seo-wordpress\/ -->\n<title>Bilini Premium | Azienda Agricola Rakovac<\/title>\n<meta name=\"description\" content=\"Bilini Premium \u00e8 l&#039;olio extravergine di oliva Bilini che inviamo ai concorsi. S\u00ec, lo stesso olio che vince regolarmente l&#039;oro!\" \/>\n<meta name=\"robots\" content=\"index, follow, max-snippet:-1, max-image-preview:large, max-video-preview:-1\" \/>\n<link rel=\"canonical\" href=\"https:\/\/opg-rakovac.hr\/it\/bilini-premium\/\" \/>\n<meta property=\"og:locale\" content=\"it_IT\" \/>\n<meta property=\"og:type\" content=\"article\" \/>\n<meta property=\"og:title\" content=\"Bilini Premium | Azienda Agricola Rakovac\" \/>\n<meta property=\"og:description\" content=\"Bilini Premium \u00e8 l&#039;olio extravergine di oliva Bilini che inviamo ai concorsi. S\u00ec, lo stesso olio che vince regolarmente l&#039;oro!\" \/>\n<meta property=\"og:url\" content=\"https:\/\/opg-rakovac.hr\/it\/bilini-premium\/\" \/>\n<meta property=\"og:site_name\" content=\"OPG Rakovac\" \/>\n<meta property=\"article:publisher\" content=\"https:\/\/www.facebook.com\/Ekstra.djevicansko.maslinovo.ulje.Bilini\/\" \/>\n<meta property=\"article:modified_time\" content=\"2024-11-04T16:51:09+00:00\" \/>\n<meta property=\"og:image\" content=\"https:\/\/opg-rakovac.hr\/wp-content\/uploads\/2022\/07\/boca-u-otvorenoj-kutiji_square.jpg\" \/>\n\t<meta property=\"og:image:width\" content=\"800\" \/>\n\t<meta property=\"og:image:height\" content=\"800\" \/>\n\t<meta property=\"og:image:type\" content=\"image\/jpeg\" \/>\n<meta name=\"twitter:card\" content=\"summary_large_image\" \/>\n<meta name=\"twitter:label1\" content=\"Tempo di lettura stimato\" \/>\n\t<meta name=\"twitter:data1\" content=\"7 minuti\" \/>\n<script type=\"application\/ld+json\" class=\"yoast-schema-graph\">{\"@context\":\"https:\\\/\\\/schema.org\",\"@graph\":[{\"@type\":\"WebPage\",\"@id\":\"https:\\\/\\\/opg-rakovac.hr\\\/it\\\/bilini-premium\\\/\",\"url\":\"https:\\\/\\\/opg-rakovac.hr\\\/it\\\/bilini-premium\\\/\",\"name\":\"Bilini Premium | Azienda Agricola Rakovac\",\"isPartOf\":{\"@id\":\"https:\\\/\\\/opg-rakovac.hr\\\/it\\\/#website\"},\"primaryImageOfPage\":{\"@id\":\"https:\\\/\\\/opg-rakovac.hr\\\/it\\\/bilini-premium\\\/#primaryimage\"},\"image\":{\"@id\":\"https:\\\/\\\/opg-rakovac.hr\\\/it\\\/bilini-premium\\\/#primaryimage\"},\"thumbnailUrl\":\"https:\\\/\\\/opg-rakovac.hr\\\/wp-content\\\/uploads\\\/2022\\\/07\\\/boca-u-otvorenoj-kutiji_square.jpg\",\"datePublished\":\"2022-07-04T17:00:17+00:00\",\"dateModified\":\"2024-11-04T16:51:09+00:00\",\"description\":\"Bilini Premium \u00e8 l'olio extravergine di oliva Bilini che inviamo ai concorsi. S\u00ec, lo stesso olio che vince regolarmente l'oro!\",\"breadcrumb\":{\"@id\":\"https:\\\/\\\/opg-rakovac.hr\\\/it\\\/bilini-premium\\\/#breadcrumb\"},\"inLanguage\":\"it-IT\",\"potentialAction\":[{\"@type\":\"ReadAction\",\"target\":[\"https:\\\/\\\/opg-rakovac.hr\\\/it\\\/bilini-premium\\\/\"]}]},{\"@type\":\"ImageObject\",\"inLanguage\":\"it-IT\",\"@id\":\"https:\\\/\\\/opg-rakovac.hr\\\/it\\\/bilini-premium\\\/#primaryimage\",\"url\":\"https:\\\/\\\/opg-rakovac.hr\\\/wp-content\\\/uploads\\\/2022\\\/07\\\/boca-u-otvorenoj-kutiji_square.jpg\",\"contentUrl\":\"https:\\\/\\\/opg-rakovac.hr\\\/wp-content\\\/uploads\\\/2022\\\/07\\\/boca-u-otvorenoj-kutiji_square.jpg\",\"width\":800,\"height\":800,\"caption\":\"bilini premium\"},{\"@type\":\"BreadcrumbList\",\"@id\":\"https:\\\/\\\/opg-rakovac.hr\\\/it\\\/bilini-premium\\\/#breadcrumb\",\"itemListElement\":[{\"@type\":\"ListItem\",\"position\":1,\"name\":\"Homepage\",\"item\":\"https:\\\/\\\/opg-rakovac.hr\\\/it\\\/\"},{\"@type\":\"ListItem\",\"position\":2,\"name\":\"Bilini Premium\"}]},{\"@type\":\"WebSite\",\"@id\":\"https:\\\/\\\/opg-rakovac.hr\\\/it\\\/#website\",\"url\":\"https:\\\/\\\/opg-rakovac.hr\\\/it\\\/\",\"name\":\"OPG Rakovac\",\"description\":\"Istarsko ekstra djevi\u010dansko maslinovo ulje Bilini\",\"publisher\":{\"@id\":\"https:\\\/\\\/opg-rakovac.hr\\\/it\\\/#organization\"},\"inLanguage\":\"it-IT\"},{\"@type\":\"Organization\",\"@id\":\"https:\\\/\\\/opg-rakovac.hr\\\/it\\\/#organization\",\"name\":\"OPG Rakovac\",\"url\":\"https:\\\/\\\/opg-rakovac.hr\\\/it\\\/\",\"logo\":{\"@type\":\"ImageObject\",\"inLanguage\":\"it-IT\",\"@id\":\"https:\\\/\\\/opg-rakovac.hr\\\/it\\\/#\\\/schema\\\/logo\\\/image\\\/\",\"url\":\"https:\\\/\\\/opg-rakovac.hr\\\/wp-content\\\/uploads\\\/2015\\\/12\\\/favicon.png\",\"contentUrl\":\"https:\\\/\\\/opg-rakovac.hr\\\/wp-content\\\/uploads\\\/2015\\\/12\\\/favicon.png\",\"width\":200,\"height\":200,\"caption\":\"OPG Rakovac\"},\"image\":{\"@id\":\"https:\\\/\\\/opg-rakovac.hr\\\/it\\\/#\\\/schema\\\/logo\\\/image\\\/\"},\"sameAs\":[\"https:\\\/\\\/www.facebook.com\\\/Ekstra.djevicansko.maslinovo.ulje.Bilini\\\/\",\"https:\\\/\\\/www.instagram.com\\\/bilini_maslinovo_ulje\\\/\",\"https:\\\/\\\/hr.linkedin.com\\\/in\\\/bilini\",\"https:\\\/\\\/www.pinterest.com\\\/Bilini_OliveOil\\\/\",\"https:\\\/\\\/www.youtube.com\\\/channel\\\/UC7hfzAtwp1YOvhlmwNYkyQw\"]}]}<\/script>\n<!-- \/ Yoast SEO plugin. -->","yoast_head_json":{"title":"Bilini Premium | Azienda Agricola Rakovac","description":"Bilini Premium \u00e8 l'olio extravergine di oliva Bilini che inviamo ai concorsi. S\u00ec, lo stesso olio che vince regolarmente l'oro!","robots":{"index":"index","follow":"follow","max-snippet":"max-snippet:-1","max-image-preview":"max-image-preview:large","max-video-preview":"max-video-preview:-1"},"canonical":"https:\/\/opg-rakovac.hr\/it\/bilini-premium\/","og_locale":"it_IT","og_type":"article","og_title":"Bilini Premium | Azienda Agricola Rakovac","og_description":"Bilini Premium \u00e8 l'olio extravergine di oliva Bilini che inviamo ai concorsi. S\u00ec, lo stesso olio che vince regolarmente l'oro!","og_url":"https:\/\/opg-rakovac.hr\/it\/bilini-premium\/","og_site_name":"OPG Rakovac","article_publisher":"https:\/\/www.facebook.com\/Ekstra.djevicansko.maslinovo.ulje.Bilini\/","article_modified_time":"2024-11-04T16:51:09+00:00","og_image":[{"width":800,"height":800,"url":"https:\/\/opg-rakovac.hr\/wp-content\/uploads\/2022\/07\/boca-u-otvorenoj-kutiji_square.jpg","type":"image\/jpeg"}],"twitter_card":"summary_large_image","twitter_misc":{"Tempo di lettura stimato":"7 minuti"},"schema":{"@context":"https:\/\/schema.org","@graph":[{"@type":"WebPage","@id":"https:\/\/opg-rakovac.hr\/it\/bilini-premium\/","url":"https:\/\/opg-rakovac.hr\/it\/bilini-premium\/","name":"Bilini Premium | Azienda Agricola Rakovac","isPartOf":{"@id":"https:\/\/opg-rakovac.hr\/it\/#website"},"primaryImageOfPage":{"@id":"https:\/\/opg-rakovac.hr\/it\/bilini-premium\/#primaryimage"},"image":{"@id":"https:\/\/opg-rakovac.hr\/it\/bilini-premium\/#primaryimage"},"thumbnailUrl":"https:\/\/opg-rakovac.hr\/wp-content\/uploads\/2022\/07\/boca-u-otvorenoj-kutiji_square.jpg","datePublished":"2022-07-04T17:00:17+00:00","dateModified":"2024-11-04T16:51:09+00:00","description":"Bilini Premium \u00e8 l'olio extravergine di oliva Bilini che inviamo ai concorsi. S\u00ec, lo stesso olio che vince regolarmente l'oro!","breadcrumb":{"@id":"https:\/\/opg-rakovac.hr\/it\/bilini-premium\/#breadcrumb"},"inLanguage":"it-IT","potentialAction":[{"@type":"ReadAction","target":["https:\/\/opg-rakovac.hr\/it\/bilini-premium\/"]}]},{"@type":"ImageObject","inLanguage":"it-IT","@id":"https:\/\/opg-rakovac.hr\/it\/bilini-premium\/#primaryimage","url":"https:\/\/opg-rakovac.hr\/wp-content\/uploads\/2022\/07\/boca-u-otvorenoj-kutiji_square.jpg","contentUrl":"https:\/\/opg-rakovac.hr\/wp-content\/uploads\/2022\/07\/boca-u-otvorenoj-kutiji_square.jpg","width":800,"height":800,"caption":"bilini premium"},{"@type":"BreadcrumbList","@id":"https:\/\/opg-rakovac.hr\/it\/bilini-premium\/#breadcrumb","itemListElement":[{"@type":"ListItem","position":1,"name":"Homepage","item":"https:\/\/opg-rakovac.hr\/it\/"},{"@type":"ListItem","position":2,"name":"Bilini Premium"}]},{"@type":"WebSite","@id":"https:\/\/opg-rakovac.hr\/it\/#website","url":"https:\/\/opg-rakovac.hr\/it\/","name":"OPG Rakovac","description":"Istarsko ekstra djevi\u010dansko maslinovo ulje Bilini","publisher":{"@id":"https:\/\/opg-rakovac.hr\/it\/#organization"},"inLanguage":"it-IT"},{"@type":"Organization","@id":"https:\/\/opg-rakovac.hr\/it\/#organization","name":"OPG Rakovac","url":"https:\/\/opg-rakovac.hr\/it\/","logo":{"@type":"ImageObject","inLanguage":"it-IT","@id":"https:\/\/opg-rakovac.hr\/it\/#\/schema\/logo\/image\/","url":"https:\/\/opg-rakovac.hr\/wp-content\/uploads\/2015\/12\/favicon.png","contentUrl":"https:\/\/opg-rakovac.hr\/wp-content\/uploads\/2015\/12\/favicon.png","width":200,"height":200,"caption":"OPG Rakovac"},"image":{"@id":"https:\/\/opg-rakovac.hr\/it\/#\/schema\/logo\/image\/"},"sameAs":["https:\/\/www.facebook.com\/Ekstra.djevicansko.maslinovo.ulje.Bilini\/","https:\/\/www.instagram.com\/bilini_maslinovo_ulje\/","https:\/\/hr.linkedin.com\/in\/bilini","https:\/\/www.pinterest.com\/Bilini_OliveOil\/","https:\/\/www.youtube.com\/channel\/UC7hfzAtwp1YOvhlmwNYkyQw"]}]}},"_links":{"self":[{"href":"https:\/\/opg-rakovac.hr\/it\/wp-json\/wp\/v2\/pages\/16676","targetHints":{"allow":["GET"]}}],"collection":[{"href":"https:\/\/opg-rakovac.hr\/it\/wp-json\/wp\/v2\/pages"}],"about":[{"href":"https:\/\/opg-rakovac.hr\/it\/wp-json\/wp\/v2\/types\/page"}],"author":[{"embeddable":true,"href":"https:\/\/opg-rakovac.hr\/it\/wp-json\/wp\/v2\/users\/1"}],"replies":[{"embeddable":true,"href":"https:\/\/opg-rakovac.hr\/it\/wp-json\/wp\/v2\/comments?post=16676"}],"version-history":[{"count":5,"href":"https:\/\/opg-rakovac.hr\/it\/wp-json\/wp\/v2\/pages\/16676\/revisions"}],"predecessor-version":[{"id":20047,"href":"https:\/\/opg-rakovac.hr\/it\/wp-json\/wp\/v2\/pages\/16676\/revisions\/20047"}],"wp:featuredmedia":[{"embeddable":true,"href":"https:\/\/opg-rakovac.hr\/it\/wp-json\/wp\/v2\/media\/16599"}],"wp:attachment":[{"href":"https:\/\/opg-rakovac.hr\/it\/wp-json\/wp\/v2\/media?parent=16676"}],"curies":[{"name":"wp","href":"https:\/\/api.w.org\/{rel}","templated":true}]}}