{"id":4890,"date":"2018-04-03T10:40:04","date_gmt":"2018-04-03T10:40:04","guid":{"rendered":"https:\/\/opg-rakovac.hr\/2018\/product\/maslinovo-ulje-bilini-drvenoj-ukrasnoj-kutiji-10-l\/"},"modified":"2022-02-27T11:15:21","modified_gmt":"2022-02-27T11:15:21","slug":"bilini-olivenol-1l-in-einer-dekorativen-holzbox","status":"publish","type":"product","link":"https:\/\/opg-rakovac.hr\/de\/produkt\/bilini-olivenol-1l-in-einer-dekorativen-holzbox\/","title":{"rendered":"Bilini Oliven\u00f6l 1L in einer dekorativen Holzbox"},"content":{"rendered":"<p><span style=\"font-weight: 400;\">Extra natives Oliven\u00f6l in der dunkelgr\u00fcnen Glasflasche mit den Ma\u00dfen von ca. 290x75x75mm und einer dunklen Kunststoff-Dosierkappe. Eingewickelt in wei\u00dfes Papier in einer edlen Holzkiste aus 10mm Vollholz, einem 3mm starkem Schiebedeckel und einem 10mm starken Seil-Tragegriff.<\/span><\/p>\n<p>Die Bilder sind symbolisch. Holz ist ein nat\u00fcrliches Material und es besteht die M\u00f6glichkeit eines geringf\u00fcgigen Unterschieds zwischen der gelieferten Holzkiste und der auf dem Bild gezeigten.<\/p>\n","protected":false},"excerpt":{"rendered":"<p><span style=\"font-weight: 400;\">Wenn uns was wirklich wichtig ist, zeigen wir es mit lieben Gesten. In diesem Fall die richtige Menge hochwertiges Oliven\u00f6l in einer wundersch\u00f6nen Verpackung. Zeigt Wirkung bei unseren VIP\u2019s und hinterl\u00e4sst positiven Eindruck.<\/span><\/p>\n","protected":false},"featured_media":19170,"comment_status":"open","ping_status":"closed","template":"","meta":{"_acf_changed":false,"h5ap_radio_sources":[],"footnotes":""},"product_brand":[],"product_cat":[389],"product_tag":[],"class_list":{"0":"post-4890","1":"product","2":"type-product","3":"status-publish","4":"has-post-thumbnail","6":"product_cat-glasflaschen","8":"first","9":"instock","10":"shipping-taxable","11":"purchasable","12":"product-type-simple"},"acf":[],"yoast_head":"<!-- This site is optimized with the Yoast SEO plugin v27.4 - https:\/\/yoast.com\/product\/yoast-seo-wordpress\/ -->\n<title>Bilini Oliven\u00f6l 1 Liter in einer dekorativen Holzbox<\/title>\n<meta name=\"description\" content=\"Wenn uns was wirklich wichtig ist, zeigen wir es mit lieben Gesten. In diesem Fall die richtige Menge hochwertiges Oliven\u00f6l in einer wundersch\u00f6nen Verpackung. Zeigt Wirkung bei unseren VIP\u2019s und hinterl\u00e4sst positiven Eindruck.\" \/>\n<meta name=\"robots\" content=\"index, follow, max-snippet:-1, max-image-preview:large, max-video-preview:-1\" \/>\n<link rel=\"canonical\" href=\"https:\/\/opg-rakovac.hr\/de\/produkt\/bilini-olivenol-1l-in-einer-dekorativen-holzbox\/\" \/>\n<meta property=\"og:locale\" content=\"de_DE\" \/>\n<meta property=\"og:type\" content=\"article\" \/>\n<meta property=\"og:title\" content=\"Bilini Oliven\u00f6l 1 Liter in einer dekorativen Holzbox\" \/>\n<meta property=\"og:description\" content=\"Wenn uns was wirklich wichtig ist, zeigen wir es mit lieben Gesten. In diesem Fall die richtige Menge hochwertiges Oliven\u00f6l in einer wundersch\u00f6nen Verpackung. Zeigt Wirkung bei unseren VIP\u2019s und hinterl\u00e4sst positiven Eindruck.\" \/>\n<meta property=\"og:url\" content=\"https:\/\/opg-rakovac.hr\/de\/produkt\/bilini-olivenol-1l-in-einer-dekorativen-holzbox\/\" \/>\n<meta property=\"og:site_name\" content=\"OPG Rakovac\" \/>\n<meta property=\"article:publisher\" content=\"https:\/\/www.facebook.com\/Ekstra.djevicansko.maslinovo.ulje.Bilini\/\" \/>\n<meta property=\"article:modified_time\" content=\"2022-02-27T11:15:21+00:00\" \/>\n<meta property=\"og:image\" content=\"https:\/\/opg-rakovac.hr\/wp-content\/uploads\/2018\/04\/Drvena-kutija-SPAGA-1L-boca-poklopac-strana-2.jpg\" \/>\n\t<meta property=\"og:image:width\" content=\"1280\" \/>\n\t<meta property=\"og:image:height\" content=\"1890\" \/>\n\t<meta property=\"og:image:type\" content=\"image\/jpeg\" \/>\n<meta name=\"twitter:card\" content=\"summary_large_image\" \/>\n<meta name=\"twitter:label1\" content=\"Gesch\u00e4tzte Lesezeit\" \/>\n\t<meta name=\"twitter:data1\" content=\"1\u00a0Minute\" \/>\n<script type=\"application\/ld+json\" class=\"yoast-schema-graph\">{\"@context\":\"https:\\\/\\\/schema.org\",\"@graph\":[{\"@type\":[\"WebPage\",\"ItemPage\"],\"@id\":\"https:\\\/\\\/opg-rakovac.hr\\\/de\\\/produkt\\\/bilini-olivenol-1l-in-einer-dekorativen-holzbox\\\/\",\"url\":\"https:\\\/\\\/opg-rakovac.hr\\\/de\\\/produkt\\\/bilini-olivenol-1l-in-einer-dekorativen-holzbox\\\/\",\"name\":\"Bilini Oliven\u00f6l 1 Liter in einer dekorativen Holzbox\",\"isPartOf\":{\"@id\":\"https:\\\/\\\/opg-rakovac.hr\\\/de\\\/#website\"},\"primaryImageOfPage\":{\"@id\":\"https:\\\/\\\/opg-rakovac.hr\\\/de\\\/produkt\\\/bilini-olivenol-1l-in-einer-dekorativen-holzbox\\\/#primaryimage\"},\"image\":{\"@id\":\"https:\\\/\\\/opg-rakovac.hr\\\/de\\\/produkt\\\/bilini-olivenol-1l-in-einer-dekorativen-holzbox\\\/#primaryimage\"},\"thumbnailUrl\":\"https:\\\/\\\/opg-rakovac.hr\\\/wp-content\\\/uploads\\\/2018\\\/04\\\/cover-1.webp\",\"datePublished\":\"2018-04-03T10:40:04+00:00\",\"dateModified\":\"2022-02-27T11:15:21+00:00\",\"description\":\"Wenn uns was wirklich wichtig ist, zeigen wir es mit lieben Gesten. In diesem Fall die richtige Menge hochwertiges Oliven\u00f6l in einer wundersch\u00f6nen Verpackung. Zeigt Wirkung bei unseren VIP\u2019s und hinterl\u00e4sst positiven Eindruck.\",\"breadcrumb\":{\"@id\":\"https:\\\/\\\/opg-rakovac.hr\\\/de\\\/produkt\\\/bilini-olivenol-1l-in-einer-dekorativen-holzbox\\\/#breadcrumb\"},\"inLanguage\":\"de\",\"potentialAction\":[{\"@type\":\"ReadAction\",\"target\":[\"https:\\\/\\\/opg-rakovac.hr\\\/de\\\/produkt\\\/bilini-olivenol-1l-in-einer-dekorativen-holzbox\\\/\"]}]},{\"@type\":\"ImageObject\",\"inLanguage\":\"de\",\"@id\":\"https:\\\/\\\/opg-rakovac.hr\\\/de\\\/produkt\\\/bilini-olivenol-1l-in-einer-dekorativen-holzbox\\\/#primaryimage\",\"url\":\"https:\\\/\\\/opg-rakovac.hr\\\/wp-content\\\/uploads\\\/2018\\\/04\\\/cover-1.webp\",\"contentUrl\":\"https:\\\/\\\/opg-rakovac.hr\\\/wp-content\\\/uploads\\\/2018\\\/04\\\/cover-1.webp\",\"width\":1200,\"height\":1200,\"caption\":\"maslinovo ulje 1L u ukrasnoj drvenoj kutiji\"},{\"@type\":\"BreadcrumbList\",\"@id\":\"https:\\\/\\\/opg-rakovac.hr\\\/de\\\/produkt\\\/bilini-olivenol-1l-in-einer-dekorativen-holzbox\\\/#breadcrumb\",\"itemListElement\":[{\"@type\":\"ListItem\",\"position\":1,\"name\":\"Startseite\",\"item\":\"https:\\\/\\\/opg-rakovac.hr\\\/de\\\/\"},{\"@type\":\"ListItem\",\"position\":2,\"name\":\"Shop\",\"item\":\"https:\\\/\\\/opg-rakovac.hr\\\/de\\\/shop\\\/\"},{\"@type\":\"ListItem\",\"position\":3,\"name\":\"Bilini Oliven\u00f6l 1L in einer dekorativen Holzbox\"}]},{\"@type\":\"WebSite\",\"@id\":\"https:\\\/\\\/opg-rakovac.hr\\\/de\\\/#website\",\"url\":\"https:\\\/\\\/opg-rakovac.hr\\\/de\\\/\",\"name\":\"OPG Rakovac\",\"description\":\"Istarsko ekstra djevi\u010dansko maslinovo ulje Bilini\",\"publisher\":{\"@id\":\"https:\\\/\\\/opg-rakovac.hr\\\/de\\\/#organization\"},\"inLanguage\":\"de\"},{\"@type\":\"Organization\",\"@id\":\"https:\\\/\\\/opg-rakovac.hr\\\/de\\\/#organization\",\"name\":\"OPG Rakovac\",\"url\":\"https:\\\/\\\/opg-rakovac.hr\\\/de\\\/\",\"logo\":{\"@type\":\"ImageObject\",\"inLanguage\":\"de\",\"@id\":\"https:\\\/\\\/opg-rakovac.hr\\\/de\\\/#\\\/schema\\\/logo\\\/image\\\/\",\"url\":\"https:\\\/\\\/opg-rakovac.hr\\\/wp-content\\\/uploads\\\/2015\\\/12\\\/favicon.png\",\"contentUrl\":\"https:\\\/\\\/opg-rakovac.hr\\\/wp-content\\\/uploads\\\/2015\\\/12\\\/favicon.png\",\"width\":200,\"height\":200,\"caption\":\"OPG Rakovac\"},\"image\":{\"@id\":\"https:\\\/\\\/opg-rakovac.hr\\\/de\\\/#\\\/schema\\\/logo\\\/image\\\/\"},\"sameAs\":[\"https:\\\/\\\/www.facebook.com\\\/Ekstra.djevicansko.maslinovo.ulje.Bilini\\\/\",\"https:\\\/\\\/www.instagram.com\\\/bilini_maslinovo_ulje\\\/\",\"https:\\\/\\\/hr.linkedin.com\\\/in\\\/bilini\",\"https:\\\/\\\/www.pinterest.com\\\/Bilini_OliveOil\\\/\",\"https:\\\/\\\/www.youtube.com\\\/channel\\\/UC7hfzAtwp1YOvhlmwNYkyQw\"]}]}<\/script>\n<!-- \/ Yoast SEO plugin. -->","yoast_head_json":{"title":"Bilini Oliven\u00f6l 1 Liter in einer dekorativen Holzbox","description":"Wenn uns was wirklich wichtig ist, zeigen wir es mit lieben Gesten. In diesem Fall die richtige Menge hochwertiges Oliven\u00f6l in einer wundersch\u00f6nen Verpackung. Zeigt Wirkung bei unseren VIP\u2019s und hinterl\u00e4sst positiven Eindruck.","robots":{"index":"index","follow":"follow","max-snippet":"max-snippet:-1","max-image-preview":"max-image-preview:large","max-video-preview":"max-video-preview:-1"},"canonical":"https:\/\/opg-rakovac.hr\/de\/produkt\/bilini-olivenol-1l-in-einer-dekorativen-holzbox\/","og_locale":"de_DE","og_type":"article","og_title":"Bilini Oliven\u00f6l 1 Liter in einer dekorativen Holzbox","og_description":"Wenn uns was wirklich wichtig ist, zeigen wir es mit lieben Gesten. In diesem Fall die richtige Menge hochwertiges Oliven\u00f6l in einer wundersch\u00f6nen Verpackung. Zeigt Wirkung bei unseren VIP\u2019s und hinterl\u00e4sst positiven Eindruck.","og_url":"https:\/\/opg-rakovac.hr\/de\/produkt\/bilini-olivenol-1l-in-einer-dekorativen-holzbox\/","og_site_name":"OPG Rakovac","article_publisher":"https:\/\/www.facebook.com\/Ekstra.djevicansko.maslinovo.ulje.Bilini\/","article_modified_time":"2022-02-27T11:15:21+00:00","og_image":[{"width":1280,"height":1890,"url":"https:\/\/opg-rakovac.hr\/wp-content\/uploads\/2018\/04\/Drvena-kutija-SPAGA-1L-boca-poklopac-strana-2.jpg","type":"image\/jpeg"}],"twitter_card":"summary_large_image","twitter_misc":{"Gesch\u00e4tzte Lesezeit":"1\u00a0Minute"},"schema":{"@context":"https:\/\/schema.org","@graph":[{"@type":["WebPage","ItemPage"],"@id":"https:\/\/opg-rakovac.hr\/de\/produkt\/bilini-olivenol-1l-in-einer-dekorativen-holzbox\/","url":"https:\/\/opg-rakovac.hr\/de\/produkt\/bilini-olivenol-1l-in-einer-dekorativen-holzbox\/","name":"Bilini Oliven\u00f6l 1 Liter in einer dekorativen Holzbox","isPartOf":{"@id":"https:\/\/opg-rakovac.hr\/de\/#website"},"primaryImageOfPage":{"@id":"https:\/\/opg-rakovac.hr\/de\/produkt\/bilini-olivenol-1l-in-einer-dekorativen-holzbox\/#primaryimage"},"image":{"@id":"https:\/\/opg-rakovac.hr\/de\/produkt\/bilini-olivenol-1l-in-einer-dekorativen-holzbox\/#primaryimage"},"thumbnailUrl":"https:\/\/opg-rakovac.hr\/wp-content\/uploads\/2018\/04\/cover-1.webp","datePublished":"2018-04-03T10:40:04+00:00","dateModified":"2022-02-27T11:15:21+00:00","description":"Wenn uns was wirklich wichtig ist, zeigen wir es mit lieben Gesten. In diesem Fall die richtige Menge hochwertiges Oliven\u00f6l in einer wundersch\u00f6nen Verpackung. Zeigt Wirkung bei unseren VIP\u2019s und hinterl\u00e4sst positiven Eindruck.","breadcrumb":{"@id":"https:\/\/opg-rakovac.hr\/de\/produkt\/bilini-olivenol-1l-in-einer-dekorativen-holzbox\/#breadcrumb"},"inLanguage":"de","potentialAction":[{"@type":"ReadAction","target":["https:\/\/opg-rakovac.hr\/de\/produkt\/bilini-olivenol-1l-in-einer-dekorativen-holzbox\/"]}]},{"@type":"ImageObject","inLanguage":"de","@id":"https:\/\/opg-rakovac.hr\/de\/produkt\/bilini-olivenol-1l-in-einer-dekorativen-holzbox\/#primaryimage","url":"https:\/\/opg-rakovac.hr\/wp-content\/uploads\/2018\/04\/cover-1.webp","contentUrl":"https:\/\/opg-rakovac.hr\/wp-content\/uploads\/2018\/04\/cover-1.webp","width":1200,"height":1200,"caption":"maslinovo ulje 1L u ukrasnoj drvenoj kutiji"},{"@type":"BreadcrumbList","@id":"https:\/\/opg-rakovac.hr\/de\/produkt\/bilini-olivenol-1l-in-einer-dekorativen-holzbox\/#breadcrumb","itemListElement":[{"@type":"ListItem","position":1,"name":"Startseite","item":"https:\/\/opg-rakovac.hr\/de\/"},{"@type":"ListItem","position":2,"name":"Shop","item":"https:\/\/opg-rakovac.hr\/de\/shop\/"},{"@type":"ListItem","position":3,"name":"Bilini Oliven\u00f6l 1L in einer dekorativen Holzbox"}]},{"@type":"WebSite","@id":"https:\/\/opg-rakovac.hr\/de\/#website","url":"https:\/\/opg-rakovac.hr\/de\/","name":"OPG Rakovac","description":"Istarsko ekstra djevi\u010dansko maslinovo ulje Bilini","publisher":{"@id":"https:\/\/opg-rakovac.hr\/de\/#organization"},"inLanguage":"de"},{"@type":"Organization","@id":"https:\/\/opg-rakovac.hr\/de\/#organization","name":"OPG Rakovac","url":"https:\/\/opg-rakovac.hr\/de\/","logo":{"@type":"ImageObject","inLanguage":"de","@id":"https:\/\/opg-rakovac.hr\/de\/#\/schema\/logo\/image\/","url":"https:\/\/opg-rakovac.hr\/wp-content\/uploads\/2015\/12\/favicon.png","contentUrl":"https:\/\/opg-rakovac.hr\/wp-content\/uploads\/2015\/12\/favicon.png","width":200,"height":200,"caption":"OPG Rakovac"},"image":{"@id":"https:\/\/opg-rakovac.hr\/de\/#\/schema\/logo\/image\/"},"sameAs":["https:\/\/www.facebook.com\/Ekstra.djevicansko.maslinovo.ulje.Bilini\/","https:\/\/www.instagram.com\/bilini_maslinovo_ulje\/","https:\/\/hr.linkedin.com\/in\/bilini","https:\/\/www.pinterest.com\/Bilini_OliveOil\/","https:\/\/www.youtube.com\/channel\/UC7hfzAtwp1YOvhlmwNYkyQw"]}]}},"_links":{"self":[{"href":"https:\/\/opg-rakovac.hr\/de\/wp-json\/wp\/v2\/product\/4890","targetHints":{"allow":["GET"]}}],"collection":[{"href":"https:\/\/opg-rakovac.hr\/de\/wp-json\/wp\/v2\/product"}],"about":[{"href":"https:\/\/opg-rakovac.hr\/de\/wp-json\/wp\/v2\/types\/product"}],"replies":[{"embeddable":true,"href":"https:\/\/opg-rakovac.hr\/de\/wp-json\/wp\/v2\/comments?post=4890"}],"version-history":[{"count":4,"href":"https:\/\/opg-rakovac.hr\/de\/wp-json\/wp\/v2\/product\/4890\/revisions"}],"predecessor-version":[{"id":16237,"href":"https:\/\/opg-rakovac.hr\/de\/wp-json\/wp\/v2\/product\/4890\/revisions\/16237"}],"wp:featuredmedia":[{"embeddable":true,"href":"https:\/\/opg-rakovac.hr\/de\/wp-json\/wp\/v2\/media\/19170"}],"wp:attachment":[{"href":"https:\/\/opg-rakovac.hr\/de\/wp-json\/wp\/v2\/media?parent=4890"}],"wp:term":[{"taxonomy":"product_brand","embeddable":true,"href":"https:\/\/opg-rakovac.hr\/de\/wp-json\/wp\/v2\/product_brand?post=4890"},{"taxonomy":"product_cat","embeddable":true,"href":"https:\/\/opg-rakovac.hr\/de\/wp-json\/wp\/v2\/product_cat?post=4890"},{"taxonomy":"product_tag","embeddable":true,"href":"https:\/\/opg-rakovac.hr\/de\/wp-json\/wp\/v2\/product_tag?post=4890"}],"curies":[{"name":"wp","href":"https:\/\/api.w.org\/{rel}","templated":true}]}}