{"id":4843,"date":"2018-03-14T09:27:33","date_gmt":"2018-03-14T09:27:33","guid":{"rendered":"https:\/\/opg-rakovac.hr\/2018\/product\/bilini-maslinovo-ulje-05-l-staklo\/"},"modified":"2024-03-14T02:45:11","modified_gmt":"2024-03-14T01:45:11","slug":"die-500ml-glasflasche","status":"publish","type":"product","link":"https:\/\/opg-rakovac.hr\/de\/produkt\/die-500ml-glasflasche\/","title":{"rendered":"Die 0,5L Glasflasche"},"content":{"rendered":"<p><span style=\"font-weight: 400;\">Extra natives Oliven\u00f6l in der dunkelgr\u00fcnen Glasflasche mit den Ma\u00dfen von ca. 240x55x55mm und einer dunklen Kunststoff-Dosierkappe. Das dunkle Glas nimmt weder Geruchsstoffe auf, noch gibt es welche ab und sch\u00fctzt somit das erstklassige Aroma des Oliven\u00f6ls. Au\u00dferdem werden ultraviolettes Licht und Sauerstoff, was die Qualit\u00e4t beeintr\u00e4chtigen k\u00f6nnte, vollst\u00e4ndig absorbiert.<\/span><\/p>\n","protected":false},"excerpt":{"rendered":"<p><span style=\"font-weight: 400;\">Ideal als Geschenk. Die Anf\u00e4ngerflasche. Diese Menge bringt den gl\u00fccklichen Empf\u00e4nger zum Ausprobieren bei Geburtstagsfeiern, Feiertagen und Jubil\u00e4en aller Art. Und nat\u00fcrlich f\u00fcr alle Neueinsteiger, die gerade beginnen diese g\u00f6ttliche Fl\u00fcssigkeit zu verehren.<\/span><\/p>\n","protected":false},"featured_media":19079,"comment_status":"open","ping_status":"closed","template":"","meta":{"_acf_changed":false,"h5ap_radio_sources":[],"footnotes":""},"product_brand":[],"product_cat":[389],"product_tag":[],"class_list":{"0":"post-4843","1":"product","2":"type-product","3":"status-publish","4":"has-post-thumbnail","6":"product_cat-glasflaschen","8":"first","9":"instock","10":"shipping-taxable","11":"purchasable","12":"product-type-simple"},"acf":[],"yoast_head":"<!-- This site is optimized with the Yoast SEO plugin v27.4 - https:\/\/yoast.com\/product\/yoast-seo-wordpress\/ -->\n<title>Bilini Oliven\u00f6l in der 0,5 Liter Glasflasche. Hier bestellen!<\/title>\n<meta name=\"description\" content=\"Ideal als Geschenk. Die Anf\u00e4ngerflasche. Diese Menge bringt den gl\u00fccklichen Empf\u00e4nger zum Ausprobieren bei Geburtstagsfeiern, Feiertagen und Jubil\u00e4en aller Art. Und nat\u00fcrlich f\u00fcr alle Neueinsteiger, die gerade beginnen diese g\u00f6ttliche Fl\u00fcssigkeit zu verehren.\" \/>\n<meta name=\"robots\" content=\"index, follow, max-snippet:-1, max-image-preview:large, max-video-preview:-1\" \/>\n<link rel=\"canonical\" href=\"https:\/\/opg-rakovac.hr\/de\/produkt\/die-500ml-glasflasche\/\" \/>\n<meta property=\"og:locale\" content=\"de_DE\" \/>\n<meta property=\"og:type\" content=\"article\" \/>\n<meta property=\"og:title\" content=\"Bilini Oliven\u00f6l in der 0,5 Liter Glasflasche. Hier bestellen!\" \/>\n<meta property=\"og:description\" content=\"Ideal als Geschenk. Die Anf\u00e4ngerflasche. Diese Menge bringt den gl\u00fccklichen Empf\u00e4nger zum Ausprobieren bei Geburtstagsfeiern, Feiertagen und Jubil\u00e4en aller Art. Und nat\u00fcrlich f\u00fcr alle Neueinsteiger, die gerade beginnen diese g\u00f6ttliche Fl\u00fcssigkeit zu verehren.\" \/>\n<meta property=\"og:url\" content=\"https:\/\/opg-rakovac.hr\/de\/produkt\/die-500ml-glasflasche\/\" \/>\n<meta property=\"og:site_name\" content=\"OPG Rakovac\" \/>\n<meta property=\"article:publisher\" content=\"https:\/\/www.facebook.com\/Ekstra.djevicansko.maslinovo.ulje.Bilini\/\" \/>\n<meta property=\"article:modified_time\" content=\"2024-03-14T01:45:11+00:00\" \/>\n<meta property=\"og:image\" content=\"https:\/\/opg-rakovac.hr\/wp-content\/uploads\/2018\/03\/STAKLO-500-ml-sprijeda.jpg\" \/>\n\t<meta property=\"og:image:width\" content=\"1286\" \/>\n\t<meta property=\"og:image:height\" content=\"1882\" \/>\n\t<meta property=\"og:image:type\" content=\"image\/jpeg\" \/>\n<meta name=\"twitter:card\" content=\"summary_large_image\" \/>\n<script type=\"application\/ld+json\" class=\"yoast-schema-graph\">{\"@context\":\"https:\\\/\\\/schema.org\",\"@graph\":[{\"@type\":[\"WebPage\",\"ItemPage\"],\"@id\":\"https:\\\/\\\/opg-rakovac.hr\\\/de\\\/produkt\\\/die-500ml-glasflasche\\\/\",\"url\":\"https:\\\/\\\/opg-rakovac.hr\\\/de\\\/produkt\\\/die-500ml-glasflasche\\\/\",\"name\":\"Bilini Oliven\u00f6l in der 0,5 Liter Glasflasche. Hier bestellen!\",\"isPartOf\":{\"@id\":\"https:\\\/\\\/opg-rakovac.hr\\\/de\\\/#website\"},\"primaryImageOfPage\":{\"@id\":\"https:\\\/\\\/opg-rakovac.hr\\\/de\\\/produkt\\\/die-500ml-glasflasche\\\/#primaryimage\"},\"image\":{\"@id\":\"https:\\\/\\\/opg-rakovac.hr\\\/de\\\/produkt\\\/die-500ml-glasflasche\\\/#primaryimage\"},\"thumbnailUrl\":\"https:\\\/\\\/opg-rakovac.hr\\\/wp-content\\\/uploads\\\/2018\\\/03\\\/cover-2.webp\",\"datePublished\":\"2018-03-14T09:27:33+00:00\",\"dateModified\":\"2024-03-14T01:45:11+00:00\",\"description\":\"Ideal als Geschenk. Die Anf\u00e4ngerflasche. Diese Menge bringt den gl\u00fccklichen Empf\u00e4nger zum Ausprobieren bei Geburtstagsfeiern, Feiertagen und Jubil\u00e4en aller Art. Und nat\u00fcrlich f\u00fcr alle Neueinsteiger, die gerade beginnen diese g\u00f6ttliche Fl\u00fcssigkeit zu verehren.\",\"breadcrumb\":{\"@id\":\"https:\\\/\\\/opg-rakovac.hr\\\/de\\\/produkt\\\/die-500ml-glasflasche\\\/#breadcrumb\"},\"inLanguage\":\"de\",\"potentialAction\":[{\"@type\":\"ReadAction\",\"target\":[\"https:\\\/\\\/opg-rakovac.hr\\\/de\\\/produkt\\\/die-500ml-glasflasche\\\/\"]}]},{\"@type\":\"ImageObject\",\"inLanguage\":\"de\",\"@id\":\"https:\\\/\\\/opg-rakovac.hr\\\/de\\\/produkt\\\/die-500ml-glasflasche\\\/#primaryimage\",\"url\":\"https:\\\/\\\/opg-rakovac.hr\\\/wp-content\\\/uploads\\\/2018\\\/03\\\/cover-2.webp\",\"contentUrl\":\"https:\\\/\\\/opg-rakovac.hr\\\/wp-content\\\/uploads\\\/2018\\\/03\\\/cover-2.webp\",\"width\":945,\"height\":945,\"caption\":\"maslinovo ulje 500 ml\"},{\"@type\":\"BreadcrumbList\",\"@id\":\"https:\\\/\\\/opg-rakovac.hr\\\/de\\\/produkt\\\/die-500ml-glasflasche\\\/#breadcrumb\",\"itemListElement\":[{\"@type\":\"ListItem\",\"position\":1,\"name\":\"Startseite\",\"item\":\"https:\\\/\\\/opg-rakovac.hr\\\/de\\\/\"},{\"@type\":\"ListItem\",\"position\":2,\"name\":\"Shop\",\"item\":\"https:\\\/\\\/opg-rakovac.hr\\\/de\\\/shop\\\/\"},{\"@type\":\"ListItem\",\"position\":3,\"name\":\"Die 0,5L Glasflasche\"}]},{\"@type\":\"WebSite\",\"@id\":\"https:\\\/\\\/opg-rakovac.hr\\\/de\\\/#website\",\"url\":\"https:\\\/\\\/opg-rakovac.hr\\\/de\\\/\",\"name\":\"OPG Rakovac\",\"description\":\"Istarsko ekstra djevi\u010dansko maslinovo ulje Bilini\",\"publisher\":{\"@id\":\"https:\\\/\\\/opg-rakovac.hr\\\/de\\\/#organization\"},\"inLanguage\":\"de\"},{\"@type\":\"Organization\",\"@id\":\"https:\\\/\\\/opg-rakovac.hr\\\/de\\\/#organization\",\"name\":\"OPG Rakovac\",\"url\":\"https:\\\/\\\/opg-rakovac.hr\\\/de\\\/\",\"logo\":{\"@type\":\"ImageObject\",\"inLanguage\":\"de\",\"@id\":\"https:\\\/\\\/opg-rakovac.hr\\\/de\\\/#\\\/schema\\\/logo\\\/image\\\/\",\"url\":\"https:\\\/\\\/opg-rakovac.hr\\\/wp-content\\\/uploads\\\/2015\\\/12\\\/favicon.png\",\"contentUrl\":\"https:\\\/\\\/opg-rakovac.hr\\\/wp-content\\\/uploads\\\/2015\\\/12\\\/favicon.png\",\"width\":200,\"height\":200,\"caption\":\"OPG Rakovac\"},\"image\":{\"@id\":\"https:\\\/\\\/opg-rakovac.hr\\\/de\\\/#\\\/schema\\\/logo\\\/image\\\/\"},\"sameAs\":[\"https:\\\/\\\/www.facebook.com\\\/Ekstra.djevicansko.maslinovo.ulje.Bilini\\\/\",\"https:\\\/\\\/www.instagram.com\\\/bilini_maslinovo_ulje\\\/\",\"https:\\\/\\\/hr.linkedin.com\\\/in\\\/bilini\",\"https:\\\/\\\/www.pinterest.com\\\/Bilini_OliveOil\\\/\",\"https:\\\/\\\/www.youtube.com\\\/channel\\\/UC7hfzAtwp1YOvhlmwNYkyQw\"]}]}<\/script>\n<!-- \/ Yoast SEO plugin. -->","yoast_head_json":{"title":"Bilini Oliven\u00f6l in der 0,5 Liter Glasflasche. Hier bestellen!","description":"Ideal als Geschenk. Die Anf\u00e4ngerflasche. Diese Menge bringt den gl\u00fccklichen Empf\u00e4nger zum Ausprobieren bei Geburtstagsfeiern, Feiertagen und Jubil\u00e4en aller Art. Und nat\u00fcrlich f\u00fcr alle Neueinsteiger, die gerade beginnen diese g\u00f6ttliche Fl\u00fcssigkeit zu verehren.","robots":{"index":"index","follow":"follow","max-snippet":"max-snippet:-1","max-image-preview":"max-image-preview:large","max-video-preview":"max-video-preview:-1"},"canonical":"https:\/\/opg-rakovac.hr\/de\/produkt\/die-500ml-glasflasche\/","og_locale":"de_DE","og_type":"article","og_title":"Bilini Oliven\u00f6l in der 0,5 Liter Glasflasche. Hier bestellen!","og_description":"Ideal als Geschenk. Die Anf\u00e4ngerflasche. Diese Menge bringt den gl\u00fccklichen Empf\u00e4nger zum Ausprobieren bei Geburtstagsfeiern, Feiertagen und Jubil\u00e4en aller Art. Und nat\u00fcrlich f\u00fcr alle Neueinsteiger, die gerade beginnen diese g\u00f6ttliche Fl\u00fcssigkeit zu verehren.","og_url":"https:\/\/opg-rakovac.hr\/de\/produkt\/die-500ml-glasflasche\/","og_site_name":"OPG Rakovac","article_publisher":"https:\/\/www.facebook.com\/Ekstra.djevicansko.maslinovo.ulje.Bilini\/","article_modified_time":"2024-03-14T01:45:11+00:00","og_image":[{"width":1286,"height":1882,"url":"https:\/\/opg-rakovac.hr\/wp-content\/uploads\/2018\/03\/STAKLO-500-ml-sprijeda.jpg","type":"image\/jpeg"}],"twitter_card":"summary_large_image","schema":{"@context":"https:\/\/schema.org","@graph":[{"@type":["WebPage","ItemPage"],"@id":"https:\/\/opg-rakovac.hr\/de\/produkt\/die-500ml-glasflasche\/","url":"https:\/\/opg-rakovac.hr\/de\/produkt\/die-500ml-glasflasche\/","name":"Bilini Oliven\u00f6l in der 0,5 Liter Glasflasche. Hier bestellen!","isPartOf":{"@id":"https:\/\/opg-rakovac.hr\/de\/#website"},"primaryImageOfPage":{"@id":"https:\/\/opg-rakovac.hr\/de\/produkt\/die-500ml-glasflasche\/#primaryimage"},"image":{"@id":"https:\/\/opg-rakovac.hr\/de\/produkt\/die-500ml-glasflasche\/#primaryimage"},"thumbnailUrl":"https:\/\/opg-rakovac.hr\/wp-content\/uploads\/2018\/03\/cover-2.webp","datePublished":"2018-03-14T09:27:33+00:00","dateModified":"2024-03-14T01:45:11+00:00","description":"Ideal als Geschenk. Die Anf\u00e4ngerflasche. Diese Menge bringt den gl\u00fccklichen Empf\u00e4nger zum Ausprobieren bei Geburtstagsfeiern, Feiertagen und Jubil\u00e4en aller Art. Und nat\u00fcrlich f\u00fcr alle Neueinsteiger, die gerade beginnen diese g\u00f6ttliche Fl\u00fcssigkeit zu verehren.","breadcrumb":{"@id":"https:\/\/opg-rakovac.hr\/de\/produkt\/die-500ml-glasflasche\/#breadcrumb"},"inLanguage":"de","potentialAction":[{"@type":"ReadAction","target":["https:\/\/opg-rakovac.hr\/de\/produkt\/die-500ml-glasflasche\/"]}]},{"@type":"ImageObject","inLanguage":"de","@id":"https:\/\/opg-rakovac.hr\/de\/produkt\/die-500ml-glasflasche\/#primaryimage","url":"https:\/\/opg-rakovac.hr\/wp-content\/uploads\/2018\/03\/cover-2.webp","contentUrl":"https:\/\/opg-rakovac.hr\/wp-content\/uploads\/2018\/03\/cover-2.webp","width":945,"height":945,"caption":"maslinovo ulje 500 ml"},{"@type":"BreadcrumbList","@id":"https:\/\/opg-rakovac.hr\/de\/produkt\/die-500ml-glasflasche\/#breadcrumb","itemListElement":[{"@type":"ListItem","position":1,"name":"Startseite","item":"https:\/\/opg-rakovac.hr\/de\/"},{"@type":"ListItem","position":2,"name":"Shop","item":"https:\/\/opg-rakovac.hr\/de\/shop\/"},{"@type":"ListItem","position":3,"name":"Die 0,5L Glasflasche"}]},{"@type":"WebSite","@id":"https:\/\/opg-rakovac.hr\/de\/#website","url":"https:\/\/opg-rakovac.hr\/de\/","name":"OPG Rakovac","description":"Istarsko ekstra djevi\u010dansko maslinovo ulje Bilini","publisher":{"@id":"https:\/\/opg-rakovac.hr\/de\/#organization"},"inLanguage":"de"},{"@type":"Organization","@id":"https:\/\/opg-rakovac.hr\/de\/#organization","name":"OPG Rakovac","url":"https:\/\/opg-rakovac.hr\/de\/","logo":{"@type":"ImageObject","inLanguage":"de","@id":"https:\/\/opg-rakovac.hr\/de\/#\/schema\/logo\/image\/","url":"https:\/\/opg-rakovac.hr\/wp-content\/uploads\/2015\/12\/favicon.png","contentUrl":"https:\/\/opg-rakovac.hr\/wp-content\/uploads\/2015\/12\/favicon.png","width":200,"height":200,"caption":"OPG Rakovac"},"image":{"@id":"https:\/\/opg-rakovac.hr\/de\/#\/schema\/logo\/image\/"},"sameAs":["https:\/\/www.facebook.com\/Ekstra.djevicansko.maslinovo.ulje.Bilini\/","https:\/\/www.instagram.com\/bilini_maslinovo_ulje\/","https:\/\/hr.linkedin.com\/in\/bilini","https:\/\/www.pinterest.com\/Bilini_OliveOil\/","https:\/\/www.youtube.com\/channel\/UC7hfzAtwp1YOvhlmwNYkyQw"]}]}},"_links":{"self":[{"href":"https:\/\/opg-rakovac.hr\/de\/wp-json\/wp\/v2\/product\/4843","targetHints":{"allow":["GET"]}}],"collection":[{"href":"https:\/\/opg-rakovac.hr\/de\/wp-json\/wp\/v2\/product"}],"about":[{"href":"https:\/\/opg-rakovac.hr\/de\/wp-json\/wp\/v2\/types\/product"}],"replies":[{"embeddable":true,"href":"https:\/\/opg-rakovac.hr\/de\/wp-json\/wp\/v2\/comments?post=4843"}],"version-history":[{"count":4,"href":"https:\/\/opg-rakovac.hr\/de\/wp-json\/wp\/v2\/product\/4843\/revisions"}],"predecessor-version":[{"id":8203,"href":"https:\/\/opg-rakovac.hr\/de\/wp-json\/wp\/v2\/product\/4843\/revisions\/8203"}],"wp:featuredmedia":[{"embeddable":true,"href":"https:\/\/opg-rakovac.hr\/de\/wp-json\/wp\/v2\/media\/19079"}],"wp:attachment":[{"href":"https:\/\/opg-rakovac.hr\/de\/wp-json\/wp\/v2\/media?parent=4843"}],"wp:term":[{"taxonomy":"product_brand","embeddable":true,"href":"https:\/\/opg-rakovac.hr\/de\/wp-json\/wp\/v2\/product_brand?post=4843"},{"taxonomy":"product_cat","embeddable":true,"href":"https:\/\/opg-rakovac.hr\/de\/wp-json\/wp\/v2\/product_cat?post=4843"},{"taxonomy":"product_tag","embeddable":true,"href":"https:\/\/opg-rakovac.hr\/de\/wp-json\/wp\/v2\/product_tag?post=4843"}],"curies":[{"name":"wp","href":"https:\/\/api.w.org\/{rel}","templated":true}]}}