{"id":16725,"date":"2022-07-05T18:30:18","date_gmt":"2022-07-06T19:00:35","guid":{"rendered":"https:\/\/opg-rakovac.hr\/?post_type=product&#038;p=16725"},"modified":"2023-11-22T11:49:07","modified_gmt":"2023-11-22T10:49:07","slug":"bilini-premium","status":"publish","type":"product","link":"https:\/\/opg-rakovac.hr\/de\/produkt\/bilini-premium\/","title":{"rendered":"Bilini Premium"},"content":{"rendered":"<p>Natives Oliven\u00f6l extra verpackt in einer wei\u00dfen Keramikflasche von 500 ml. Die Flasche ist in einer sch\u00f6nen dekorativen Holzkiste mit ungef\u00e4hren Abmessungen von 270 mm x 105 mm x 95 mm verpackt. In der Box erhalten Sie auch einen Spender, den Sie nach dem \u00d6ffnen in den Flaschenhals stecken.<br \/>\nDer Spender hat eine eigene kleine Kappe. So muss nach dem ersten Entkorken der Flasche und dem Einsetzen des Dispensers der Originalkorken nicht wieder angebracht werden. Die Keramikflasche ist ideal, um die Stabilit\u00e4t und Qualit\u00e4t des Oliven\u00f6ls zu bewahren. Keramik nimmt keine Ger\u00fcche auf oder gibt sie ab. Es bietet vollst\u00e4ndigen Schutz vor Sauerstoff sowie vor Licht, das die Qualit\u00e4t des \u00d6ls beeintr\u00e4chtigen k\u00f6nnte.<\/p>\n","protected":false},"excerpt":{"rendered":"<p><strong>Bilini Premium<\/strong> ist eine <strong>500-ml-Flasche<\/strong> natives Oliven\u00f6l extra Bilini \u2013 das gleiche \u00d6l, das wir zu Wettbewerben schicken. Dasselbe Fass, dieselbe Mischung, die von Jurys verkostet wird, die Oliven\u00f6l Bilini Jahr f\u00fcr Jahr mit Gold auszeichnen.<\/p>\n<p>Wenn Sie planen, ein Geschenk zu kaufen und einen gro\u00dfartigen Eindruck hinterlassen m\u00f6chten, werden Sie mit diesem Geschenk in Erinnerung bleiben.<\/p>\n<p>F\u00fcr weitere Informationen klicken Sie <a href=\"https:\/\/opg-rakovac.hr\/de\/bilini-premium\/\" target=\"_blank\" rel=\"noopener\">hier<\/a>. (aber komm sp\u00e4ter wieder und schlie\u00dfe den Kauf ab \ud83d\ude42<\/p>\n","protected":false},"featured_media":19099,"comment_status":"open","ping_status":"closed","template":"","meta":{"_acf_changed":false,"h5ap_radio_sources":[],"footnotes":""},"product_brand":[],"product_cat":[1190],"product_tag":[1193],"class_list":{"0":"post-16725","1":"product","2":"type-product","3":"status-publish","4":"has-post-thumbnail","6":"product_cat-bilini-premium-de","7":"product_tag-bilini-premium-de-2","9":"first","10":"instock","11":"shipping-taxable","12":"purchasable","13":"product-type-simple"},"acf":[],"yoast_head":"<!-- This site is optimized with the Yoast SEO plugin v27.4 - https:\/\/yoast.com\/product\/yoast-seo-wordpress\/ -->\n<title>Bilini Premium | Webshop des Familienbauernhofes Rakovac<\/title>\n<meta name=\"description\" content=\"Hier k\u00f6nnen Sie das Beste vom Besten kaufen: Bilini Premium. Oliven\u00f6l Bilini aus demselben Fass, von dem wir Proben an Wettbewerbe senden ?\" \/>\n<meta name=\"robots\" content=\"index, follow, max-snippet:-1, max-image-preview:large, max-video-preview:-1\" \/>\n<link rel=\"canonical\" href=\"https:\/\/opg-rakovac.hr\/de\/produkt\/bilini-premium\/\" \/>\n<meta property=\"og:locale\" content=\"de_DE\" \/>\n<meta property=\"og:type\" content=\"article\" \/>\n<meta property=\"og:title\" content=\"Bilini Premium | Webshop des Familienbauernhofes Rakovac\" \/>\n<meta property=\"og:description\" content=\"Hier k\u00f6nnen Sie das Beste vom Besten kaufen: Bilini Premium. Oliven\u00f6l Bilini aus demselben Fass, von dem wir Proben an Wettbewerbe senden ?\" \/>\n<meta property=\"og:url\" content=\"https:\/\/opg-rakovac.hr\/de\/produkt\/bilini-premium\/\" \/>\n<meta property=\"og:site_name\" content=\"OPG Rakovac\" \/>\n<meta property=\"article:publisher\" content=\"https:\/\/www.facebook.com\/Ekstra.djevicansko.maslinovo.ulje.Bilini\/\" \/>\n<meta property=\"article:modified_time\" content=\"2023-11-22T10:49:07+00:00\" \/>\n<meta property=\"og:image\" content=\"https:\/\/opg-rakovac.hr\/wp-content\/uploads\/2022\/07\/boca-u-otvorenoj-kutiji_square-1.webp\" \/>\n\t<meta property=\"og:image:width\" content=\"660\" \/>\n\t<meta property=\"og:image:height\" content=\"660\" \/>\n\t<meta property=\"og:image:type\" content=\"image\/webp\" \/>\n<meta name=\"twitter:card\" content=\"summary_large_image\" \/>\n<meta name=\"twitter:label1\" content=\"Gesch\u00e4tzte Lesezeit\" \/>\n\t<meta name=\"twitter:data1\" content=\"1\u00a0Minute\" \/>\n<script type=\"application\/ld+json\" class=\"yoast-schema-graph\">{\"@context\":\"https:\\\/\\\/schema.org\",\"@graph\":[{\"@type\":\"WebPage\",\"@id\":\"https:\\\/\\\/opg-rakovac.hr\\\/de\\\/produkt\\\/bilini-premium\\\/\",\"url\":\"https:\\\/\\\/opg-rakovac.hr\\\/de\\\/produkt\\\/bilini-premium\\\/\",\"name\":\"Bilini Premium | Webshop des Familienbauernhofes Rakovac\",\"isPartOf\":{\"@id\":\"https:\\\/\\\/opg-rakovac.hr\\\/de\\\/#website\"},\"primaryImageOfPage\":{\"@id\":\"https:\\\/\\\/opg-rakovac.hr\\\/de\\\/produkt\\\/bilini-premium\\\/#primaryimage\"},\"image\":{\"@id\":\"https:\\\/\\\/opg-rakovac.hr\\\/de\\\/produkt\\\/bilini-premium\\\/#primaryimage\"},\"thumbnailUrl\":\"https:\\\/\\\/opg-rakovac.hr\\\/wp-content\\\/uploads\\\/2022\\\/07\\\/boca-u-otvorenoj-kutiji_square-1.webp\",\"datePublished\":\"2022-07-06T19:00:35+00:00\",\"dateModified\":\"2023-11-22T10:49:07+00:00\",\"description\":\"Hier k\u00f6nnen Sie das Beste vom Besten kaufen: Bilini Premium. Oliven\u00f6l Bilini aus demselben Fass, von dem wir Proben an Wettbewerbe senden ?\",\"breadcrumb\":{\"@id\":\"https:\\\/\\\/opg-rakovac.hr\\\/de\\\/produkt\\\/bilini-premium\\\/#breadcrumb\"},\"inLanguage\":\"de\",\"potentialAction\":[{\"@type\":\"ReadAction\",\"target\":[\"https:\\\/\\\/opg-rakovac.hr\\\/de\\\/produkt\\\/bilini-premium\\\/\"]}]},{\"@type\":\"ImageObject\",\"inLanguage\":\"de\",\"@id\":\"https:\\\/\\\/opg-rakovac.hr\\\/de\\\/produkt\\\/bilini-premium\\\/#primaryimage\",\"url\":\"https:\\\/\\\/opg-rakovac.hr\\\/wp-content\\\/uploads\\\/2022\\\/07\\\/boca-u-otvorenoj-kutiji_square-1.webp\",\"contentUrl\":\"https:\\\/\\\/opg-rakovac.hr\\\/wp-content\\\/uploads\\\/2022\\\/07\\\/boca-u-otvorenoj-kutiji_square-1.webp\",\"width\":660,\"height\":660,\"caption\":\"Bilini Premium\"},{\"@type\":\"BreadcrumbList\",\"@id\":\"https:\\\/\\\/opg-rakovac.hr\\\/de\\\/produkt\\\/bilini-premium\\\/#breadcrumb\",\"itemListElement\":[{\"@type\":\"ListItem\",\"position\":1,\"name\":\"Startseite\",\"item\":\"https:\\\/\\\/opg-rakovac.hr\\\/de\\\/\"},{\"@type\":\"ListItem\",\"position\":2,\"name\":\"Shop\",\"item\":\"https:\\\/\\\/opg-rakovac.hr\\\/de\\\/shop\\\/\"},{\"@type\":\"ListItem\",\"position\":3,\"name\":\"Bilini Premium\"}]},{\"@type\":\"WebSite\",\"@id\":\"https:\\\/\\\/opg-rakovac.hr\\\/de\\\/#website\",\"url\":\"https:\\\/\\\/opg-rakovac.hr\\\/de\\\/\",\"name\":\"OPG Rakovac\",\"description\":\"Istarsko ekstra djevi\u010dansko maslinovo ulje Bilini\",\"publisher\":{\"@id\":\"https:\\\/\\\/opg-rakovac.hr\\\/de\\\/#organization\"},\"inLanguage\":\"de\"},{\"@type\":\"Organization\",\"@id\":\"https:\\\/\\\/opg-rakovac.hr\\\/de\\\/#organization\",\"name\":\"OPG Rakovac\",\"url\":\"https:\\\/\\\/opg-rakovac.hr\\\/de\\\/\",\"logo\":{\"@type\":\"ImageObject\",\"inLanguage\":\"de\",\"@id\":\"https:\\\/\\\/opg-rakovac.hr\\\/de\\\/#\\\/schema\\\/logo\\\/image\\\/\",\"url\":\"https:\\\/\\\/opg-rakovac.hr\\\/wp-content\\\/uploads\\\/2015\\\/12\\\/favicon.png\",\"contentUrl\":\"https:\\\/\\\/opg-rakovac.hr\\\/wp-content\\\/uploads\\\/2015\\\/12\\\/favicon.png\",\"width\":200,\"height\":200,\"caption\":\"OPG Rakovac\"},\"image\":{\"@id\":\"https:\\\/\\\/opg-rakovac.hr\\\/de\\\/#\\\/schema\\\/logo\\\/image\\\/\"},\"sameAs\":[\"https:\\\/\\\/www.facebook.com\\\/Ekstra.djevicansko.maslinovo.ulje.Bilini\\\/\",\"https:\\\/\\\/www.instagram.com\\\/bilini_maslinovo_ulje\\\/\",\"https:\\\/\\\/hr.linkedin.com\\\/in\\\/bilini\",\"https:\\\/\\\/www.pinterest.com\\\/Bilini_OliveOil\\\/\",\"https:\\\/\\\/www.youtube.com\\\/channel\\\/UC7hfzAtwp1YOvhlmwNYkyQw\"]}]}<\/script>\n<!-- \/ Yoast SEO plugin. -->","yoast_head_json":{"title":"Bilini Premium | Webshop des Familienbauernhofes Rakovac","description":"Hier k\u00f6nnen Sie das Beste vom Besten kaufen: Bilini Premium. Oliven\u00f6l Bilini aus demselben Fass, von dem wir Proben an Wettbewerbe senden ?","robots":{"index":"index","follow":"follow","max-snippet":"max-snippet:-1","max-image-preview":"max-image-preview:large","max-video-preview":"max-video-preview:-1"},"canonical":"https:\/\/opg-rakovac.hr\/de\/produkt\/bilini-premium\/","og_locale":"de_DE","og_type":"article","og_title":"Bilini Premium | Webshop des Familienbauernhofes Rakovac","og_description":"Hier k\u00f6nnen Sie das Beste vom Besten kaufen: Bilini Premium. Oliven\u00f6l Bilini aus demselben Fass, von dem wir Proben an Wettbewerbe senden ?","og_url":"https:\/\/opg-rakovac.hr\/de\/produkt\/bilini-premium\/","og_site_name":"OPG Rakovac","article_publisher":"https:\/\/www.facebook.com\/Ekstra.djevicansko.maslinovo.ulje.Bilini\/","article_modified_time":"2023-11-22T10:49:07+00:00","og_image":[{"width":660,"height":660,"url":"https:\/\/opg-rakovac.hr\/wp-content\/uploads\/2022\/07\/boca-u-otvorenoj-kutiji_square-1.webp","type":"image\/webp"}],"twitter_card":"summary_large_image","twitter_misc":{"Gesch\u00e4tzte Lesezeit":"1\u00a0Minute"},"schema":{"@context":"https:\/\/schema.org","@graph":[{"@type":"WebPage","@id":"https:\/\/opg-rakovac.hr\/de\/produkt\/bilini-premium\/","url":"https:\/\/opg-rakovac.hr\/de\/produkt\/bilini-premium\/","name":"Bilini Premium | Webshop des Familienbauernhofes Rakovac","isPartOf":{"@id":"https:\/\/opg-rakovac.hr\/de\/#website"},"primaryImageOfPage":{"@id":"https:\/\/opg-rakovac.hr\/de\/produkt\/bilini-premium\/#primaryimage"},"image":{"@id":"https:\/\/opg-rakovac.hr\/de\/produkt\/bilini-premium\/#primaryimage"},"thumbnailUrl":"https:\/\/opg-rakovac.hr\/wp-content\/uploads\/2022\/07\/boca-u-otvorenoj-kutiji_square-1.webp","datePublished":"2022-07-06T19:00:35+00:00","dateModified":"2023-11-22T10:49:07+00:00","description":"Hier k\u00f6nnen Sie das Beste vom Besten kaufen: Bilini Premium. Oliven\u00f6l Bilini aus demselben Fass, von dem wir Proben an Wettbewerbe senden ?","breadcrumb":{"@id":"https:\/\/opg-rakovac.hr\/de\/produkt\/bilini-premium\/#breadcrumb"},"inLanguage":"de","potentialAction":[{"@type":"ReadAction","target":["https:\/\/opg-rakovac.hr\/de\/produkt\/bilini-premium\/"]}]},{"@type":"ImageObject","inLanguage":"de","@id":"https:\/\/opg-rakovac.hr\/de\/produkt\/bilini-premium\/#primaryimage","url":"https:\/\/opg-rakovac.hr\/wp-content\/uploads\/2022\/07\/boca-u-otvorenoj-kutiji_square-1.webp","contentUrl":"https:\/\/opg-rakovac.hr\/wp-content\/uploads\/2022\/07\/boca-u-otvorenoj-kutiji_square-1.webp","width":660,"height":660,"caption":"Bilini Premium"},{"@type":"BreadcrumbList","@id":"https:\/\/opg-rakovac.hr\/de\/produkt\/bilini-premium\/#breadcrumb","itemListElement":[{"@type":"ListItem","position":1,"name":"Startseite","item":"https:\/\/opg-rakovac.hr\/de\/"},{"@type":"ListItem","position":2,"name":"Shop","item":"https:\/\/opg-rakovac.hr\/de\/shop\/"},{"@type":"ListItem","position":3,"name":"Bilini Premium"}]},{"@type":"WebSite","@id":"https:\/\/opg-rakovac.hr\/de\/#website","url":"https:\/\/opg-rakovac.hr\/de\/","name":"OPG Rakovac","description":"Istarsko ekstra djevi\u010dansko maslinovo ulje Bilini","publisher":{"@id":"https:\/\/opg-rakovac.hr\/de\/#organization"},"inLanguage":"de"},{"@type":"Organization","@id":"https:\/\/opg-rakovac.hr\/de\/#organization","name":"OPG Rakovac","url":"https:\/\/opg-rakovac.hr\/de\/","logo":{"@type":"ImageObject","inLanguage":"de","@id":"https:\/\/opg-rakovac.hr\/de\/#\/schema\/logo\/image\/","url":"https:\/\/opg-rakovac.hr\/wp-content\/uploads\/2015\/12\/favicon.png","contentUrl":"https:\/\/opg-rakovac.hr\/wp-content\/uploads\/2015\/12\/favicon.png","width":200,"height":200,"caption":"OPG Rakovac"},"image":{"@id":"https:\/\/opg-rakovac.hr\/de\/#\/schema\/logo\/image\/"},"sameAs":["https:\/\/www.facebook.com\/Ekstra.djevicansko.maslinovo.ulje.Bilini\/","https:\/\/www.instagram.com\/bilini_maslinovo_ulje\/","https:\/\/hr.linkedin.com\/in\/bilini","https:\/\/www.pinterest.com\/Bilini_OliveOil\/","https:\/\/www.youtube.com\/channel\/UC7hfzAtwp1YOvhlmwNYkyQw"]}]}},"_links":{"self":[{"href":"https:\/\/opg-rakovac.hr\/de\/wp-json\/wp\/v2\/product\/16725","targetHints":{"allow":["GET"]}}],"collection":[{"href":"https:\/\/opg-rakovac.hr\/de\/wp-json\/wp\/v2\/product"}],"about":[{"href":"https:\/\/opg-rakovac.hr\/de\/wp-json\/wp\/v2\/types\/product"}],"replies":[{"embeddable":true,"href":"https:\/\/opg-rakovac.hr\/de\/wp-json\/wp\/v2\/comments?post=16725"}],"version-history":[{"count":2,"href":"https:\/\/opg-rakovac.hr\/de\/wp-json\/wp\/v2\/product\/16725\/revisions"}],"predecessor-version":[{"id":19717,"href":"https:\/\/opg-rakovac.hr\/de\/wp-json\/wp\/v2\/product\/16725\/revisions\/19717"}],"wp:featuredmedia":[{"embeddable":true,"href":"https:\/\/opg-rakovac.hr\/de\/wp-json\/wp\/v2\/media\/19099"}],"wp:attachment":[{"href":"https:\/\/opg-rakovac.hr\/de\/wp-json\/wp\/v2\/media?parent=16725"}],"wp:term":[{"taxonomy":"product_brand","embeddable":true,"href":"https:\/\/opg-rakovac.hr\/de\/wp-json\/wp\/v2\/product_brand?post=16725"},{"taxonomy":"product_cat","embeddable":true,"href":"https:\/\/opg-rakovac.hr\/de\/wp-json\/wp\/v2\/product_cat?post=16725"},{"taxonomy":"product_tag","embeddable":true,"href":"https:\/\/opg-rakovac.hr\/de\/wp-json\/wp\/v2\/product_tag?post=16725"}],"curies":[{"name":"wp","href":"https:\/\/api.w.org\/{rel}","templated":true}]}}