{"id":8389,"date":"2011-07-14T19:45:42","date_gmt":"2011-07-14T19:45:42","guid":{"rendered":"https:\/\/opg-rakovac.hr\/2018\/evoo-bilini\/"},"modified":"2025-08-27T10:20:47","modified_gmt":"2025-08-27T08:20:47","slug":"istrisches-extra-natives-olivenoel-bilini","status":"publish","type":"page","link":"https:\/\/opg-rakovac.hr\/de\/istrisches-extra-natives-olivenoel-bilini\/","title":{"rendered":"Extra natives Oliven\u00f6l Bilini"},"content":{"rendered":"<p style=\"text-align: justify;\"><span style=\"font-weight: 400;\"><strong>Istrisches extra natives Oliven\u00f6l Bilini<\/strong> ist das Ergebnis von 25 Jahren Entwicklung und Arbeit der Familie Rakovac. Unsere Liebe zum Anbau und zur Pflege von Olivenhainen, kombiniert mit rechtzeitiger Olivenernte, ergibt au\u00dfergew\u00f6hnlich hochwertiges Oliven\u00f6l.<\/span><\/p>\n<figure id=\"attachment_2109\" aria-describedby=\"caption-attachment-2109\" style=\"width: 1600px\" class=\"wp-caption alignnone\"><img decoding=\"async\" class=\"wp-image-2109 size-full\" title=\"Extra natives Oliven\u00f6l Bilini\" src=\"https:\/\/opg-rakovac.hr\/wp-content\/uploads\/2011\/07\/maslinovo-ulje-bilini.jpg\" alt=\"Extra natives Oliven\u00f6l Bilini\" width=\"1600\" height=\"635\" \/><figcaption id=\"caption-attachment-2109\" class=\"wp-caption-text\"><span style=\"font-weight: 400;\">Foto 1: istrisches extra natives Oliven\u00f6l Bilini<\/span><\/figcaption><\/figure>\n<h2 class=\"section-header\" class=\"section-header\">Vielseitiges istrisches Oliven\u00f6l<\/h2>\n<p style=\"text-align: justify;\"><span style=\"font-weight: 400;\">Unser extra natives Oliven\u00f6l Bilini wird aus vielen Olivensorten hergestellt. Die Mischung aus Fr\u00fcchten verschiedener autochthoner und domestizierter Sorten wie istrische &#8222;bjelica&#8220; (Bianchera), Bu\u017ea, Leccino und Pendolino, tr\u00e4gt dazu bei, eine h\u00f6here Qualit\u00e4t von Oliven\u00f6l zu bekommen. Der Geschmack, der durch die Kombination von Olivensorten gewonnen wird, ist eine Fortsetzung der Tradition der istrischen Oliven\u00f6lherstellung. Vielschichtigkeit der Aromen und beste Qualit\u00e4t sind die Hauptargumente f\u00fcr die Wahl dieser Art der Oliven\u00f6lproduktion. Der Duft von extra nativem Oliven\u00f6l Bilini ist eine einzigartige Erfahrung. Sobald Sie eine Flasche \u00f6ffnen, werden Sie das wundervolle Aroma von frischen Oliven erleben.<\/span><\/p>\n<p><a href=\"https:\/\/opg-rakovac.hr\/de\/blog\/olivenoel-bilini\/treueprogramm-bilini\/\"><img decoding=\"async\" class=\"aligncenter wp-image-11962 size-full\" title=\" Klicken Sie hier und erfahren Sie mehr \u00fcber das Treueprogramm Bilini\" src=\"https:\/\/opg-rakovac.hr\/wp-content\/uploads\/2019\/11\/BANNER-1.jpg\" alt=\"\" width=\"940\" height=\"373\" srcset=\"https:\/\/opg-rakovac.hr\/wp-content\/uploads\/2019\/11\/BANNER-1.jpg 940w, https:\/\/opg-rakovac.hr\/wp-content\/uploads\/2019\/11\/BANNER-1-300x119.jpg 300w, https:\/\/opg-rakovac.hr\/wp-content\/uploads\/2019\/11\/BANNER-1-768x305.jpg 768w, https:\/\/opg-rakovac.hr\/wp-content\/uploads\/2019\/11\/BANNER-1-230x91.jpg 230w, https:\/\/opg-rakovac.hr\/wp-content\/uploads\/2019\/11\/BANNER-1-324x129.jpg 324w, https:\/\/opg-rakovac.hr\/wp-content\/uploads\/2019\/11\/BANNER-1-416x165.jpg 416w\" sizes=\"(max-width: 940px) 100vw, 940px\" \/><\/a><\/p>\n<h2 class=\"section-header\" class=\"section-header\">Istrisches extra natives Oliven\u00f6l<\/h2>\n<p style=\"text-align: justify;\"><span style=\"font-weight: 400;\">Wir produzieren unser extra natives Oliven\u00f6l haupts\u00e4chlich f\u00fcr unsere eigene Familie. Unsere Landwirtschaftsphilosophie basiert auf dem Glauben an die Bedeutung eines alten Sprichworts, dass wir das Land nicht von unseren Vorfahren geerbt haben, sondern es von unseren Kindern geliehen haben. Stets dazu bereit einen Teil der Ernte zu opfern um das Endprodukt gesund zu erhalten, setzen wir nur minimale Mengen Pflanzenschutzmittel ein.<\/span><\/p>\n<figure id=\"attachment_6952\" aria-describedby=\"caption-attachment-6952\" style=\"width: 1328px\" class=\"wp-caption alignnone\"><img decoding=\"async\" class=\"wp-image-6952 size-full\" title=\"Istrische Bjelica (Bianchera)\" src=\"https:\/\/opg-rakovac.hr\/wp-content\/uploads\/2011\/07\/istarska-bjelica.jpg\" alt=\"Istrische oliven\" width=\"1328\" height=\"526\" srcset=\"https:\/\/opg-rakovac.hr\/wp-content\/uploads\/2011\/07\/istarska-bjelica.jpg 1328w, https:\/\/opg-rakovac.hr\/wp-content\/uploads\/2011\/07\/istarska-bjelica-300x119.jpg 300w, https:\/\/opg-rakovac.hr\/wp-content\/uploads\/2011\/07\/istarska-bjelica-768x304.jpg 768w, https:\/\/opg-rakovac.hr\/wp-content\/uploads\/2011\/07\/istarska-bjelica-1024x406.jpg 1024w, https:\/\/opg-rakovac.hr\/wp-content\/uploads\/2011\/07\/istarska-bjelica-230x91.jpg 230w, https:\/\/opg-rakovac.hr\/wp-content\/uploads\/2011\/07\/istarska-bjelica-324x128.jpg 324w, https:\/\/opg-rakovac.hr\/wp-content\/uploads\/2011\/07\/istarska-bjelica-416x165.jpg 416w\" sizes=\"(max-width: 1328px) 100vw, 1328px\" \/><figcaption id=\"caption-attachment-6952\" class=\"wp-caption-text\">Foto 2: Istrische Bjelica (Bianchera)<\/figcaption><\/figure>\n<h2 class=\"section-header\" class=\"section-header\">Unsere Olivenhaine mit Biodiversit\u00e4t<\/h2>\n<p style=\"text-align: justify;\"><span style=\"font-weight: 400;\">In unseren Oliveng\u00e4rten ist Biodiversit\u00e4t ein Muss. Neben unseren Olivenb\u00e4umen wachsen Kirschen, Pflaumen, Feigen und Brombeeren. Alte Steinmauern sind erhalten, da sie zahlreiche Tiere beherbergen, die f\u00fcr unsere Olivenhaine n\u00fctzlich sind. Unsere Mission ist es, das Geerbte zu verbessern, nicht nur im Sinne der Produktivit\u00e4t, sondern auch im Zusammenhang mit der Erhaltung der Sch\u00f6nheit der istrischen Landschaften.<\/span><\/p>\n<figure id=\"attachment_2114\" aria-describedby=\"caption-attachment-2114\" style=\"width: 1600px\" class=\"wp-caption alignnone\"><img decoding=\"async\" class=\"wp-image-5111 size-full\" title=\"Unser Olivenhain Zacrikva\" src=\"https:\/\/opg-rakovac.hr\/wp-content\/uploads\/2015\/12\/maslinik-zacrikva.jpg\" alt=\"olivenhain\" width=\"1600\" height=\"635\" srcset=\"https:\/\/opg-rakovac.hr\/wp-content\/uploads\/2015\/12\/maslinik-zacrikva.jpg 1600w, https:\/\/opg-rakovac.hr\/wp-content\/uploads\/2015\/12\/maslinik-zacrikva-300x119.jpg 300w, https:\/\/opg-rakovac.hr\/wp-content\/uploads\/2015\/12\/maslinik-zacrikva-768x305.jpg 768w, https:\/\/opg-rakovac.hr\/wp-content\/uploads\/2015\/12\/maslinik-zacrikva-1024x406.jpg 1024w, https:\/\/opg-rakovac.hr\/wp-content\/uploads\/2015\/12\/maslinik-zacrikva-1400x556.jpg 1400w, https:\/\/opg-rakovac.hr\/wp-content\/uploads\/2015\/12\/maslinik-zacrikva-230x91.jpg 230w, https:\/\/opg-rakovac.hr\/wp-content\/uploads\/2015\/12\/maslinik-zacrikva-1170x464.jpg 1170w, https:\/\/opg-rakovac.hr\/wp-content\/uploads\/2015\/12\/maslinik-zacrikva-324x129.jpg 324w, https:\/\/opg-rakovac.hr\/wp-content\/uploads\/2015\/12\/maslinik-zacrikva-416x165.jpg 416w\" sizes=\"(max-width: 1600px) 100vw, 1600px\" \/><figcaption id=\"caption-attachment-2114\" class=\"wp-caption-text\">Foto 3: Unser Olivenhain Zacrikva<\/figcaption><\/figure>\n<p style=\"text-align: justify;\">Unser Oliven\u00f6l ist unser Stolz, unsere Oliven sind ein untrennbarer Teil der Natur, in der sie entstanden sind. Es ist nicht unsere Ambition gr\u00f6\u00dfer zu werden, sondern besser.<\/p>\n<h2 class=\"section-header\" style=\"text-align: justify;\">Unbestreitbare Qualit\u00e4t<\/h2>\n<p style=\"text-align: justify;\"><span style=\"font-weight: 400;\">Jahr f\u00fcr Jahr ist unser Oliven\u00f6l immer extra nativ. Der Begriff &#8222;extra nativ&#8220; beschreibt jedoch seine Qualit\u00e4t nicht vollst\u00e4ndig. Extra nativ bei Oliven\u00f6l bedeutet, dass das \u00d6l unter 0,80% S\u00e4ure (freie Fetts\u00e4uren) enth\u00e4lt. Ein h\u00f6herer Anteil an freien Fetts\u00e4uren in Oliven\u00f6l kann eine Reihe von Ver\u00e4nderungen hervorrufen, die sich in schlechteren organoleptischen Eigenschaften des \u00d6ls sowie in der Affinit\u00e4t zum Abbau \u00e4u\u00dfern.<\/span><\/p>\n\n\t\t\t<ul class='galerija list-inline list-unstyled fancybox-show-nav'>\n\n\t\t\t\t\n\t\t\t\t<li class=\"col-md-4 col-sm-6 col-xs-4 thumb-wrapper\">\n\t\t\t\t\t<a class=\"fancybox\" data-fancybox=\"extra+natives+oliven%c3%b6l+bilini\" data-caption=\"NYIOOC 2025 Gold Award\" href=\"https:\/\/opg-rakovac.hr\/wp-content\/uploads\/2025\/04\/06_polozeno.webp\" data-title=\"NYIOOC 2025 Gold Award\">\n\t\t\t\t\t\t<img decoding=\"async\" class=\"thumb img-responsive\" src=\"https:\/\/opg-rakovac.hr\/wp-content\/uploads\/2025\/04\/06_polozeno-365x270.webp\" alt=\"NYIOOC 2025 Gold Award\">\n\t\t\t\t\t<\/a>\n\t\t\t\t<\/li>\n\n\t\t\t\t\n\t\t\t\t<li class=\"col-md-4 col-sm-6 col-xs-4 thumb-wrapper\">\n\t\t\t\t\t<a class=\"fancybox\" data-fancybox=\"extra+natives+oliven%c3%b6l+bilini\" data-caption=\"natives Oliven\u00f6l extra Bilini\" href=\"https:\/\/opg-rakovac.hr\/wp-content\/uploads\/2022\/11\/ekstra-djevicansko-maslinovo-ulje-Bilini.webp\" data-title=\"natives Oliven\u00f6l extra Bilini\">\n\t\t\t\t\t\t<img decoding=\"async\" class=\"thumb img-responsive\" src=\"https:\/\/opg-rakovac.hr\/wp-content\/uploads\/2022\/11\/ekstra-djevicansko-maslinovo-ulje-Bilini-365x270.webp\" alt=\"natives Oliven\u00f6l extra Bilini\">\n\t\t\t\t\t<\/a>\n\t\t\t\t<\/li>\n\n\t\t\t\t\n\t\t\t\t<li class=\"col-md-4 col-sm-6 col-xs-4 thumb-wrapper\">\n\t\t\t\t\t<a class=\"fancybox\" data-fancybox=\"extra+natives+oliven%c3%b6l+bilini\" data-caption=\"\" href=\"https:\/\/opg-rakovac.hr\/wp-content\/uploads\/2025\/05\/za-naslovnicu.webp\" data-title=\"\">\n\t\t\t\t\t\t<img decoding=\"async\" class=\"thumb img-responsive\" src=\"https:\/\/opg-rakovac.hr\/wp-content\/uploads\/2025\/05\/za-naslovnicu-365x270.webp\" alt=\"\">\n\t\t\t\t\t<\/a>\n\t\t\t\t<\/li>\n\n\t\t\t\t\t\t\t<\/ul>\n\t\t\t\n<h2 class=\"section-header\" class=\"section-header\">Qualit\u00e4t des diesj\u00e4hrigen extra nativem Oliven\u00f6l Bilini<\/h2>\n<p style=\"text-align: justify;\"><span style=\"font-weight: 400;\">Das diesj\u00e4hrige Bilini Oliven\u00f6l ist extra natives istrisches Oliven\u00f6l, was durch <a href=\"https:\/\/opg-rakovac.hr\/de\/chemische-analyse-unseres-bilini\/\" target=\"_blank\" rel=\"noopener noreferrer\">das Ergebnis der chemischen Analyse<\/a> best\u00e4tigt wird, die unsere Familienfarm direkt nach der Oliven\u00f6lproduktion angeordnet hat. Anteil der freien Fetts\u00e4uren in extra nativem Oliven\u00f6l Bilini ist nur 0,12%, das hei\u00dft 7-mal besser als das, was Sie in Ihrem lokalen Supermarkt kaufen k\u00f6nnen (selbst wenn es das beste extra native Oliven\u00f6l ist, was Sie bekommen k\u00f6nnen). Beweis f\u00fcr die Qualit\u00e4t des Bilini-Oliven\u00f6ls sind <a href=\"https:\/\/opg-rakovac.hr\/de\/category\/auszeichnungen\/\">die Goldmedaillen in New York und Berlin<\/a> sowie die Aufnahme in den F\u00fchrer der 500 besten Oliven\u00f6le der Welt, Flos Olei.<\/span><\/p>\n<div class=\"cta-link animate animate--sm\">\n\t<div class=\"btn-wrapper text-center\">\n\t\t<a href=\"https:\/\/opg-rakovac.hr\/de\/shop\/\" class=\"btn btn-primary\">\n\t\t\tBestellen Sie jetzt!\t\t<\/a>\n\t<\/div>\n<\/div>\n","protected":false},"excerpt":{"rendered":"<p>Istrisches extra natives Oliven\u00f6l Bilini ist das Ergebnis von 25 Jahren Entwicklung und Arbeit der Familie Rakovac. Unsere Liebe zum Anbau und zur Pflege von Olivenhainen, kombiniert mit rechtzeitiger Olivenernte, ergibt au\u00dfergew\u00f6hnlich hochwertiges Oliven\u00f6l. Vielseitiges istrisches Oliven\u00f6l Unser extra natives Oliven\u00f6l Bilini wird aus vielen Olivensorten hergestellt. Die Mischung aus Fr\u00fcchten verschiedener autochthoner und domestizierter [&hellip;]<\/p>\n","protected":false},"author":1,"featured_media":5095,"parent":0,"menu_order":0,"comment_status":"open","ping_status":"closed","template":"","meta":{"_acf_changed":false,"h5ap_radio_sources":[],"footnotes":""},"class_list":["post-8389","page","type-page","status-publish","has-post-thumbnail","hentry"],"acf":[],"yoast_head":"<!-- This site is optimized with the Yoast SEO plugin v27.4 - https:\/\/yoast.com\/product\/yoast-seo-wordpress\/ -->\n<title>Istrisches Oliven\u00f6l - Natives Oliven\u00f6l extra Bilini<\/title>\n<meta name=\"description\" content=\"Bilini extra natives Oliven\u00f6l ist ein hochwertiges, gesundes Istrisches Oliven\u00f6l mit ausgezeichneten organoleptischen Eigenschaften\" \/>\n<meta name=\"robots\" content=\"index, follow, max-snippet:-1, max-image-preview:large, max-video-preview:-1\" \/>\n<link rel=\"canonical\" href=\"https:\/\/opg-rakovac.hr\/de\/istrisches-extra-natives-olivenoel-bilini\/\" \/>\n<meta property=\"og:locale\" content=\"de_DE\" \/>\n<meta property=\"og:type\" content=\"article\" \/>\n<meta property=\"og:title\" content=\"Istrisches Oliven\u00f6l - Natives Oliven\u00f6l extra Bilini\" \/>\n<meta property=\"og:description\" content=\"Bilini extra natives Oliven\u00f6l ist ein hochwertiges, gesundes Istrisches Oliven\u00f6l mit ausgezeichneten organoleptischen Eigenschaften\" \/>\n<meta property=\"og:url\" content=\"https:\/\/opg-rakovac.hr\/de\/istrisches-extra-natives-olivenoel-bilini\/\" \/>\n<meta property=\"og:site_name\" content=\"OPG Rakovac\" \/>\n<meta property=\"article:publisher\" content=\"https:\/\/www.facebook.com\/Ekstra.djevicansko.maslinovo.ulje.Bilini\/\" \/>\n<meta property=\"article:modified_time\" content=\"2025-08-27T08:20:47+00:00\" \/>\n<meta property=\"og:image\" content=\"https:\/\/opg-rakovac.hr\/wp-content\/uploads\/2011\/07\/bilini.jpg\" \/>\n\t<meta property=\"og:image:width\" content=\"1600\" \/>\n\t<meta property=\"og:image:height\" content=\"635\" \/>\n\t<meta property=\"og:image:type\" content=\"image\/jpeg\" \/>\n<meta name=\"twitter:card\" content=\"summary_large_image\" \/>\n<meta name=\"twitter:label1\" content=\"Gesch\u00e4tzte Lesezeit\" \/>\n\t<meta name=\"twitter:data1\" content=\"4\u00a0Minuten\" \/>\n<script type=\"application\/ld+json\" class=\"yoast-schema-graph\">{\"@context\":\"https:\\\/\\\/schema.org\",\"@graph\":[{\"@type\":\"WebPage\",\"@id\":\"https:\\\/\\\/opg-rakovac.hr\\\/de\\\/istrisches-extra-natives-olivenoel-bilini\\\/\",\"url\":\"https:\\\/\\\/opg-rakovac.hr\\\/de\\\/istrisches-extra-natives-olivenoel-bilini\\\/\",\"name\":\"Istrisches Oliven\u00f6l - Natives Oliven\u00f6l extra Bilini\",\"isPartOf\":{\"@id\":\"https:\\\/\\\/opg-rakovac.hr\\\/de\\\/#website\"},\"primaryImageOfPage\":{\"@id\":\"https:\\\/\\\/opg-rakovac.hr\\\/de\\\/istrisches-extra-natives-olivenoel-bilini\\\/#primaryimage\"},\"image\":{\"@id\":\"https:\\\/\\\/opg-rakovac.hr\\\/de\\\/istrisches-extra-natives-olivenoel-bilini\\\/#primaryimage\"},\"thumbnailUrl\":\"https:\\\/\\\/opg-rakovac.hr\\\/wp-content\\\/uploads\\\/2011\\\/07\\\/bilini.jpg\",\"datePublished\":\"2011-07-14T19:45:42+00:00\",\"dateModified\":\"2025-08-27T08:20:47+00:00\",\"description\":\"Bilini extra natives Oliven\u00f6l ist ein hochwertiges, gesundes Istrisches Oliven\u00f6l mit ausgezeichneten organoleptischen Eigenschaften\",\"breadcrumb\":{\"@id\":\"https:\\\/\\\/opg-rakovac.hr\\\/de\\\/istrisches-extra-natives-olivenoel-bilini\\\/#breadcrumb\"},\"inLanguage\":\"de\",\"potentialAction\":[{\"@type\":\"ReadAction\",\"target\":[\"https:\\\/\\\/opg-rakovac.hr\\\/de\\\/istrisches-extra-natives-olivenoel-bilini\\\/\"]}]},{\"@type\":\"ImageObject\",\"inLanguage\":\"de\",\"@id\":\"https:\\\/\\\/opg-rakovac.hr\\\/de\\\/istrisches-extra-natives-olivenoel-bilini\\\/#primaryimage\",\"url\":\"https:\\\/\\\/opg-rakovac.hr\\\/wp-content\\\/uploads\\\/2011\\\/07\\\/bilini.jpg\",\"contentUrl\":\"https:\\\/\\\/opg-rakovac.hr\\\/wp-content\\\/uploads\\\/2011\\\/07\\\/bilini.jpg\",\"width\":1600,\"height\":635,\"caption\":\"Istrisches Oliven\u00f6l Bilini\"},{\"@type\":\"BreadcrumbList\",\"@id\":\"https:\\\/\\\/opg-rakovac.hr\\\/de\\\/istrisches-extra-natives-olivenoel-bilini\\\/#breadcrumb\",\"itemListElement\":[{\"@type\":\"ListItem\",\"position\":1,\"name\":\"Startseite\",\"item\":\"https:\\\/\\\/opg-rakovac.hr\\\/de\\\/\"},{\"@type\":\"ListItem\",\"position\":2,\"name\":\"Extra natives Oliven\u00f6l Bilini\"}]},{\"@type\":\"WebSite\",\"@id\":\"https:\\\/\\\/opg-rakovac.hr\\\/de\\\/#website\",\"url\":\"https:\\\/\\\/opg-rakovac.hr\\\/de\\\/\",\"name\":\"OPG Rakovac\",\"description\":\"Istarsko ekstra djevi\u010dansko maslinovo ulje Bilini\",\"publisher\":{\"@id\":\"https:\\\/\\\/opg-rakovac.hr\\\/de\\\/#organization\"},\"inLanguage\":\"de\"},{\"@type\":\"Organization\",\"@id\":\"https:\\\/\\\/opg-rakovac.hr\\\/de\\\/#organization\",\"name\":\"OPG Rakovac\",\"url\":\"https:\\\/\\\/opg-rakovac.hr\\\/de\\\/\",\"logo\":{\"@type\":\"ImageObject\",\"inLanguage\":\"de\",\"@id\":\"https:\\\/\\\/opg-rakovac.hr\\\/de\\\/#\\\/schema\\\/logo\\\/image\\\/\",\"url\":\"https:\\\/\\\/opg-rakovac.hr\\\/wp-content\\\/uploads\\\/2015\\\/12\\\/favicon.png\",\"contentUrl\":\"https:\\\/\\\/opg-rakovac.hr\\\/wp-content\\\/uploads\\\/2015\\\/12\\\/favicon.png\",\"width\":200,\"height\":200,\"caption\":\"OPG Rakovac\"},\"image\":{\"@id\":\"https:\\\/\\\/opg-rakovac.hr\\\/de\\\/#\\\/schema\\\/logo\\\/image\\\/\"},\"sameAs\":[\"https:\\\/\\\/www.facebook.com\\\/Ekstra.djevicansko.maslinovo.ulje.Bilini\\\/\",\"https:\\\/\\\/www.instagram.com\\\/bilini_maslinovo_ulje\\\/\",\"https:\\\/\\\/hr.linkedin.com\\\/in\\\/bilini\",\"https:\\\/\\\/www.pinterest.com\\\/Bilini_OliveOil\\\/\",\"https:\\\/\\\/www.youtube.com\\\/channel\\\/UC7hfzAtwp1YOvhlmwNYkyQw\"]}]}<\/script>\n<!-- \/ Yoast SEO plugin. -->","yoast_head_json":{"title":"Istrisches Oliven\u00f6l - Natives Oliven\u00f6l extra Bilini","description":"Bilini extra natives Oliven\u00f6l ist ein hochwertiges, gesundes Istrisches Oliven\u00f6l mit ausgezeichneten organoleptischen Eigenschaften","robots":{"index":"index","follow":"follow","max-snippet":"max-snippet:-1","max-image-preview":"max-image-preview:large","max-video-preview":"max-video-preview:-1"},"canonical":"https:\/\/opg-rakovac.hr\/de\/istrisches-extra-natives-olivenoel-bilini\/","og_locale":"de_DE","og_type":"article","og_title":"Istrisches Oliven\u00f6l - Natives Oliven\u00f6l extra Bilini","og_description":"Bilini extra natives Oliven\u00f6l ist ein hochwertiges, gesundes Istrisches Oliven\u00f6l mit ausgezeichneten organoleptischen Eigenschaften","og_url":"https:\/\/opg-rakovac.hr\/de\/istrisches-extra-natives-olivenoel-bilini\/","og_site_name":"OPG Rakovac","article_publisher":"https:\/\/www.facebook.com\/Ekstra.djevicansko.maslinovo.ulje.Bilini\/","article_modified_time":"2025-08-27T08:20:47+00:00","og_image":[{"width":1600,"height":635,"url":"https:\/\/opg-rakovac.hr\/wp-content\/uploads\/2011\/07\/bilini.jpg","type":"image\/jpeg"}],"twitter_card":"summary_large_image","twitter_misc":{"Gesch\u00e4tzte Lesezeit":"4\u00a0Minuten"},"schema":{"@context":"https:\/\/schema.org","@graph":[{"@type":"WebPage","@id":"https:\/\/opg-rakovac.hr\/de\/istrisches-extra-natives-olivenoel-bilini\/","url":"https:\/\/opg-rakovac.hr\/de\/istrisches-extra-natives-olivenoel-bilini\/","name":"Istrisches Oliven\u00f6l - Natives Oliven\u00f6l extra Bilini","isPartOf":{"@id":"https:\/\/opg-rakovac.hr\/de\/#website"},"primaryImageOfPage":{"@id":"https:\/\/opg-rakovac.hr\/de\/istrisches-extra-natives-olivenoel-bilini\/#primaryimage"},"image":{"@id":"https:\/\/opg-rakovac.hr\/de\/istrisches-extra-natives-olivenoel-bilini\/#primaryimage"},"thumbnailUrl":"https:\/\/opg-rakovac.hr\/wp-content\/uploads\/2011\/07\/bilini.jpg","datePublished":"2011-07-14T19:45:42+00:00","dateModified":"2025-08-27T08:20:47+00:00","description":"Bilini extra natives Oliven\u00f6l ist ein hochwertiges, gesundes Istrisches Oliven\u00f6l mit ausgezeichneten organoleptischen Eigenschaften","breadcrumb":{"@id":"https:\/\/opg-rakovac.hr\/de\/istrisches-extra-natives-olivenoel-bilini\/#breadcrumb"},"inLanguage":"de","potentialAction":[{"@type":"ReadAction","target":["https:\/\/opg-rakovac.hr\/de\/istrisches-extra-natives-olivenoel-bilini\/"]}]},{"@type":"ImageObject","inLanguage":"de","@id":"https:\/\/opg-rakovac.hr\/de\/istrisches-extra-natives-olivenoel-bilini\/#primaryimage","url":"https:\/\/opg-rakovac.hr\/wp-content\/uploads\/2011\/07\/bilini.jpg","contentUrl":"https:\/\/opg-rakovac.hr\/wp-content\/uploads\/2011\/07\/bilini.jpg","width":1600,"height":635,"caption":"Istrisches Oliven\u00f6l Bilini"},{"@type":"BreadcrumbList","@id":"https:\/\/opg-rakovac.hr\/de\/istrisches-extra-natives-olivenoel-bilini\/#breadcrumb","itemListElement":[{"@type":"ListItem","position":1,"name":"Startseite","item":"https:\/\/opg-rakovac.hr\/de\/"},{"@type":"ListItem","position":2,"name":"Extra natives Oliven\u00f6l Bilini"}]},{"@type":"WebSite","@id":"https:\/\/opg-rakovac.hr\/de\/#website","url":"https:\/\/opg-rakovac.hr\/de\/","name":"OPG Rakovac","description":"Istarsko ekstra djevi\u010dansko maslinovo ulje Bilini","publisher":{"@id":"https:\/\/opg-rakovac.hr\/de\/#organization"},"inLanguage":"de"},{"@type":"Organization","@id":"https:\/\/opg-rakovac.hr\/de\/#organization","name":"OPG Rakovac","url":"https:\/\/opg-rakovac.hr\/de\/","logo":{"@type":"ImageObject","inLanguage":"de","@id":"https:\/\/opg-rakovac.hr\/de\/#\/schema\/logo\/image\/","url":"https:\/\/opg-rakovac.hr\/wp-content\/uploads\/2015\/12\/favicon.png","contentUrl":"https:\/\/opg-rakovac.hr\/wp-content\/uploads\/2015\/12\/favicon.png","width":200,"height":200,"caption":"OPG Rakovac"},"image":{"@id":"https:\/\/opg-rakovac.hr\/de\/#\/schema\/logo\/image\/"},"sameAs":["https:\/\/www.facebook.com\/Ekstra.djevicansko.maslinovo.ulje.Bilini\/","https:\/\/www.instagram.com\/bilini_maslinovo_ulje\/","https:\/\/hr.linkedin.com\/in\/bilini","https:\/\/www.pinterest.com\/Bilini_OliveOil\/","https:\/\/www.youtube.com\/channel\/UC7hfzAtwp1YOvhlmwNYkyQw"]}]}},"_links":{"self":[{"href":"https:\/\/opg-rakovac.hr\/de\/wp-json\/wp\/v2\/pages\/8389","targetHints":{"allow":["GET"]}}],"collection":[{"href":"https:\/\/opg-rakovac.hr\/de\/wp-json\/wp\/v2\/pages"}],"about":[{"href":"https:\/\/opg-rakovac.hr\/de\/wp-json\/wp\/v2\/types\/page"}],"author":[{"embeddable":true,"href":"https:\/\/opg-rakovac.hr\/de\/wp-json\/wp\/v2\/users\/1"}],"replies":[{"embeddable":true,"href":"https:\/\/opg-rakovac.hr\/de\/wp-json\/wp\/v2\/comments?post=8389"}],"version-history":[{"count":5,"href":"https:\/\/opg-rakovac.hr\/de\/wp-json\/wp\/v2\/pages\/8389\/revisions"}],"predecessor-version":[{"id":11967,"href":"https:\/\/opg-rakovac.hr\/de\/wp-json\/wp\/v2\/pages\/8389\/revisions\/11967"}],"wp:featuredmedia":[{"embeddable":true,"href":"https:\/\/opg-rakovac.hr\/de\/wp-json\/wp\/v2\/media\/5095"}],"wp:attachment":[{"href":"https:\/\/opg-rakovac.hr\/de\/wp-json\/wp\/v2\/media?parent=8389"}],"curies":[{"name":"wp","href":"https:\/\/api.w.org\/{rel}","templated":true}]}}