{"id":8364,"date":"2016-01-04T11:53:29","date_gmt":"2016-01-04T11:53:29","guid":{"rendered":"https:\/\/opg-rakovac.hr\/2018\/maslinovo-ulje-kao-poklon\/"},"modified":"2022-10-16T08:47:58","modified_gmt":"2022-10-16T08:47:58","slug":"olivenoel-geschenk","status":"publish","type":"page","link":"https:\/\/opg-rakovac.hr\/de\/olivenoel-geschenk\/","title":{"rendered":"Oliven\u00f6l Geschenk"},"content":{"rendered":"<h2 class=\"section-header\" class=\"section-header\">Extra natives Oliven\u00f6l ist immer ein gutes Geschenk und wir alle lieben doch Geschenke.<\/h2>\n<p style=\"text-align: center;\"><span style=\"font-weight: 400;\">Wir lieben Geschenke, weil sie uns die Botschaft vermitteln, dass jemand an uns denkt, uns \u00fcberraschen, gl\u00fccklich machen oder einfach nur danken m\u00f6chte. Die Aufmerksamkeit genie\u00dfen und dieses Gef\u00fchl was jemand f\u00fchlt wenn er ein Geschenk bekommt. Gro\u00df, klein, innovativ, klassisch oder eine Inspiration im Moment. Geschenke sind immer willkommen.<\/span><\/p>\n<p style=\"text-align: center;\"><span style=\"font-weight: 400;\">Das sind die organoleptischen Eigenschaften und die Freude eines Fans von extra nativem Oliven\u00f6l.<\/span><\/p>\n<p><img decoding=\"async\" class=\"aligncenter wp-image-7360\" title=\"Oliven\u00f6l Geschenk\" src=\"https:\/\/opg-rakovac.hr\/wp-content\/uploads\/2018\/04\/Bilini-0.5L-u-drvenoj-ukrasnoj-kutiji-824x1024.jpg\" alt=\"Oliven\u00f6l Geschenk\" width=\"500\" height=\"621\" srcset=\"https:\/\/opg-rakovac.hr\/wp-content\/uploads\/2018\/04\/Bilini-0.5L-u-drvenoj-ukrasnoj-kutiji-824x1024.jpg 824w, https:\/\/opg-rakovac.hr\/wp-content\/uploads\/2018\/04\/Bilini-0.5L-u-drvenoj-ukrasnoj-kutiji-242x300.jpg 242w, https:\/\/opg-rakovac.hr\/wp-content\/uploads\/2018\/04\/Bilini-0.5L-u-drvenoj-ukrasnoj-kutiji-768x954.jpg 768w, https:\/\/opg-rakovac.hr\/wp-content\/uploads\/2018\/04\/Bilini-0.5L-u-drvenoj-ukrasnoj-kutiji-644x800.jpg 644w, https:\/\/opg-rakovac.hr\/wp-content\/uploads\/2018\/04\/Bilini-0.5L-u-drvenoj-ukrasnoj-kutiji-230x286.jpg 230w, https:\/\/opg-rakovac.hr\/wp-content\/uploads\/2018\/04\/Bilini-0.5L-u-drvenoj-ukrasnoj-kutiji-324x402.jpg 324w, https:\/\/opg-rakovac.hr\/wp-content\/uploads\/2018\/04\/Bilini-0.5L-u-drvenoj-ukrasnoj-kutiji-416x517.jpg 416w, https:\/\/opg-rakovac.hr\/wp-content\/uploads\/2018\/04\/Bilini-0.5L-u-drvenoj-ukrasnoj-kutiji.jpg 1478w\" sizes=\"(max-width: 500px) 100vw, 500px\" \/><\/p>\n","protected":false},"excerpt":{"rendered":"<p>Extra natives Oliven\u00f6l ist immer ein gutes Geschenk und wir alle lieben doch Geschenke. Wir lieben Geschenke, weil sie uns die Botschaft vermitteln, dass jemand an uns denkt, uns \u00fcberraschen, gl\u00fccklich machen oder einfach nur danken m\u00f6chte. Die Aufmerksamkeit genie\u00dfen und dieses Gef\u00fchl was jemand f\u00fchlt wenn er ein Geschenk bekommt. Gro\u00df, klein, innovativ, klassisch [&hellip;]<\/p>\n","protected":false},"author":1,"featured_media":5099,"parent":0,"menu_order":0,"comment_status":"closed","ping_status":"closed","template":"page-poklon.php","meta":{"_acf_changed":false,"h5ap_radio_sources":[],"footnotes":""},"class_list":["post-8364","page","type-page","status-publish","has-post-thumbnail","hentry"],"acf":[],"yoast_head":"<!-- This site is optimized with the Yoast SEO plugin v27.5 - https:\/\/yoast.com\/product\/yoast-seo-wordpress\/ -->\n<title>Oliven\u00f6l Geschenk: Verschenken Sie das beste Oliven\u00f6l<\/title>\n<meta name=\"description\" content=\"Bestes extra natives Oliven\u00f6l Bilini geht immer als tolles Oliven\u00f6l Geschenk durch. Verschenken Sie Ihren Liebsten oder Gesch\u00e4ftspartnern\" \/>\n<meta name=\"robots\" content=\"index, follow, max-snippet:-1, max-image-preview:large, max-video-preview:-1\" \/>\n<link rel=\"canonical\" href=\"https:\/\/opg-rakovac.hr\/de\/olivenoel-geschenk\/\" \/>\n<meta property=\"og:locale\" content=\"de_DE\" \/>\n<meta property=\"og:type\" content=\"article\" \/>\n<meta property=\"og:title\" content=\"Oliven\u00f6l Geschenk: Verschenken Sie das beste Oliven\u00f6l\" \/>\n<meta property=\"og:description\" content=\"Bestes extra natives Oliven\u00f6l Bilini geht immer als tolles Oliven\u00f6l Geschenk durch. Verschenken Sie Ihren Liebsten oder Gesch\u00e4ftspartnern\" \/>\n<meta property=\"og:url\" content=\"https:\/\/opg-rakovac.hr\/de\/olivenoel-geschenk\/\" \/>\n<meta property=\"og:site_name\" content=\"OPG Rakovac\" \/>\n<meta property=\"article:publisher\" content=\"https:\/\/www.facebook.com\/Ekstra.djevicansko.maslinovo.ulje.Bilini\/\" \/>\n<meta property=\"article:modified_time\" content=\"2022-10-16T08:47:58+00:00\" \/>\n<meta property=\"og:image\" content=\"https:\/\/opg-rakovac.hr\/wp-content\/uploads\/2011\/07\/maslinovo-ulje-bilini.jpg\" \/>\n\t<meta property=\"og:image:width\" content=\"1600\" \/>\n\t<meta property=\"og:image:height\" content=\"635\" \/>\n\t<meta property=\"og:image:type\" content=\"image\/jpeg\" \/>\n<meta name=\"twitter:card\" content=\"summary_large_image\" \/>\n<meta name=\"twitter:label1\" content=\"Gesch\u00e4tzte Lesezeit\" \/>\n\t<meta name=\"twitter:data1\" content=\"1\u00a0Minute\" \/>\n<script type=\"application\/ld+json\" class=\"yoast-schema-graph\">{\"@context\":\"https:\\\/\\\/schema.org\",\"@graph\":[{\"@type\":\"WebPage\",\"@id\":\"https:\\\/\\\/opg-rakovac.hr\\\/de\\\/olivenoel-geschenk\\\/\",\"url\":\"https:\\\/\\\/opg-rakovac.hr\\\/de\\\/olivenoel-geschenk\\\/\",\"name\":\"Oliven\u00f6l Geschenk: Verschenken Sie das beste Oliven\u00f6l\",\"isPartOf\":{\"@id\":\"https:\\\/\\\/opg-rakovac.hr\\\/de\\\/#website\"},\"primaryImageOfPage\":{\"@id\":\"https:\\\/\\\/opg-rakovac.hr\\\/de\\\/olivenoel-geschenk\\\/#primaryimage\"},\"image\":{\"@id\":\"https:\\\/\\\/opg-rakovac.hr\\\/de\\\/olivenoel-geschenk\\\/#primaryimage\"},\"thumbnailUrl\":\"https:\\\/\\\/opg-rakovac.hr\\\/wp-content\\\/uploads\\\/2011\\\/07\\\/maslinovo-ulje-bilini.jpg\",\"datePublished\":\"2016-01-04T11:53:29+00:00\",\"dateModified\":\"2022-10-16T08:47:58+00:00\",\"description\":\"Bestes extra natives Oliven\u00f6l Bilini geht immer als tolles Oliven\u00f6l Geschenk durch. Verschenken Sie Ihren Liebsten oder Gesch\u00e4ftspartnern\",\"breadcrumb\":{\"@id\":\"https:\\\/\\\/opg-rakovac.hr\\\/de\\\/olivenoel-geschenk\\\/#breadcrumb\"},\"inLanguage\":\"de\",\"potentialAction\":[{\"@type\":\"ReadAction\",\"target\":[\"https:\\\/\\\/opg-rakovac.hr\\\/de\\\/olivenoel-geschenk\\\/\"]}]},{\"@type\":\"ImageObject\",\"inLanguage\":\"de\",\"@id\":\"https:\\\/\\\/opg-rakovac.hr\\\/de\\\/olivenoel-geschenk\\\/#primaryimage\",\"url\":\"https:\\\/\\\/opg-rakovac.hr\\\/wp-content\\\/uploads\\\/2011\\\/07\\\/maslinovo-ulje-bilini.jpg\",\"contentUrl\":\"https:\\\/\\\/opg-rakovac.hr\\\/wp-content\\\/uploads\\\/2011\\\/07\\\/maslinovo-ulje-bilini.jpg\",\"width\":1600,\"height\":635,\"caption\":\"ekstra djevi\u010dansko maslinovo ulje Bilini\"},{\"@type\":\"BreadcrumbList\",\"@id\":\"https:\\\/\\\/opg-rakovac.hr\\\/de\\\/olivenoel-geschenk\\\/#breadcrumb\",\"itemListElement\":[{\"@type\":\"ListItem\",\"position\":1,\"name\":\"Startseite\",\"item\":\"https:\\\/\\\/opg-rakovac.hr\\\/de\\\/\"},{\"@type\":\"ListItem\",\"position\":2,\"name\":\"Oliven\u00f6l Geschenk\"}]},{\"@type\":\"WebSite\",\"@id\":\"https:\\\/\\\/opg-rakovac.hr\\\/de\\\/#website\",\"url\":\"https:\\\/\\\/opg-rakovac.hr\\\/de\\\/\",\"name\":\"OPG Rakovac\",\"description\":\"Istarsko ekstra djevi\u010dansko maslinovo ulje Bilini\",\"publisher\":{\"@id\":\"https:\\\/\\\/opg-rakovac.hr\\\/de\\\/#organization\"},\"inLanguage\":\"de\"},{\"@type\":\"Organization\",\"@id\":\"https:\\\/\\\/opg-rakovac.hr\\\/de\\\/#organization\",\"name\":\"OPG Rakovac\",\"url\":\"https:\\\/\\\/opg-rakovac.hr\\\/de\\\/\",\"logo\":{\"@type\":\"ImageObject\",\"inLanguage\":\"de\",\"@id\":\"https:\\\/\\\/opg-rakovac.hr\\\/de\\\/#\\\/schema\\\/logo\\\/image\\\/\",\"url\":\"https:\\\/\\\/opg-rakovac.hr\\\/wp-content\\\/uploads\\\/2015\\\/12\\\/favicon.png\",\"contentUrl\":\"https:\\\/\\\/opg-rakovac.hr\\\/wp-content\\\/uploads\\\/2015\\\/12\\\/favicon.png\",\"width\":200,\"height\":200,\"caption\":\"OPG Rakovac\"},\"image\":{\"@id\":\"https:\\\/\\\/opg-rakovac.hr\\\/de\\\/#\\\/schema\\\/logo\\\/image\\\/\"},\"sameAs\":[\"https:\\\/\\\/www.facebook.com\\\/Ekstra.djevicansko.maslinovo.ulje.Bilini\\\/\",\"https:\\\/\\\/www.instagram.com\\\/bilini_maslinovo_ulje\\\/\",\"https:\\\/\\\/hr.linkedin.com\\\/in\\\/bilini\",\"https:\\\/\\\/www.pinterest.com\\\/Bilini_OliveOil\\\/\",\"https:\\\/\\\/www.youtube.com\\\/channel\\\/UC7hfzAtwp1YOvhlmwNYkyQw\"]}]}<\/script>\n<!-- \/ Yoast SEO plugin. -->","yoast_head_json":{"title":"Oliven\u00f6l Geschenk: Verschenken Sie das beste Oliven\u00f6l","description":"Bestes extra natives Oliven\u00f6l Bilini geht immer als tolles Oliven\u00f6l Geschenk durch. Verschenken Sie Ihren Liebsten oder Gesch\u00e4ftspartnern","robots":{"index":"index","follow":"follow","max-snippet":"max-snippet:-1","max-image-preview":"max-image-preview:large","max-video-preview":"max-video-preview:-1"},"canonical":"https:\/\/opg-rakovac.hr\/de\/olivenoel-geschenk\/","og_locale":"de_DE","og_type":"article","og_title":"Oliven\u00f6l Geschenk: Verschenken Sie das beste Oliven\u00f6l","og_description":"Bestes extra natives Oliven\u00f6l Bilini geht immer als tolles Oliven\u00f6l Geschenk durch. Verschenken Sie Ihren Liebsten oder Gesch\u00e4ftspartnern","og_url":"https:\/\/opg-rakovac.hr\/de\/olivenoel-geschenk\/","og_site_name":"OPG Rakovac","article_publisher":"https:\/\/www.facebook.com\/Ekstra.djevicansko.maslinovo.ulje.Bilini\/","article_modified_time":"2022-10-16T08:47:58+00:00","og_image":[{"width":1600,"height":635,"url":"https:\/\/opg-rakovac.hr\/wp-content\/uploads\/2011\/07\/maslinovo-ulje-bilini.jpg","type":"image\/jpeg"}],"twitter_card":"summary_large_image","twitter_misc":{"Gesch\u00e4tzte Lesezeit":"1\u00a0Minute"},"schema":{"@context":"https:\/\/schema.org","@graph":[{"@type":"WebPage","@id":"https:\/\/opg-rakovac.hr\/de\/olivenoel-geschenk\/","url":"https:\/\/opg-rakovac.hr\/de\/olivenoel-geschenk\/","name":"Oliven\u00f6l Geschenk: Verschenken Sie das beste Oliven\u00f6l","isPartOf":{"@id":"https:\/\/opg-rakovac.hr\/de\/#website"},"primaryImageOfPage":{"@id":"https:\/\/opg-rakovac.hr\/de\/olivenoel-geschenk\/#primaryimage"},"image":{"@id":"https:\/\/opg-rakovac.hr\/de\/olivenoel-geschenk\/#primaryimage"},"thumbnailUrl":"https:\/\/opg-rakovac.hr\/wp-content\/uploads\/2011\/07\/maslinovo-ulje-bilini.jpg","datePublished":"2016-01-04T11:53:29+00:00","dateModified":"2022-10-16T08:47:58+00:00","description":"Bestes extra natives Oliven\u00f6l Bilini geht immer als tolles Oliven\u00f6l Geschenk durch. Verschenken Sie Ihren Liebsten oder Gesch\u00e4ftspartnern","breadcrumb":{"@id":"https:\/\/opg-rakovac.hr\/de\/olivenoel-geschenk\/#breadcrumb"},"inLanguage":"de","potentialAction":[{"@type":"ReadAction","target":["https:\/\/opg-rakovac.hr\/de\/olivenoel-geschenk\/"]}]},{"@type":"ImageObject","inLanguage":"de","@id":"https:\/\/opg-rakovac.hr\/de\/olivenoel-geschenk\/#primaryimage","url":"https:\/\/opg-rakovac.hr\/wp-content\/uploads\/2011\/07\/maslinovo-ulje-bilini.jpg","contentUrl":"https:\/\/opg-rakovac.hr\/wp-content\/uploads\/2011\/07\/maslinovo-ulje-bilini.jpg","width":1600,"height":635,"caption":"ekstra djevi\u010dansko maslinovo ulje Bilini"},{"@type":"BreadcrumbList","@id":"https:\/\/opg-rakovac.hr\/de\/olivenoel-geschenk\/#breadcrumb","itemListElement":[{"@type":"ListItem","position":1,"name":"Startseite","item":"https:\/\/opg-rakovac.hr\/de\/"},{"@type":"ListItem","position":2,"name":"Oliven\u00f6l Geschenk"}]},{"@type":"WebSite","@id":"https:\/\/opg-rakovac.hr\/de\/#website","url":"https:\/\/opg-rakovac.hr\/de\/","name":"OPG Rakovac","description":"Istarsko ekstra djevi\u010dansko maslinovo ulje Bilini","publisher":{"@id":"https:\/\/opg-rakovac.hr\/de\/#organization"},"inLanguage":"de"},{"@type":"Organization","@id":"https:\/\/opg-rakovac.hr\/de\/#organization","name":"OPG Rakovac","url":"https:\/\/opg-rakovac.hr\/de\/","logo":{"@type":"ImageObject","inLanguage":"de","@id":"https:\/\/opg-rakovac.hr\/de\/#\/schema\/logo\/image\/","url":"https:\/\/opg-rakovac.hr\/wp-content\/uploads\/2015\/12\/favicon.png","contentUrl":"https:\/\/opg-rakovac.hr\/wp-content\/uploads\/2015\/12\/favicon.png","width":200,"height":200,"caption":"OPG Rakovac"},"image":{"@id":"https:\/\/opg-rakovac.hr\/de\/#\/schema\/logo\/image\/"},"sameAs":["https:\/\/www.facebook.com\/Ekstra.djevicansko.maslinovo.ulje.Bilini\/","https:\/\/www.instagram.com\/bilini_maslinovo_ulje\/","https:\/\/hr.linkedin.com\/in\/bilini","https:\/\/www.pinterest.com\/Bilini_OliveOil\/","https:\/\/www.youtube.com\/channel\/UC7hfzAtwp1YOvhlmwNYkyQw"]}]}},"_links":{"self":[{"href":"https:\/\/opg-rakovac.hr\/de\/wp-json\/wp\/v2\/pages\/8364","targetHints":{"allow":["GET"]}}],"collection":[{"href":"https:\/\/opg-rakovac.hr\/de\/wp-json\/wp\/v2\/pages"}],"about":[{"href":"https:\/\/opg-rakovac.hr\/de\/wp-json\/wp\/v2\/types\/page"}],"author":[{"embeddable":true,"href":"https:\/\/opg-rakovac.hr\/de\/wp-json\/wp\/v2\/users\/1"}],"replies":[{"embeddable":true,"href":"https:\/\/opg-rakovac.hr\/de\/wp-json\/wp\/v2\/comments?post=8364"}],"version-history":[{"count":5,"href":"https:\/\/opg-rakovac.hr\/de\/wp-json\/wp\/v2\/pages\/8364\/revisions"}],"predecessor-version":[{"id":15659,"href":"https:\/\/opg-rakovac.hr\/de\/wp-json\/wp\/v2\/pages\/8364\/revisions\/15659"}],"wp:featuredmedia":[{"embeddable":true,"href":"https:\/\/opg-rakovac.hr\/de\/wp-json\/wp\/v2\/media\/5099"}],"wp:attachment":[{"href":"https:\/\/opg-rakovac.hr\/de\/wp-json\/wp\/v2\/media?parent=8364"}],"curies":[{"name":"wp","href":"https:\/\/api.w.org\/{rel}","templated":true}]}}