{"id":4993,"date":"2016-05-14T09:29:51","date_gmt":"2016-05-14T09:29:51","guid":{"rendered":"https:\/\/opg-rakovac.hr\/2018\/o-nama-opg-rakovac\/"},"modified":"2022-10-16T08:43:00","modified_gmt":"2022-10-16T08:43:00","slug":"familienbauernhof-rakovac","status":"publish","type":"page","link":"https:\/\/opg-rakovac.hr\/de\/familienbauernhof-rakovac\/","title":{"rendered":"Familienbauernhof Rakovac"},"content":{"rendered":"<h2 class=\"section-header\" class=\"section-header\">Familienbauernhof Rakovac &#8211; Unsere Geschichte<\/h2>\n<p style=\"text-align: justify;\"><span style=\"font-weight: 400;\">Vor nicht allzu langer Zeit lebten Sa\u0161a und ich ein normales, gl\u00fcckliches Stadtleben als Projektleiter und Verkaufsleiter. Eine Reihe wunderbarer Ereignisse begann, als ich mehr aus einer Laune heraus, als aus einem Plan, einen Kurs des Olivenanbaus besuchte. Ich hatte das Gl\u00fcck, einen enthusiastischen Lehrer zu haben, der seine Liebe zur Natur auf diejenigen \u00fcbertragen konnte, die bereit waren zuzuh\u00f6ren. So wurden die Olivenb\u00e4ume, die ich immer mochte, definitiv zu meiner Lieblingsbesch\u00e4ftigung.<\/span><\/p>\n\n<blockquote class=\"content__quote\">\n\t\u201c&#8230;eine dauerhafte Kultur, die am Rande der Weinberge oder an der Wand w\u00e4chst.\u201d<\/blockquote>\n\n\n<div class='content-column one_half'><p style=\"text-align: justify;\"><span style=\"font-weight: 400;\">Eine Reihe von Umst\u00e4nden traf auch Sa\u0161a, einen st\u00e4dtischen Rocker aus dem 4. Stock, der in dieser Situation aufwachte: begr\u00fc\u00dft von Olivenb\u00e4umen, die von 1,5m hohen Gras \u00fcberwuchert waren, zusammen mit vielen Problemen der Olivenbauern. Vom <a href=\"https:\/\/en.wikipedia.org\/wiki\/Spilocaea_oleaginea\" target=\"_blank\" rel=\"noopener\">Spilocaea oleaginea<\/a> zu den B\u00e4umen, himmelhoch, zerlumpt und wild wie sein Haarschnitt. Er erbte auch zwei gebrauchte Traktoren, ohne zu wissen wie man sie benutzt, und eine Theoretikerin mit bescheidener K\u00f6rperkraft. Doch energisch, stur und hartn\u00e4ckig wie er ist, lernte er schnell alles, was er brauchte. Zusammen mit der Tatsache, dass der Lernprozess nie endet.<\/span><\/p><\/div>\n<div class='content-column one_half last_column'><p><span style=\"font-weight: 400;\">Unsere kleine Familienbauernhof steht heute fest auf eigenen Beinen. Unsere B\u00e4ume sind m\u00e4chtiger geworden, die Ernten ertragreicher und <a href=\"https:\/\/opg-rakovac.hr\/de\/istrisches-extra-natives-olivenoel-bilini\/\" target=\"_blank\" rel=\"noopener\">das \u00d6l<\/a>, was von Anfang an exzellent war, ist immer noch exzellent. Gl\u00fccklicherweise ist die Arbeit endlos, weswegen es uns nie langweilig wird. \ud83d\ude42<\/span><\/p>\n<p><span style=\"font-weight: 400;\">Andere sehen eine einfache Beweidung oder ein zugewachsenes Pflugland. Wir sehen an den gleichen Stellen neue junge Olivenhaine. Es ist nur eine Frager der Zeit. Nicht ob, nur wann!<\/span><\/p><\/div><div class='clear_column'><\/div>\n","protected":false},"excerpt":{"rendered":"<p>Familienbauernhof Rakovac &#8211; Unsere Geschichte Vor nicht allzu langer Zeit lebten Sa\u0161a und ich ein normales, gl\u00fcckliches Stadtleben als Projektleiter und Verkaufsleiter. Eine Reihe wunderbarer Ereignisse begann, als ich mehr aus einer Laune heraus, als aus einem Plan, einen Kurs des Olivenanbaus besuchte. Ich hatte das Gl\u00fcck, einen enthusiastischen Lehrer zu haben, der seine Liebe [&hellip;]<\/p>\n","protected":false},"author":1,"featured_media":5203,"parent":0,"menu_order":0,"comment_status":"closed","ping_status":"closed","template":"","meta":{"_acf_changed":false,"h5ap_radio_sources":[],"footnotes":""},"class_list":["post-4993","page","type-page","status-publish","has-post-thumbnail","hentry"],"acf":[],"yoast_head":"<!-- This site is optimized with the Yoast SEO plugin v27.4 - https:\/\/yoast.com\/product\/yoast-seo-wordpress\/ -->\n<title>Familienbauernhof Rakovac | Natives Oliven\u00f6l Bilini extra<\/title>\n<meta name=\"description\" content=\"Unser kleiner Familienbauernhof Rakovac produziert preisgekr\u00f6ntes extra natives Oliven\u00f6l Bilini. Goldmedaille in New York &amp; Berlin ?\" \/>\n<meta name=\"robots\" content=\"index, follow, max-snippet:-1, max-image-preview:large, max-video-preview:-1\" \/>\n<link rel=\"canonical\" href=\"https:\/\/opg-rakovac.hr\/de\/familienbauernhof-rakovac\/\" \/>\n<meta property=\"og:locale\" content=\"de_DE\" \/>\n<meta property=\"og:type\" content=\"article\" \/>\n<meta property=\"og:title\" content=\"Familienbauernhof Rakovac | Natives Oliven\u00f6l Bilini extra\" \/>\n<meta property=\"og:description\" content=\"Unser kleiner Familienbauernhof Rakovac produziert preisgekr\u00f6ntes extra natives Oliven\u00f6l Bilini. Goldmedaille in New York &amp; Berlin ?\" \/>\n<meta property=\"og:url\" content=\"https:\/\/opg-rakovac.hr\/de\/familienbauernhof-rakovac\/\" \/>\n<meta property=\"og:site_name\" content=\"OPG Rakovac\" \/>\n<meta property=\"article:publisher\" content=\"https:\/\/www.facebook.com\/Ekstra.djevicansko.maslinovo.ulje.Bilini\/\" \/>\n<meta property=\"article:modified_time\" content=\"2022-10-16T08:43:00+00:00\" \/>\n<meta property=\"og:image\" content=\"https:\/\/opg-rakovac.hr\/wp-content\/uploads\/2011\/07\/obitelj-Petkovic-Rakovac-e1529929815812.jpg\" \/>\n\t<meta property=\"og:image:width\" content=\"800\" \/>\n\t<meta property=\"og:image:height\" content=\"533\" \/>\n\t<meta property=\"og:image:type\" content=\"image\/jpeg\" \/>\n<meta name=\"twitter:card\" content=\"summary_large_image\" \/>\n<meta name=\"twitter:label1\" content=\"Gesch\u00e4tzte Lesezeit\" \/>\n\t<meta name=\"twitter:data1\" content=\"2\u00a0Minuten\" \/>\n<script type=\"application\/ld+json\" class=\"yoast-schema-graph\">{\"@context\":\"https:\\\/\\\/schema.org\",\"@graph\":[{\"@type\":\"WebPage\",\"@id\":\"https:\\\/\\\/opg-rakovac.hr\\\/de\\\/familienbauernhof-rakovac\\\/\",\"url\":\"https:\\\/\\\/opg-rakovac.hr\\\/de\\\/familienbauernhof-rakovac\\\/\",\"name\":\"Familienbauernhof Rakovac | Natives Oliven\u00f6l Bilini extra\",\"isPartOf\":{\"@id\":\"https:\\\/\\\/opg-rakovac.hr\\\/de\\\/#website\"},\"primaryImageOfPage\":{\"@id\":\"https:\\\/\\\/opg-rakovac.hr\\\/de\\\/familienbauernhof-rakovac\\\/#primaryimage\"},\"image\":{\"@id\":\"https:\\\/\\\/opg-rakovac.hr\\\/de\\\/familienbauernhof-rakovac\\\/#primaryimage\"},\"thumbnailUrl\":\"https:\\\/\\\/opg-rakovac.hr\\\/wp-content\\\/uploads\\\/2011\\\/07\\\/obitelj-Petkovic-Rakovac-e1529929815812.jpg\",\"datePublished\":\"2016-05-14T09:29:51+00:00\",\"dateModified\":\"2022-10-16T08:43:00+00:00\",\"description\":\"Unser kleiner Familienbauernhof Rakovac produziert preisgekr\u00f6ntes extra natives Oliven\u00f6l Bilini. Goldmedaille in New York & Berlin ?\",\"breadcrumb\":{\"@id\":\"https:\\\/\\\/opg-rakovac.hr\\\/de\\\/familienbauernhof-rakovac\\\/#breadcrumb\"},\"inLanguage\":\"de\",\"potentialAction\":[{\"@type\":\"ReadAction\",\"target\":[\"https:\\\/\\\/opg-rakovac.hr\\\/de\\\/familienbauernhof-rakovac\\\/\"]}]},{\"@type\":\"ImageObject\",\"inLanguage\":\"de\",\"@id\":\"https:\\\/\\\/opg-rakovac.hr\\\/de\\\/familienbauernhof-rakovac\\\/#primaryimage\",\"url\":\"https:\\\/\\\/opg-rakovac.hr\\\/wp-content\\\/uploads\\\/2011\\\/07\\\/obitelj-Petkovic-Rakovac-e1529929815812.jpg\",\"contentUrl\":\"https:\\\/\\\/opg-rakovac.hr\\\/wp-content\\\/uploads\\\/2011\\\/07\\\/obitelj-Petkovic-Rakovac-e1529929815812.jpg\",\"width\":800,\"height\":533,\"caption\":\"bilini kontakt\"},{\"@type\":\"BreadcrumbList\",\"@id\":\"https:\\\/\\\/opg-rakovac.hr\\\/de\\\/familienbauernhof-rakovac\\\/#breadcrumb\",\"itemListElement\":[{\"@type\":\"ListItem\",\"position\":1,\"name\":\"Startseite\",\"item\":\"https:\\\/\\\/opg-rakovac.hr\\\/de\\\/\"},{\"@type\":\"ListItem\",\"position\":2,\"name\":\"Familienbauernhof Rakovac\"}]},{\"@type\":\"WebSite\",\"@id\":\"https:\\\/\\\/opg-rakovac.hr\\\/de\\\/#website\",\"url\":\"https:\\\/\\\/opg-rakovac.hr\\\/de\\\/\",\"name\":\"OPG Rakovac\",\"description\":\"Istarsko ekstra djevi\u010dansko maslinovo ulje Bilini\",\"publisher\":{\"@id\":\"https:\\\/\\\/opg-rakovac.hr\\\/de\\\/#organization\"},\"inLanguage\":\"de\"},{\"@type\":\"Organization\",\"@id\":\"https:\\\/\\\/opg-rakovac.hr\\\/de\\\/#organization\",\"name\":\"OPG Rakovac\",\"url\":\"https:\\\/\\\/opg-rakovac.hr\\\/de\\\/\",\"logo\":{\"@type\":\"ImageObject\",\"inLanguage\":\"de\",\"@id\":\"https:\\\/\\\/opg-rakovac.hr\\\/de\\\/#\\\/schema\\\/logo\\\/image\\\/\",\"url\":\"https:\\\/\\\/opg-rakovac.hr\\\/wp-content\\\/uploads\\\/2015\\\/12\\\/favicon.png\",\"contentUrl\":\"https:\\\/\\\/opg-rakovac.hr\\\/wp-content\\\/uploads\\\/2015\\\/12\\\/favicon.png\",\"width\":200,\"height\":200,\"caption\":\"OPG Rakovac\"},\"image\":{\"@id\":\"https:\\\/\\\/opg-rakovac.hr\\\/de\\\/#\\\/schema\\\/logo\\\/image\\\/\"},\"sameAs\":[\"https:\\\/\\\/www.facebook.com\\\/Ekstra.djevicansko.maslinovo.ulje.Bilini\\\/\",\"https:\\\/\\\/www.instagram.com\\\/bilini_maslinovo_ulje\\\/\",\"https:\\\/\\\/hr.linkedin.com\\\/in\\\/bilini\",\"https:\\\/\\\/www.pinterest.com\\\/Bilini_OliveOil\\\/\",\"https:\\\/\\\/www.youtube.com\\\/channel\\\/UC7hfzAtwp1YOvhlmwNYkyQw\"]}]}<\/script>\n<!-- \/ Yoast SEO plugin. -->","yoast_head_json":{"title":"Familienbauernhof Rakovac | Natives Oliven\u00f6l Bilini extra","description":"Unser kleiner Familienbauernhof Rakovac produziert preisgekr\u00f6ntes extra natives Oliven\u00f6l Bilini. Goldmedaille in New York & Berlin ?","robots":{"index":"index","follow":"follow","max-snippet":"max-snippet:-1","max-image-preview":"max-image-preview:large","max-video-preview":"max-video-preview:-1"},"canonical":"https:\/\/opg-rakovac.hr\/de\/familienbauernhof-rakovac\/","og_locale":"de_DE","og_type":"article","og_title":"Familienbauernhof Rakovac | Natives Oliven\u00f6l Bilini extra","og_description":"Unser kleiner Familienbauernhof Rakovac produziert preisgekr\u00f6ntes extra natives Oliven\u00f6l Bilini. Goldmedaille in New York & Berlin ?","og_url":"https:\/\/opg-rakovac.hr\/de\/familienbauernhof-rakovac\/","og_site_name":"OPG Rakovac","article_publisher":"https:\/\/www.facebook.com\/Ekstra.djevicansko.maslinovo.ulje.Bilini\/","article_modified_time":"2022-10-16T08:43:00+00:00","og_image":[{"width":800,"height":533,"url":"https:\/\/opg-rakovac.hr\/wp-content\/uploads\/2011\/07\/obitelj-Petkovic-Rakovac-e1529929815812.jpg","type":"image\/jpeg"}],"twitter_card":"summary_large_image","twitter_misc":{"Gesch\u00e4tzte Lesezeit":"2\u00a0Minuten"},"schema":{"@context":"https:\/\/schema.org","@graph":[{"@type":"WebPage","@id":"https:\/\/opg-rakovac.hr\/de\/familienbauernhof-rakovac\/","url":"https:\/\/opg-rakovac.hr\/de\/familienbauernhof-rakovac\/","name":"Familienbauernhof Rakovac | Natives Oliven\u00f6l Bilini extra","isPartOf":{"@id":"https:\/\/opg-rakovac.hr\/de\/#website"},"primaryImageOfPage":{"@id":"https:\/\/opg-rakovac.hr\/de\/familienbauernhof-rakovac\/#primaryimage"},"image":{"@id":"https:\/\/opg-rakovac.hr\/de\/familienbauernhof-rakovac\/#primaryimage"},"thumbnailUrl":"https:\/\/opg-rakovac.hr\/wp-content\/uploads\/2011\/07\/obitelj-Petkovic-Rakovac-e1529929815812.jpg","datePublished":"2016-05-14T09:29:51+00:00","dateModified":"2022-10-16T08:43:00+00:00","description":"Unser kleiner Familienbauernhof Rakovac produziert preisgekr\u00f6ntes extra natives Oliven\u00f6l Bilini. Goldmedaille in New York & Berlin ?","breadcrumb":{"@id":"https:\/\/opg-rakovac.hr\/de\/familienbauernhof-rakovac\/#breadcrumb"},"inLanguage":"de","potentialAction":[{"@type":"ReadAction","target":["https:\/\/opg-rakovac.hr\/de\/familienbauernhof-rakovac\/"]}]},{"@type":"ImageObject","inLanguage":"de","@id":"https:\/\/opg-rakovac.hr\/de\/familienbauernhof-rakovac\/#primaryimage","url":"https:\/\/opg-rakovac.hr\/wp-content\/uploads\/2011\/07\/obitelj-Petkovic-Rakovac-e1529929815812.jpg","contentUrl":"https:\/\/opg-rakovac.hr\/wp-content\/uploads\/2011\/07\/obitelj-Petkovic-Rakovac-e1529929815812.jpg","width":800,"height":533,"caption":"bilini kontakt"},{"@type":"BreadcrumbList","@id":"https:\/\/opg-rakovac.hr\/de\/familienbauernhof-rakovac\/#breadcrumb","itemListElement":[{"@type":"ListItem","position":1,"name":"Startseite","item":"https:\/\/opg-rakovac.hr\/de\/"},{"@type":"ListItem","position":2,"name":"Familienbauernhof Rakovac"}]},{"@type":"WebSite","@id":"https:\/\/opg-rakovac.hr\/de\/#website","url":"https:\/\/opg-rakovac.hr\/de\/","name":"OPG Rakovac","description":"Istarsko ekstra djevi\u010dansko maslinovo ulje Bilini","publisher":{"@id":"https:\/\/opg-rakovac.hr\/de\/#organization"},"inLanguage":"de"},{"@type":"Organization","@id":"https:\/\/opg-rakovac.hr\/de\/#organization","name":"OPG Rakovac","url":"https:\/\/opg-rakovac.hr\/de\/","logo":{"@type":"ImageObject","inLanguage":"de","@id":"https:\/\/opg-rakovac.hr\/de\/#\/schema\/logo\/image\/","url":"https:\/\/opg-rakovac.hr\/wp-content\/uploads\/2015\/12\/favicon.png","contentUrl":"https:\/\/opg-rakovac.hr\/wp-content\/uploads\/2015\/12\/favicon.png","width":200,"height":200,"caption":"OPG Rakovac"},"image":{"@id":"https:\/\/opg-rakovac.hr\/de\/#\/schema\/logo\/image\/"},"sameAs":["https:\/\/www.facebook.com\/Ekstra.djevicansko.maslinovo.ulje.Bilini\/","https:\/\/www.instagram.com\/bilini_maslinovo_ulje\/","https:\/\/hr.linkedin.com\/in\/bilini","https:\/\/www.pinterest.com\/Bilini_OliveOil\/","https:\/\/www.youtube.com\/channel\/UC7hfzAtwp1YOvhlmwNYkyQw"]}]}},"_links":{"self":[{"href":"https:\/\/opg-rakovac.hr\/de\/wp-json\/wp\/v2\/pages\/4993","targetHints":{"allow":["GET"]}}],"collection":[{"href":"https:\/\/opg-rakovac.hr\/de\/wp-json\/wp\/v2\/pages"}],"about":[{"href":"https:\/\/opg-rakovac.hr\/de\/wp-json\/wp\/v2\/types\/page"}],"author":[{"embeddable":true,"href":"https:\/\/opg-rakovac.hr\/de\/wp-json\/wp\/v2\/users\/1"}],"replies":[{"embeddable":true,"href":"https:\/\/opg-rakovac.hr\/de\/wp-json\/wp\/v2\/comments?post=4993"}],"version-history":[{"count":5,"href":"https:\/\/opg-rakovac.hr\/de\/wp-json\/wp\/v2\/pages\/4993\/revisions"}],"predecessor-version":[{"id":9426,"href":"https:\/\/opg-rakovac.hr\/de\/wp-json\/wp\/v2\/pages\/4993\/revisions\/9426"}],"wp:featuredmedia":[{"embeddable":true,"href":"https:\/\/opg-rakovac.hr\/de\/wp-json\/wp\/v2\/media\/5203"}],"wp:attachment":[{"href":"https:\/\/opg-rakovac.hr\/de\/wp-json\/wp\/v2\/media?parent=4993"}],"curies":[{"name":"wp","href":"https:\/\/api.w.org\/{rel}","templated":true}]}}