{"id":4908,"date":"2016-01-05T11:00:24","date_gmt":"2016-01-05T11:00:24","guid":{"rendered":"https:\/\/opg-rakovac.hr\/2018\/kemijska-analiza-maslinovog-ulja\/"},"modified":"2024-01-01T11:23:28","modified_gmt":"2024-01-01T10:23:28","slug":"olivenoel-chemische-analyse-bilini","status":"publish","type":"page","link":"https:\/\/opg-rakovac.hr\/de\/olivenoel-chemische-analyse-bilini\/","title":{"rendered":"Chemische Analyse von extra nativem Oliven\u00f6l Bilini"},"content":{"rendered":"<h2 class=\"section-header\" style=\"text-align: justify;\">Oliven\u00f6l chemische Analyse &#8211; Bilini<\/h2>\n<p style=\"text-align: justify;\"><span style=\"font-weight: 400;\">Auch unser <a href=\"https:\/\/opg-rakovac.hr\/de\/blog\/olivenoel-bilini\/neues-natives-olivenoel-extra-bilini\/\" target=\"_blank\" rel=\"noopener\">diesj\u00e4hriges Oliven\u00f6l Bilini<\/a> ist erneut extra nativ, was die von uns kurz nach der Produktion durchgef\u00fchrte Analyse zeigte. <\/span><\/p>\n<p style=\"text-align: justify;\"><span style=\"font-weight: 400;\">Bei der Bewertung zur Oliven\u00f6lqualit\u00e4t werden zwei grundlegende Methoden verwendet. Die Oliven\u00f6l chemische Analyse und die organoleptische Analyse. W\u00e4hrend die sensorische Analyse von Oliven\u00f6len an Paneltests durchgef\u00fchrt wird, bei denen die Richter die organoleptischen Eigenschaften von \u00d6len bewerten, basiert die chemische Analyse auf einer objektiven Analyse der chemischen Zusammensetzung von Oliven\u00f6l, in der normalerweise zwei Parameter eingestuft werden:<\/span><\/p>\n<ul>\n<li style=\"font-weight: 400;\"><span style=\"font-weight: 400;\"><a href=\"https:\/\/de.wikipedia.org\/wiki\/Freie_Fetts%C3%A4uren\" target=\"_blank\" rel=\"noopener noreferrer\"><strong>Frei Fetts\u00e4uren<\/strong><\/a> (\u00d6ls\u00e4uren), und<\/span><\/li>\n<li style=\"font-weight: 400;\"><span style=\"font-weight: 400;\"><strong>Peroxidwert<\/strong>, der die Menge an Hyperoxiden in Oliven\u00f6l bestimmt. Hyperoxide sind die Hauptindikatoren f\u00fcr die Autoxidation in \u00d6l. Die Oxidation von Oliven\u00f6l ist ein unvermeidlicher Verschlechterungsprozess, der aufgrund verschiedener chemischer Prozesse in dem \u00d6l auftritt. Als allgemeine Faustregel gilt: je niedriger der Peroxidwert, desto best\u00e4ndiger das Oliven\u00f6l (unter der Bedingung, dass das \u00d6l regelm\u00e4\u00dfig transfundiert wird, um R\u00fcckst\u00e4nde zu entfernen).<\/span><\/li>\n<\/ul>\n<p><span style=\"font-weight: 400;\">Unten finden Sie die chemische Analyse unseres diesj\u00e4hrigen extra nativem Oliven\u00f6ls Bilini. Dies ist die Garantie, dass unser Oliven\u00f6l extra nativ und von extrem hoher Qualit\u00e4t ist. Klicken Sie auf das Bild unten, um es zu vergr\u00f6\u00dfern:<\/span><\/p>\n<figure id=\"attachment_19672\" aria-describedby=\"caption-attachment-19672\" style=\"width: 300px\" class=\"wp-caption aligncenter\"><a href=\"https:\/\/opg-rakovac.hr\/wp-content\/uploads\/2023\/11\/Chemical-analysis-Bilini-2023-300x169.webp\" class=\"fancybox\"><img decoding=\"async\" class=\"wp-image-19672 size-medium\" title=\"Chemische Analyse von extra nativem Oliven\u00f6l Bilini\" src=\"https:\/\/opg-rakovac.hr\/wp-content\/uploads\/2023\/11\/Chemical-analysis-Bilini-2023-300x169.webp\" alt=\"Chemische Analyse von extra nativem Oliven\u00f6l Bilini, Ernte 2023\" width=\"300\" height=\"169\" srcset=\"https:\/\/opg-rakovac.hr\/wp-content\/uploads\/2023\/11\/Chemical-analysis-Bilini-2023-300x169.webp 300w, https:\/\/opg-rakovac.hr\/wp-content\/uploads\/2023\/11\/Chemical-analysis-Bilini-2023-1024x577.webp 1024w, https:\/\/opg-rakovac.hr\/wp-content\/uploads\/2023\/11\/Chemical-analysis-Bilini-2023-768x433.webp 768w, https:\/\/opg-rakovac.hr\/wp-content\/uploads\/2023\/11\/Chemical-analysis-Bilini-2023-570x320.webp 570w, https:\/\/opg-rakovac.hr\/wp-content\/uploads\/2023\/11\/Chemical-analysis-Bilini-2023-230x130.webp 230w, https:\/\/opg-rakovac.hr\/wp-content\/uploads\/2023\/11\/Chemical-analysis-Bilini-2023-1065x600.webp 1065w, https:\/\/opg-rakovac.hr\/wp-content\/uploads\/2023\/11\/Chemical-analysis-Bilini-2023-1127x635.webp 1127w, https:\/\/opg-rakovac.hr\/wp-content\/uploads\/2023\/11\/Chemical-analysis-Bilini-2023-324x183.webp 324w, https:\/\/opg-rakovac.hr\/wp-content\/uploads\/2023\/11\/Chemical-analysis-Bilini-2023-416x234.webp 416w, https:\/\/opg-rakovac.hr\/wp-content\/uploads\/2023\/11\/Chemical-analysis-Bilini-2023.webp 1251w\" sizes=\"(max-width: 300px) 100vw, 300px\" \/><\/a><figcaption id=\"caption-attachment-19672\" class=\"wp-caption-text\">Chemische Analyse von extra nativem Oliven\u00f6l Bilini<\/figcaption><\/figure>\n<p style=\"text-align: justify;\"><strong>Ideal ist ein m\u00f6glichst geringer Anteil an freien Fetts\u00e4uren und ein m\u00f6glichst niedriger Peroxidanteil.<\/strong><\/p>\n<p><span style=\"font-weight: 400;\">Extra native Oliven\u00f6le sind solche, die in der chemischen Analyse weniger als 0,80% freie Fetts\u00e4uren enthalten. Unser Bilini hat 0,12%, das ist 7 mal weniger als der Grenzwert. Das bedeutet, dass unser Bilini eine 7-mal h\u00f6here Qualit\u00e4t hat als extra natives Oliven\u00f6l, das etwa 0,80% freie Fetts\u00e4uren enth\u00e4lt.<\/span><\/p>\n<p><span style=\"font-weight: 400;\">Der Peroxidwert f\u00fcr extra natives Oliven\u00f6l muss unter 20 liegen. Das diesj\u00e4hrige Bilini-Oliven\u00f6l hat einen Peroxidwert von 4,5, was mehr als viermal unter dem zul\u00e4ssigen H\u00f6chstwert liegt.<\/span><\/p>\n<p><span style=\"font-weight: 400;\">All dies bedeutet, dass wir die h\u00f6chste Qualit\u00e4t von <a href=\"https:\/\/opg-rakovac.hr\/de\/istrisches-extra-natives-olivenoel-bilini\/\" target=\"_blank\" rel=\"noopener noreferrer\">extra nativem Olive\u00f6l Bilini<\/a> garantieren, basierend auf der chemischen Analyse.<\/span><\/p>\n<p><span style=\"font-weight: 400;\">Was die organoleptischen Eigenschaften unseres \u00d6ls betrifft, ist es intensiv, mit einem dominierenden Geschmack von Gras, Blumen und Olivenfrucht. Bis jetzt haben wir nur Lob von unseren Verbrauchern erhalten. Probieren Sie es selbst aus &#8211; Sie sind der Richter.<\/span><\/p>\n<p>Bilini-\u00d6l ist <a href=\"https:\/\/opg-rakovac.hr\/de\/category\/auszeichnungen\/\" target=\"_blank\" rel=\"noopener\">mehrj\u00e4hriger Gewinner von Goldmedaillen<\/a> bei den weltweit gr\u00f6\u00dften Wettbewerben f\u00fcr natives Oliven\u00f6l extra in New York und Berlin.<\/p>\n<figure id=\"attachment_19402\" aria-describedby=\"caption-attachment-19402\" style=\"width: 300px\" class=\"wp-caption aligncenter\"><a href=\"https:\/\/opg-rakovac.hr\/wp-content\/uploads\/2023\/04\/olive-oil-tasting-glasses-300x135.webp\" class=\"fancybox\"><img decoding=\"async\" class=\"wp-image-19402 size-medium\" title=\"Natives Oliven\u00f6l extra Bilini\" src=\"https:\/\/opg-rakovac.hr\/wp-content\/uploads\/2023\/04\/olive-oil-tasting-glasses-300x135.webp\" alt=\"Natives Oliven\u00f6l extra Bilini\" width=\"300\" height=\"135\" srcset=\"https:\/\/opg-rakovac.hr\/wp-content\/uploads\/2023\/04\/olive-oil-tasting-glasses-300x135.webp 300w, https:\/\/opg-rakovac.hr\/wp-content\/uploads\/2023\/04\/olive-oil-tasting-glasses-1024x462.webp 1024w, https:\/\/opg-rakovac.hr\/wp-content\/uploads\/2023\/04\/olive-oil-tasting-glasses-768x346.webp 768w, https:\/\/opg-rakovac.hr\/wp-content\/uploads\/2023\/04\/olive-oil-tasting-glasses-230x104.webp 230w, https:\/\/opg-rakovac.hr\/wp-content\/uploads\/2023\/04\/olive-oil-tasting-glasses-1170x527.webp 1170w, https:\/\/opg-rakovac.hr\/wp-content\/uploads\/2023\/04\/olive-oil-tasting-glasses-324x146.webp 324w, https:\/\/opg-rakovac.hr\/wp-content\/uploads\/2023\/04\/olive-oil-tasting-glasses-416x188.webp 416w, https:\/\/opg-rakovac.hr\/wp-content\/uploads\/2023\/04\/olive-oil-tasting-glasses.webp 1200w\" sizes=\"(max-width: 300px) 100vw, 300px\" \/><\/a><figcaption id=\"caption-attachment-19402\" class=\"wp-caption-text\">Natives Oliven\u00f6l extra Bilini<\/figcaption><\/figure>\n<div class=\"cta-link animate animate--sm\">\n\t<div class=\"btn-wrapper text-center\">\n\t\t<a href=\"https:\/\/opg-rakovac.hr\/de\/shop\/\" class=\"btn btn-primary\">\n\t\t\tBestellen Sie jetzt!\t\t<\/a>\n\t<\/div>\n<\/div>\n","protected":false},"excerpt":{"rendered":"<p>Oliven\u00f6l chemische Analyse &#8211; Bilini Auch unser diesj\u00e4hriges Oliven\u00f6l Bilini ist erneut extra nativ, was die von uns kurz nach der Produktion durchgef\u00fchrte Analyse zeigte. Bei der Bewertung zur Oliven\u00f6lqualit\u00e4t werden zwei grundlegende Methoden verwendet. Die Oliven\u00f6l chemische Analyse und die organoleptische Analyse. W\u00e4hrend die sensorische Analyse von Oliven\u00f6len an Paneltests durchgef\u00fchrt wird, bei denen [&hellip;]<\/p>\n","protected":false},"author":1,"featured_media":19672,"parent":0,"menu_order":3,"comment_status":"closed","ping_status":"closed","template":"","meta":{"_acf_changed":false,"h5ap_radio_sources":[],"footnotes":""},"class_list":["post-4908","page","type-page","status-publish","has-post-thumbnail","hentry"],"acf":[],"yoast_head":"<!-- This site is optimized with the Yoast SEO plugin v27.4 - https:\/\/yoast.com\/product\/yoast-seo-wordpress\/ -->\n<title>Oliven\u00f6l chemische Analyse unseres extra nativem Oliven\u00f6ls Bilini<\/title>\n<meta name=\"description\" content=\"Die Oliven\u00f6l chemische Analyse garantiert, dass Oliven\u00f6l Bilini extra nativ ist. Bilini schmeckt dazu auch noch. Goldmedaille in Berlin!\" \/>\n<meta name=\"robots\" content=\"index, follow, max-snippet:-1, max-image-preview:large, max-video-preview:-1\" \/>\n<link rel=\"canonical\" href=\"https:\/\/opg-rakovac.hr\/de\/olivenoel-chemische-analyse-bilini\/\" \/>\n<meta property=\"og:locale\" content=\"de_DE\" \/>\n<meta property=\"og:type\" content=\"article\" \/>\n<meta property=\"og:title\" content=\"Oliven\u00f6l chemische Analyse unseres extra nativem Oliven\u00f6ls Bilini\" \/>\n<meta property=\"og:description\" content=\"Die Oliven\u00f6l chemische Analyse garantiert, dass Oliven\u00f6l Bilini extra nativ ist. Bilini schmeckt dazu auch noch. Goldmedaille in Berlin!\" \/>\n<meta property=\"og:url\" content=\"https:\/\/opg-rakovac.hr\/de\/olivenoel-chemische-analyse-bilini\/\" \/>\n<meta property=\"og:site_name\" content=\"OPG Rakovac\" \/>\n<meta property=\"article:publisher\" content=\"https:\/\/www.facebook.com\/Ekstra.djevicansko.maslinovo.ulje.Bilini\/\" \/>\n<meta property=\"article:modified_time\" content=\"2024-01-01T10:23:28+00:00\" \/>\n<meta property=\"og:image\" content=\"https:\/\/opg-rakovac.hr\/wp-content\/uploads\/2023\/11\/Chemical-analysis-Bilini-2023.webp\" \/>\n\t<meta property=\"og:image:width\" content=\"1251\" \/>\n\t<meta property=\"og:image:height\" content=\"705\" \/>\n\t<meta property=\"og:image:type\" content=\"image\/webp\" \/>\n<meta name=\"twitter:card\" content=\"summary_large_image\" \/>\n<meta name=\"twitter:label1\" content=\"Gesch\u00e4tzte Lesezeit\" \/>\n\t<meta name=\"twitter:data1\" content=\"3\u00a0Minuten\" \/>\n<script type=\"application\/ld+json\" class=\"yoast-schema-graph\">{\"@context\":\"https:\\\/\\\/schema.org\",\"@graph\":[{\"@type\":\"WebPage\",\"@id\":\"https:\\\/\\\/opg-rakovac.hr\\\/de\\\/olivenoel-chemische-analyse-bilini\\\/\",\"url\":\"https:\\\/\\\/opg-rakovac.hr\\\/de\\\/olivenoel-chemische-analyse-bilini\\\/\",\"name\":\"Oliven\u00f6l chemische Analyse unseres extra nativem Oliven\u00f6ls Bilini\",\"isPartOf\":{\"@id\":\"https:\\\/\\\/opg-rakovac.hr\\\/de\\\/#website\"},\"primaryImageOfPage\":{\"@id\":\"https:\\\/\\\/opg-rakovac.hr\\\/de\\\/olivenoel-chemische-analyse-bilini\\\/#primaryimage\"},\"image\":{\"@id\":\"https:\\\/\\\/opg-rakovac.hr\\\/de\\\/olivenoel-chemische-analyse-bilini\\\/#primaryimage\"},\"thumbnailUrl\":\"https:\\\/\\\/opg-rakovac.hr\\\/wp-content\\\/uploads\\\/2023\\\/11\\\/Chemical-analysis-Bilini-2023.webp\",\"datePublished\":\"2016-01-05T11:00:24+00:00\",\"dateModified\":\"2024-01-01T10:23:28+00:00\",\"description\":\"Die Oliven\u00f6l chemische Analyse garantiert, dass Oliven\u00f6l Bilini extra nativ ist. Bilini schmeckt dazu auch noch. Goldmedaille in Berlin!\",\"breadcrumb\":{\"@id\":\"https:\\\/\\\/opg-rakovac.hr\\\/de\\\/olivenoel-chemische-analyse-bilini\\\/#breadcrumb\"},\"inLanguage\":\"de\",\"potentialAction\":[{\"@type\":\"ReadAction\",\"target\":[\"https:\\\/\\\/opg-rakovac.hr\\\/de\\\/olivenoel-chemische-analyse-bilini\\\/\"]}]},{\"@type\":\"ImageObject\",\"inLanguage\":\"de\",\"@id\":\"https:\\\/\\\/opg-rakovac.hr\\\/de\\\/olivenoel-chemische-analyse-bilini\\\/#primaryimage\",\"url\":\"https:\\\/\\\/opg-rakovac.hr\\\/wp-content\\\/uploads\\\/2023\\\/11\\\/Chemical-analysis-Bilini-2023.webp\",\"contentUrl\":\"https:\\\/\\\/opg-rakovac.hr\\\/wp-content\\\/uploads\\\/2023\\\/11\\\/Chemical-analysis-Bilini-2023.webp\",\"width\":1251,\"height\":705,\"caption\":\"Chemische Analyse von extra nativem Oliven\u00f6l Bilini, Ernte 2023\"},{\"@type\":\"BreadcrumbList\",\"@id\":\"https:\\\/\\\/opg-rakovac.hr\\\/de\\\/olivenoel-chemische-analyse-bilini\\\/#breadcrumb\",\"itemListElement\":[{\"@type\":\"ListItem\",\"position\":1,\"name\":\"Startseite\",\"item\":\"https:\\\/\\\/opg-rakovac.hr\\\/de\\\/\"},{\"@type\":\"ListItem\",\"position\":2,\"name\":\"Chemische Analyse von extra nativem Oliven\u00f6l Bilini\"}]},{\"@type\":\"WebSite\",\"@id\":\"https:\\\/\\\/opg-rakovac.hr\\\/de\\\/#website\",\"url\":\"https:\\\/\\\/opg-rakovac.hr\\\/de\\\/\",\"name\":\"OPG Rakovac\",\"description\":\"Istarsko ekstra djevi\u010dansko maslinovo ulje Bilini\",\"publisher\":{\"@id\":\"https:\\\/\\\/opg-rakovac.hr\\\/de\\\/#organization\"},\"inLanguage\":\"de\"},{\"@type\":\"Organization\",\"@id\":\"https:\\\/\\\/opg-rakovac.hr\\\/de\\\/#organization\",\"name\":\"OPG Rakovac\",\"url\":\"https:\\\/\\\/opg-rakovac.hr\\\/de\\\/\",\"logo\":{\"@type\":\"ImageObject\",\"inLanguage\":\"de\",\"@id\":\"https:\\\/\\\/opg-rakovac.hr\\\/de\\\/#\\\/schema\\\/logo\\\/image\\\/\",\"url\":\"https:\\\/\\\/opg-rakovac.hr\\\/wp-content\\\/uploads\\\/2015\\\/12\\\/favicon.png\",\"contentUrl\":\"https:\\\/\\\/opg-rakovac.hr\\\/wp-content\\\/uploads\\\/2015\\\/12\\\/favicon.png\",\"width\":200,\"height\":200,\"caption\":\"OPG Rakovac\"},\"image\":{\"@id\":\"https:\\\/\\\/opg-rakovac.hr\\\/de\\\/#\\\/schema\\\/logo\\\/image\\\/\"},\"sameAs\":[\"https:\\\/\\\/www.facebook.com\\\/Ekstra.djevicansko.maslinovo.ulje.Bilini\\\/\",\"https:\\\/\\\/www.instagram.com\\\/bilini_maslinovo_ulje\\\/\",\"https:\\\/\\\/hr.linkedin.com\\\/in\\\/bilini\",\"https:\\\/\\\/www.pinterest.com\\\/Bilini_OliveOil\\\/\",\"https:\\\/\\\/www.youtube.com\\\/channel\\\/UC7hfzAtwp1YOvhlmwNYkyQw\"]}]}<\/script>\n<!-- \/ Yoast SEO plugin. -->","yoast_head_json":{"title":"Oliven\u00f6l chemische Analyse unseres extra nativem Oliven\u00f6ls Bilini","description":"Die Oliven\u00f6l chemische Analyse garantiert, dass Oliven\u00f6l Bilini extra nativ ist. Bilini schmeckt dazu auch noch. Goldmedaille in Berlin!","robots":{"index":"index","follow":"follow","max-snippet":"max-snippet:-1","max-image-preview":"max-image-preview:large","max-video-preview":"max-video-preview:-1"},"canonical":"https:\/\/opg-rakovac.hr\/de\/olivenoel-chemische-analyse-bilini\/","og_locale":"de_DE","og_type":"article","og_title":"Oliven\u00f6l chemische Analyse unseres extra nativem Oliven\u00f6ls Bilini","og_description":"Die Oliven\u00f6l chemische Analyse garantiert, dass Oliven\u00f6l Bilini extra nativ ist. Bilini schmeckt dazu auch noch. Goldmedaille in Berlin!","og_url":"https:\/\/opg-rakovac.hr\/de\/olivenoel-chemische-analyse-bilini\/","og_site_name":"OPG Rakovac","article_publisher":"https:\/\/www.facebook.com\/Ekstra.djevicansko.maslinovo.ulje.Bilini\/","article_modified_time":"2024-01-01T10:23:28+00:00","og_image":[{"width":1251,"height":705,"url":"https:\/\/opg-rakovac.hr\/wp-content\/uploads\/2023\/11\/Chemical-analysis-Bilini-2023.webp","type":"image\/webp"}],"twitter_card":"summary_large_image","twitter_misc":{"Gesch\u00e4tzte Lesezeit":"3\u00a0Minuten"},"schema":{"@context":"https:\/\/schema.org","@graph":[{"@type":"WebPage","@id":"https:\/\/opg-rakovac.hr\/de\/olivenoel-chemische-analyse-bilini\/","url":"https:\/\/opg-rakovac.hr\/de\/olivenoel-chemische-analyse-bilini\/","name":"Oliven\u00f6l chemische Analyse unseres extra nativem Oliven\u00f6ls Bilini","isPartOf":{"@id":"https:\/\/opg-rakovac.hr\/de\/#website"},"primaryImageOfPage":{"@id":"https:\/\/opg-rakovac.hr\/de\/olivenoel-chemische-analyse-bilini\/#primaryimage"},"image":{"@id":"https:\/\/opg-rakovac.hr\/de\/olivenoel-chemische-analyse-bilini\/#primaryimage"},"thumbnailUrl":"https:\/\/opg-rakovac.hr\/wp-content\/uploads\/2023\/11\/Chemical-analysis-Bilini-2023.webp","datePublished":"2016-01-05T11:00:24+00:00","dateModified":"2024-01-01T10:23:28+00:00","description":"Die Oliven\u00f6l chemische Analyse garantiert, dass Oliven\u00f6l Bilini extra nativ ist. Bilini schmeckt dazu auch noch. Goldmedaille in Berlin!","breadcrumb":{"@id":"https:\/\/opg-rakovac.hr\/de\/olivenoel-chemische-analyse-bilini\/#breadcrumb"},"inLanguage":"de","potentialAction":[{"@type":"ReadAction","target":["https:\/\/opg-rakovac.hr\/de\/olivenoel-chemische-analyse-bilini\/"]}]},{"@type":"ImageObject","inLanguage":"de","@id":"https:\/\/opg-rakovac.hr\/de\/olivenoel-chemische-analyse-bilini\/#primaryimage","url":"https:\/\/opg-rakovac.hr\/wp-content\/uploads\/2023\/11\/Chemical-analysis-Bilini-2023.webp","contentUrl":"https:\/\/opg-rakovac.hr\/wp-content\/uploads\/2023\/11\/Chemical-analysis-Bilini-2023.webp","width":1251,"height":705,"caption":"Chemische Analyse von extra nativem Oliven\u00f6l Bilini, Ernte 2023"},{"@type":"BreadcrumbList","@id":"https:\/\/opg-rakovac.hr\/de\/olivenoel-chemische-analyse-bilini\/#breadcrumb","itemListElement":[{"@type":"ListItem","position":1,"name":"Startseite","item":"https:\/\/opg-rakovac.hr\/de\/"},{"@type":"ListItem","position":2,"name":"Chemische Analyse von extra nativem Oliven\u00f6l Bilini"}]},{"@type":"WebSite","@id":"https:\/\/opg-rakovac.hr\/de\/#website","url":"https:\/\/opg-rakovac.hr\/de\/","name":"OPG Rakovac","description":"Istarsko ekstra djevi\u010dansko maslinovo ulje Bilini","publisher":{"@id":"https:\/\/opg-rakovac.hr\/de\/#organization"},"inLanguage":"de"},{"@type":"Organization","@id":"https:\/\/opg-rakovac.hr\/de\/#organization","name":"OPG Rakovac","url":"https:\/\/opg-rakovac.hr\/de\/","logo":{"@type":"ImageObject","inLanguage":"de","@id":"https:\/\/opg-rakovac.hr\/de\/#\/schema\/logo\/image\/","url":"https:\/\/opg-rakovac.hr\/wp-content\/uploads\/2015\/12\/favicon.png","contentUrl":"https:\/\/opg-rakovac.hr\/wp-content\/uploads\/2015\/12\/favicon.png","width":200,"height":200,"caption":"OPG Rakovac"},"image":{"@id":"https:\/\/opg-rakovac.hr\/de\/#\/schema\/logo\/image\/"},"sameAs":["https:\/\/www.facebook.com\/Ekstra.djevicansko.maslinovo.ulje.Bilini\/","https:\/\/www.instagram.com\/bilini_maslinovo_ulje\/","https:\/\/hr.linkedin.com\/in\/bilini","https:\/\/www.pinterest.com\/Bilini_OliveOil\/","https:\/\/www.youtube.com\/channel\/UC7hfzAtwp1YOvhlmwNYkyQw"]}]}},"_links":{"self":[{"href":"https:\/\/opg-rakovac.hr\/de\/wp-json\/wp\/v2\/pages\/4908","targetHints":{"allow":["GET"]}}],"collection":[{"href":"https:\/\/opg-rakovac.hr\/de\/wp-json\/wp\/v2\/pages"}],"about":[{"href":"https:\/\/opg-rakovac.hr\/de\/wp-json\/wp\/v2\/types\/page"}],"author":[{"embeddable":true,"href":"https:\/\/opg-rakovac.hr\/de\/wp-json\/wp\/v2\/users\/1"}],"replies":[{"embeddable":true,"href":"https:\/\/opg-rakovac.hr\/de\/wp-json\/wp\/v2\/comments?post=4908"}],"version-history":[{"count":5,"href":"https:\/\/opg-rakovac.hr\/de\/wp-json\/wp\/v2\/pages\/4908\/revisions"}],"predecessor-version":[{"id":19748,"href":"https:\/\/opg-rakovac.hr\/de\/wp-json\/wp\/v2\/pages\/4908\/revisions\/19748"}],"wp:featuredmedia":[{"embeddable":true,"href":"https:\/\/opg-rakovac.hr\/de\/wp-json\/wp\/v2\/media\/19672"}],"wp:attachment":[{"href":"https:\/\/opg-rakovac.hr\/de\/wp-json\/wp\/v2\/media?parent=4908"}],"curies":[{"name":"wp","href":"https:\/\/api.w.org\/{rel}","templated":true}]}}