{"id":4611,"date":"2017-07-11T06:25:50","date_gmt":"2017-07-11T06:25:50","guid":{"rendered":"https:\/\/opg-rakovac.hr\/2018\/apartment-in-pula\/"},"modified":"2022-08-24T00:00:39","modified_gmt":"2022-08-24T00:00:39","slug":"bilini-ferienwohnung-in-pula","status":"publish","type":"page","link":"https:\/\/opg-rakovac.hr\/de\/bilini-ferienwohnung-in-pula\/","title":{"rendered":"Ferienwohnung Bilini"},"content":{"rendered":"<p><span style=\"font-weight: 400;\">Sie sind mit <a href=\"https:\/\/opg-rakovac.hr\/de\/istrisches-extra-natives-olivenoel-bilini\/\" target=\"_blank\" rel=\"noopener\">extra nativem Oliven\u00f6l Bilini<\/a> vertraut, haben aber noch nie vom Apartment Bilini geh\u00f6rt?Wenn Sie Pula besuchen und nach einer Unterkunft suchen, suchen Sie nicht weiter! Das Apartment Bilini ist eine komfortable und komplett ausgestattete <strong>Ferienwohnung in Pula<\/strong>, nur 10 Autominuten vom Strand und vom Stadtzentrum entfernt.<\/span><\/p>\n<h3>Kapazit\u00e4t und Standort<\/h3>\n<p><span style=\"font-weight: 400;\">Das Apartment Bilini in <a href=\"http:\/\/www.pulainfo.hr\/de\/\" target=\"_blank\" rel=\"noopener\">Pula<\/a> bietet Platz f\u00fcr bis zu 6 Personen. Es hat zwei Schlafzimmer; eines mit Doppelbett und das andere mit zwei Einzelbetten. Ein Extrabett f\u00fcr zwei Personen bekommt man durch Herausziehen der Couch im Wohnzimmer. Dies ist eine richtige Wohnung, geeignet f\u00fcr einen entspannten Aufenthalt, klimatisiert, mit eigenem \u00fcberdachten Parkplatz. Das kostenlose WLAN-Signal reicht bis in den Garten vor der Wohnung.<\/span><\/p>\n<p><span style=\"font-weight: 400;\">Wie auf der unteren Karte zu sehen, befindet sich das Apartment auf unserer Familienfarm. Probieren Sie unbedingt unser meisterhaftes extra natives Oliven\u00f6l Bilini.<\/span><\/p>\n<p><span style=\"font-weight: 400;\">Wir haben noch freie Termine. Beeilen Sie sich und senden Sie uns Ihre Anfrage per Mail oder rufen Sie Vedrana unter <a href=\"tel:+385 99 3109 771\">+385 99 3109 771<\/a> an. Wir freuen uns von Ihnen zu h\u00f6ren.<\/span><\/p>\n","protected":false},"excerpt":{"rendered":"<p>Sie sind mit extra nativem Oliven\u00f6l Bilini vertraut, haben aber noch nie vom Apartment Bilini geh\u00f6rt?Wenn Sie Pula besuchen und nach einer Unterkunft suchen, suchen Sie nicht weiter! Das Apartment Bilini ist eine komfortable und komplett ausgestattete Ferienwohnung in Pula, nur 10 Autominuten vom Strand und vom Stadtzentrum entfernt. Kapazit\u00e4t und Standort Das Apartment Bilini [&hellip;]<\/p>\n","protected":false},"author":1,"featured_media":6759,"parent":0,"menu_order":0,"comment_status":"closed","ping_status":"closed","template":"page-apartman.php","meta":{"_acf_changed":false,"h5ap_radio_sources":[],"footnotes":""},"class_list":["post-4611","page","type-page","status-publish","has-post-thumbnail","hentry"],"acf":[],"yoast_head":"<!-- This site is optimized with the Yoast SEO plugin v27.4 - https:\/\/yoast.com\/product\/yoast-seo-wordpress\/ -->\n<title>Apartment Bilini - eine komfortable Ferienwohnung in Pula, Istrien<\/title>\n<meta name=\"description\" content=\"Auf der Suche nach einer gro\u00dfen Ferienwohnung in Pula? Sie haben sie gefunden! Apartment Bilini ist eine komplett ausgestattete Wohnung.\" \/>\n<meta name=\"robots\" content=\"index, follow, max-snippet:-1, max-image-preview:large, max-video-preview:-1\" \/>\n<link rel=\"canonical\" href=\"https:\/\/opg-rakovac.hr\/de\/bilini-ferienwohnung-in-pula\/\" \/>\n<meta property=\"og:locale\" content=\"de_DE\" \/>\n<meta property=\"og:type\" content=\"article\" \/>\n<meta property=\"og:title\" content=\"Apartment Bilini - eine komfortable Ferienwohnung in Pula, Istrien\" \/>\n<meta property=\"og:description\" content=\"Auf der Suche nach einer gro\u00dfen Ferienwohnung in Pula? Sie haben sie gefunden! Apartment Bilini ist eine komplett ausgestattete Wohnung.\" \/>\n<meta property=\"og:url\" content=\"https:\/\/opg-rakovac.hr\/de\/bilini-ferienwohnung-in-pula\/\" \/>\n<meta property=\"og:site_name\" content=\"OPG Rakovac\" \/>\n<meta property=\"article:publisher\" content=\"https:\/\/www.facebook.com\/Ekstra.djevicansko.maslinovo.ulje.Bilini\/\" \/>\n<meta property=\"article:modified_time\" content=\"2022-08-24T00:00:39+00:00\" \/>\n<meta property=\"og:image\" content=\"https:\/\/opg-rakovac.hr\/wp-content\/uploads\/2017\/07\/Apartman-Bilini-Pula-900x444-px.jpg\" \/>\n\t<meta property=\"og:image:width\" content=\"900\" \/>\n\t<meta property=\"og:image:height\" content=\"444\" \/>\n\t<meta property=\"og:image:type\" content=\"image\/jpeg\" \/>\n<meta name=\"twitter:card\" content=\"summary_large_image\" \/>\n<meta name=\"twitter:label1\" content=\"Gesch\u00e4tzte Lesezeit\" \/>\n\t<meta name=\"twitter:data1\" content=\"1\u00a0Minute\" \/>\n<script type=\"application\/ld+json\" class=\"yoast-schema-graph\">{\"@context\":\"https:\\\/\\\/schema.org\",\"@graph\":[{\"@type\":\"WebPage\",\"@id\":\"https:\\\/\\\/opg-rakovac.hr\\\/de\\\/bilini-ferienwohnung-in-pula\\\/\",\"url\":\"https:\\\/\\\/opg-rakovac.hr\\\/de\\\/bilini-ferienwohnung-in-pula\\\/\",\"name\":\"Apartment Bilini - eine komfortable Ferienwohnung in Pula, Istrien\",\"isPartOf\":{\"@id\":\"https:\\\/\\\/opg-rakovac.hr\\\/de\\\/#website\"},\"primaryImageOfPage\":{\"@id\":\"https:\\\/\\\/opg-rakovac.hr\\\/de\\\/bilini-ferienwohnung-in-pula\\\/#primaryimage\"},\"image\":{\"@id\":\"https:\\\/\\\/opg-rakovac.hr\\\/de\\\/bilini-ferienwohnung-in-pula\\\/#primaryimage\"},\"thumbnailUrl\":\"https:\\\/\\\/opg-rakovac.hr\\\/wp-content\\\/uploads\\\/2017\\\/07\\\/Apartman-Bilini-Pula-900x444-px.jpg\",\"datePublished\":\"2017-07-11T06:25:50+00:00\",\"dateModified\":\"2022-08-24T00:00:39+00:00\",\"description\":\"Auf der Suche nach einer gro\u00dfen Ferienwohnung in Pula? Sie haben sie gefunden! Apartment Bilini ist eine komplett ausgestattete Wohnung.\",\"breadcrumb\":{\"@id\":\"https:\\\/\\\/opg-rakovac.hr\\\/de\\\/bilini-ferienwohnung-in-pula\\\/#breadcrumb\"},\"inLanguage\":\"de\",\"potentialAction\":[{\"@type\":\"ReadAction\",\"target\":[\"https:\\\/\\\/opg-rakovac.hr\\\/de\\\/bilini-ferienwohnung-in-pula\\\/\"]}]},{\"@type\":\"ImageObject\",\"inLanguage\":\"de\",\"@id\":\"https:\\\/\\\/opg-rakovac.hr\\\/de\\\/bilini-ferienwohnung-in-pula\\\/#primaryimage\",\"url\":\"https:\\\/\\\/opg-rakovac.hr\\\/wp-content\\\/uploads\\\/2017\\\/07\\\/Apartman-Bilini-Pula-900x444-px.jpg\",\"contentUrl\":\"https:\\\/\\\/opg-rakovac.hr\\\/wp-content\\\/uploads\\\/2017\\\/07\\\/Apartman-Bilini-Pula-900x444-px.jpg\",\"width\":900,\"height\":444,\"caption\":\"Ferienwohnung in Pula\"},{\"@type\":\"BreadcrumbList\",\"@id\":\"https:\\\/\\\/opg-rakovac.hr\\\/de\\\/bilini-ferienwohnung-in-pula\\\/#breadcrumb\",\"itemListElement\":[{\"@type\":\"ListItem\",\"position\":1,\"name\":\"Startseite\",\"item\":\"https:\\\/\\\/opg-rakovac.hr\\\/de\\\/\"},{\"@type\":\"ListItem\",\"position\":2,\"name\":\"Ferienwohnung Bilini\"}]},{\"@type\":\"WebSite\",\"@id\":\"https:\\\/\\\/opg-rakovac.hr\\\/de\\\/#website\",\"url\":\"https:\\\/\\\/opg-rakovac.hr\\\/de\\\/\",\"name\":\"OPG Rakovac\",\"description\":\"Istarsko ekstra djevi\u010dansko maslinovo ulje Bilini\",\"publisher\":{\"@id\":\"https:\\\/\\\/opg-rakovac.hr\\\/de\\\/#organization\"},\"inLanguage\":\"de\"},{\"@type\":\"Organization\",\"@id\":\"https:\\\/\\\/opg-rakovac.hr\\\/de\\\/#organization\",\"name\":\"OPG Rakovac\",\"url\":\"https:\\\/\\\/opg-rakovac.hr\\\/de\\\/\",\"logo\":{\"@type\":\"ImageObject\",\"inLanguage\":\"de\",\"@id\":\"https:\\\/\\\/opg-rakovac.hr\\\/de\\\/#\\\/schema\\\/logo\\\/image\\\/\",\"url\":\"https:\\\/\\\/opg-rakovac.hr\\\/wp-content\\\/uploads\\\/2015\\\/12\\\/favicon.png\",\"contentUrl\":\"https:\\\/\\\/opg-rakovac.hr\\\/wp-content\\\/uploads\\\/2015\\\/12\\\/favicon.png\",\"width\":200,\"height\":200,\"caption\":\"OPG Rakovac\"},\"image\":{\"@id\":\"https:\\\/\\\/opg-rakovac.hr\\\/de\\\/#\\\/schema\\\/logo\\\/image\\\/\"},\"sameAs\":[\"https:\\\/\\\/www.facebook.com\\\/Ekstra.djevicansko.maslinovo.ulje.Bilini\\\/\",\"https:\\\/\\\/www.instagram.com\\\/bilini_maslinovo_ulje\\\/\",\"https:\\\/\\\/hr.linkedin.com\\\/in\\\/bilini\",\"https:\\\/\\\/www.pinterest.com\\\/Bilini_OliveOil\\\/\",\"https:\\\/\\\/www.youtube.com\\\/channel\\\/UC7hfzAtwp1YOvhlmwNYkyQw\"]}]}<\/script>\n<!-- \/ Yoast SEO plugin. -->","yoast_head_json":{"title":"Apartment Bilini - eine komfortable Ferienwohnung in Pula, Istrien","description":"Auf der Suche nach einer gro\u00dfen Ferienwohnung in Pula? Sie haben sie gefunden! Apartment Bilini ist eine komplett ausgestattete Wohnung.","robots":{"index":"index","follow":"follow","max-snippet":"max-snippet:-1","max-image-preview":"max-image-preview:large","max-video-preview":"max-video-preview:-1"},"canonical":"https:\/\/opg-rakovac.hr\/de\/bilini-ferienwohnung-in-pula\/","og_locale":"de_DE","og_type":"article","og_title":"Apartment Bilini - eine komfortable Ferienwohnung in Pula, Istrien","og_description":"Auf der Suche nach einer gro\u00dfen Ferienwohnung in Pula? Sie haben sie gefunden! Apartment Bilini ist eine komplett ausgestattete Wohnung.","og_url":"https:\/\/opg-rakovac.hr\/de\/bilini-ferienwohnung-in-pula\/","og_site_name":"OPG Rakovac","article_publisher":"https:\/\/www.facebook.com\/Ekstra.djevicansko.maslinovo.ulje.Bilini\/","article_modified_time":"2022-08-24T00:00:39+00:00","og_image":[{"width":900,"height":444,"url":"https:\/\/opg-rakovac.hr\/wp-content\/uploads\/2017\/07\/Apartman-Bilini-Pula-900x444-px.jpg","type":"image\/jpeg"}],"twitter_card":"summary_large_image","twitter_misc":{"Gesch\u00e4tzte Lesezeit":"1\u00a0Minute"},"schema":{"@context":"https:\/\/schema.org","@graph":[{"@type":"WebPage","@id":"https:\/\/opg-rakovac.hr\/de\/bilini-ferienwohnung-in-pula\/","url":"https:\/\/opg-rakovac.hr\/de\/bilini-ferienwohnung-in-pula\/","name":"Apartment Bilini - eine komfortable Ferienwohnung in Pula, Istrien","isPartOf":{"@id":"https:\/\/opg-rakovac.hr\/de\/#website"},"primaryImageOfPage":{"@id":"https:\/\/opg-rakovac.hr\/de\/bilini-ferienwohnung-in-pula\/#primaryimage"},"image":{"@id":"https:\/\/opg-rakovac.hr\/de\/bilini-ferienwohnung-in-pula\/#primaryimage"},"thumbnailUrl":"https:\/\/opg-rakovac.hr\/wp-content\/uploads\/2017\/07\/Apartman-Bilini-Pula-900x444-px.jpg","datePublished":"2017-07-11T06:25:50+00:00","dateModified":"2022-08-24T00:00:39+00:00","description":"Auf der Suche nach einer gro\u00dfen Ferienwohnung in Pula? Sie haben sie gefunden! Apartment Bilini ist eine komplett ausgestattete Wohnung.","breadcrumb":{"@id":"https:\/\/opg-rakovac.hr\/de\/bilini-ferienwohnung-in-pula\/#breadcrumb"},"inLanguage":"de","potentialAction":[{"@type":"ReadAction","target":["https:\/\/opg-rakovac.hr\/de\/bilini-ferienwohnung-in-pula\/"]}]},{"@type":"ImageObject","inLanguage":"de","@id":"https:\/\/opg-rakovac.hr\/de\/bilini-ferienwohnung-in-pula\/#primaryimage","url":"https:\/\/opg-rakovac.hr\/wp-content\/uploads\/2017\/07\/Apartman-Bilini-Pula-900x444-px.jpg","contentUrl":"https:\/\/opg-rakovac.hr\/wp-content\/uploads\/2017\/07\/Apartman-Bilini-Pula-900x444-px.jpg","width":900,"height":444,"caption":"Ferienwohnung in Pula"},{"@type":"BreadcrumbList","@id":"https:\/\/opg-rakovac.hr\/de\/bilini-ferienwohnung-in-pula\/#breadcrumb","itemListElement":[{"@type":"ListItem","position":1,"name":"Startseite","item":"https:\/\/opg-rakovac.hr\/de\/"},{"@type":"ListItem","position":2,"name":"Ferienwohnung Bilini"}]},{"@type":"WebSite","@id":"https:\/\/opg-rakovac.hr\/de\/#website","url":"https:\/\/opg-rakovac.hr\/de\/","name":"OPG Rakovac","description":"Istarsko ekstra djevi\u010dansko maslinovo ulje Bilini","publisher":{"@id":"https:\/\/opg-rakovac.hr\/de\/#organization"},"inLanguage":"de"},{"@type":"Organization","@id":"https:\/\/opg-rakovac.hr\/de\/#organization","name":"OPG Rakovac","url":"https:\/\/opg-rakovac.hr\/de\/","logo":{"@type":"ImageObject","inLanguage":"de","@id":"https:\/\/opg-rakovac.hr\/de\/#\/schema\/logo\/image\/","url":"https:\/\/opg-rakovac.hr\/wp-content\/uploads\/2015\/12\/favicon.png","contentUrl":"https:\/\/opg-rakovac.hr\/wp-content\/uploads\/2015\/12\/favicon.png","width":200,"height":200,"caption":"OPG Rakovac"},"image":{"@id":"https:\/\/opg-rakovac.hr\/de\/#\/schema\/logo\/image\/"},"sameAs":["https:\/\/www.facebook.com\/Ekstra.djevicansko.maslinovo.ulje.Bilini\/","https:\/\/www.instagram.com\/bilini_maslinovo_ulje\/","https:\/\/hr.linkedin.com\/in\/bilini","https:\/\/www.pinterest.com\/Bilini_OliveOil\/","https:\/\/www.youtube.com\/channel\/UC7hfzAtwp1YOvhlmwNYkyQw"]}]}},"_links":{"self":[{"href":"https:\/\/opg-rakovac.hr\/de\/wp-json\/wp\/v2\/pages\/4611","targetHints":{"allow":["GET"]}}],"collection":[{"href":"https:\/\/opg-rakovac.hr\/de\/wp-json\/wp\/v2\/pages"}],"about":[{"href":"https:\/\/opg-rakovac.hr\/de\/wp-json\/wp\/v2\/types\/page"}],"author":[{"embeddable":true,"href":"https:\/\/opg-rakovac.hr\/de\/wp-json\/wp\/v2\/users\/1"}],"replies":[{"embeddable":true,"href":"https:\/\/opg-rakovac.hr\/de\/wp-json\/wp\/v2\/comments?post=4611"}],"version-history":[{"count":5,"href":"https:\/\/opg-rakovac.hr\/de\/wp-json\/wp\/v2\/pages\/4611\/revisions"}],"predecessor-version":[{"id":9418,"href":"https:\/\/opg-rakovac.hr\/de\/wp-json\/wp\/v2\/pages\/4611\/revisions\/9418"}],"wp:featuredmedia":[{"embeddable":true,"href":"https:\/\/opg-rakovac.hr\/de\/wp-json\/wp\/v2\/media\/6759"}],"wp:attachment":[{"href":"https:\/\/opg-rakovac.hr\/de\/wp-json\/wp\/v2\/media?parent=4611"}],"curies":[{"name":"wp","href":"https:\/\/api.w.org\/{rel}","templated":true}]}}