{"id":16671,"date":"2022-07-02T13:57:05","date_gmt":"2022-07-02T13:57:05","guid":{"rendered":"https:\/\/opg-rakovac.hr\/?page_id=16671"},"modified":"2024-11-04T17:50:24","modified_gmt":"2024-11-04T16:50:24","slug":"bilini-premium","status":"publish","type":"page","link":"https:\/\/opg-rakovac.hr\/de\/bilini-premium\/","title":{"rendered":"Bilini Premium"},"content":{"rendered":"<p><strong>Bilini Premium<\/strong> ist eine neue Untermarke des nativen Oliven\u00f6ls extra Bilini. Bilini Premium ist extra natives Oliven\u00f6l Bilini, das wir an Wettbewerbe senden. Also: das gleiche Inox-Fass, die gleiche Oliven\u00f6l <em>Blend<\/em>, die von den Jurymitgliedern des Wettbewerbs verkostet wird, die Bilini von Jahr zu Jahr mit Goldmedaillen auszeichnen.<\/p>\n<p><img decoding=\"async\" width=\"150\" height=\"71\" class=\"aligncenter size-full wp-image-12503\" src=\"https:\/\/opg-rakovac.hr\/wp-content\/uploads\/2019\/10\/Translated-with-Google-Translate-DE-1-e1583257500515.png\" alt=\"\" \/><\/p>\n<p>M\u00f6chten Sie mehr wissen? Wir haben einige Informationen \u00fcber unseren Familienbauernhof, unsere Auszeichnungen und \u00fcber Bilini Premium, unsere neue Marke, zusammengestellt. Der folgende Text stammt aus einer Brosch\u00fcre, die Sie in der wundersch\u00f6nen Bilini Premium-Box erhalten.<\/p>\n\n\t\t\t<ul class='galerija list-inline list-unstyled fancybox-show-nav'>\n\n\t\t\t\t\n\t\t\t\t<li class=\"col-md-4 col-sm-6 col-xs-4 thumb-wrapper\">\n\t\t\t\t\t<a class=\"fancybox\" data-fancybox=\"bilini+premium\" data-caption=\"bilini premium\" href=\"https:\/\/opg-rakovac.hr\/wp-content\/uploads\/2022\/07\/boca-u-otvorenoj-kutiji_square.webp\" data-title=\"bilini premium\">\n\t\t\t\t\t\t<img decoding=\"async\" class=\"thumb img-responsive\" src=\"https:\/\/opg-rakovac.hr\/wp-content\/uploads\/2022\/07\/boca-u-otvorenoj-kutiji_square-365x270.webp\" alt=\"bilini premium\">\n\t\t\t\t\t<\/a>\n\t\t\t\t<\/li>\n\n\t\t\t\t\n\t\t\t\t<li class=\"col-md-4 col-sm-6 col-xs-4 thumb-wrapper\">\n\t\t\t\t\t<a class=\"fancybox\" data-fancybox=\"bilini+premium\" data-caption=\"bilini premium\" href=\"https:\/\/opg-rakovac.hr\/wp-content\/uploads\/2022\/07\/kutija_square.webp\" data-title=\"bilini premium\">\n\t\t\t\t\t\t<img decoding=\"async\" class=\"thumb img-responsive\" src=\"https:\/\/opg-rakovac.hr\/wp-content\/uploads\/2022\/07\/kutija_square-365x270.webp\" alt=\"bilini premium\">\n\t\t\t\t\t<\/a>\n\t\t\t\t<\/li>\n\n\t\t\t\t\n\t\t\t\t<li class=\"col-md-4 col-sm-6 col-xs-4 thumb-wrapper\">\n\t\t\t\t\t<a class=\"fancybox\" data-fancybox=\"bilini+premium\" data-caption=\"bilini premium\" href=\"https:\/\/opg-rakovac.hr\/wp-content\/uploads\/2022\/07\/boca-s-dozatorom_square.webp\" data-title=\"bilini premium\">\n\t\t\t\t\t\t<img decoding=\"async\" class=\"thumb img-responsive\" src=\"https:\/\/opg-rakovac.hr\/wp-content\/uploads\/2022\/07\/boca-s-dozatorom_square-365x270.webp\" alt=\"bilini premium\">\n\t\t\t\t\t<\/a>\n\t\t\t\t<\/li>\n\n\t\t\t\t\t\t\t<\/ul>\n\t\t\t\n<h2 class=\"section-header\" class=\"section-header\">Familienbauernhof Rakovac<\/h2>\n<p>Wenn Sie sich eine Welt vorstellen, in der die Zeit langsam vergeht, wo Ger\u00e4usche nur durch das Ger\u00e4usch von B\u00e4umen, Wind und V\u00f6geln entstehen, stellen Sie sich eine Welt vor, in der sich unser kleiner Familienbauernhof befindet. Eine schmale Stra\u00dfe f\u00fchrt zum Dorf und dann f\u00fchren Sie alte Pfade, die von Trockensteinmauern umgeben sind, zu unseren Olivenhainen.<\/p>\n<p>Dieses wundervolle \u00d6l, f\u00fcr das Sie sich entschieden haben, wurde von zwei Personen, einem Mann und einer Frau, auf einem von unseren Vorfahren geerbten Land hergestellt. Obwohl die Menschen, die unseren Weg geebnet haben, nur noch eine Erinnerung sind, f\u00fchlen sich die Energie und das Engagement derer, die das Land bearbeitet und die Landschaft geformt haben, zu der wir geh\u00f6ren, stark und verlangen Respekt.<\/p>\n<p>Unsere B\u00e4ume leben als Teil einer nat\u00fcrlichen Gemeinschaft, die nur gelegentlich durch unsere Aktivit\u00e4ten gest\u00f6rt wird. Kaninchen, Hirsche, V\u00f6gel, Schmetterlinge und Schlangen betrachten sie als ihr Zuhause. Es gibt keine Z\u00e4une; nur die Kontinuit\u00e4t der Umwelt, die ohne uns existieren kann.<\/p>\n<p>Der Bauernhof der Familie Rakovac besteht aus uns \u2013 Vedrana und Sa\u0161a. Als wir an die Reihe kamen \u2013 da das Land immer neue Bauern sucht, um es zu bearbeiten \u2013 f\u00fchrten wir ein anderes Leben. Ernsthafte Karrieren, Stadtasphalt, Rock and Roll. Es war jedoch nur eine Frage der Zeit. Das harte istrische Land, getr\u00e4nkt vom Schwei\u00df und der Liebe derer, die es vor uns bearbeitet haben, rief uns zur Ordnung. Zu seinem Dienst.<\/p>\n<p>Jetzt ist alles so wie es sein soll. Wir pfl\u00fcgen, wir m\u00e4hen, wir ernten. Wir dienen dem Land. Wir haben schmutzige H\u00e4nde. Wir haben unsere Karrieren, unseren Stadtasphalt, unseren Rock and Roll nicht vergessen. Alles ist m\u00f6glich, es gibt Platz f\u00fcr alles, aber erst, wenn das Land bekommt, was es braucht.<\/p>\n<p><img decoding=\"async\" width=\"992\" height=\"373\" class=\"aligncenter size-full wp-image-16647\" src=\"https:\/\/opg-rakovac.hr\/wp-content\/uploads\/2022\/07\/Sasa-reze-masline-2.webp\" alt=\"\" srcset=\"https:\/\/opg-rakovac.hr\/wp-content\/uploads\/2022\/07\/Sasa-reze-masline-2.webp 992w, https:\/\/opg-rakovac.hr\/wp-content\/uploads\/2022\/07\/Sasa-reze-masline-2-300x113.webp 300w, https:\/\/opg-rakovac.hr\/wp-content\/uploads\/2022\/07\/Sasa-reze-masline-2-768x289.webp 768w, https:\/\/opg-rakovac.hr\/wp-content\/uploads\/2022\/07\/Sasa-reze-masline-2-230x86.webp 230w, https:\/\/opg-rakovac.hr\/wp-content\/uploads\/2022\/07\/Sasa-reze-masline-2-324x122.webp 324w, https:\/\/opg-rakovac.hr\/wp-content\/uploads\/2022\/07\/Sasa-reze-masline-2-416x156.webp 416w\" sizes=\"(max-width: 992px) 100vw, 992px\" \/><\/p>\n<p>Die Dankbarkeit des Landes verwandelt sich in diese wunderbare Fl\u00fcssigkeit. F\u00fcr uns \u2013 das ist das beste Oliven\u00f6l der Welt.<\/p>\n<h2 class=\"section-header\" class=\"section-header\">Auszeichnungen<\/h2>\n<p>Auszeichnungen sind wichtig.<\/p>\n<p>Damit Oliven\u00f6l extra vergine belohnt wird, muss vieles richtig gemacht werden. Vom Embryo bis zur vollen Gr\u00f6\u00dfe muss die Frucht gesund bleiben. Gesunde Fr\u00fcchte m\u00fcssen genau zum richtigen Zeitpunkt gepfl\u00fcckt werden, um den Geschmack voll und bezaubernd zu machen. Die Ernte muss sorgf\u00e4ltig durchgef\u00fchrt werden, um die Fr\u00fcchte auf dem Weg zur \u00d6lm\u00fchle nicht zu besch\u00e4digen. Die Verarbeitung muss fachm\u00e4nnisch bei niedriger Temperatur in einer sauberen M\u00fchle unter der Aufsicht eines erfahrenen Handwerkers erfolgen.<\/p>\n<p>Nachdem all diese Grundvoraussetzungen erf\u00fcllt sind, sollte natives Oliven\u00f6l extra wunderbar schmecken. In diesem Zustand sollte er auch bis zur n\u00e4chsten Ernte erhalten bleiben.<\/p>\n<p>Unter all diesen wunderbaren \u00d6len sind einige immer noch die besten. Eines der besten \u00d6le, die Sie jetzt in Ihren H\u00e4nden halten.<\/p>\n<p>Unser extra natives Oliven\u00f6l Bilini war der Champion, <a href=\"https:\/\/opg-rakovac.hr\/de\/auszeichnungen\/maslina-2017-split\/\" target=\"_blank\" rel=\"noopener\">der Beste der Besten beim gr\u00f6\u00dften regionalen Wettbewerb<\/a>, es war der Vize-Champion, der Klassenbeste, mit den besten organoleptischen Eigenschaften, fast immer mit Gold ausgezeichnet.<\/p>\n<p>Wir haben dann versucht, Flos Olei einzugeben, den ber\u00fchmtesten F\u00fchrer der Welt, der die 500 besten Oliven\u00f6le der Welt pr\u00e4sentiert. Und wir nahmen an der Auswahl f\u00fcr das erste, das zweite und das dritte Jahr teil \u2026<\/p>\n<p>Dann wurden wir mutig: Wir schickten unser \u00d6l zum gr\u00f6\u00dften globalen Wettbewerb f\u00fcr die Qualit\u00e4t von nativen Oliven\u00f6len extra \u2013 dem <a href=\"https:\/\/bestoliveoils.org\/brands\/bilini\" target=\"_blank\" rel=\"noopener\">New York International Olive Oil Competition<\/a>. Und wir haben Gold gewonnen! <a href=\"https:\/\/opg-rakovac.hr\/de\/auszeichnungen\/nyiooc-2022-goldauszeichnung-fuer-bilini\/\" target=\"_blank\" rel=\"noopener\">Jahr f\u00fcr Jahr<\/a>.<\/p>\n<p><img decoding=\"async\" class=\"aligncenter wp-image-20039 size-large\" src=\"https:\/\/opg-rakovac.hr\/wp-content\/uploads\/2024\/11\/za-stranicu-1024x337.webp\" alt=\"\" width=\"1024\" height=\"337\" srcset=\"https:\/\/opg-rakovac.hr\/wp-content\/uploads\/2024\/11\/za-stranicu-1024x337.webp 1024w, https:\/\/opg-rakovac.hr\/wp-content\/uploads\/2024\/11\/za-stranicu-300x99.webp 300w, https:\/\/opg-rakovac.hr\/wp-content\/uploads\/2024\/11\/za-stranicu-768x253.webp 768w, https:\/\/opg-rakovac.hr\/wp-content\/uploads\/2024\/11\/za-stranicu-1536x506.webp 1536w, https:\/\/opg-rakovac.hr\/wp-content\/uploads\/2024\/11\/za-stranicu-1400x461.webp 1400w, https:\/\/opg-rakovac.hr\/wp-content\/uploads\/2024\/11\/za-stranicu-230x76.webp 230w, https:\/\/opg-rakovac.hr\/wp-content\/uploads\/2024\/11\/za-stranicu-1170x385.webp 1170w, https:\/\/opg-rakovac.hr\/wp-content\/uploads\/2024\/11\/za-stranicu-1328x437.webp 1328w, https:\/\/opg-rakovac.hr\/wp-content\/uploads\/2024\/11\/za-stranicu-324x107.webp 324w, https:\/\/opg-rakovac.hr\/wp-content\/uploads\/2024\/11\/za-stranicu-416x137.webp 416w, https:\/\/opg-rakovac.hr\/wp-content\/uploads\/2024\/11\/za-stranicu.webp 1771w\" sizes=\"(max-width: 1024px) 100vw, 1024px\" \/><\/p>\n<p>Der Erfolg unseres \u00d6ls Bilini ist riesig und wir sind von jeder neuen Auszeichnung \u00fcberrascht. Wir sind kleine Olivenbauern aus dem kleinen Istrien, die immer nur eine Probe zu Weltereignissen schicken!<\/p>\n<p>Manchmal ist die Realit\u00e4t verr\u00fcckter als Tr\u00e4ume!<\/p>\n<h2 class=\"section-header\" class=\"section-header\">Bilini Premium<\/h2>\n<p>Jedes Jahr schicken wir ein einzelnes Muster zu Wettbewerbsveranstaltungen.<\/p>\n<p>Nach der Ernte setzen wir uns mit unseren Sommeliergl\u00e4sern an den Tisch und verkosten das von uns produzierte \u00d6l: eine Probe aus jedem Inox-Fass. Unsere Hausverkostung generiert unseren Champion der letzten Ernte. Dieses Inox-Fass ist markiert, und nur aus diesem Fass werden Proben f\u00fcr Wettk\u00e4mpfe entnommen. Das \u00d6l aus diesem Inox-Fass hei\u00dft Bilini Premium und ist das Wertvollste, was wir haben.<\/p>\n<p>Wenn Sie genau wissen m\u00f6chten, welche Art von Duft in nativem Oliven\u00f6l extra Bilini dieses Jahr die Jury des Wettbewerbs begeistert hat; dessen zarte Geschmacksnote uns die Goldauszeichnung einbrachte, gibt es keine andere Wahl als Bilini Premium.<\/p>\n<p>Das ist das \u00d6l. Es ist dieses Fass. Gold. Champion.<\/p>\n<p><img decoding=\"async\" width=\"992\" height=\"373\" class=\"aligncenter size-full wp-image-16658\" src=\"https:\/\/opg-rakovac.hr\/wp-content\/uploads\/2022\/07\/Bilini-Premium-boca.webp\" alt=\"Bilini Premium boca\" srcset=\"https:\/\/opg-rakovac.hr\/wp-content\/uploads\/2022\/07\/Bilini-Premium-boca.webp 992w, https:\/\/opg-rakovac.hr\/wp-content\/uploads\/2022\/07\/Bilini-Premium-boca-300x113.webp 300w, https:\/\/opg-rakovac.hr\/wp-content\/uploads\/2022\/07\/Bilini-Premium-boca-768x289.webp 768w, https:\/\/opg-rakovac.hr\/wp-content\/uploads\/2022\/07\/Bilini-Premium-boca-230x86.webp 230w, https:\/\/opg-rakovac.hr\/wp-content\/uploads\/2022\/07\/Bilini-Premium-boca-324x122.webp 324w, https:\/\/opg-rakovac.hr\/wp-content\/uploads\/2022\/07\/Bilini-Premium-boca-416x156.webp 416w\" sizes=\"(max-width: 992px) 100vw, 992px\" \/><\/p>\n<p>Unser \u00d6l ist eine Mischung (Blend). Wunderbare, unterschiedliche Fr\u00fcchte, definiert durch die Temperatur, D\u00fcrre, Sonne und Regen in diesem Jahr, ergeben eine einzigartige Kombination, die die Signatur des vergangenen Jahres ist. Die Aufrichtigkeit unseres \u00d6ls, das von der Jahreszeit spricht, in der es entstanden ist, ist vollst\u00e4ndig. Was die Natur gibt \u2013 die Olivenfrucht erinnert sich.<\/p>\n<p>Jede Sorte bringt jedes Jahr einen anderen Ertrag. Das Sortenverh\u00e4ltnis in unserem \u00d6l ist ewig variabel. Mit Bilini Premium k\u00f6nnen Sie an unserer Begeisterung teilhaben: Jedes Jahr, wenn wir neues \u00d6l am Tisch probieren und herausfinden, was dieses Jahr gebracht hat.<br \/>\nDie Literanzahl von Bilini Premium ist begrenzt.<\/p>\n<p>Jede Flasche Bilini Premium ist einzigartig und tr\u00e4gt ihre Nummer. Nach der letzten verf\u00fcgbaren Flasche bleibt nichts anderes \u00fcbrig, als auf die n\u00e4chste Ernte, die neue Bilini Premium, zu warten.<\/p>\n<div class=\"cta-link animate animate--sm\">\n\t<div class=\"btn-wrapper text-center\">\n\t\t<a href=\"https:\/\/opg-rakovac.hr\/de\/shop\/\" class=\"btn btn-primary\">\n\t\t\tBestellen Sie jetzt!\t\t<\/a>\n\t<\/div>\n<\/div>\n","protected":false},"excerpt":{"rendered":"<p>Bilini Premium ist eine neue Untermarke des nativen Oliven\u00f6ls extra Bilini. Bilini Premium ist extra natives Oliven\u00f6l Bilini, das wir an Wettbewerbe senden. Also: das gleiche Inox-Fass, die gleiche Oliven\u00f6l Blend, die von den Jurymitgliedern des Wettbewerbs verkostet wird, die Bilini von Jahr zu Jahr mit Goldmedaillen auszeichnen. M\u00f6chten Sie mehr wissen? Wir haben einige [&hellip;]<\/p>\n","protected":false},"author":1,"featured_media":16598,"parent":0,"menu_order":0,"comment_status":"closed","ping_status":"closed","template":"","meta":{"_acf_changed":false,"h5ap_radio_sources":[],"footnotes":""},"class_list":["post-16671","page","type-page","status-publish","has-post-thumbnail","hentry"],"acf":[],"yoast_head":"<!-- This site is optimized with the Yoast SEO plugin v27.2 - https:\/\/yoast.com\/product\/yoast-seo-wordpress\/ -->\n<title>Bilini Premium | Familienbauernhof Rakovac<\/title>\n<meta name=\"description\" content=\"Bilini Premium ist natives Oliven\u00f6l extra Bilini, das wir an Wettbewerbe senden. Genau das \u00d6l, das das Gold gewonnen hat!\" \/>\n<meta name=\"robots\" content=\"index, follow, max-snippet:-1, max-image-preview:large, max-video-preview:-1\" \/>\n<link rel=\"canonical\" href=\"https:\/\/opg-rakovac.hr\/de\/bilini-premium\/\" \/>\n<meta property=\"og:locale\" content=\"de_DE\" \/>\n<meta property=\"og:type\" content=\"article\" \/>\n<meta property=\"og:title\" content=\"Bilini Premium | Familienbauernhof Rakovac\" \/>\n<meta property=\"og:description\" content=\"Bilini Premium ist natives Oliven\u00f6l extra Bilini, das wir an Wettbewerbe senden. Genau das \u00d6l, das das Gold gewonnen hat!\" \/>\n<meta property=\"og:url\" content=\"https:\/\/opg-rakovac.hr\/de\/bilini-premium\/\" \/>\n<meta property=\"og:site_name\" content=\"OPG Rakovac\" \/>\n<meta property=\"article:publisher\" content=\"https:\/\/www.facebook.com\/Ekstra.djevicansko.maslinovo.ulje.Bilini\/\" \/>\n<meta property=\"article:modified_time\" content=\"2024-11-04T16:50:24+00:00\" \/>\n<meta property=\"og:image\" content=\"https:\/\/opg-rakovac.hr\/wp-content\/uploads\/2022\/07\/za-facebook.jpg\" \/>\n\t<meta property=\"og:image:width\" content=\"864\" \/>\n\t<meta property=\"og:image:height\" content=\"455\" \/>\n\t<meta property=\"og:image:type\" content=\"image\/jpeg\" \/>\n<meta name=\"twitter:card\" content=\"summary_large_image\" \/>\n<meta name=\"twitter:label1\" content=\"Gesch\u00e4tzte Lesezeit\" \/>\n\t<meta name=\"twitter:data1\" content=\"6\u00a0Minuten\" \/>\n<script type=\"application\/ld+json\" class=\"yoast-schema-graph\">{\"@context\":\"https:\/\/schema.org\",\"@graph\":[{\"@type\":\"WebPage\",\"@id\":\"https:\/\/opg-rakovac.hr\/de\/bilini-premium\/\",\"url\":\"https:\/\/opg-rakovac.hr\/de\/bilini-premium\/\",\"name\":\"Bilini Premium | Familienbauernhof Rakovac\",\"isPartOf\":{\"@id\":\"https:\/\/opg-rakovac.hr\/de\/#website\"},\"primaryImageOfPage\":{\"@id\":\"https:\/\/opg-rakovac.hr\/de\/bilini-premium\/#primaryimage\"},\"image\":{\"@id\":\"https:\/\/opg-rakovac.hr\/de\/bilini-premium\/#primaryimage\"},\"thumbnailUrl\":\"https:\/\/opg-rakovac.hr\/wp-content\/uploads\/2022\/07\/boca-u-otvorenoj-kutiji_square.jpg\",\"datePublished\":\"2022-07-02T13:57:05+00:00\",\"dateModified\":\"2024-11-04T16:50:24+00:00\",\"description\":\"Bilini Premium ist natives Oliven\u00f6l extra Bilini, das wir an Wettbewerbe senden. Genau das \u00d6l, das das Gold gewonnen hat!\",\"breadcrumb\":{\"@id\":\"https:\/\/opg-rakovac.hr\/de\/bilini-premium\/#breadcrumb\"},\"inLanguage\":\"de\",\"potentialAction\":[{\"@type\":\"ReadAction\",\"target\":[\"https:\/\/opg-rakovac.hr\/de\/bilini-premium\/\"]}]},{\"@type\":\"ImageObject\",\"inLanguage\":\"de\",\"@id\":\"https:\/\/opg-rakovac.hr\/de\/bilini-premium\/#primaryimage\",\"url\":\"https:\/\/opg-rakovac.hr\/wp-content\/uploads\/2022\/07\/boca-u-otvorenoj-kutiji_square.jpg\",\"contentUrl\":\"https:\/\/opg-rakovac.hr\/wp-content\/uploads\/2022\/07\/boca-u-otvorenoj-kutiji_square.jpg\",\"width\":800,\"height\":800,\"caption\":\"bilini premium\"},{\"@type\":\"BreadcrumbList\",\"@id\":\"https:\/\/opg-rakovac.hr\/de\/bilini-premium\/#breadcrumb\",\"itemListElement\":[{\"@type\":\"ListItem\",\"position\":1,\"name\":\"Startseite\",\"item\":\"https:\/\/opg-rakovac.hr\/de\/\"},{\"@type\":\"ListItem\",\"position\":2,\"name\":\"Bilini Premium\"}]},{\"@type\":\"WebSite\",\"@id\":\"https:\/\/opg-rakovac.hr\/de\/#website\",\"url\":\"https:\/\/opg-rakovac.hr\/de\/\",\"name\":\"OPG Rakovac\",\"description\":\"Istarsko ekstra djevi\u010dansko maslinovo ulje Bilini\",\"publisher\":{\"@id\":\"https:\/\/opg-rakovac.hr\/de\/#organization\"},\"inLanguage\":\"de\"},{\"@type\":\"Organization\",\"@id\":\"https:\/\/opg-rakovac.hr\/de\/#organization\",\"name\":\"OPG Rakovac\",\"url\":\"https:\/\/opg-rakovac.hr\/de\/\",\"logo\":{\"@type\":\"ImageObject\",\"inLanguage\":\"de\",\"@id\":\"https:\/\/opg-rakovac.hr\/de\/#\/schema\/logo\/image\/\",\"url\":\"https:\/\/opg-rakovac.hr\/wp-content\/uploads\/2015\/12\/favicon.png\",\"contentUrl\":\"https:\/\/opg-rakovac.hr\/wp-content\/uploads\/2015\/12\/favicon.png\",\"width\":200,\"height\":200,\"caption\":\"OPG Rakovac\"},\"image\":{\"@id\":\"https:\/\/opg-rakovac.hr\/de\/#\/schema\/logo\/image\/\"},\"sameAs\":[\"https:\/\/www.facebook.com\/Ekstra.djevicansko.maslinovo.ulje.Bilini\/\",\"https:\/\/www.instagram.com\/bilini_maslinovo_ulje\/\",\"https:\/\/hr.linkedin.com\/in\/bilini\",\"https:\/\/www.pinterest.com\/Bilini_OliveOil\/\",\"https:\/\/www.youtube.com\/channel\/UC7hfzAtwp1YOvhlmwNYkyQw\"]}]}<\/script>\n<!-- \/ Yoast SEO plugin. -->","yoast_head_json":{"title":"Bilini Premium | Familienbauernhof Rakovac","description":"Bilini Premium ist natives Oliven\u00f6l extra Bilini, das wir an Wettbewerbe senden. Genau das \u00d6l, das das Gold gewonnen hat!","robots":{"index":"index","follow":"follow","max-snippet":"max-snippet:-1","max-image-preview":"max-image-preview:large","max-video-preview":"max-video-preview:-1"},"canonical":"https:\/\/opg-rakovac.hr\/de\/bilini-premium\/","og_locale":"de_DE","og_type":"article","og_title":"Bilini Premium | Familienbauernhof Rakovac","og_description":"Bilini Premium ist natives Oliven\u00f6l extra Bilini, das wir an Wettbewerbe senden. Genau das \u00d6l, das das Gold gewonnen hat!","og_url":"https:\/\/opg-rakovac.hr\/de\/bilini-premium\/","og_site_name":"OPG Rakovac","article_publisher":"https:\/\/www.facebook.com\/Ekstra.djevicansko.maslinovo.ulje.Bilini\/","article_modified_time":"2024-11-04T16:50:24+00:00","og_image":[{"width":864,"height":455,"url":"https:\/\/opg-rakovac.hr\/wp-content\/uploads\/2022\/07\/za-facebook.jpg","type":"image\/jpeg"}],"twitter_card":"summary_large_image","twitter_misc":{"Gesch\u00e4tzte Lesezeit":"6\u00a0Minuten"},"schema":{"@context":"https:\/\/schema.org","@graph":[{"@type":"WebPage","@id":"https:\/\/opg-rakovac.hr\/de\/bilini-premium\/","url":"https:\/\/opg-rakovac.hr\/de\/bilini-premium\/","name":"Bilini Premium | Familienbauernhof Rakovac","isPartOf":{"@id":"https:\/\/opg-rakovac.hr\/de\/#website"},"primaryImageOfPage":{"@id":"https:\/\/opg-rakovac.hr\/de\/bilini-premium\/#primaryimage"},"image":{"@id":"https:\/\/opg-rakovac.hr\/de\/bilini-premium\/#primaryimage"},"thumbnailUrl":"https:\/\/opg-rakovac.hr\/wp-content\/uploads\/2022\/07\/boca-u-otvorenoj-kutiji_square.jpg","datePublished":"2022-07-02T13:57:05+00:00","dateModified":"2024-11-04T16:50:24+00:00","description":"Bilini Premium ist natives Oliven\u00f6l extra Bilini, das wir an Wettbewerbe senden. Genau das \u00d6l, das das Gold gewonnen hat!","breadcrumb":{"@id":"https:\/\/opg-rakovac.hr\/de\/bilini-premium\/#breadcrumb"},"inLanguage":"de","potentialAction":[{"@type":"ReadAction","target":["https:\/\/opg-rakovac.hr\/de\/bilini-premium\/"]}]},{"@type":"ImageObject","inLanguage":"de","@id":"https:\/\/opg-rakovac.hr\/de\/bilini-premium\/#primaryimage","url":"https:\/\/opg-rakovac.hr\/wp-content\/uploads\/2022\/07\/boca-u-otvorenoj-kutiji_square.jpg","contentUrl":"https:\/\/opg-rakovac.hr\/wp-content\/uploads\/2022\/07\/boca-u-otvorenoj-kutiji_square.jpg","width":800,"height":800,"caption":"bilini premium"},{"@type":"BreadcrumbList","@id":"https:\/\/opg-rakovac.hr\/de\/bilini-premium\/#breadcrumb","itemListElement":[{"@type":"ListItem","position":1,"name":"Startseite","item":"https:\/\/opg-rakovac.hr\/de\/"},{"@type":"ListItem","position":2,"name":"Bilini Premium"}]},{"@type":"WebSite","@id":"https:\/\/opg-rakovac.hr\/de\/#website","url":"https:\/\/opg-rakovac.hr\/de\/","name":"OPG Rakovac","description":"Istarsko ekstra djevi\u010dansko maslinovo ulje Bilini","publisher":{"@id":"https:\/\/opg-rakovac.hr\/de\/#organization"},"inLanguage":"de"},{"@type":"Organization","@id":"https:\/\/opg-rakovac.hr\/de\/#organization","name":"OPG Rakovac","url":"https:\/\/opg-rakovac.hr\/de\/","logo":{"@type":"ImageObject","inLanguage":"de","@id":"https:\/\/opg-rakovac.hr\/de\/#\/schema\/logo\/image\/","url":"https:\/\/opg-rakovac.hr\/wp-content\/uploads\/2015\/12\/favicon.png","contentUrl":"https:\/\/opg-rakovac.hr\/wp-content\/uploads\/2015\/12\/favicon.png","width":200,"height":200,"caption":"OPG Rakovac"},"image":{"@id":"https:\/\/opg-rakovac.hr\/de\/#\/schema\/logo\/image\/"},"sameAs":["https:\/\/www.facebook.com\/Ekstra.djevicansko.maslinovo.ulje.Bilini\/","https:\/\/www.instagram.com\/bilini_maslinovo_ulje\/","https:\/\/hr.linkedin.com\/in\/bilini","https:\/\/www.pinterest.com\/Bilini_OliveOil\/","https:\/\/www.youtube.com\/channel\/UC7hfzAtwp1YOvhlmwNYkyQw"]}]}},"_links":{"self":[{"href":"https:\/\/opg-rakovac.hr\/de\/wp-json\/wp\/v2\/pages\/16671","targetHints":{"allow":["GET"]}}],"collection":[{"href":"https:\/\/opg-rakovac.hr\/de\/wp-json\/wp\/v2\/pages"}],"about":[{"href":"https:\/\/opg-rakovac.hr\/de\/wp-json\/wp\/v2\/types\/page"}],"author":[{"embeddable":true,"href":"https:\/\/opg-rakovac.hr\/de\/wp-json\/wp\/v2\/users\/1"}],"replies":[{"embeddable":true,"href":"https:\/\/opg-rakovac.hr\/de\/wp-json\/wp\/v2\/comments?post=16671"}],"version-history":[{"count":5,"href":"https:\/\/opg-rakovac.hr\/de\/wp-json\/wp\/v2\/pages\/16671\/revisions"}],"predecessor-version":[{"id":20046,"href":"https:\/\/opg-rakovac.hr\/de\/wp-json\/wp\/v2\/pages\/16671\/revisions\/20046"}],"wp:featuredmedia":[{"embeddable":true,"href":"https:\/\/opg-rakovac.hr\/de\/wp-json\/wp\/v2\/media\/16598"}],"wp:attachment":[{"href":"https:\/\/opg-rakovac.hr\/de\/wp-json\/wp\/v2\/media?parent=16671"}],"curies":[{"name":"wp","href":"https:\/\/api.w.org\/{rel}","templated":true}]}}